{"id":49100,"date":"2026-03-18T21:58:53","date_gmt":"2026-03-18T21:58:53","guid":{"rendered":"https:\/\/soydeaqui.ddns.net\/pachuca\/index.php\/producto\/barra-de-union-de-aluminio-de-8-contactos-2-x-8-x-1-4-50-8-x-203-2-x-6-35-mm\/"},"modified":"2026-03-18T21:58:54","modified_gmt":"2026-03-18T21:58:54","slug":"barra-de-union-de-aluminio-de-8-contactos-2-x-8-x-1-4-50-8-x-203-2-x-6-35-mm","status":"publish","type":"product","link":"https:\/\/soydeaqui.ddns.net\/pachuca\/index.php\/producto\/barra-de-union-de-aluminio-de-8-contactos-2-x-8-x-1-4-50-8-x-203-2-x-6-35-mm\/","title":{"rendered":"Barra de Uni\u00f3n de Aluminio de 8 Contactos 2&#8243; x 8&#8243; x 1\/4&#8243;  (50.8 x 203.2 x 6.35 mm)"},"content":{"rendered":"<div style='width: 100%; max-width: 1200px; margin: 0 auto; font-family: sans-serif; line-height: 1.6; color: inherit; background-color: transparent;'> <!-- Logo --> <\/p>\n<div style='width: 100%; text-align: center; margin-bottom: 30px;'> <img style='width: 100%; max-width: 200px; height: auto; border: 1px solid rgba(150&comma;150&comma;150&comma;0.3); border-radius: 8px;' src='http:\/\/ftp3.syscom.mx\/usuarios\/dcarreon\/LOGOS\/logo%20TG2.png' alt='Logo TOTAL GROUND'> <\/div>\n<p> <!-- Informaci\u00f3n b\u00e1sica --> <\/p>\n<div style='margin-bottom: 30px;'>\n<h2 style='font-size: 24px; margin-top: 0; color: inherit;'>Barra de Uni\u00f3n de Aluminio de 8 Contactos 2&#8242; x 8&#8242; x 1\/4&#8242; (50.8 x 203.2 x 6.35 mm)<\/h2>\n<p style='margin: 15px 0; color: inherit;'>En el sistema de puesta a tierra&comma; las barras de uni\u00f3n son el m\u00e9todo de empalme permitido cuando es imposible mantener un solo tramo continuo de conductor. Tambi\u00e9n es utilizado para la distribuci\u00f3n de las diferentes redes de tierra f\u00edsica en un edificio.<\/p>\n<\/p><\/div>\n<p> <!-- Caracter\u00edsticas --> <\/p>\n<div style='display: flex; flex-wrap: wrap; gap: 30px; margin-bottom: 30px;'>\n<div style='flex: 1 1 300px; min-width: 280px;'>\n<h3 style='font-size: 22px; border-bottom: 2px solid currentColor; padding-bottom: 5px; margin-top: 0; color: inherit; opacity: 0.8;'>Caracter\u00edsticas<\/h3>\n<ul style='padding-left: 20px; font-size: 15px; color: inherit;'>\n<li style='margin-bottom: 5px;'>8 perforaciones para conexi\u00f3n<\/li>\n<li style='margin-bottom: 5px;'>Solera fabricada en aluminio<\/li>\n<li style='margin-bottom: 5px;'>Aisladores color rojo<\/li>\n<li style='margin-bottom: 5px;'>Trapecio de acero galvanizado<\/li>\n<li style='margin-bottom: 5px;'>Torniller\u00eda de acero galvanizado<\/li>\n<li style='margin-bottom: 5px;'>Modelo montable en gabinete<\/li>\n<li style='margin-bottom: 5px;'><strong>Ampacidad M\u00e1xima:<\/strong> 700<\/li>\n<\/ul><\/div>\n<\/p><\/div>\n<p> <!-- Garant\u00eda --> <\/p>\n<div style='width: 100%; text-align: center; margin-top: 30px;'> <img style='width: 100%; max-width: 200px; height: auto; border: 1px solid rgba(150&comma;150&comma;150&comma;0.3); border-radius: 8px;' src='https:\/\/ftp3.syscom.mx\/usuarios\/fotos\/KITMASTER45AB\/75922-garantia_10_a%C3%B1os.png' alt='Garant\u00eda de 10 a\u00f1os'> <\/div>\n<\/p><\/div>\n","protected":false},"excerpt":{"rendered":"<p>Barra de Uni\u00f3n de Aluminio de 8 Contactos 2&#8243; x 8&#8243; x 1\/4&#8243;  (50.8 x 203.2 x 6.35 mm)<\/p>\n","protected":false},"featured_media":49099,"comment_status":"open","ping_status":"closed","template":"","meta":[],"product_brand":[],"product_cat":[633],"product_tag":[634,605,635],"class_list":{"0":"post-49100","1":"product","2":"type-product","3":"status-publish","4":"has-post-thumbnail","6":"product_cat-accesorios-para-rack-gabinetes","7":"product_tag-accesorios-para-rack-gabinetes","8":"product_tag-racks-y-gabinetes","9":"product_tag-total-ground","11":"first","12":"outofstock","13":"sale","14":"shipping-taxable","15":"purchasable","16":"product-type-simple"},"_links":{"self":[{"href":"https:\/\/soydeaqui.ddns.net\/pachuca\/index.php\/wp-json\/wp\/v2\/product\/49100","targetHints":{"allow":["GET"]}}],"collection":[{"href":"https:\/\/soydeaqui.ddns.net\/pachuca\/index.php\/wp-json\/wp\/v2\/product"}],"about":[{"href":"https:\/\/soydeaqui.ddns.net\/pachuca\/index.php\/wp-json\/wp\/v2\/types\/product"}],"replies":[{"embeddable":true,"href":"https:\/\/soydeaqui.ddns.net\/pachuca\/index.php\/wp-json\/wp\/v2\/comments?post=49100"}],"wp:featuredmedia":[{"embeddable":true,"href":"https:\/\/soydeaqui.ddns.net\/pachuca\/index.php\/wp-json\/wp\/v2\/media\/49099"}],"wp:attachment":[{"href":"https:\/\/soydeaqui.ddns.net\/pachuca\/index.php\/wp-json\/wp\/v2\/media?parent=49100"}],"wp:term":[{"taxonomy":"product_brand","embeddable":true,"href":"https:\/\/soydeaqui.ddns.net\/pachuca\/index.php\/wp-json\/wp\/v2\/product_brand?post=49100"},{"taxonomy":"product_cat","embeddable":true,"href":"https:\/\/soydeaqui.ddns.net\/pachuca\/index.php\/wp-json\/wp\/v2\/product_cat?post=49100"},{"taxonomy":"product_tag","embeddable":true,"href":"https:\/\/soydeaqui.ddns.net\/pachuca\/index.php\/wp-json\/wp\/v2\/product_tag?post=49100"}],"curies":[{"name":"wp","href":"https:\/\/api.w.org\/{rel}","templated":true}]}}