{"id":49096,"date":"2026-03-18T21:58:46","date_gmt":"2026-03-18T21:58:46","guid":{"rendered":"https:\/\/soydeaqui.ddns.net\/pachuca\/index.php\/producto\/barra-de-union-de-aluminio\/"},"modified":"2026-03-18T21:58:47","modified_gmt":"2026-03-18T21:58:47","slug":"barra-de-union-de-aluminio","status":"publish","type":"product","link":"https:\/\/soydeaqui.ddns.net\/pachuca\/index.php\/producto\/barra-de-union-de-aluminio\/","title":{"rendered":"Barra de uni\u00f3n de aluminio"},"content":{"rendered":"<div style='width: 100%; max-width: 1200px; margin: 0 auto; font-family: sans-serif; line-height: 1.6; color: inherit; background-color: transparent;'> <!-- Logo --> <\/p>\n<div style='margin-bottom: 30px;'> <img style='width: 200px; height: auto; border: 1px solid rgba(150&comma;150&comma;150&comma;0.3); border-radius: 8px;' src='http:\/\/ftp3.syscom.mx\/usuarios\/dcarreon\/LOGOS\/logo%20TG2.png' alt='Logo TOTAL GROUND'> <\/div>\n<p> <!-- Descripci\u00f3n general --> <\/p>\n<div style='margin-bottom: 30px;'>\n<h2 style='font-size: 24px; border-bottom: 2px solid currentColor; padding-bottom: 8px; margin-top: 0; color: inherit; opacity: 0.85;'>Descripci\u00f3n General<\/h2>\n<p style='font-size: 15px; color: inherit; margin-top: 15px; margin-bottom: 15px;'>En el sistema de puesta a tierra&comma; las barras de uni\u00f3n son el m\u00e9todo de empalme permitido cuando es imposible mantener un solo tramo continuo de conductor. Tambi\u00e9n se utilizan para la distribuci\u00f3n de las diferentes redes de tierra f\u00edsica en un edificio.<\/p>\n<p style='font-size: 15px; color: inherit; margin-top: 15px; margin-bottom: 15px;'>Gracias a sus medidas de uso general&comma; puede ser instalada en distintas aplicaciones&comma; distribuyendo los hilos de tierra tanto de manera directa a los equipos a proteger como mediante la utilizaci\u00f3n de acopladores secundarios. Asegura la continuidad el\u00e9ctrica y la capacidad de conducir corriente.<\/p>\n<\/p><\/div>\n<p> <!-- Secci\u00f3n de caracter\u00edsticas --> <\/p>\n<div style='display: flex; flex-wrap: wrap; gap: 30px; margin-bottom: 30px;'>\n<div style='flex: 1 1 300px; min-width: 280px;'>\n<h3 style='font-size: 22px; border-bottom: 2px solid currentColor; padding-bottom: 5px; margin-top: 0; color: inherit; opacity: 0.8;'>Caracter\u00edsticas<\/h3>\n<ul style='padding-left: 20px; font-size: 15px; color: inherit;'>\n<li style='margin-bottom: 5px;'>Solera fabricada en Aluminio<\/li>\n<li style='margin-bottom: 5px;'>Aisladores color rojo<\/li>\n<li style='margin-bottom: 5px;'>Torniller\u00eda de acero galvanizado<\/li>\n<li style='margin-bottom: 5px;'>Torniller\u00eda para fijaci\u00f3n<\/li>\n<li style='margin-bottom: 5px;'>Ampacidad M\u00e1xima: 369A<\/li>\n<li style='margin-bottom: 5px;'>Modelo montable en Gabinete<\/li>\n<\/ul><\/div>\n<p> <!-- Beneficios --> <\/p>\n<div style='flex: 1 1 300px; min-width: 280px;'>\n<h3 style='font-size: 22px; border-bottom: 2px solid currentColor; padding-bottom: 5px; margin-top: 0; color: inherit; opacity: 0.8;'>Beneficios<\/h3>\n<ul style='padding-left: 20px; font-size: 15px; color: inherit;'>\n<li style='margin-bottom: 5px;'>Facilitan la revisi\u00f3n y mantenimiento de sus conexiones<\/li>\n<li style='margin-bottom: 5px;'>Listas para instalarse&comma; evitan ensamblar en campo o barrenar en sitio<\/li>\n<li style='margin-bottom: 5px;'>Permite que la conexi\u00f3n sea segura&comma; duradera y confiable<\/li>\n<li style='margin-bottom: 5px;'>Evita uniones de cables con cinta aislante&comma; capuchones o termocontr\u00e1ctiles<\/li>\n<li style='margin-bottom: 5px;'>Barrenadas para conectores m\u00e1s utilizados en el mercado<\/li>\n<\/ul><\/div>\n<\/p><\/div>\n<p> <!-- Secci\u00f3n de especificaciones --> <\/p>\n<div style='display: flex; flex-wrap: wrap; gap: 20px; margin-bottom: 30px;'>\n<div style='flex: 1 1 250px; border: 1px solid rgba(150&comma; 150&comma; 150&comma; 0.4); border-radius: 8px; overflow: hidden; display: flex; flex-direction: column;'>\n<div style='padding: 15px; border-bottom: 1px solid rgba(150&comma; 150&comma; 150&comma; 0.2); font-weight: bold; font-size: 18px; color: inherit;'>Especificaciones T\u00e9cnicas<\/div>\n<div style='padding: 15px; color: inherit;'>\n<ul style='padding-left: 20px; margin: 0; font-size: 14px; list-style-type: disc;'>\n<li style='margin-bottom: 5px;'><strong>Medida de solera:<\/strong> Aluminio 6&#8242; x 1\/2&#8242; x 1\/4&#8242;<\/li>\n<li style='margin-bottom: 5px;'><strong>Medida total:<\/strong> 15 cm x 2.5 cm x 3.5 cm<\/li>\n<li style='margin-bottom: 5px;'><strong>Material:<\/strong> Aluminio<\/li>\n<li style='margin-bottom: 5px;'><strong>Aisladores:<\/strong> Color rojo<\/li>\n<li style='margin-bottom: 5px;'><strong>Torniller\u00eda:<\/strong> Acero galvanizado<\/li>\n<li style='margin-bottom: 5px;'><strong>Ampacidad M\u00e1xima:<\/strong> 369A<\/li>\n<\/ul><\/div>\n<\/p><\/div>\n<p> <!-- Aplicaciones --> <\/p>\n<div style='flex: 1 1 250px; border: 1px solid rgba(150&comma; 150&comma; 150&comma; 0.4); border-radius: 8px; overflow: hidden; display: flex; flex-direction: column;'>\n<div style='padding: 15px; border-bottom: 1px solid rgba(150&comma; 150&comma; 150&comma; 0.2); font-weight: bold; font-size: 18px; color: inherit;'>Aplicaciones<\/div>\n<div style='padding: 15px; color: inherit;'>\n<ul style='padding-left: 20px; margin: 0; font-size: 14px; list-style-type: disc;'>\n<li style='margin-bottom: 5px;'>Distribuci\u00f3n el\u00e9ctrica<\/li>\n<li style='margin-bottom: 5px;'>Distribuci\u00f3n de sistemas de puesta a tierra<\/li>\n<li style='margin-bottom: 5px;'>Barras uni\u00f3n para telecomunicaciones<\/li>\n<li style='margin-bottom: 5px;'>Telefon\u00eda<\/li>\n<li style='margin-bottom: 5px;'>Circuito cerrado de televisi\u00f3n<\/li>\n<li style='margin-bottom: 5px;'>Edificios comerciales<\/li>\n<li style='margin-bottom: 5px;'>Industria en general<\/li>\n<\/ul><\/div>\n<\/p><\/div>\n<p> <!-- Est\u00e1ndares y Garant\u00eda --> <\/p>\n<div style='flex: 1 1 250px; border: 1px solid rgba(150&comma; 150&comma; 150&comma; 0.4); border-radius: 8px; overflow: hidden; display: flex; flex-direction: column;'>\n<div style='padding: 15px; border-bottom: 1px solid rgba(150&comma; 150&comma; 150&comma; 0.2); font-weight: bold; font-size: 18px; color: inherit;'>Est\u00e1ndares y Garant\u00eda<\/div>\n<div style='padding: 15px; color: inherit;'>\n<ul style='padding-left: 20px; margin: 0; font-size: 14px; list-style-type: disc;'>\n<li style='margin-bottom: 5px;'>Cumple con est\u00e1ndares EIA\/TIA J-STD-607-A<\/li>\n<li style='margin-bottom: 5px;'>Cumple con est\u00e1ndares BICSI<\/li>\n<li style='margin-bottom: 5px;'>Compatible con TMGB (Telecommunications Main Grounding Busbar)<\/li>\n<li style='margin-bottom: 5px;'>Compatible con TGB (Telecommunications Grounding Busbar)<\/li>\n<li style='margin-bottom: 5px;'>Garant\u00eda de 10 a\u00f1os<\/li>\n<li style='margin-bottom: 5px;'>Garant\u00eda v\u00e1lida al instalar todos los componentes del kit Total Ground<\/li>\n<\/ul><\/div>\n<\/p><\/div>\n<\/p><\/div>\n<p> <!-- Garant\u00eda --> <\/p>\n<div style='margin-bottom: 30px;'>\n<h3 style='font-size: 22px; border-bottom: 2px solid currentColor; padding-bottom: 5px; margin-top: 0; color: inherit; opacity: 0.8;'>Garant\u00eda<\/h3>\n<p style='font-size: 15px; color: inherit; margin-top: 15px; margin-bottom: 15px;'>10 a\u00f1os de garant\u00eda&comma; v\u00e1lida siempre y cuando sean instalados todos los componentes del kit de acuerdo al sistema Total Ground.<\/p>\n<\/p><\/div>\n<p> <!-- Imagen de garant\u00eda --> <\/p>\n<div style='margin-bottom: 30px;'> <img style='width: 100%; max-width: 300px; height: auto; border: 1px solid rgba(150&comma;150&comma;150&comma;0.3); border-radius: 8px;' src='https:\/\/ftp3.syscom.mx\/usuarios\/fotos\/KITMASTER45AB\/75922-garantia_10_a%C3%B1os.png' alt='Garant\u00eda de 10 a\u00f1os'> <\/div>\n<\/p><\/div>\n","protected":false},"excerpt":{"rendered":"<p>Barra de uni\u00f3n de aluminio<\/p>\n","protected":false},"featured_media":49095,"comment_status":"open","ping_status":"closed","template":"","meta":[],"product_brand":[],"product_cat":[1090],"product_tag":[1091,1088,635],"class_list":{"0":"post-49096","1":"product","2":"type-product","3":"status-publish","4":"has-post-thumbnail","6":"product_cat-accesorios-para-tierra-fisica","7":"product_tag-accesorios-para-tierra-fisica","8":"product_tag-calidad-de-la-energia","9":"product_tag-total-ground","11":"first","12":"outofstock","13":"sale","14":"shipping-taxable","15":"purchasable","16":"product-type-simple"},"_links":{"self":[{"href":"https:\/\/soydeaqui.ddns.net\/pachuca\/index.php\/wp-json\/wp\/v2\/product\/49096","targetHints":{"allow":["GET"]}}],"collection":[{"href":"https:\/\/soydeaqui.ddns.net\/pachuca\/index.php\/wp-json\/wp\/v2\/product"}],"about":[{"href":"https:\/\/soydeaqui.ddns.net\/pachuca\/index.php\/wp-json\/wp\/v2\/types\/product"}],"replies":[{"embeddable":true,"href":"https:\/\/soydeaqui.ddns.net\/pachuca\/index.php\/wp-json\/wp\/v2\/comments?post=49096"}],"wp:featuredmedia":[{"embeddable":true,"href":"https:\/\/soydeaqui.ddns.net\/pachuca\/index.php\/wp-json\/wp\/v2\/media\/49095"}],"wp:attachment":[{"href":"https:\/\/soydeaqui.ddns.net\/pachuca\/index.php\/wp-json\/wp\/v2\/media?parent=49096"}],"wp:term":[{"taxonomy":"product_brand","embeddable":true,"href":"https:\/\/soydeaqui.ddns.net\/pachuca\/index.php\/wp-json\/wp\/v2\/product_brand?post=49096"},{"taxonomy":"product_cat","embeddable":true,"href":"https:\/\/soydeaqui.ddns.net\/pachuca\/index.php\/wp-json\/wp\/v2\/product_cat?post=49096"},{"taxonomy":"product_tag","embeddable":true,"href":"https:\/\/soydeaqui.ddns.net\/pachuca\/index.php\/wp-json\/wp\/v2\/product_tag?post=49096"}],"curies":[{"name":"wp","href":"https:\/\/api.w.org\/{rel}","templated":true}]}}