{"id":49062,"date":"2026-03-18T21:57:49","date_gmt":"2026-03-18T21:57:49","guid":{"rendered":"https:\/\/soydeaqui.ddns.net\/pachuca\/index.php\/producto\/controlador-solar-mppt-60a-12-24-36-48v-maximo-voltaje-de-circuito-abierto-voc-150vcc-configurable-para-baterias-de-litio\/"},"modified":"2026-03-18T21:57:55","modified_gmt":"2026-03-18T21:57:55","slug":"controlador-solar-mppt-60a-12-24-36-48v-maximo-voltaje-de-circuito-abierto-voc-150vcc-configurable-para-baterias-de-litio","status":"publish","type":"product","link":"https:\/\/soydeaqui.ddns.net\/pachuca\/index.php\/producto\/controlador-solar-mppt-60a-12-24-36-48v-maximo-voltaje-de-circuito-abierto-voc-150vcc-configurable-para-baterias-de-litio\/","title":{"rendered":"Controlador Solar MPPT 60A 12\/24\/36\/48V, M\u00e1ximo Voltaje de Circuito Abierto Voc 150Vcc, Configurable para Bater\u00edas de Litio"},"content":{"rendered":"<div style='width: 100%; max-width: 1200px; margin: 0 auto; font-family: sans-serif; line-height: 1.6; color: inherit; background-color: transparent;'> <!-- Secci\u00f3n de compatibilidad --> <\/p>\n<div style='margin-bottom: 30px;'>\n<h3 style='font-size: 20px; border-bottom: 2px solid currentColor; padding-bottom: 5px; margin-top: 0; color: inherit; opacity: 0.8;'>Compatibilidad<\/h3>\n<ul style='padding-left: 20px; font-size: 15px; color: inherit;'>\n<li style='margin-bottom: 5px;'>Bater\u00edas de Litio&comma; AGM-VRLA&comma; Gel&comma; etc.<\/li>\n<\/ul><\/div>\n<p> <!-- Secci\u00f3n de caracter\u00edsticas --> <\/p>\n<div style='margin-bottom: 30px;'>\n<h3 style='font-size: 20px; border-bottom: 2px solid currentColor; padding-bottom: 5px; margin-top: 0; color: inherit; opacity: 0.8;'>Caracter\u00edsticas<\/h3>\n<ul style='padding-left: 20px; font-size: 15px; color: inherit;'>\n<li style='margin-bottom: 5px;'>Certificaci\u00f3n CE (LVD EN\/IEC62109&comma; EMC EN61000-6-1\/3)<\/li>\n<li style='margin-bottom: 5px;'>Tecnolog\u00eda avanzada MPPT con velocidad de seguimiento ultra r\u00e1pida garantizada hasta un 99.5%<\/li>\n<li style='margin-bottom: 5px;'>Eficiencia m\u00e1xima de transferencia de CC\/CC del 98.7%<\/li>\n<li style='margin-bottom: 5px;'>Algoritmo avanzado de control de MPPT que minimiza la tasa de p\u00e9rdida de MPP y el tiempo de p\u00e9rdida<\/li>\n<li style='margin-bottom: 5px;'>Precisi\u00f3n del reconocimiento y seguimiento en el punto m\u00e1s alto de MPP de picos m\u00faltiples<\/li>\n<li style='margin-bottom: 5px;'>Rango ampliado de voltaje de operaci\u00f3n MPP (Acepta 12\/24\/36\/48V)<\/li>\n<li style='margin-bottom: 5px;'>Sistema de control autom\u00e1tico para evitar que la potencia de carga y la corriente superen el valor nominal<\/li>\n<li style='margin-bottom: 5px;'>4 opciones de carga: Sellado&comma; Gel&comma; Inundado y Usuario<\/li>\n<li style='margin-bottom: 5px;'>Funci\u00f3n de compensaci\u00f3n de temperatura de la bater\u00eda<\/li>\n<li style='margin-bottom: 5px;'>Registro de energ\u00eda en tiempo real y funci\u00f3n estad\u00edstica<\/li>\n<li style='margin-bottom: 5px;'>Funci\u00f3n autom\u00e1tica de reducci\u00f3n de potencia por sobrecalentamiento<\/li>\n<li style='margin-bottom: 5px;'>Soporta hasta 8 unidades en paralelo para expandir el sistema<\/li>\n<li style='margin-bottom: 5px;'>Sensores de voltaje y temperatura remotos para recopilar datos precisos de la bater\u00eda<\/li>\n<\/ul><\/div>\n<p> <!-- Secci\u00f3n de protecci\u00f3n --> <\/p>\n<div style='margin-bottom: 30px;'>\n<h3 style='font-size: 20px; border-bottom: 2px solid currentColor; padding-bottom: 5px; margin-top: 0; color: inherit; opacity: 0.8;'>Funciones de protecci\u00f3n<\/h3>\n<ul style='padding-left: 20px; font-size: 15px; color: inherit;'>\n<li style='margin-bottom: 5px;'>Sobrecorriente \/ potencia en PV<\/li>\n<li style='margin-bottom: 5px;'>Corto circuito en PV<\/li>\n<li style='margin-bottom: 5px;'>Polaridad inversa en PV<\/li>\n<li style='margin-bottom: 5px;'>Carga inversa nocturna<\/li>\n<li style='margin-bottom: 5px;'>Polaridad inversa en bater\u00edas<\/li>\n<li style='margin-bottom: 5px;'>Sobrevoltaje de bater\u00edas<\/li>\n<li style='margin-bottom: 5px;'>Sobredescarga de bater\u00edas<\/li>\n<li style='margin-bottom: 5px;'>Sobrecalentamiento de bater\u00edas<\/li>\n<li style='margin-bottom: 5px;'>Sobrecalentamiento del controlador<\/li>\n<li style='margin-bottom: 5px;'>TVS Transitorios de alto voltaje<\/li>\n<\/ul><\/div>\n<p> <!-- Secci\u00f3n de configuraci\u00f3n --> <\/p>\n<div style='margin-bottom: 30px;'>\n<h3 style='font-size: 20px; border-bottom: 2px solid currentColor; padding-bottom: 5px; margin-top: 0; color: inherit; opacity: 0.8;'>Configuraci\u00f3n<\/h3>\n<p style='margin-bottom: 15px; font-size: 15px; color: inherit;'>Para configurar par\u00e1metros de carga se requiere un monitor o el cable de comunicaci\u00f3n EPEVER:<\/p>\n<ul style='padding-left: 20px; font-size: 15px; color: inherit;'>\n<li style='margin-bottom: 5px;'><a href='https:\/\/www.syscom.mx\/producto\/MT-50-EPEVER-81070.html' style='color: inherit; text-decoration: underline;' target='_blank'>MT-50<\/a> Monitor remoto para controladores EPEVER<\/li>\n<li style='margin-bottom: 5px;'><a href='https:\/\/www.syscom.mx\/producto\/CC-USB-485-150U-EPEVER-78229.html' style='color: inherit; text-decoration: underline;' target='_blank'>CC-USB-485-150U<\/a> Cable de comunicaci\u00f3n para controladores EPEVER<\/li>\n<\/ul><\/div>\n<p> <!-- Secci\u00f3n de datos f\u00edsicos --> <\/p>\n<div style='margin-bottom: 30px;'>\n<h3 style='font-size: 20px; border-bottom: 2px solid currentColor; padding-bottom: 5px; margin-top: 0; color: inherit; opacity: 0.8;'>Datos F\u00edsicos<\/h3>\n<ul style='padding-left: 20px; font-size: 15px; color: inherit;'>\n<li style='margin-bottom: 5px;'>Dimensiones: 340 x 236 x 119 mm<\/li>\n<li style='margin-bottom: 5px;'>Peso: 4.5 Kg<\/li>\n<li style='margin-bottom: 5px;'>Cable recomendado: 5AWG (16mm\u00b2)<\/li>\n<\/ul><\/div>\n<p> <!-- Secci\u00f3n de nota --> <\/p>\n<div style='margin-bottom: 30px;'>\n<div style='padding: 15px; border-left: 4px solid rgba(150&comma; 150&comma; 150&comma; 0.5); background-color: rgba(150&comma; 150&comma; 150&comma; 0.1); font-size: 15px; color: inherit;'> Nota: Verificar que el voltaje de operaci\u00f3n y el tipo de bater\u00eda pre configurado en el controlador es el adecuado para su arreglo de bater\u00edas. <\/div>\n<\/p><\/div>\n<p> <!-- Secci\u00f3n de recursos adicionales --> <\/p>\n<div style='margin-bottom: 30px;'>\n<h3 style='font-size: 20px; border-bottom: 2px solid currentColor; padding-bottom: 5px; margin-top: 0; color: inherit; opacity: 0.8;'>Recursos adicionales<\/h3>\n<ul style='padding-left: 20px; font-size: 15px; color: inherit;'>\n<li style='margin-bottom: 5px;'><a href='https:\/\/ftp3.syscom.mx\/usuarios\/ftp\/2018\/10\/08\/1c417\/Tracer-AN%20spec.pdf' style='color: inherit; text-decoration: underline;' target='_blank'>Ficha t\u00e9cnica del producto<\/a><\/li>\n<li style='margin-bottom: 5px;'><a href='https:\/\/www.syscom.mx\/producto\/CCRJ45RJ45J015-EPEVER-219169.html' style='color: inherit; text-decoration: underline;' target='_blank'>CCRJ45RJ45(J)015<\/a> para conectar <a href='https:\/\/www.syscom.mx\/producto\/EPEVER-WIFI-2.4GRJ45-D-EPEVER-216775.html' style='color: inherit; text-decoration: underline;' target='_blank'>EPEVER-WIFI-2.4GRJ45-D<\/a><\/li>\n<\/ul><\/div>\n<p> <!-- Separador --> <\/p>\n<hr style='border: 0; border-top: 1px solid rgba(150&comma; 150&comma; 150&comma; 0.3); margin: 30px 0;'> <!-- Secci\u00f3n de video --> <\/p>\n<div style='margin-bottom: 30px;'>\n<h3 style='font-size: 20px; border-bottom: 2px solid currentColor; padding-bottom: 5px; margin-top: 0; color: inherit; opacity: 0.8;'>Video<\/h3>\n<div style='position: relative; padding-bottom: 56.25%; height: 0; overflow: hidden; margin-top: 15px;'>   <\/div>\n<\/p><\/div>\n<\/p><\/div>\n","protected":false},"excerpt":{"rendered":"<p>Controlador Solar MPPT 60A 12\/24\/36\/48V, M\u00e1ximo Voltaje de Circuito Abierto Voc 150Vcc, Configurable para Bater\u00edas de Litio<\/p>\n","protected":false},"featured_media":49061,"comment_status":"open","ping_status":"closed","template":"","meta":[],"product_brand":[],"product_cat":[1117],"product_tag":[1118,964,1182],"class_list":{"0":"post-49062","1":"product","2":"type-product","3":"status-publish","4":"has-post-thumbnail","6":"product_cat-controladores-de-carga-mppt","7":"product_tag-controladores-de-carga-mppt","8":"product_tag-energia-solar","9":"product_tag-epever","11":"first","12":"instock","13":"sale","14":"shipping-taxable","15":"purchasable","16":"product-type-simple"},"_links":{"self":[{"href":"https:\/\/soydeaqui.ddns.net\/pachuca\/index.php\/wp-json\/wp\/v2\/product\/49062","targetHints":{"allow":["GET"]}}],"collection":[{"href":"https:\/\/soydeaqui.ddns.net\/pachuca\/index.php\/wp-json\/wp\/v2\/product"}],"about":[{"href":"https:\/\/soydeaqui.ddns.net\/pachuca\/index.php\/wp-json\/wp\/v2\/types\/product"}],"replies":[{"embeddable":true,"href":"https:\/\/soydeaqui.ddns.net\/pachuca\/index.php\/wp-json\/wp\/v2\/comments?post=49062"}],"wp:featuredmedia":[{"embeddable":true,"href":"https:\/\/soydeaqui.ddns.net\/pachuca\/index.php\/wp-json\/wp\/v2\/media\/49061"}],"wp:attachment":[{"href":"https:\/\/soydeaqui.ddns.net\/pachuca\/index.php\/wp-json\/wp\/v2\/media?parent=49062"}],"wp:term":[{"taxonomy":"product_brand","embeddable":true,"href":"https:\/\/soydeaqui.ddns.net\/pachuca\/index.php\/wp-json\/wp\/v2\/product_brand?post=49062"},{"taxonomy":"product_cat","embeddable":true,"href":"https:\/\/soydeaqui.ddns.net\/pachuca\/index.php\/wp-json\/wp\/v2\/product_cat?post=49062"},{"taxonomy":"product_tag","embeddable":true,"href":"https:\/\/soydeaqui.ddns.net\/pachuca\/index.php\/wp-json\/wp\/v2\/product_tag?post=49062"}],"curies":[{"name":"wp","href":"https:\/\/api.w.org\/{rel}","templated":true}]}}