{"id":49057,"date":"2026-03-18T21:57:40","date_gmt":"2026-03-18T21:57:40","guid":{"rendered":"https:\/\/soydeaqui.ddns.net\/pachuca\/index.php\/producto\/controlador-solar-mppt-100a-12-24-36-48v-maximo-voltaje-de-circuito-abierto-voc-150vcc-configurable-para-baterias-de-litio\/"},"modified":"2026-03-18T21:57:47","modified_gmt":"2026-03-18T21:57:47","slug":"controlador-solar-mppt-100a-12-24-36-48v-maximo-voltaje-de-circuito-abierto-voc-150vcc-configurable-para-baterias-de-litio","status":"publish","type":"product","link":"https:\/\/soydeaqui.ddns.net\/pachuca\/index.php\/producto\/controlador-solar-mppt-100a-12-24-36-48v-maximo-voltaje-de-circuito-abierto-voc-150vcc-configurable-para-baterias-de-litio\/","title":{"rendered":"Controlador Solar MPPT 100A 12\/24\/36\/48V, M\u00e1ximo Voltaje de Circuito Abierto Voc 150Vcc, Configurable para Bater\u00edas de Litio"},"content":{"rendered":"<div style='width: 100%; max-width: 1200px; margin: 0 auto; font-family: sans-serif; line-height: 1.6; color: inherit; background-color: transparent;'> <!-- Secci\u00f3n de compatibilidad --> <\/p>\n<div style='margin-bottom: 30px;'>\n<h3 style='font-size: 20px; border-bottom: 2px solid currentColor; padding-bottom: 5px; margin-top: 0; color: inherit; opacity: 0.8;'>Compatibilidad<\/h3>\n<p style='font-size: 14px; color: inherit; margin: 0; padding: 0;'> <strong style='color: inherit;'>Bater\u00edas:<\/strong> Litio&comma; AGM-VRLA&comma; Gel&comma; Etc. <\/p>\n<\/p><\/div>\n<p> <!-- Secci\u00f3n de caracter\u00edsticas --> <\/p>\n<div style='margin-bottom: 30px;'>\n<h3 style='font-size: 20px; border-bottom: 2px solid currentColor; padding-bottom: 5px; margin-top: 0; color: inherit; opacity: 0.8;'>Caracter\u00edsticas<\/h3>\n<ul style='padding-left: 20px; font-size: 14px; color: inherit; list-style-type: disc;'>\n<li style='margin-bottom: 5px;'><strong style='color: inherit;'>Certificaci\u00f3n:<\/strong> CE (LVD EN\/IEC62109&comma; EMC EN61000-6-1\/3)<\/li>\n<li style='margin-bottom: 5px;'><strong style='color: inherit;'>Tecnolog\u00eda MPPT:<\/strong> Velocidad de seguimiento ultra r\u00e1pida garantizada hasta un 99.5%<\/li>\n<li style='margin-bottom: 5px;'><strong style='color: inherit;'>Eficiencia CC\/CC:<\/strong> Hasta 98.7%<\/li>\n<li style='margin-bottom: 5px;'><strong style='color: inherit;'>Algoritmo MPPT:<\/strong> Minimiza la tasa de p\u00e9rdida de MPP y el tiempo de p\u00e9rdida<\/li>\n<li style='margin-bottom: 5px;'><strong style='color: inherit;'>Precisi\u00f3n MPPT:<\/strong> Reconocimiento y seguimiento en el punto m\u00e1s alto de MPP de picos m\u00faltiples<\/li>\n<li style='margin-bottom: 5px;'><strong style='color: inherit;'>Rango MPP:<\/strong> Amplio voltaje de operaci\u00f3n<\/li>\n<li style='margin-bottom: 5px;'><strong style='color: inherit;'>Control autom\u00e1tico:<\/strong> Evita que la potencia de carga y la corriente superen el valor nominal<\/li>\n<li style='margin-bottom: 5px;'><strong style='color: inherit;'>Opciones de carga:<\/strong> Sellado&comma; Gel&comma; Inundado y Usuario<\/li>\n<li style='margin-bottom: 5px;'><strong style='color: inherit;'>Compensaci\u00f3n de temperatura:<\/strong> S\u00ed<\/li>\n<li style='margin-bottom: 5px;'><strong style='color: inherit;'>Registro de energ\u00eda:<\/strong> En tiempo real y funci\u00f3n estad\u00edstica<\/li>\n<li style='margin-bottom: 5px;'><strong style='color: inherit;'>Reducci\u00f3n autom\u00e1tica:<\/strong> Por sobrecalentamiento<\/li>\n<li style='margin-bottom: 5px;'><strong style='color: inherit;'>Expansi\u00f3n:<\/strong> Hasta 8 unidades en paralelo<\/li>\n<li style='margin-bottom: 5px;'><strong style='color: inherit;'>Sensores remotos:<\/strong> Recopilan datos precisos de temperatura y voltaje de la bater\u00eda<\/li>\n<\/ul><\/div>\n<p> <!-- Secci\u00f3n de protecci\u00f3n --> <\/p>\n<div style='margin-bottom: 30px;'>\n<h3 style='font-size: 20px; border-bottom: 2px solid currentColor; padding-bottom: 5px; margin-top: 0; color: inherit; opacity: 0.8;'>Funciones de Protecci\u00f3n<\/h3>\n<ul style='padding-left: 20px; font-size: 14px; color: inherit; list-style-type: disc;'>\n<li style='margin-bottom: 5px;'>Sobrecorriente en PV<\/li>\n<li style='margin-bottom: 5px;'>Corto circuito en PV<\/li>\n<li style='margin-bottom: 5px;'>Polaridad inversa en PV<\/li>\n<li style='margin-bottom: 5px;'>Carga inversa nocturna<\/li>\n<li style='margin-bottom: 5px;'>Polaridad inversa en bater\u00edas<\/li>\n<li style='margin-bottom: 5px;'>Sobrevoltaje de bater\u00edas<\/li>\n<li style='margin-bottom: 5px;'>Sobredescarga de bater\u00edas<\/li>\n<li style='margin-bottom: 5px;'>Sobrecalentamiento de bater\u00edas<\/li>\n<li style='margin-bottom: 5px;'>Sobrecalentamiento del controlador<\/li>\n<li style='margin-bottom: 5px;'>TVS Transitorios de alto voltaje<\/li>\n<\/ul><\/div>\n<p> <!-- Secci\u00f3n de configuraci\u00f3n --> <\/p>\n<div style='margin-bottom: 30px;'>\n<h3 style='font-size: 20px; border-bottom: 2px solid currentColor; padding-bottom: 5px; margin-top: 0; color: inherit; opacity: 0.8;'>Configuraci\u00f3n<\/h3>\n<p style='font-size: 14px; color: inherit; margin: 0 0 15px 0;'>Para configurar par\u00e1metros de carga se requiere un monitor o el cable de comunicaci\u00f3n EPEVER:<\/p>\n<ul style='padding-left: 20px; font-size: 14px; color: inherit; list-style-type: disc;'>\n<li style='margin-bottom: 5px;'><a href='https:\/\/www.syscom.mx\/producto\/MT-50-EPEVER-81070.html' style='color: inherit; text-decoration: underline; font-weight: 500;'>MT-50<\/a> Monitor remoto para controladores EPEVER<\/li>\n<li style='margin-bottom: 5px;'><a href='https:\/\/www.syscom.mx\/producto\/CC-USB-485-150U-EPEVER-78229.html' style='color: inherit; text-decoration: underline; font-weight: 500;'>CC-USB-485-150U<\/a> Cable de comunicaci\u00f3n para controladores EPEVER<\/li>\n<\/ul><\/div>\n<p> <!-- Secci\u00f3n de nota importante --> <\/p>\n<div style='margin-bottom: 30px;'>\n<div style='border: 1px solid rgba(150&comma;150&comma;150&comma;0.4); border-left: 4px solid #e67e22; background-color: rgba(255&comma;255&comma;255&comma;0.03); padding: 15px; border-radius: 6px;'>\n<p style='margin: 0; font-size: 14px; color: inherit;'> <strong style='color: inherit;'>Nota:<\/strong> Verificar que el voltaje de operaci\u00f3n y el tipo de bater\u00eda pre configurado en el controlador es el adecuado para su arreglo de bater\u00edas. <\/p>\n<\/p><\/div>\n<\/p><\/div>\n<p> <!-- Secci\u00f3n de video --> <\/p>\n<div style='margin-bottom: 30px;'>\n<div style='position: relative; padding-bottom: 56.25%; height: 0; overflow: hidden;'>   <\/div>\n<\/p><\/div>\n<p> <!-- Secci\u00f3n de extensi\u00f3n --> <\/p>\n<div style='margin-bottom: 30px;'>\n<p style='font-size: 14px; color: inherit; margin: 0;'> Considerar la extensi\u00f3n <a href='https:\/\/www.syscom.mx\/producto\/CCRJ45RJ45J015-EPEVER-219169.html' style='color: inherit; text-decoration: underline; font-weight: 500;'>CCRJ45RJ45(J)015<\/a> para conectar <a href='https:\/\/www.syscom.mx\/producto\/EPEVER-WIFI-2.4GRJ45-D-EPEVER-216775.html' style='color: inherit; text-decoration: underline; font-weight: 500;'>EPEVER-WIFI-2.4GRJ45-D<\/a> <\/p>\n<\/p><\/div>\n<\/p><\/div>\n","protected":false},"excerpt":{"rendered":"<p>Controlador Solar MPPT 100A 12\/24\/36\/48V, M\u00e1ximo Voltaje de Circuito Abierto Voc 150Vcc, Configurable para Bater\u00edas de Litio<\/p>\n","protected":false},"featured_media":49056,"comment_status":"open","ping_status":"closed","template":"","meta":[],"product_brand":[],"product_cat":[1117],"product_tag":[1118,964,1182],"class_list":{"0":"post-49057","1":"product","2":"type-product","3":"status-publish","4":"has-post-thumbnail","6":"product_cat-controladores-de-carga-mppt","7":"product_tag-controladores-de-carga-mppt","8":"product_tag-energia-solar","9":"product_tag-epever","11":"first","12":"outofstock","13":"sale","14":"shipping-taxable","15":"purchasable","16":"product-type-simple"},"_links":{"self":[{"href":"https:\/\/soydeaqui.ddns.net\/pachuca\/index.php\/wp-json\/wp\/v2\/product\/49057","targetHints":{"allow":["GET"]}}],"collection":[{"href":"https:\/\/soydeaqui.ddns.net\/pachuca\/index.php\/wp-json\/wp\/v2\/product"}],"about":[{"href":"https:\/\/soydeaqui.ddns.net\/pachuca\/index.php\/wp-json\/wp\/v2\/types\/product"}],"replies":[{"embeddable":true,"href":"https:\/\/soydeaqui.ddns.net\/pachuca\/index.php\/wp-json\/wp\/v2\/comments?post=49057"}],"wp:featuredmedia":[{"embeddable":true,"href":"https:\/\/soydeaqui.ddns.net\/pachuca\/index.php\/wp-json\/wp\/v2\/media\/49056"}],"wp:attachment":[{"href":"https:\/\/soydeaqui.ddns.net\/pachuca\/index.php\/wp-json\/wp\/v2\/media?parent=49057"}],"wp:term":[{"taxonomy":"product_brand","embeddable":true,"href":"https:\/\/soydeaqui.ddns.net\/pachuca\/index.php\/wp-json\/wp\/v2\/product_brand?post=49057"},{"taxonomy":"product_cat","embeddable":true,"href":"https:\/\/soydeaqui.ddns.net\/pachuca\/index.php\/wp-json\/wp\/v2\/product_cat?post=49057"},{"taxonomy":"product_tag","embeddable":true,"href":"https:\/\/soydeaqui.ddns.net\/pachuca\/index.php\/wp-json\/wp\/v2\/product_tag?post=49057"}],"curies":[{"name":"wp","href":"https:\/\/api.w.org\/{rel}","templated":true}]}}