{"id":4904,"date":"2026-03-18T06:24:41","date_gmt":"2026-03-18T06:24:41","guid":{"rendered":"https:\/\/soydeaqui.ddns.net\/pachuca\/index.php\/producto\/panel-de-alarma-inalambrico-autocontenido-con-pantalla-touch-l5210-integrable-a-casa-inteligente-usando-servicio-de-total-connect\/"},"modified":"2026-03-18T06:24:45","modified_gmt":"2026-03-18T06:24:45","slug":"panel-de-alarma-inalambrico-autocontenido-con-pantalla-touch-l5210-integrable-a-casa-inteligente-usando-servicio-de-total-connect","status":"publish","type":"product","link":"https:\/\/soydeaqui.ddns.net\/pachuca\/index.php\/producto\/panel-de-alarma-inalambrico-autocontenido-con-pantalla-touch-l5210-integrable-a-casa-inteligente-usando-servicio-de-total-connect\/","title":{"rendered":"Panel de Alarma Inalambrico Autocontenido con Pantalla Touch L5210, integrable a casa inteligente usando servicio de Total Connect"},"content":{"rendered":"<div style='width: 100%; max-width: 1200px; margin: 0 auto; font-family: sans-serif; line-height: 1.6; color: inherit; background-color: transparent;'>\n<div style='display: flex; flex-wrap: wrap; gap: 30px; margin-bottom: 30px;'>\n<div style='flex: 1 1 300px; min-width: 280px;'>\n<h3 style='font-size: 22px; border-bottom: 2px solid currentColor; padding-bottom: 5px; margin-top: 0; color: inherit; opacity: 0.8;'>Descripci\u00f3n<\/h3>\n<p style='font-size: 15px; color: inherit; margin-top: 0;'>Este kit L5210 cl\u00e1sico es perfecto para apartamentos y condominios con s\u00f3lo pocas zonas a proteger. Gracias al incre\u00edble tecnolog\u00eda del sistema de seguridad inal\u00e1mbrica de Honeywell y compromiso con hardware de calidad&comma; cualquier consumidor puede permitirse el m\u00e1s moderno&comma; al d\u00eda con la tecnolog\u00eda disponible en la industria.<\/p>\n<p style='font-size: 15px; color: inherit;'>Este kit de base es el m\u00e1s simple&comma; a pesar de que carece de la capacidad de comunicarse con una estaci\u00f3n central&comma; ya que no viene con ning\u00fan comunicador. Dicho esto&comma; el L5210&comma; as\u00ed como su hermano un poco m\u00e1s grande&comma; el L7000&comma; son modulares y se pueden agregar en cualquier momento. Este kit es perfecto para aquellos que buscan conectar el L5210 a una l\u00ednea telef\u00f3nica (algo que el L7000 no puede hacer)&comma; ya que no requiere un comunicador&comma; o para aquellos que prefieren utilizar una conexi\u00f3n cableada Ethernet para obtener su L5210 comunicarse con la estaci\u00f3n central. Esto se puede lograr mediante el uso del comunicador iLP5 AlarmNet&comma; que es un comunicador que dar\u00e1 al L5210 en el que est\u00e1 instalada la capacidad de utilizar Total Connect.<\/p>\n<p style='font-size: 15px; color: inherit; margin-bottom: 0;'>Su pantalla din\u00e1mica TOUCHSCREEN de 4.3&#8242; a todo color pone TODA la INFORMACI\u00d3N y CONTROL al alcance de su mano con s\u00f3lo TOCAR un bot\u00f3n.<\/p>\n<\/p><\/div>\n<\/p><\/div>\n<div style='display: flex; flex-wrap: wrap; gap: 20px; margin-bottom: 30px;'>\n<div style='flex: 1 1 250px; border: 1px solid rgba(150&comma; 150&comma; 150&comma; 0.4); border-radius: 8px; overflow: hidden; display: flex; flex-direction: column;'>\n<div style='padding: 15px; border-bottom: 1px solid rgba(150&comma; 150&comma; 150&comma; 0.2); font-weight: bold; font-size: 18px; color: inherit;'>Sistema<\/div>\n<div style='padding: 15px; color: inherit;'>\n<ul style='padding-left: 20px; margin: 0; font-size: 14px; list-style-type: disc;'>\n<li style='margin-bottom: 5px;'>No requiere de teclado programador.<\/li>\n<li style='margin-bottom: 5px;'>Se programa con su teclado integrado.<\/li>\n<li style='margin-bottom: 5px;'>Sistema interconstruido en el mismo gabinete:<\/li>\n<ul style='padding-left: 25px; margin: 5px 0; list-style-type: circle;'>\n<li style='margin-bottom: 5px;'>Panel<\/li>\n<li style='margin-bottom: 5px;'>Comunicador telef\u00f3nico<\/li>\n<li style='margin-bottom: 5px;'>Bater\u00eda de respaldo<\/li>\n<li style='margin-bottom: 5px;'>Sirena tipo piezoel\u00e9ctrico de 85 dB.<\/li>\n<\/ul>\n<li style='margin-bottom: 5px;'>Control Remoto Telef\u00f3nico.<\/li>\n<li style='margin-bottom: 5px;'>Funciones de eventos calendarizados.<\/li>\n<li style='margin-bottom: 5px;'>Memoria de 128 eventos.<\/li>\n<li style='margin-bottom: 5px;'>Notificaci\u00f3n del estado del sistema y de las zonas mediante voz.<\/li>\n<li style='margin-bottom: 5px;'>Centro de mensajes de voz en ingl\u00e9s.<\/li>\n<li style='margin-bottom: 5px;'>Capacidad de contestar y realizar llamadas desde el teclado del sistema.<\/li>\n<li style='margin-bottom: 5px;'>Programable remotamente mediante el software COMPASS.<\/li>\n<li style='margin-bottom: 5px;'>Entrada de alimentaci\u00f3n 9 Vcc.<\/li>\n<li style='margin-bottom: 5px;'>Compatible con la tecnolog\u00eda Z-WAVE (Requiere modulo L5100ZWAVE).<\/li>\n<li style='margin-bottom: 5px;'>Compatible con Total Connect (Requiere modulo L5100WIFI&comma; 4GL o ILP5).<\/li>\n<\/ul><\/div>\n<\/p><\/div>\n<div style='flex: 1 1 250px; border: 1px solid rgba(150&comma; 150&comma; 150&comma; 0.4); border-radius: 8px; overflow: hidden; display: flex; flex-direction: column;'>\n<div style='padding: 15px; border-bottom: 1px solid rgba(150&comma; 150&comma; 150&comma; 0.2); font-weight: bold; font-size: 18px; color: inherit;'>Zonas<\/div>\n<div style='padding: 15px; color: inherit;'>\n<ul style='padding-left: 20px; margin: 0; font-size: 14px; list-style-type: disc;'>\n<li style='margin-bottom: 5px;'>1 Zona cableada.<\/li>\n<li style='margin-bottom: 5px;'>63 zonas inal\u00e1mbricas.<\/li>\n<li style='margin-bottom: 5px;'>Combinaci\u00f3n de zonas de robo y fuego.<\/li>\n<li style='margin-bottom: 5px;'>16 tipos de zonas configurables.<\/li>\n<li style='margin-bottom: 5px;'>Supervisi\u00f3n total de los sensores y detectores inal\u00e1mbricos.<\/li>\n<li style='margin-bottom: 5px;'>Compatible con la Serie Inal\u00e1mbrica 5800 de Honeywell.<\/li>\n<\/ul><\/div>\n<\/p><\/div>\n<div style='flex: 1 1 250px; border: 1px solid rgba(150&comma; 150&comma; 150&comma; 0.4); border-radius: 8px; overflow: hidden; display: flex; flex-direction: column;'>\n<div style='padding: 15px; border-bottom: 1px solid rgba(150&comma; 150&comma; 150&comma; 0.2); font-weight: bold; font-size: 18px; color: inherit;'>Usuarios<\/div>\n<div style='padding: 15px; color: inherit;'>\n<ul style='padding-left: 20px; margin: 0; font-size: 14px; list-style-type: disc;'>\n<li style='margin-bottom: 5px;'>16 c\u00f3digos de usuario.<\/li>\n<li style='margin-bottom: 5px;'>4 niveles de autoridad: instalador&comma; maestro&comma; est\u00e1ndar y coacci\u00f3n.<\/li>\n<li style='margin-bottom: 5px;'>Sistema de armado r\u00e1pido.<\/li>\n<li style='margin-bottom: 5px;'>2 teclas de armado en el teclado.<\/li>\n<li style='margin-bottom: 5px;'>4 niveles de armado: total&comma; parcial&comma; instant\u00e1neo y m\u00e1ximo.<\/li>\n<li style='margin-bottom: 5px;'>Aviso de puerta abierta con voz (chime).<\/li>\n<\/ul><\/div>\n<\/p><\/div>\n<div style='flex: 1 1 250px; border: 1px solid rgba(150&comma; 150&comma; 150&comma; 0.4); border-radius: 8px; overflow: hidden; display: flex; flex-direction: column;'>\n<div style='padding: 15px; border-bottom: 1px solid rgba(150&comma; 150&comma; 150&comma; 0.2); font-weight: bold; font-size: 18px; color: inherit;'>Comunicaci\u00f3n<\/div>\n<div style='padding: 15px; color: inherit;'>\n<ul style='padding-left: 20px; margin: 0; font-size: 14px; list-style-type: disc;'>\n<li style='margin-bottom: 5px;'>Entrada de l\u00ednea telef\u00f3nica.<\/li>\n<li style='margin-bottom: 5px;'>Opci\u00f3n de reporte dual.<\/li>\n<li style='margin-bottom: 5px;'>2 n\u00fameros de tel\u00e9fono (hasta 16 d\u00edgitos).<\/li>\n<li style='margin-bottom: 5px;'>2 n\u00fameros de abonados.<\/li>\n<li style='margin-bottom: 5px;'>Informe dividido para reporte de conexi\u00f3n\/desconexi\u00f3n.<\/li>\n<li style='margin-bottom: 5px;'>Protocolos de comunicaci\u00f3n Contact ID y 4+2.<\/li>\n<li style='margin-bottom: 5px;'>Comunicaci\u00f3n por internet a Central de Monitoreo Honeywell.<\/li>\n<li style='margin-bottom: 5px;'>Para las Interfaces de 3G requiere sistema de alimentaci\u00f3n externo.<\/li>\n<\/ul><\/div>\n<\/p><\/div>\n<div style='flex: 1 1 250px; border: 1px solid rgba(150&comma; 150&comma; 150&comma; 0.4); border-radius: 8px; overflow: hidden; display: flex; flex-direction: column;'>\n<div style='padding: 15px; border-bottom: 1px solid rgba(150&comma; 150&comma; 150&comma; 0.2); font-weight: bold; font-size: 18px; color: inherit;'>Incluye<\/div>\n<div style='padding: 15px; color: inherit;'>\n<ul style='padding-left: 20px; margin: 0; font-size: 14px; list-style-type: disc;'>\n<li style='margin-bottom: 5px;'>Panel de alarma con pantalla Touch de 4.3&#8242;<\/li>\n<li style='margin-bottom: 5px;'>Fuente de alimentaci\u00f3n de 9Vcc<\/li>\n<\/ul><\/div>\n<\/p><\/div>\n<div style='flex: 1 1 250px; border: 1px solid rgba(150&comma; 150&comma; 150&comma; 0.4); border-radius: 8px; overflow: hidden; display: flex; flex-direction: column;'>\n<div style='padding: 15px; border-bottom: 1px solid rgba(150&comma; 150&comma; 150&comma; 0.2); font-weight: bold; font-size: 18px; color: inherit;'>Informaci\u00f3n Adicional<\/div>\n<div style='padding: 15px; color: inherit;'>\n<p style='font-size: 14px; margin: 0 0 10px 0; color: inherit;'>Para los Servicios de Total Connect\u2122 de Honeywell requiere contrato&comma; pregunta a su ejecutivo de ventas o al departamento de Ingenier\u00eda SYSCOM.<\/p>\n<p style='font-size: 14px; margin: 0 0 10px 0; color: inherit;'><strong>Nota:<\/strong> Para que exista compatibilidad con la tarjeta L5100WIFI el panel debe tener rev. V800183 o mayor<\/p>\n<p style='font-size: 14px; margin: 0; color: inherit;'><strong>*<\/strong><\/p>\n<\/p><\/div>\n<\/p><\/div>\n<\/p><\/div>\n<hr style='border: 0; border-top: 1px solid rgba(150&comma; 150&comma; 150&comma; 0.3); margin: 30px 0;'> <\/div>\n","protected":false},"excerpt":{"rendered":"<p>Panel de Alarma Inalambrico Autocontenido con Pantalla Touch L5210, integrable a casa inteligente usando servicio de Total Connect<\/p>\n","protected":false},"featured_media":4903,"comment_status":"open","ping_status":"closed","template":"","meta":[],"product_brand":[],"product_cat":[179],"product_tag":[45,61,180],"class_list":{"0":"post-4904","1":"product","2":"type-product","3":"status-publish","4":"has-post-thumbnail","6":"product_cat-paneles-de-alarma-total-connect-honeywell","7":"product_tag-honeywell-home-resideo","8":"product_tag-paneles-de-alarma","9":"product_tag-total-connect-honeywell","11":"first","12":"outofstock","13":"sale","14":"shipping-taxable","15":"purchasable","16":"product-type-simple"},"_links":{"self":[{"href":"https:\/\/soydeaqui.ddns.net\/pachuca\/index.php\/wp-json\/wp\/v2\/product\/4904","targetHints":{"allow":["GET"]}}],"collection":[{"href":"https:\/\/soydeaqui.ddns.net\/pachuca\/index.php\/wp-json\/wp\/v2\/product"}],"about":[{"href":"https:\/\/soydeaqui.ddns.net\/pachuca\/index.php\/wp-json\/wp\/v2\/types\/product"}],"replies":[{"embeddable":true,"href":"https:\/\/soydeaqui.ddns.net\/pachuca\/index.php\/wp-json\/wp\/v2\/comments?post=4904"}],"wp:featuredmedia":[{"embeddable":true,"href":"https:\/\/soydeaqui.ddns.net\/pachuca\/index.php\/wp-json\/wp\/v2\/media\/4903"}],"wp:attachment":[{"href":"https:\/\/soydeaqui.ddns.net\/pachuca\/index.php\/wp-json\/wp\/v2\/media?parent=4904"}],"wp:term":[{"taxonomy":"product_brand","embeddable":true,"href":"https:\/\/soydeaqui.ddns.net\/pachuca\/index.php\/wp-json\/wp\/v2\/product_brand?post=4904"},{"taxonomy":"product_cat","embeddable":true,"href":"https:\/\/soydeaqui.ddns.net\/pachuca\/index.php\/wp-json\/wp\/v2\/product_cat?post=4904"},{"taxonomy":"product_tag","embeddable":true,"href":"https:\/\/soydeaqui.ddns.net\/pachuca\/index.php\/wp-json\/wp\/v2\/product_tag?post=4904"}],"curies":[{"name":"wp","href":"https:\/\/api.w.org\/{rel}","templated":true}]}}