{"id":48944,"date":"2026-03-18T21:54:26","date_gmt":"2026-03-18T21:54:26","guid":{"rendered":"https:\/\/soydeaqui.ddns.net\/pachuca\/index.php\/producto\/certificacion-oficial-en-tierras-fisicas-y-pararrayos-total-ground-para-cdmxgdlmtyhmomerln-y-tij\/"},"modified":"2026-03-18T21:54:27","modified_gmt":"2026-03-18T21:54:27","slug":"certificacion-oficial-en-tierras-fisicas-y-pararrayos-total-ground-para-cdmxgdlmtyhmomerln-y-tij","status":"publish","type":"product","link":"https:\/\/soydeaqui.ddns.net\/pachuca\/index.php\/producto\/certificacion-oficial-en-tierras-fisicas-y-pararrayos-total-ground-para-cdmxgdlmtyhmomerln-y-tij\/","title":{"rendered":"Certificaci\u00f3n Oficial en Tierras F\u00edsicas y Pararrayos Total Ground para CDMX,GDL,MTY,HMO,MER,LN y TIJ."},"content":{"rendered":"<div style='width: 100%; max-width: 1200px; margin: 0 auto; font-family: sans-serif; line-height: 1.6; color: inherit; background-color: transparent;'>\n<div style='display: flex; flex-wrap: wrap; gap: 30px; margin-bottom: 30px;'>\n<div style='flex: 1 1 300px; min-width: 280px;'>\n<h3 style='font-size: 22px; border-bottom: 2px solid currentColor; padding-bottom: 5px; margin-top: 0; color: inherit; opacity: 0.8;'>Informaci\u00f3n General<\/h3>\n<ul style='padding-left: 20px; font-size: 15px; color: inherit;'>\n<li style='margin-bottom: 5px;'><strong>Calendarizaci\u00f3n:<\/strong> <a href='https:\/\/www.syscom.mx\/calendario\/' style='color: inherit; text-decoration: underline;'>Ver calendarizaci\u00f3n<\/a><\/li>\n<li style='margin-bottom: 5px;'><strong>Requisitos:<\/strong> Llenar el formato DC-3 para obtener el certificado con validez en la secretar\u00eda de trabajo. Conocimientos b\u00e1sicos de Electricidad.<\/li>\n<li style='margin-bottom: 5px;'><strong>Duraci\u00f3n:<\/strong> 14 horas (dos d\u00edas)<\/li>\n<li style='margin-bottom: 5px;'><strong>Horario:<\/strong> de 9:00 a.m. a 6:00 p.m.<\/li>\n<\/ul><\/div>\n<div style='flex: 1 1 300px; min-width: 280px;'>\n<h3 style='font-size: 22px; border-bottom: 2px solid currentColor; padding-bottom: 5px; margin-top: 0; color: inherit; opacity: 0.8;'>Condicionantes<\/h3>\n<ul style='padding-left: 20px; font-size: 15px; color: inherit;'>\n<li style='margin-bottom: 5px;'>Para obtener el certificado con validez en la secretar\u00eda del trabajo&comma; se debe aprobar el examen y presentar 3 copias originales del formato DC-3 con los datos del asistente.<\/li>\n<li style='margin-bottom: 5px;'>El curso debe ser pagado al menos 7 d\u00edas antes de la fecha del evento.<\/li>\n<li style='margin-bottom: 5px;'>El curso podr\u00eda cancelarse si no se re\u00fane un grupo m\u00ednimo de 10 asistentes.<\/li>\n<\/ul><\/div>\n<div style='flex: 1 1 300px; min-width: 280px;'>\n<h3 style='font-size: 22px; border-bottom: 2px solid currentColor; padding-bottom: 5px; margin-top: 0; color: inherit; opacity: 0.8;'>Incluye<\/h3>\n<ul style='padding-left: 20px; font-size: 15px; color: inherit;'>\n<li style='margin-bottom: 5px;'>USB con informaci\u00f3n precargada del curso<\/li>\n<li style='margin-bottom: 5px;'>Documentos de apoyo y cuaderno de trabajo<\/li>\n<li style='margin-bottom: 5px;'>Portafolio<\/li>\n<li style='margin-bottom: 5px;'>Examen<\/li>\n<li style='margin-bottom: 5px;'>Evaluaci\u00f3n del curso<\/li>\n<li style='margin-bottom: 5px;'>Coffee break<\/li>\n<li style='margin-bottom: 5px;'>Comida ambos d\u00edas<\/li>\n<li style='margin-bottom: 5px;'>Certificado Total Ground con vigencia de 2 a\u00f1os (requisito: pasar el examen)<\/li>\n<\/ul><\/div>\n<\/p><\/div>\n<div style='display: flex; flex-wrap: wrap; gap: 20px; margin-bottom: 30px;'>\n<div style='flex: 1 1 400px; border: 1px solid rgba(150&comma; 150&comma; 150&comma; 0.4); border-radius: 8px; overflow: hidden; display: flex; flex-direction: column;'>\n<div style='padding: 15px; border-bottom: 1px solid rgba(150&comma; 150&comma; 150&comma; 0.2); font-weight: bold; font-size: 18px; color: inherit;'>A qui\u00e9n est\u00e1 dirigido<\/div>\n<div style='padding: 15px; color: inherit;'>\n<ul style='padding-left: 20px; margin: 0; font-size: 14px; list-style-type: disc;'>\n<li style='margin-bottom: 5px;'>Instaladores de Equipo de Radiocomunicaci\u00f3n<\/li>\n<li style='margin-bottom: 5px;'>Integradores de Sistemas Profesionales de CCTV<\/li>\n<li style='margin-bottom: 5px;'>Torreros&comma; Ing. Civiles&comma; Arquitectos enfocados en la planeaci\u00f3n de Edificaciones<\/li>\n<li style='margin-bottom: 5px;'>T\u00e9cnicos El\u00e9ctricos y Electr\u00f3nicos encargados de realizar estudios e instalaciones de Tierras F\u00edsicas<\/li>\n<li style='margin-bottom: 5px;'>Organismos dedicados a certificar o realizar mediciones de resistencia de suelo<\/li>\n<\/ul><\/div>\n<\/p><\/div>\n<div style='flex: 1 1 400px; border: 1px solid rgba(150&comma; 150&comma; 150&comma; 0.4); border-radius: 8px; overflow: hidden; display: flex; flex-direction: column;'>\n<div style='padding: 15px; border-bottom: 1px solid rgba(150&comma; 150&comma; 150&comma; 0.2); font-weight: bold; font-size: 18px; color: inherit;'>Objetivo<\/div>\n<div style='padding: 15px; color: inherit;'>\n<ul style='padding-left: 20px; margin: 0; font-size: 14px; list-style-type: disc;'>\n<li style='margin-bottom: 5px;'>Garantizar que todos aquellos responsables de implementar soluciones TOTAL GROUND est\u00e9n debidamente preparados y capacitados para llevar a cabo con \u00e9xito cada proyecto.<\/li>\n<\/ul><\/div>\n<\/p><\/div>\n<\/p><\/div>\n<div style='display: flex; flex-wrap: wrap; gap: 20px; margin-bottom: 30px;'>\n<div style='flex: 1 1 400px; border: 1px solid rgba(150&comma; 150&comma; 150&comma; 0.4); border-radius: 8px; overflow: hidden; display: flex; flex-direction: column;'>\n<div style='padding: 15px; border-bottom: 1px solid rgba(150&comma; 150&comma; 150&comma; 0.2); font-weight: bold; font-size: 18px; color: inherit;'>Al terminar el participante ser\u00e1 capaz de<\/div>\n<div style='padding: 15px; color: inherit;'>\n<ul style='padding-left: 20px; margin: 0; font-size: 14px; list-style-type: disc;'>\n<li style='margin-bottom: 5px;'>Proponer sistemas de infraestructura el\u00e9ctrica que aseguren la calidad de la energ\u00eda<\/li>\n<li style='margin-bottom: 5px;'>Comprender conceptos b\u00e1sicos de electricidad y magnetismo&comma; sistemas de puesta a tierra&comma; protecci\u00f3n atmosf\u00e9rica y supresores de transitorios&comma; seg\u00fan NOM-001-SEDE-2012&comma; Cap\u00edtulo 1<\/li>\n<li style='margin-bottom: 5px;'>Analizar proyectos para identificar riesgos y proponer soluciones contra descargas atmosf\u00e9ricas&comma; est\u00e1tica y perturbaciones en la l\u00ednea<\/li>\n<li style='margin-bottom: 5px;'>Ejecutar instalaciones de soluciones Total Ground conforme a procedimientos<\/li>\n<li style='margin-bottom: 5px;'>Realizar memorias t\u00e9cnicas de instalaciones de soluciones Total Ground<\/li>\n<\/ul><\/div>\n<\/p><\/div>\n<div style='flex: 1 1 400px; border: 1px solid rgba(150&comma; 150&comma; 150&comma; 0.4); border-radius: 8px; overflow: hidden; display: flex; flex-direction: column;'>\n<div style='padding: 15px; border-bottom: 1px solid rgba(150&comma; 150&comma; 150&comma; 0.2); font-weight: bold; font-size: 18px; color: inherit;'>Temario<\/div>\n<div style='padding: 15px; color: inherit;'>\n<ul style='padding-left: 20px; margin: 0; font-size: 14px; list-style-type: disc;'>\n<li style='margin-bottom: 5px;'>1. Conceptos Fundamentales<\/li>\n<ul style='padding-left: 25px; margin: 0; font-size: 14px; list-style-type: circle;'>\n<li style='margin-bottom: 5px;'>Carga El\u00e9ctrica<\/li>\n<li style='margin-bottom: 5px;'>Transferencia de Electrones<\/li>\n<li style='margin-bottom: 5px;'>Conductores y no conductores<\/li>\n<li style='margin-bottom: 5px;'>Potencial El\u00e9ctrico<\/li>\n<li style='margin-bottom: 5px;'>Superficie Equipotencial<\/li>\n<li style='margin-bottom: 5px;'>Corriente El\u00e9ctrica<\/li>\n<li style='margin-bottom: 5px;'>Resistencia<\/li>\n<li style='margin-bottom: 5px;'>Corriente y Campo Magn\u00e9tico<\/li>\n<\/ul>\n<li style='margin-bottom: 5px;'>2. Sistemas de Tierra F\u00edsica<\/li>\n<ul style='padding-left: 25px; margin: 0; font-size: 14px; list-style-type: circle;'>\n<li style='margin-bottom: 5px;'>Definici\u00f3n de Resistencia de Tierra<\/li>\n<li style='margin-bottom: 5px;'>Elementos que influyen en los Sistemas de Tierra<\/li>\n<li style='margin-bottom: 5px;'>Marco Normativo. Electrodos de Tierra<\/li>\n<li style='margin-bottom: 5px;'>Electrodo Total Ground (Aplicaciones)<\/li>\n<li style='margin-bottom: 5px;'>Medici\u00f3n de Puesta a Tierra<\/li>\n<\/ul>\n<li style='margin-bottom: 5px;'>3. Descargas Atmosf\u00e9ricas<\/li>\n<ul style='padding-left: 25px; margin: 0; font-size: 14px; list-style-type: circle;'>\n<li style='margin-bottom: 5px;'>El rayo<\/li>\n<li style='margin-bottom: 5px;'>Problem\u00e1tica<\/li>\n<li style='margin-bottom: 5px;'>Beneficios<\/li>\n<li style='margin-bottom: 5px;'>Marco Normativo<\/li>\n<\/ul>\n<li style='margin-bottom: 5px;'>4. Sobre-voltaje Transitorios<\/li>\n<ul style='padding-left: 25px; margin: 0; font-size: 14px; list-style-type: circle;'>\n<li style='margin-bottom: 5px;'>Qu\u00e9 es un voltaje transitorio<\/li>\n<li style='margin-bottom: 5px;'>Causas de los sobrevoltajes<\/li>\n<li style='margin-bottom: 5px;'>Protecci\u00f3n SIPTE<\/li>\n<li style='margin-bottom: 5px;'>Supresi\u00f3n<\/li>\n<li style='margin-bottom: 5px;'>Clasificaci\u00f3n de supresores<\/li>\n<li style='margin-bottom: 5px;'>Normatividad<\/li>\n<\/ul>\n<li style='margin-bottom: 5px;'>5. Equipos relacionados con la calidad de la Energ\u00eda<\/li>\n<li style='margin-bottom: 5px;'>6. Casos de \u00c9xito<\/li>\n<\/ul><\/div>\n<\/p><\/div>\n<\/p><\/div>\n<hr style='border: 0; border-top: 1px solid rgba(150&comma; 150&comma; 150&comma; 0.3); margin: 30px 0;'> <\/div>\n","protected":false},"excerpt":{"rendered":"<p>Certificaci\u00f3n Oficial en Tierras F\u00edsicas y Pararrayos Total Ground para CDMX,GDL,MTY,HMO,MER,LN y TIJ.<\/p>\n","protected":false},"featured_media":48943,"comment_status":"open","ping_status":"closed","template":"","meta":[],"product_brand":[],"product_cat":[1161],"product_tag":[1088,1162,63],"class_list":{"0":"post-48944","1":"product","2":"type-product","3":"status-publish","4":"has-post-thumbnail","6":"product_cat-pararrayos","7":"product_tag-calidad-de-la-energia","8":"product_tag-pararrayos","9":"product_tag-syscom","11":"first","12":"instock","13":"sale","14":"shipping-taxable","15":"purchasable","16":"product-type-simple"},"_links":{"self":[{"href":"https:\/\/soydeaqui.ddns.net\/pachuca\/index.php\/wp-json\/wp\/v2\/product\/48944","targetHints":{"allow":["GET"]}}],"collection":[{"href":"https:\/\/soydeaqui.ddns.net\/pachuca\/index.php\/wp-json\/wp\/v2\/product"}],"about":[{"href":"https:\/\/soydeaqui.ddns.net\/pachuca\/index.php\/wp-json\/wp\/v2\/types\/product"}],"replies":[{"embeddable":true,"href":"https:\/\/soydeaqui.ddns.net\/pachuca\/index.php\/wp-json\/wp\/v2\/comments?post=48944"}],"wp:featuredmedia":[{"embeddable":true,"href":"https:\/\/soydeaqui.ddns.net\/pachuca\/index.php\/wp-json\/wp\/v2\/media\/48943"}],"wp:attachment":[{"href":"https:\/\/soydeaqui.ddns.net\/pachuca\/index.php\/wp-json\/wp\/v2\/media?parent=48944"}],"wp:term":[{"taxonomy":"product_brand","embeddable":true,"href":"https:\/\/soydeaqui.ddns.net\/pachuca\/index.php\/wp-json\/wp\/v2\/product_brand?post=48944"},{"taxonomy":"product_cat","embeddable":true,"href":"https:\/\/soydeaqui.ddns.net\/pachuca\/index.php\/wp-json\/wp\/v2\/product_cat?post=48944"},{"taxonomy":"product_tag","embeddable":true,"href":"https:\/\/soydeaqui.ddns.net\/pachuca\/index.php\/wp-json\/wp\/v2\/product_tag?post=48944"}],"curies":[{"name":"wp","href":"https:\/\/api.w.org\/{rel}","templated":true}]}}