{"id":48918,"date":"2026-03-18T21:53:40","date_gmt":"2026-03-18T21:53:40","guid":{"rendered":"https:\/\/soydeaqui.ddns.net\/pachuca\/index.php\/producto\/kit-de-tierra-fisica-recomendada-para-cuartos-de-telecomunicaciones-data-center-2\/"},"modified":"2026-03-18T21:53:41","modified_gmt":"2026-03-18T21:53:41","slug":"kit-de-tierra-fisica-recomendada-para-cuartos-de-telecomunicaciones-data-center-2","status":"publish","type":"product","link":"https:\/\/soydeaqui.ddns.net\/pachuca\/index.php\/producto\/kit-de-tierra-fisica-recomendada-para-cuartos-de-telecomunicaciones-data-center-2\/","title":{"rendered":"Kit de Tierra F\u00edsica Recomendada para Cuartos de Telecomunicaciones (Data Center)."},"content":{"rendered":"<div style='width: 100%; max-width: 1200px; margin: 0 auto; font-family: sans-serif; line-height: 1.6; color: inherit; background-color: transparent;'>\n<div style='margin-bottom: 30px;'> <img style='width: 100%; height: auto; border: 1px solid rgba(150&comma;150&comma;150&comma;0.3); border-radius: 8px;' src='https:\/\/ftp3.syscom.mx\/usuarios\/fotos\/TG45AB\/75917-logo_total_ground.png' alt='Logo Total Ground'> <\/div>\n<div style='margin-bottom: 30px;'>\n<p style='font-size: 15px; color: inherit;'> Los electrodos de puesta a tierra marca <strong style='color: inherit;'>TOTAL GROUND<\/strong> deben ser instalados en conjunto con nuestro compuesto mejorador de tierra para asegurar una resistencia menor a 2 Ohm (en la mayor\u00eda de los casos) y una instalaci\u00f3n <strong style='color: inherit;'>libre de mantenimiento correctivo hasta por 20 a\u00f1os.<\/strong> <\/p>\n<p style='font-size: 15px; color: inherit; text-align: center;'> Los electrodos magnetoactivos incluyen una br\u00fajula y nivel para asegurar una integraci\u00f3n profesional. <\/p>\n<\/p><\/div>\n<div style='margin-bottom: 30px;'>\n<h2 style='font-size: 24px; border-bottom: 2px solid currentColor; padding-bottom: 5px; margin-top: 0; color: #c0392b; opacity: 0.8;'>CARACTER\u00cdSTICAS<\/h2>\n<\/p><\/div>\n<div style='display: flex; flex-wrap: wrap; gap: 30px; margin-bottom: 30px;'>\n<div style='flex: 1 1 300px; min-width: 280px;'>\n<div style='border: 1px solid rgba(150&comma;150&comma;150&comma;0.3); border-radius: 8px; overflow: hidden; display: flex; flex-direction: column;'>\n<div style='background-color: rgba(238&comma;238&comma;238&comma;0.3); padding: 15px;'> <img style='width: 100%; height: auto; border: none; border-radius: 0;' src='https:\/\/ftp3.syscom.mx\/usuarios\/fotos\/TG45K\/75918-electrodo_45k.png' alt='Electrodo TG-45K'> <\/div>\n<div style='padding: 15px; border-top: 5px solid #DF001D;'>\n<h4 style='color: gray; margin-top: 0;'>Electrodo<\/h4>\n<p style='font-size: 14px; color: inherit;'> Electrodo de puesta a tierra marca TOTAL GROUND modelo TG-45K. Elaborado de cobre electrol\u00edtico altamente conductivo&comma; tratado especialmente para retardar los efectos de la corrosi\u00f3n. <\/p>\n<\/p><\/div>\n<\/p><\/div>\n<\/p><\/div>\n<div style='flex: 1 1 300px; min-width: 280px;'>\n<div style='border: 1px solid rgba(150&comma;150&comma;150&comma;0.3); border-radius: 8px; overflow: hidden; display: flex; flex-direction: column;'>\n<div style='background-color: rgba(238&comma;238&comma;238&comma;0.3); padding: 15px;'> <img style='width: 100%; height: auto; border: none; border-radius: 0;' src='https:\/\/ftp3.syscom.mx\/usuarios\/fotos\/TG45AB\/75917-h20hm.png' alt='Compuesto H2OHM'> <\/div>\n<div style='padding: 15px; border-top: 5px solid #DF001D;'>\n<h4 style='color: gray; margin-top: 0;'>Compuesto H2OHM<\/h4>\n<p style='font-size: 14px; color: inherit;'> H2Ohm base org\u00e1nica&comma; elaborado con material higrosc\u00f3pico coagulante de humedad que cuenta con certificado de pruebas de LAPEM y certificado de laboratorio acreditado ante EMA&comma; con valores dentro de la norma CRETIB de no toxicidad ni da\u00f1o al medio ambiente <\/p>\n<\/p><\/div>\n<\/p><\/div>\n<\/p><\/div>\n<div style='flex: 1 1 300px; min-width: 280px;'>\n<div style='border: 1px solid rgba(150&comma;150&comma;150&comma;0.3); border-radius: 8px; overflow: hidden; display: flex; flex-direction: column;'>\n<div style='background-color: rgba(238&comma;238&comma;238&comma;0.3); padding: 15px;'> <img style='width: 100%; height: auto; border: none; border-radius: 0;' src='https:\/\/ftp3.syscom.mx\/usuarios\/fotos\/TG45K\/75918-acoplador_45k.png' alt='Acoplador de Impedancia'> <\/div>\n<div style='padding: 15px; border-top: 5px solid #DF001D;'>\n<h4 style='color: gray; margin-top: 0;'>Acoplador de Impedancias<\/h4>\n<p style='font-size: 14px; color: inherit;'> Acoplador de impedancias marca TOTAL GROUND modelo TGC45 con capacidad de 900A; en gabinete NEMA 4 de 20 x 30 x 12 cm. <\/p>\n<\/p><\/div>\n<\/p><\/div>\n<\/p><\/div>\n<\/p><\/div>\n<div style='margin-bottom: 30px;'>\n<h3 style='font-size: 20px; color: #c0392b; margin-top: 0; opacity: 0.8;'>DESCRIPCI\u00d3N:<\/h3>\n<ul style='padding-left: 20px; font-size: 14px; color: inherit;'>\n<li style='margin-bottom: 5px;'><strong style='color: inherit;'>Unidad de Medida:<\/strong> Kit<\/li>\n<li style='margin-bottom: 5px;'><strong style='color: inherit;'>Descripci\u00f3n:<\/strong> Electrodo Magnetoactivo<\/li>\n<li style='margin-bottom: 5px;'><strong style='color: inherit;'>Capacidad:<\/strong> 45 Amperes<\/li>\n<\/ul><\/div>\n<div style='margin-bottom: 30px;'>\n<h3 style='font-size: 20px; color: #c0392b; margin-top: 0; opacity: 0.8;'>APLICACIONES RECOMENDADAS:<\/h3>\n<p style='font-size: 14px; color: inherit;'> El electrodo <strong style='color: inherit;'>TG-45K<\/strong> se utiliza para la puesta a tierra de: <\/p>\n<ul style='padding-left: 20px; font-size: 14px; color: inherit;'>\n<li style='margin-bottom: 5px;'>SITES de c\u00f3mputo. <span style='color: #c0392b;'>Consultar Gu\u00eda de Selecci\u00f3n<\/span><\/li>\n<li style='margin-bottom: 5px;'>Transformadores. <span style='color: #c0392b;'>Consultar Gu\u00eda de Selecci\u00f3n<\/span><\/li>\n<li style='margin-bottom: 5px;'>Racks de telecomunicaciones.<\/li>\n<li style='margin-bottom: 5px;'>Sistemas satelitales.<\/li>\n<li style='margin-bottom: 5px;'>Sistemas de radio frecuencia.<\/li>\n<li style='margin-bottom: 5px;'>Sistemas de control industrial.<\/li>\n<\/ul><\/div>\n<div style='margin-bottom: 30px;'>\n<h3 style='font-size: 20px; color: #c0392b; margin-top: 0; opacity: 0.8;'>Incluye los siguientes componentes:<\/h3>\n<div style='overflow-x: auto; margin: 20px 0;'>\n<table style='width: 100%; border-collapse: collapse; color: inherit; background-color: transparent;'>\n<thead style='background-color: rgba(238&comma;238&comma;238&comma;0.3);'>\n<tr>\n<th style='padding: 12px; border: 1px solid rgba(150&comma;150&comma;150&comma;0.3); text-align: center; min-width: 80px; font-weight: bold; color: inherit;'>Cantidad<\/th>\n<th style='padding: 12px; border: 1px solid rgba(150&comma;150&comma;150&comma;0.3); text-align: center; min-width: 120px; font-weight: bold; color: inherit;'>Modelo<\/th>\n<th style='padding: 12px; border: 1px solid rgba(150&comma;150&comma;150&comma;0.3); text-align: left; min-width: 200px; font-weight: bold; color: inherit;'>Descripci\u00f3n<\/th>\n<\/tr>\n<\/thead>\n<tbody>\n<tr>\n<td style='padding: 10px; border: 1px solid rgba(150&comma;150&comma;150&comma;0.3); text-align: center; color: inherit;'>1<\/td>\n<td style='padding: 10px; border: 1px solid rgba(150&comma;150&comma;150&comma;0.3); text-align: center; color: #2880b9;'>TG45K<\/td>\n<td style='padding: 10px; border: 1px solid rgba(150&comma;150&comma;150&comma;0.3); color: inherit;'>Electrodo<\/td>\n<\/tr>\n<tr>\n<td style='padding: 10px; border: 1px solid rgba(150&comma;150&comma;150&comma;0.3); text-align: center; color: inherit;'>1<\/td>\n<td style='padding: 10px; border: 1px solid rgba(150&comma;150&comma;150&comma;0.3); text-align: center; color: #2880b9;'>TGC45<\/td>\n<td style='padding: 10px; border: 1px solid rgba(150&comma;150&comma;150&comma;0.3); color: inherit;'>Acoplador<\/td>\n<\/tr>\n<tr>\n<td style='padding: 10px; border: 1px solid rgba(150&comma;150&comma;150&comma;0.3); text-align: center; color: inherit;'>1<\/td>\n<td style='padding: 10px; border: 1px solid rgba(150&comma;150&comma;150&comma;0.3); text-align: center; color: #2880b9;'> <a style='color: #2880b9; text-decoration: none;' href='https:\/\/www.syscom.mx\/producto\/ANTIOX-TOTAL-GROUND-75931.html' target='_blank' rel='noopener'>ANTIOX<\/a> <\/td>\n<td style='padding: 10px; border: 1px solid rgba(150&comma;150&comma;150&comma;0.3); color: inherit;'>Spray protector para conectores.<\/td>\n<\/tr>\n<tr>\n<td style='padding: 10px; border: 1px solid rgba(150&comma;150&comma;150&comma;0.3); text-align: center; color: inherit;'>1<\/td>\n<td style='padding: 10px; border: 1px solid rgba(150&comma;150&comma;150&comma;0.3); text-align: center; color: #2880b9;'>&#8212;<\/td>\n<td style='padding: 10px; border: 1px solid rgba(150&comma;150&comma;150&comma;0.3); color: inherit;'>Br\u00fajula y nivel.<\/td>\n<\/tr>\n<tr>\n<td style='padding: 10px; border: 1px solid rgba(150&comma;150&comma;150&comma;0.3); text-align: center; color: inherit;'>1<\/td>\n<td style='padding: 10px; border: 1px solid rgba(150&comma;150&comma;150&comma;0.3); text-align: center; color: #2880b9;'> <a style='color: #2880b9; text-decoration: none;' href='https:\/\/www.syscom.mx\/producto\/H2O-HM-TOTAL-GROUND-75920.html' target='_blank' rel='noopener'>H20HM<\/a> <\/td>\n<td style='padding: 10px; border: 1px solid rgba(150&comma;150&comma;150&comma;0.3); color: inherit;'>Saco de 11 Kg de mejorador de suelo.<\/td>\n<\/tr>\n<tr>\n<td style='padding: 10px; border: 1px solid rgba(150&comma;150&comma;150&comma;0.3); text-align: center; color: inherit;'>1<\/td>\n<td style='padding: 10px; border: 1px solid rgba(150&comma;150&comma;150&comma;0.3); text-align: center; color: #2880b9;'> <a style='color: #2880b9; text-decoration: none;' href='https:\/\/www.syscom.mx\/producto\/S-610-TOTAL-GROUND-75929.html' target='_blank' rel='noopener'>S610<\/a> <\/td>\n<td style='padding: 10px; border: 1px solid rgba(150&comma;150&comma;150&comma;0.3); color: inherit;'>Registro para electrodo.<\/td>\n<\/tr>\n<tr>\n<td style='padding: 10px; border: 1px solid rgba(150&comma;150&comma;150&comma;0.3); text-align: center; color: inherit;'>5<\/td>\n<td style='padding: 10px; border: 1px solid rgba(150&comma;150&comma;150&comma;0.3); text-align: center; color: #2880b9;'> <a style='color: #2880b9; text-decoration: none;' href='https:\/\/www.syscom.mx\/producto\/TG-CR11-TOTAL-GROUND-76026.html' target='_blank' rel='noopener'>TGCR11<\/a> <\/td>\n<td style='padding: 10px; border: 1px solid rgba(150&comma;150&comma;150&comma;0.3); color: inherit;'>Conector de Bronce.<\/td>\n<\/tr>\n<tr>\n<td style='padding: 10px; border: 1px solid rgba(150&comma;150&comma;150&comma;0.3); text-align: center; color: inherit;'>2<\/td>\n<td style='padding: 10px; border: 1px solid rgba(150&comma;150&comma;150&comma;0.3); text-align: center; color: #2880b9;'> <a style='color: #2880b9; text-decoration: none;' href='https:\/\/www.syscom.mx\/producto\/TG-AB18-TOTAL-GROUND-76028.html' target='_blank' rel='noopener'>TGAB18<\/a> <\/td>\n<td style='padding: 10px; border: 1px solid rgba(150&comma;150&comma;150&comma;0.3); color: inherit;'>Conector de Varilla.<\/td>\n<\/tr>\n<tr>\n<td style='padding: 10px; border: 1px solid rgba(150&comma;150&comma;150&comma;0.3); text-align: center; color: inherit;'>1<\/td>\n<td style='padding: 10px; border: 1px solid rgba(150&comma;150&comma;150&comma;0.3); text-align: center; color: #2880b9;'> <a style='color: #2880b9; text-decoration: none;' href='https:\/\/www.syscom.mx\/producto\/TG-BUE-RACK-TOTAL-GROUND-75932.html' target='_blank' rel='noopener'>TGBUERACK<\/a> <\/td>\n<td style='padding: 10px; border: 1px solid rgba(150&comma;150&comma;150&comma;0.3); color: inherit;'>Barra de uni\u00f3n de tierra f\u00edsica para montaje en rack 19&#8242;.<\/td>\n<\/tr>\n<tr>\n<td style='padding: 10px; border: 1px solid rgba(150&comma;150&comma;150&comma;0.3); text-align: center; color: inherit;'>1<\/td>\n<td style='padding: 10px; border: 1px solid rgba(150&comma;150&comma;150&comma;0.3); text-align: center; color: #2880b9;'> <a style='color: #2880b9; text-decoration: none;' href='https:\/\/www.syscom.mx\/producto\/TG-PAR-TOTAL-GROUND-75958.html' target='_blank' rel='noopener'>TGPAR<\/a> <\/td>\n<td style='padding: 10px; border: 1px solid rgba(150&comma;150&comma;150&comma;0.3); color: inherit;'>Tapete aislador.<\/td>\n<\/tr>\n<tr>\n<td style='padding: 10px; border: 1px solid rgba(150&comma;150&comma;150&comma;0.3); text-align: center; color: inherit;'>1<\/td>\n<td style='padding: 10px; border: 1px solid rgba(150&comma;150&comma;150&comma;0.3); text-align: center; color: #2880b9;'> <a style='color: #2880b9; text-decoration: none;' href='https:\/\/www.syscom.mx\/producto\/SUP-RACK-TOTAL-GROUND-76102.html' target='_blank' rel='noopener'>SUPRACK<\/a> <\/td>\n<td style='padding: 10px; border: 1px solid rgba(150&comma;150&comma;150&comma;0.3); color: inherit;'>Tomacorriente con supresor de picos tipo A&comma; montaje en rack 19&#8242; de 10 contactos.<\/td>\n<\/tr>\n<\/tbody>\n<\/table><\/div>\n<\/p><\/div>\n<div style='margin-bottom: 30px;'>\n<h3 style='font-size: 20px; color: #c0392b; margin-top: 0; opacity: 0.8;'>Accesorios complementarios (No incluido):<\/h3>\n<div style='overflow-x: auto; margin: 20px 0;'>\n<table style='width: 100%; border-collapse: collapse; color: inherit; background-color: transparent;'>\n<thead style='background-color: rgba(238&comma;238&comma;238&comma;0.3);'>\n<tr>\n<th style='padding: 12px; border: 1px solid rgba(150&comma;150&comma;150&comma;0.3); text-align: center; min-width: 80px; font-weight: bold; color: inherit;'>Cantidad<\/th>\n<th style='padding: 12px; border: 1px solid rgba(150&comma;150&comma;150&comma;0.3); text-align: center; min-width: 120px; font-weight: bold; color: inherit;'>Modelo<\/th>\n<th style='padding: 12px; border: 1px solid rgba(150&comma;150&comma;150&comma;0.3); text-align: left; min-width: 200px; font-weight: bold; color: inherit;'>Descripci\u00f3n<\/th>\n<\/tr>\n<\/thead>\n<tbody>\n<tr>\n<td style='padding: 10px; border: 1px solid rgba(150&comma;150&comma;150&comma;0.3); text-align: center; color: inherit;'>1<\/td>\n<td style='padding: 10px; border: 1px solid rgba(150&comma;150&comma;150&comma;0.3); text-align: center; color: #2880b9;'> <a style='color: #2880b9; text-decoration: none;' href='https:\/\/www.syscom.mx\/producto\/SLY-287-GRN-INDIANA-176933.html' target='_blank' rel='noopener'>SLY287GRN<\/a> <\/td>\n<td style='padding: 10px; border: 1px solid rgba(150&comma;150&comma;150&comma;0.3); color: inherit;'>Cable de cobre recubierto THW-SL Calibre 4 AWG.<\/td>\n<\/tr>\n<tr>\n<td style='padding: 10px; border: 1px solid rgba(150&comma;150&comma;150&comma;0.3); text-align: center; color: inherit;'>1<\/td>\n<td style='padding: 10px; border: 1px solid rgba(150&comma;150&comma;150&comma;0.3); text-align: center; color: #2880b9;'> <a style='color: #2880b9; text-decoration: none;' href='https:\/\/www.syscom.mx\/producto\/TG-BUE-10-TOTAL-GROUND-75913.html' target='_blank' rel='noopener'>TGBUE10<\/a> <\/td>\n<td style='padding: 10px; border: 1px solid rgba(150&comma;150&comma;150&comma;0.3); color: inherit;'>Barra de uni\u00f3n y distribuci\u00f3n de hilos.<\/td>\n<\/tr>\n<\/tbody>\n<\/table><\/div>\n<\/p><\/div>\n<div style='margin-bottom: 30px;'>\n<h3 style='font-size: 24px; color: #c0392b; text-align: center; margin-top: 0; opacity: 0.8;'>Curso B\u00e1sico para Selecci\u00f3n e Implementaci\u00f3n de Sistemas de Protecci\u00f3n<\/h3>\n<div style='display: flex; flex-wrap: wrap; gap: 30px; margin-top: 20px;'>\n<div style='flex: 1 1 45%; min-width: 300px;'>\n<div style='position: relative; padding-bottom: 56.25%; height: 0; overflow: hidden;'>   <\/div>\n<\/p><\/div>\n<div style='flex: 1 1 45%; min-width: 300px;'>\n<div style='position: relative; padding-bottom: 56.25%; height: 0; overflow: hidden;'>   <\/div>\n<\/p><\/div>\n<\/p><\/div>\n<\/p><\/div>\n<div style='margin-bottom: 30px;'>\n<h3 style='font-size: 24px; color: #c0392b; text-align: center; margin-top: 0; opacity: 0.8;'>Webinars de Sistemas de Puesta a Tierra y Pararrayos<\/h3>\n<div style='display: flex; flex-wrap: wrap; gap: 30px; margin-top: 20px;'>\n<div style='flex: 1 1 30%; min-width: 250px;'>\n<div style='position: relative; padding-bottom: 56.25%; height: 0; overflow: hidden;'>   <\/div>\n<p style='margin-top: 15px; text-align: center; font-size: 14px; color: inherit;'>WEBINAR2: INSTALACI\u00d3N DE TIERRAS F\u00cdSICAS Y PARARRAYOS.<\/p>\n<\/p><\/div>\n<div style='flex: 1 1 30%; min-width: 250px;'>\n<div style='position: relative; padding-bottom: 56.25%; height: 0; overflow: hidden;'>   <\/div>\n<p style='margin-top: 15px; text-align: center; font-size: 14px; color: inherit;'>WEBINAR2: INSTALACI\u00d3N DE TIERRAS F\u00cdSICAS Y PARARRAYOS.<\/p>\n<\/p><\/div>\n<div style='flex: 1 1 30%; min-width: 250px;'>\n<div style='position: relative; padding-bottom: 56.25%; height: 0; overflow: hidden;'>   <\/div>\n<p style='margin-top: 15px; text-align: center; font-size: 14px; color: inherit;'>WEBINAR3: SISTEMAS DE PARARRAYO TOTAL GROUND.<\/p>\n<\/p><\/div>\n<\/p><\/div>\n<\/p><\/div>\n<\/p><\/div>\n","protected":false},"excerpt":{"rendered":"<p>Kit de Tierra F\u00edsica Recomendada para Cuartos de Telecomunicaciones (Data Center).<\/p>\n","protected":false},"featured_media":48917,"comment_status":"open","ping_status":"closed","template":"","meta":[],"product_brand":[],"product_cat":[1131],"product_tag":[1088,1132,635],"class_list":{"0":"post-48918","1":"product","2":"type-product","3":"status-publish","4":"has-post-thumbnail","6":"product_cat-tierras-fisicas","7":"product_tag-calidad-de-la-energia","8":"product_tag-tierras-fisicas","9":"product_tag-total-ground","11":"first","12":"outofstock","13":"sale","14":"shipping-taxable","15":"purchasable","16":"product-type-simple"},"_links":{"self":[{"href":"https:\/\/soydeaqui.ddns.net\/pachuca\/index.php\/wp-json\/wp\/v2\/product\/48918","targetHints":{"allow":["GET"]}}],"collection":[{"href":"https:\/\/soydeaqui.ddns.net\/pachuca\/index.php\/wp-json\/wp\/v2\/product"}],"about":[{"href":"https:\/\/soydeaqui.ddns.net\/pachuca\/index.php\/wp-json\/wp\/v2\/types\/product"}],"replies":[{"embeddable":true,"href":"https:\/\/soydeaqui.ddns.net\/pachuca\/index.php\/wp-json\/wp\/v2\/comments?post=48918"}],"wp:featuredmedia":[{"embeddable":true,"href":"https:\/\/soydeaqui.ddns.net\/pachuca\/index.php\/wp-json\/wp\/v2\/media\/48917"}],"wp:attachment":[{"href":"https:\/\/soydeaqui.ddns.net\/pachuca\/index.php\/wp-json\/wp\/v2\/media?parent=48918"}],"wp:term":[{"taxonomy":"product_brand","embeddable":true,"href":"https:\/\/soydeaqui.ddns.net\/pachuca\/index.php\/wp-json\/wp\/v2\/product_brand?post=48918"},{"taxonomy":"product_cat","embeddable":true,"href":"https:\/\/soydeaqui.ddns.net\/pachuca\/index.php\/wp-json\/wp\/v2\/product_cat?post=48918"},{"taxonomy":"product_tag","embeddable":true,"href":"https:\/\/soydeaqui.ddns.net\/pachuca\/index.php\/wp-json\/wp\/v2\/product_tag?post=48918"}],"curies":[{"name":"wp","href":"https:\/\/api.w.org\/{rel}","templated":true}]}}