{"id":48914,"date":"2026-03-18T21:53:35","date_gmt":"2026-03-18T21:53:35","guid":{"rendered":"https:\/\/soydeaqui.ddns.net\/pachuca\/index.php\/producto\/kit-de-tierra-fisica-con-electrodo-magnetoactivo-de-45-amp-y-supresor-de-picos-soho-2\/"},"modified":"2026-03-18T21:53:36","modified_gmt":"2026-03-18T21:53:36","slug":"kit-de-tierra-fisica-con-electrodo-magnetoactivo-de-45-amp-y-supresor-de-picos-soho-2","status":"publish","type":"product","link":"https:\/\/soydeaqui.ddns.net\/pachuca\/index.php\/producto\/kit-de-tierra-fisica-con-electrodo-magnetoactivo-de-45-amp-y-supresor-de-picos-soho-2\/","title":{"rendered":"Kit de Tierra F\u00edsica con Electrodo Magnetoactivo de 45 AMP Y Supresor de Picos SOHO"},"content":{"rendered":"<p><span style='font-family: tahoma&comma; arial&comma; helvetica&comma; sans-serif; font-size: 12pt;'><img style='display: block; margin-left: auto; margin-right: auto;' src='https:\/\/ftp3.syscom.mx\/usuarios\/fotos\/TG45AB\/75917-logo_total_ground.png' alt='' width='1000' height='222' \/><\/span><\/p>\n<p style='text-align: justify;'><span style='font-family: tahoma&comma; arial&comma; helvetica&comma; sans-serif; font-size: 12pt;'>Los electrodos de puesta a tierra marca <strong>TOTAL GROUND<\/strong><\/span><span style='font-family: tahoma&comma; arial&comma; helvetica&comma; sans-serif; font-size: 12pt;'> deben ser instalados en conjunto con nuestro compuesto mejorador de tierra para asegurar una resistencia menor a 2 Ohm (en la mayor\u00eda de los casos) y una instalaci\u00f3n <strong>libre de mantenimiento correctivo hasta por 20 a\u00f1os.<\/strong><\/span><\/p>\n<p style='text-align: justify;'><span style='text-align: center; font-family: tahoma&comma; arial&comma; helvetica&comma; sans-serif; font-size: 12pt;'>Los electrodos magnetoactivos incluyen una br\u00fajula y nivel para asegurar una integraci\u00f3n profesional.<\/span><\/p>\n<\/p>\n<div class='row'>\n<div class='col-xs-12'>\n<p style='text-align: center; margin: 10px 70px 50px 70px;'><span style='font-size: 18pt;'><strong style='font-family: tahoma&comma; arial&comma; helvetica&comma; sans-serif; text-align: start;'><span style='color: #c0392b;'>CARACTER\u00cdSTICAS<\/span><\/strong><\/span><\/p>\n<\/p><\/div>\n<\/p><\/div>\n<div class='row'>\n<div class='col-sm-4' style='margin-top: 30px;'>\n<div class='panel_segmento' style='padding: 0px;'>\n<div style='background-color: #eee;'><img style='display: block; margin-left: auto; margin-right: auto;' src='https:\/\/ftp3.syscom.mx\/usuarios\/fotos\/TG45AB\/75917-electrodo_45ab.png' alt='' width='302' height='450' \/><\/div>\n<div style='border-top: 5px solid #DF001D; padding: 0px 15px;'>\n<h4 style='color: gray;'>Electrodo<\/h4>\n<p style='text-align: justify;'><span style='font-family: tahoma&comma; arial&comma; helvetica&comma; sans-serif; font-size: 16px; text-align: justify;'>Electrodo de puesta a tierra marca TOTAL GROUND modelo TG-45AB. Elaborado de cobre electrol\u00edtico altamente conductivo&comma; tratado especialmente para retardar los efectos de la corrosi\u00f3n. <\/span><\/p>\n<\/p><\/div>\n<\/p><\/div>\n<\/p><\/div>\n<div class='col-sm-4' style='margin-top: 30px;'>\n<div class='panel_segmento' style='padding: 0px;'>\n<div style='background-color: #eee;'><img style='display: block; margin-left: auto; margin-right: auto;' src='https:\/\/ftp3.syscom.mx\/usuarios\/fotos\/TG45AB\/75917-h20hm.png' alt='' width='306' height='450' \/><\/div>\n<div style='border-top: 5px solid #DF001D; padding: 0px 15px;'>\n<h4 style='color: gray;'>Compuesto H2OHM<\/h4>\n<p style='text-align: justify;'><span style='font-family: tahoma&comma; arial&comma; helvetica&comma; sans-serif; font-size: 16px; text-align: justify;'>H2Ohm base org\u00e1nica&comma; elaborado con material higrosc\u00f3pico coagulante de humedad que cuenta con certificado de pruebas de LAPEM y certificado de laboratorio acreditado ante EMA&comma; con valores dentro de la norma CRETIB de no toxicidad ni da\u00f1o al medio ambiente<\/span><\/p>\n<\/p><\/div>\n<\/p><\/div>\n<\/p><\/div>\n<div class='col-sm-4' style='margin-top: 30px;'>\n<div class='panel_segmento' style='padding: 0px;'>\n<div style='background-color: #eee;'><img style='display: block; margin-left: auto; margin-right: auto;' src='https:\/\/ftp3.syscom.mx\/usuarios\/fotos\/TG45AB\/75917-acoplador_45ab_(2).png' alt='' width='302' height='450' \/><\/div>\n<div style='border-top: 5px solid #DF001D; padding: 0px 15px;'>\n<h4 style='color: gray;'>Acoplador de Impedancia<\/h4>\n<p style='text-align: justify;'><span style='font-size: 16px; font-family: tahoma&comma; arial&comma; helvetica&comma; sans-serif; text-align: justify;'>Acoplador de impedancias interconstruido en dispositivo de filtraci\u00f3n de baja frecuencia LCR montado en estructura con 3 bornes de conexi\u00f3n de 1\/2 pulgada<\/span>.<\/p>\n<\/p><\/div>\n<\/p><\/div>\n<\/p><\/div>\n<\/p><\/div>\n<p><span style='font-family: tahoma&comma; arial&comma; helvetica&comma; sans-serif; font-size: 12pt; color: #c0392b;'><strong>DESCRIPCI\u00d3N:<\/strong><\/span><\/p>\n<ul>\n<li><span style='font-family: tahoma&comma; arial&comma; helvetica&comma; sans-serif; font-size: 12pt;'><strong>Unidad de Medida:<\/strong> Kit<\/span><\/li>\n<li><span style='font-family: tahoma&comma; arial&comma; helvetica&comma; sans-serif; font-size: 12pt;'><strong>Descripci\u00f3n: <\/strong>Electrodo Magnetoactivo.<\/span><\/li>\n<li><span style='font-family: tahoma&comma; arial&comma; helvetica&comma; sans-serif; font-size: 12pt;'><strong>Capacidad: <\/strong>45 Amperes.<\/span><\/li>\n<\/ul>\n<p><span style='color: #c0392b; font-family: tahoma&comma; arial&comma; helvetica&comma; sans-serif; font-size: 12pt;'><strong>APLICACIONES RECOMENDADAS:<\/strong><\/span><\/p>\n<p><span style='font-family: tahoma&comma; arial&comma; helvetica&comma; sans-serif; font-size: 12pt;'>El electrodo <strong>TG-45AB<\/strong> se utiliza para la puesta a tierra de:<\/span><\/p>\n<ul>\n<li><span style='font-family: tahoma&comma; arial&comma; helvetica&comma; sans-serif; font-size: 12pt;'>SITES de c\u00f3mputo. (<span style='color: #e74c3c;'>Consultar Gu\u00eda de Selecci\u00f3n<\/span>).<\/span><\/li>\n<li><span style='font-family: tahoma&comma; arial&comma; helvetica&comma; sans-serif; font-size: 12pt;'>Transformadores. (<span style='color: #e74c3c;'>Consultar Gu\u00eda de Selecci\u00f3n<\/span>).<\/span><\/li>\n<li><span style='font-family: tahoma&comma; arial&comma; helvetica&comma; sans-serif; font-size: 12pt;'>Racks de telecomunicaciones.<\/span><\/li>\n<li><span style='font-family: tahoma&comma; arial&comma; helvetica&comma; sans-serif; font-size: 12pt;'>Sistemas satelitales.<\/span><\/li>\n<li><span style='font-family: tahoma&comma; arial&comma; helvetica&comma; sans-serif; font-size: 12pt;'>Sistemas de radio frecuencia.<\/span><\/li>\n<li><span style='font-family: tahoma&comma; arial&comma; helvetica&comma; sans-serif; font-size: 12pt;'>Sistemas de control industrial.<\/span><\/li>\n<\/ul>\n<p><span style='font-family: tahoma&comma; arial&comma; helvetica&comma; sans-serif; font-size: 14pt; color: #c0392b;'><strong>Incluye los siguientes componentes:<\/strong><\/span><\/p>\n<table style='border-collapse: collapse; width: 102.699%; height: 216px; border-color: #ffffff; border-style: none;' border='1'>\n<tbody>\n<tr style='height: 27px;'>\n<td style='width: 1.79533%; text-align: center; height: 27px;'><span style='font-family: tahoma&comma; arial&comma; helvetica&comma; sans-serif; font-size: 12pt;'><strong>Cantidad<\/strong><\/span><\/td>\n<td style='width: 14.2566%; text-align: center; height: 27px;'><span style='font-family: tahoma&comma; arial&comma; helvetica&comma; sans-serif; font-size: 12pt;'><strong>Modelo<\/strong><\/span><\/td>\n<td style='width: 86.7623%; height: 27px; text-align: left;'><span style='font-family: tahoma&comma; arial&comma; helvetica&comma; sans-serif; font-size: 12pt;'><strong>Descripci\u00f3n<\/strong><\/span><\/td>\n<\/tr>\n<tr style='height: 21px;'>\n<td style='width: 1.79533%; text-align: center; height: 21px;'><span style='font-family: tahoma&comma; arial&comma; helvetica&comma; sans-serif; font-size: 12pt;'>1<\/span><\/td>\n<td style='width: 14.2566%; text-align: center; height: 21px;'><span style='font-family: tahoma&comma; arial&comma; helvetica&comma; sans-serif; font-size: 12pt; color: #2880b9;'>TG45AB<\/span><\/td>\n<td style='width: 86.7623%; text-align: left; height: 21px;'><span style='font-size: 12pt;'><span style='font-family: tahoma&comma; arial&comma; helvetica&comma; sans-serif;'>Electrodo con capacidad de de hasta 45 Amp<\/span><strong>.<\/strong><\/span><\/td>\n<\/tr>\n<tr style='height: 37px;'>\n<td style='width: 1.79533%; height: 37px; text-align: center;'><span style='font-family: tahoma&comma; arial&comma; helvetica&comma; sans-serif; font-size: 12pt;'>1<\/span><\/td>\n<td style='width: 14.2566%; text-align: center; height: 37px;'><span style='color: #2880b9;'><a style='color: #2880b9;' href='https:\/\/www.syscom.mx\/producto\/ANTIOX-TOTAL-GROUND-75931.html' target='_blank' rel='noopener'><span style='font-family: tahoma&comma; arial&comma; helvetica&comma; sans-serif; font-size: 12pt;'>ANTIOX<\/span><\/a><\/span><\/td>\n<td style='width: 86.7623%; text-align: left; height: 37px;'><span style='font-family: tahoma&comma; arial&comma; helvetica&comma; sans-serif; font-size: 12pt;'>Spray protector para conectores.<\/span><\/td>\n<\/tr>\n<tr style='height: 21px;'>\n<td style='width: 1.79533%; text-align: center; height: 21px;'><span style='font-family: tahoma&comma; arial&comma; helvetica&comma; sans-serif; font-size: 12pt;'>1<\/span><\/td>\n<td style='width: 14.2566%; text-align: center; height: 21px;'><span style='color: #2880b9;'><a style='color: #2880b9;' href='https:\/\/www.syscom.mx\/producto\/H2O-HM-TOTAL-GROUND-75920.html' target='_blank' rel='noopener'><span style='font-family: tahoma&comma; arial&comma; helvetica&comma; sans-serif; font-size: 12pt;'>H20HM<\/span><\/a><\/span><\/td>\n<td style='width: 86.7623%; text-align: left; height: 21px;'><span style='font-family: tahoma&comma; arial&comma; helvetica&comma; sans-serif; font-size: 12pt;'>Saco de 11 Kg de mejorador de suelo.<\/span><\/td>\n<\/tr>\n<tr style='height: 21px;'>\n<td style='width: 1.79533%; text-align: center; height: 21px;'><span style='font-family: tahoma&comma; arial&comma; helvetica&comma; sans-serif; font-size: 12pt;'>1<\/span><\/td>\n<td style='width: 14.2566%; text-align: center; height: 21px;'><span style='color: #2880b9;'><a style='color: #2880b9;' href='https:\/\/www.syscom.mx\/producto\/S-610-TOTAL-GROUND-75929.html' target='_blank' rel='noopener'><span style='font-family: tahoma&comma; arial&comma; helvetica&comma; sans-serif; font-size: 12pt;'>S610<\/span><\/a><\/span><\/td>\n<td style='width: 86.7623%; text-align: left; height: 21px;'><span style='font-family: tahoma&comma; arial&comma; helvetica&comma; sans-serif; font-size: 12pt;'>Registro para electrodo.<\/span><\/td>\n<\/tr>\n<tr style='height: 21px;'>\n<td style='width: 1.79533%; text-align: center; height: 22px;'><span style='font-family: tahoma&comma; arial&comma; helvetica&comma; sans-serif; font-size: 12pt;'>3<\/span><\/td>\n<td style='width: 14.2566%; text-align: center; height: 22px;'><span style='color: #2880b9;'><a style='color: #2880b9;' href='https:\/\/www.syscom.mx\/producto\/TG-CR11-TOTAL-GROUND-76026.html' target='_blank' rel='noopener'><span style='font-family: tahoma&comma; arial&comma; helvetica&comma; sans-serif; font-size: 12pt;'>TGCR11<\/span><\/a><\/span><\/td>\n<td style='width: 86.7623%; text-align: left; height: 22px;'><span style='font-family: tahoma&comma; arial&comma; helvetica&comma; sans-serif; font-size: 12pt;'>Conector de Borne a cable.<\/span><\/td>\n<\/tr>\n<tr style='height: 21px;'>\n<td style='width: 1.79533%; text-align: center; height: 21px;'><span style='font-family: tahoma&comma; arial&comma; helvetica&comma; sans-serif; font-size: 12pt;'>2<\/span><\/td>\n<td style='width: 14.2566%; text-align: center; height: 21px;'><span style='color: #2880b9;'><a style='color: #2880b9;' href='https:\/\/www.syscom.mx\/producto\/TG-AB18-TOTAL-GROUND-76028.html' target='_blank' rel='noopener'><span style='font-family: tahoma&comma; arial&comma; helvetica&comma; sans-serif; font-size: 12pt;'>TGAB18<\/span><\/a><\/span><\/td>\n<td style='width: 86.7623%; text-align: left; height: 21px;'><span style='font-family: tahoma&comma; arial&comma; helvetica&comma; sans-serif; font-size: 12pt;'>Conector de Varilla a cable.<\/span><\/td>\n<\/tr>\n<tr style='height: 21px;'>\n<td style='width: 1.79533%; text-align: center; height: 12px;'><span style='font-family: tahoma&comma; arial&comma; helvetica&comma; sans-serif; font-size: 12pt;'>1<\/span><\/td>\n<td style='width: 14.2566%; text-align: center; height: 12px;'><span style='color: #2880b9;'><a style='color: #2880b9;' href='https:\/\/www.syscom.mx\/producto\/TG-BUS-G10-TOTAL-GROUND-75914.html'><span style='font-family: tahoma&comma; arial&comma; helvetica&comma; sans-serif; font-size: 12pt;'>TGBUSG10<\/span><\/a><\/span><\/td>\n<td style='width: 86.7623%; text-align: left; height: 12px;'><span style='font-family: tahoma&comma; arial&comma; helvetica&comma; sans-serif; font-size: 12pt;'>Barra de uni\u00f3n de 7-7\/8&#8242; x 2&#8242; x 1\/4&#8242; con aisladores de 1000A de capacidad.<\/span><\/td>\n<\/tr>\n<tr style='height: 34px;'>\n<td style='width: 1.79533%; text-align: center; height: 34px;'><span style='font-family: tahoma&comma; arial&comma; helvetica&comma; sans-serif; font-size: 12pt;'>1<\/span><\/td>\n<td style='width: 14.2566%; text-align: center; height: 34px;'><a href='https:\/\/www.syscom.mx\/producto\/SOHO1F-TOTAL-GROUND-142409.html'><span style='color: #2880b9;'><span style='font-family: tahoma&comma; arial&comma; helvetica&comma; sans-serif; font-size: 12pt;'>SOHO1F<\/span><\/span><\/a><\/td>\n<td style='width: 86.7623%; text-align: left; height: 34px;'><span style='font-family: tahoma&comma; arial&comma; helvetica&comma; sans-serif; font-size: 12pt;'>Supresor clase B de baja potencia apropiado para peque\u00f1as oficinas&comma; residencias y departamentos<br \/><\/span><\/td>\n<\/tr>\n<\/tbody>\n<\/table>\n<p><strong style='color: #c0392b; font-family: tahoma&comma; arial&comma; helvetica&comma; sans-serif; font-size: 14pt;'>Accesorios complementarios (No inlcuido):<\/strong><\/p>\n<table style='border-collapse: collapse; width: 100%; height: 50px; border-color: #ffffff;' border='1'>\n<tbody>\n<tr style='height: 21px;'>\n<td style='width: 1.84162%; text-align: center; height: 21px;'><span style='font-family: tahoma&comma; arial&comma; helvetica&comma; sans-serif; font-size: 12pt;'><strong>Cantidad<\/strong><\/span><\/td>\n<td style='width: 14.7329%; text-align: center; height: 21px;'><span style='font-family: tahoma&comma; arial&comma; helvetica&comma; sans-serif; font-size: 12pt;'><strong>Modelo<\/strong><\/span><\/td>\n<td style='width: 83.2413%; height: 21px; text-align: left;'><span style='font-size: 12pt;'><strong><span style='font-family: tahoma&comma; arial&comma; helvetica&comma; sans-serif;'>Descripci\u00f3n<\/span><\/strong><\/span><\/td>\n<\/tr>\n<tr style='height: 21px;'>\n<td style='width: 1.84162%; text-align: center; height: 19px;'><span style='font-family: tahoma&comma; arial&comma; helvetica&comma; sans-serif; font-size: 12pt;'>1<\/span><\/td>\n<td style='width: 14.7329%; text-align: center; height: 19px;'><span style='font-size: 12pt; color: #2880b9;'><a style='color: #2880b9;' href='https:\/\/www.syscom.mx\/producto\/SLY-287-GRN-INDIANA-176933.html' target='_blank' rel='noopener'><span style='font-family: tahoma&comma; arial&comma; helvetica&comma; sans-serif;'>SLY287GRN<\/span><\/a><\/span><\/td>\n<td style='width: 83.2413%; height: 19px;'><span style='color: #000000; font-family: tahoma&comma; arial&comma; helvetica&comma; sans-serif; font-size: 12pt; background-color: #ffffff;'>Cable de cobre recubierto THW-SL Calibre 4 AWG.<br \/><\/span><\/td>\n<\/tr>\n<tr style='height: 21px;'>\n<td style='width: 1.84162%; text-align: center; height: 10px;'><span style='font-family: tahoma&comma; arial&comma; helvetica&comma; sans-serif; font-size: 12pt;'>1<\/span><\/td>\n<td style='width: 14.7329%; text-align: center; height: 10px;'><span style='font-size: 12pt; color: #2880b9;'><a style='color: #2880b9;' href='https:\/\/www.syscom.mx\/producto\/TG-BUE-10-TOTAL-GROUND-75913.html' target='_blank' rel='noopener'><span style='font-family: tahoma&comma; arial&comma; helvetica&comma; sans-serif;'>TGBUE10<\/span><\/a><\/span><\/td>\n<td style='width: 83.2413%; height: 10px;'><span style='color: #000000; font-family: tahoma&comma; arial&comma; helvetica&comma; sans-serif; font-size: 12pt; background-color: #ffffff;'>Barra de uni\u00f3n y distribuci\u00f3n de hilos.<\/span><\/td>\n<\/tr>\n<\/tbody>\n<\/table>\n<p style='text-align: center;'>\n<p style='text-align: center;'><span style='color: #c0392b;'><em style='font-size: 24px;'><span style='font-family: tahoma&comma; arial&comma; helvetica&comma; sans-serif;'><strong>Curso B\u00e1sico para Selecci\u00f3n e Implementaci\u00f3n de Sistemas de Protecci\u00f3n<\/strong><\/span><\/em><\/span><\/p>\n<div class='row'>\n<div class='col-sm-6 '>\n<div class='embed-responsive embed-responsive-16by9'> <\/div>\n<\/p><\/div>\n<div class='col-sm-6'>\n<div class='embed-responsive embed-responsive-16by9'> <\/div>\n<\/p><\/div>\n<\/p><\/div>\n<div class='row'>\n<div class='row'>\n<p style='text-align: center;'>\n<p style='text-align: center;'><span style='background-color: #ffffff; color: #c0392b;'><em style='font-size: 24px; background-color: #ffffff;'><span style='font-family: tahoma&comma; arial&comma; helvetica&comma; sans-serif;'><strong>Webinars de Sistemas de Puesta a Tierra y Pararrayos<\/strong><\/span><\/em><\/span><\/p>\n<div class='row'>\n<div class='col-sm-6 col-md-4'>\n<div class='embed-responsive embed-responsive-16by9'> <\/div>\n<div class='embed-responsive embed-responsive-16by9'><strong style='box-sizing: border-box; color: #333333; font-family: 'Helvetica Neue'&comma; Helvetica&comma; Arial&comma; sans-serif; font-size: 14px; background-color: #ffffff; line-height: 20.8px;'>WEBINAR1: <strong style='box-sizing: border-box; line-height: 20.8px;'>B\u00c1SICO DE TIERRAS F\u00cdSICAS Y PARARRAYOS (INICIA EN EL MIN.14).<\/strong><\/strong><\/div>\n<\/p><\/div>\n<div class='col-sm-6 col-md-4'>\n<div class='embed-responsive embed-responsive-16by9'> <\/div>\n<div class='embed-responsive embed-responsive-16by9'><strong style='box-sizing: border-box; color: #333333; font-family: 'Helvetica Neue'&comma; Helvetica&comma; Arial&comma; sans-serif; font-size: 14px; background-color: #ffffff; line-height: 20.8px;'>WEBINAR2: INSTALACI\u00d3N DE TIERRAS F\u00cdSICAS Y PARARRAYOS.<\/strong><\/div>\n<\/p><\/div>\n<div class='col-sm-6 col-md-4'>\n<div class='embed-responsive embed-responsive-16by9'>< <\/div>\n<div class='embed-responsive embed-responsive-16by9'><strong style='box-sizing: border-box; color: #333333; font-family: 'Helvetica Neue'&comma; Helvetica&comma; Arial&comma; sans-serif; font-size: 14px; background-color: #ffffff; line-height: 20.8px;'>WEBINAR3: SISTEMAS DE PARARRAYO TOTAL GROUND.<\/strong><\/div>\n<\/p><\/div>\n<\/p><\/div>\n<\/p><\/div>\n<\/p><\/div>\n","protected":false},"excerpt":{"rendered":"<p>Kit de Tierra F\u00edsica con Electrodo Magnetoactivo de 45 AMP Y Supresor de Picos SOHO<\/p>\n","protected":false},"featured_media":48913,"comment_status":"open","ping_status":"closed","template":"","meta":[],"product_brand":[],"product_cat":[1131],"product_tag":[1088,1132,635],"class_list":{"0":"post-48914","1":"product","2":"type-product","3":"status-publish","4":"has-post-thumbnail","6":"product_cat-tierras-fisicas","7":"product_tag-calidad-de-la-energia","8":"product_tag-tierras-fisicas","9":"product_tag-total-ground","11":"first","12":"outofstock","13":"sale","14":"shipping-taxable","15":"purchasable","16":"product-type-simple"},"_links":{"self":[{"href":"https:\/\/soydeaqui.ddns.net\/pachuca\/index.php\/wp-json\/wp\/v2\/product\/48914","targetHints":{"allow":["GET"]}}],"collection":[{"href":"https:\/\/soydeaqui.ddns.net\/pachuca\/index.php\/wp-json\/wp\/v2\/product"}],"about":[{"href":"https:\/\/soydeaqui.ddns.net\/pachuca\/index.php\/wp-json\/wp\/v2\/types\/product"}],"replies":[{"embeddable":true,"href":"https:\/\/soydeaqui.ddns.net\/pachuca\/index.php\/wp-json\/wp\/v2\/comments?post=48914"}],"wp:featuredmedia":[{"embeddable":true,"href":"https:\/\/soydeaqui.ddns.net\/pachuca\/index.php\/wp-json\/wp\/v2\/media\/48913"}],"wp:attachment":[{"href":"https:\/\/soydeaqui.ddns.net\/pachuca\/index.php\/wp-json\/wp\/v2\/media?parent=48914"}],"wp:term":[{"taxonomy":"product_brand","embeddable":true,"href":"https:\/\/soydeaqui.ddns.net\/pachuca\/index.php\/wp-json\/wp\/v2\/product_brand?post=48914"},{"taxonomy":"product_cat","embeddable":true,"href":"https:\/\/soydeaqui.ddns.net\/pachuca\/index.php\/wp-json\/wp\/v2\/product_cat?post=48914"},{"taxonomy":"product_tag","embeddable":true,"href":"https:\/\/soydeaqui.ddns.net\/pachuca\/index.php\/wp-json\/wp\/v2\/product_tag?post=48914"}],"curies":[{"name":"wp","href":"https:\/\/api.w.org\/{rel}","templated":true}]}}