{"id":4891,"date":"2026-03-18T06:24:31","date_gmt":"2026-03-18T06:24:31","guid":{"rendered":"https:\/\/soydeaqui.ddns.net\/pachuca\/index.php\/producto\/barrera-fotoelectrica-de-60-metros-con-la-mejor-tecnologia-de-deteccion-de-patrones-para-reducir-falsas-alarmas\/"},"modified":"2026-03-18T06:24:31","modified_gmt":"2026-03-18T06:24:31","slug":"barrera-fotoelectrica-de-60-metros-con-la-mejor-tecnologia-de-deteccion-de-patrones-para-reducir-falsas-alarmas","status":"publish","type":"product","link":"https:\/\/soydeaqui.ddns.net\/pachuca\/index.php\/producto\/barrera-fotoelectrica-de-60-metros-con-la-mejor-tecnologia-de-deteccion-de-patrones-para-reducir-falsas-alarmas\/","title":{"rendered":"Barrera fotoelectrica de 60 metros con la mejor tecnologia de deteccion de patrones para reducir falsas alarmas"},"content":{"rendered":"<div style='width: 100%; max-width: 1200px; margin: 0 auto; font-family: sans-serif; line-height: 1.6; color: inherit; background-color: transparent;'>\n<div style='display: flex; flex-wrap: wrap; gap: 30px; margin-bottom: 30px;'>\n<div style='flex: 1 1 300px; min-width: 280px;'>\n<h3 style='font-size: 22px; border-bottom: 2px solid currentColor; padding-bottom: 5px; margin-top: 0; color: inherit; opacity: 0.8;'>Descripci\u00f3n<\/h3>\n<p style='font-size: 15px; color: inherit; text-align: justify;'>El detector fotoel\u00e9ctrico de corto alcance AX-200TN tiene un dise\u00f1o compacto con una estructura altamente durable IP65 y un rango de detecci\u00f3n de 200 pies. El empaque de goma se usa para todos los puntos imaginables donde el agua&comma; el polvo o las chinches pueden penetrar&comma; como los orificios de cableado&comma; los puertos de cables y el chasis exterior. La prevenci\u00f3n de estos factores ayuda a brindar un rendimiento con mayor confiabilidad en condiciones ambientales severas al aire libre. Adem\u00e1s&comma; la longitud entre la \u00f3ptica superior e inferior&comma; y el ancho de la \u00f3ptica est\u00e1n dise\u00f1ados de manera ideal para producir el patr\u00f3n de detecci\u00f3n m\u00e1s inteligente que reduce las falsas alarmas al detectar \u00fanicamente intrusos humanos.<\/p>\n<\/p><\/div>\n<\/p><\/div>\n<div style='display: flex; flex-wrap: wrap; gap: 30px; margin-bottom: 30px; justify-content: center;'>\n<div style='flex: 1 1 300px; min-width: 280px; max-width: 430px;'> <img style='width: 100%; height: auto; border: 1px solid rgba(150&comma;150&comma;150&comma;0.3); border-radius: 8px;' src='https:\/\/www.optexamerica.com\/sites\/default\/files\/styles\/product_coverage_dimensions\/public\/AX200TN_2.png?itok=uLB2ovpc' alt=''> <\/div>\n<\/p><\/div>\n<div style='display: flex; flex-wrap: wrap; gap: 20px; margin-bottom: 30px;'>\n<div style='flex: 1 1 250px; border: 1px solid rgba(150&comma; 150&comma; 150&comma; 0.4); border-radius: 8px; overflow: hidden; display: flex; flex-direction: column;'>\n<div style='padding: 15px; border-bottom: 1px solid rgba(150&comma; 150&comma; 150&comma; 0.2); font-weight: bold; font-size: 18px; color: inherit;'>Especificaciones<\/div>\n<div style='padding: 15px; color: inherit;'>\n<ul style='padding-left: 20px; margin: 0; font-size: 14px; list-style-type: disc;'>\n<li style='margin-bottom: 5px;'><strong>Distancia de deteccion:<\/strong> 60m<\/li>\n<li style='margin-bottom: 5px;'><strong>Maximo rango de luz:<\/strong> 600m<\/li>\n<li style='margin-bottom: 5px;'><strong>Periodo de Interrupcion:<\/strong> Seleccionable entre 50&comma; 100&comma; 250&comma; y 500m sec.<\/li>\n<li style='margin-bottom: 5px;'><strong>Alimentacion:<\/strong> 10.5 &#8211; 28V DC<\/li>\n<li style='margin-bottom: 5px;'><strong>Consumo de corriente (transmisor+ receptor):<\/strong> 45mA (max.)<\/li>\n<li style='margin-bottom: 5px;'><strong>Periodo de alarma:<\/strong> 2 sec.(\u00b11) nominal<\/li>\n<li style='margin-bottom: 5px;'><strong>Salida de alarma:<\/strong> N.C. 28V DC 0.2A max<\/li>\n<li style='margin-bottom: 5px;'><strong>Tamper switch:<\/strong> N.C. abre cuando la tapa se remueve 28V DC&comma; 0.2A max.<\/li>\n<li style='margin-bottom: 5px;'><strong>Temp.Operacion:<\/strong> -35\u00b0C to +60 \u00b0C Usarlo a esta unidad de temp. (HU-3) debajo de la temp. ambiente -25\u00b0C o menor.<\/li>\n<li style='margin-bottom: 5px;'><strong>Humedad:<\/strong> 95% max.<\/li>\n<li style='margin-bottom: 5px;'><strong>Angulo de alineacion:<\/strong> \u00b190\u00b0 Horizontal&comma; \u00b15\u00b0 Vertical<\/li>\n<li style='margin-bottom: 5px;'><strong>Montaje:<\/strong> Pared y poste<\/li>\n<li style='margin-bottom: 5px;'><strong>Peso(Transmisor + receptor):<\/strong> 650g<\/li>\n<li style='margin-bottom: 5px;'><strong>Dimensiones (H x W x D):<\/strong> 170mm x 65mm x 69.5mm<\/li>\n<li style='margin-bottom: 5px;'><strong>Proteccion:<\/strong> IP65<\/li>\n<\/ul><\/div>\n<\/p><\/div>\n<\/p><\/div>\n<hr style='border: 0; border-top: 1px solid rgba(150&comma; 150&comma; 150&comma; 0.3); margin: 30px 0;'> <\/div>\n","protected":false},"excerpt":{"rendered":"<p>Barrera fotoelectrica de 60 metros con la mejor tecnologia de deteccion de patrones para reducir falsas alarmas<\/p>\n","protected":false},"featured_media":4890,"comment_status":"open","ping_status":"closed","template":"","meta":[],"product_brand":[],"product_cat":[232],"product_tag":[19,233,106],"class_list":{"0":"post-4891","1":"product","2":"type-product","3":"status-publish","4":"has-post-thumbnail","6":"product_cat-fotoelectricos-y-microondas","7":"product_tag-detectores-sensores","8":"product_tag-fotoelectricos-y-microondas","9":"product_tag-optex","11":"first","12":"outofstock","13":"sale","14":"shipping-taxable","15":"purchasable","16":"product-type-simple"},"_links":{"self":[{"href":"https:\/\/soydeaqui.ddns.net\/pachuca\/index.php\/wp-json\/wp\/v2\/product\/4891","targetHints":{"allow":["GET"]}}],"collection":[{"href":"https:\/\/soydeaqui.ddns.net\/pachuca\/index.php\/wp-json\/wp\/v2\/product"}],"about":[{"href":"https:\/\/soydeaqui.ddns.net\/pachuca\/index.php\/wp-json\/wp\/v2\/types\/product"}],"replies":[{"embeddable":true,"href":"https:\/\/soydeaqui.ddns.net\/pachuca\/index.php\/wp-json\/wp\/v2\/comments?post=4891"}],"wp:featuredmedia":[{"embeddable":true,"href":"https:\/\/soydeaqui.ddns.net\/pachuca\/index.php\/wp-json\/wp\/v2\/media\/4890"}],"wp:attachment":[{"href":"https:\/\/soydeaqui.ddns.net\/pachuca\/index.php\/wp-json\/wp\/v2\/media?parent=4891"}],"wp:term":[{"taxonomy":"product_brand","embeddable":true,"href":"https:\/\/soydeaqui.ddns.net\/pachuca\/index.php\/wp-json\/wp\/v2\/product_brand?post=4891"},{"taxonomy":"product_cat","embeddable":true,"href":"https:\/\/soydeaqui.ddns.net\/pachuca\/index.php\/wp-json\/wp\/v2\/product_cat?post=4891"},{"taxonomy":"product_tag","embeddable":true,"href":"https:\/\/soydeaqui.ddns.net\/pachuca\/index.php\/wp-json\/wp\/v2\/product_tag?post=4891"}],"curies":[{"name":"wp","href":"https:\/\/api.w.org\/{rel}","templated":true}]}}