{"id":48895,"date":"2026-03-18T21:53:06","date_gmt":"2026-03-18T21:53:06","guid":{"rendered":"https:\/\/soydeaqui.ddns.net\/pachuca\/index.php\/producto\/kit-de-pararrayo-con-punta-con-diametro-de-proteccion-de-200-metros\/"},"modified":"2026-03-18T21:53:07","modified_gmt":"2026-03-18T21:53:07","slug":"kit-de-pararrayo-con-punta-con-diametro-de-proteccion-de-200-metros","status":"publish","type":"product","link":"https:\/\/soydeaqui.ddns.net\/pachuca\/index.php\/producto\/kit-de-pararrayo-con-punta-con-diametro-de-proteccion-de-200-metros\/","title":{"rendered":"Kit de Pararrayo con Punta con Di\u00e1metro de Protecci\u00f3n de 200 metros."},"content":{"rendered":"<div style='width: 100%; max-width: 1200px; margin: 0 auto; font-family: sans-serif; line-height: 1.6; color: inherit; background-color: transparent;'> <!-- Imagen principal --> <\/p>\n<div style='margin: 0 0 30px 0;'> <img style='width: 100%; height: auto; border: 1px solid rgba(150&comma;150&comma;150&comma;0.3); border-radius: 8px;' src='https:\/\/ftp3.syscom.mx\/usuarios\/fotos\/KDALU\/76017-total_ground.jpg' alt=''> <\/div>\n<p> <!-- Descripci\u00f3n principal --> <\/p>\n<div style='margin-bottom: 30px; font-size: 15px;'>\n<p>El sistema de pararrayos <strong>KDA-03<\/strong> es un sistema de protecci\u00f3n contra tormentas el\u00e9ctricas (SPTE). Sirve para interceptar&comma; conducir y disipar la corriente del rayo y de elementos internos mediante uniones&comma; blindaje y puesta a tierra. El objetivo de un SPTE es reducir el riesgo de da\u00f1o tanto para las personas y otros seres vivos&comma; as\u00ed como estructuras&comma; edificios y su contenido.<\/p>\n<p style='color: #c0392b; font-weight: bold; margin: 20px 0 0 0;'>Ofrece 200 m de di\u00e1metro de protecci\u00f3n.<\/p>\n<\/p><\/div>\n<p> <!-- Componentes incluidos --> <\/p>\n<div style='margin-bottom: 30px;'>\n<h3 style='font-size: 22px; border-bottom: 2px solid currentColor; padding-bottom: 5px; margin-top: 0; color: inherit; opacity: 0.8;'>Componentes incluidos<\/h3>\n<div style='display: flex; flex-direction: column; gap: 15px; margin-top: 15px;'>\n<div style='border: 1px solid rgba(150&comma; 150&comma; 150&comma; 0.4); border-radius: 8px; padding: 15px;'>\n<div style='font-weight: bold; margin-bottom: 10px; font-size: 16px; color: inherit;'>KDA03PUNTA<\/div>\n<div style='font-size: 14px; color: inherit;'>Punta pararayos KDA03 para protecci\u00f3n de 100 m de radio (sin venta individual).<\/div>\n<\/p><\/div>\n<div style='border: 1px solid rgba(150&comma; 150&comma; 150&comma; 0.4); border-radius: 8px; padding: 15px;'>\n<div style='font-weight: bold; margin-bottom: 10px; font-size: 16px; color: inherit;'>M\u00c1STIL<\/div>\n<div style='font-size: 14px; color: inherit;'>M\u00e1stil de 1.2 m de longitud y 2&#8242; de di\u00e1metro.<\/div>\n<\/p><\/div>\n<div style='border: 1px solid rgba(150&comma; 150&comma; 150&comma; 0.4); border-radius: 8px; padding: 15px;'>\n<div style='font-weight: bold; margin-bottom: 10px; font-size: 16px; color: inherit;'>TG700<\/div>\n<ul style='padding-left: 20px; margin: 0; font-size: 14px; list-style-type: disc;'>\n<li style='margin-bottom: 5px;'>Electrodo de 700 A<\/li>\n<li style='margin-bottom: 5px;'>4 Sacos de 11 Kg de mejorador de suelo <a style='color: #2880b9; text-decoration: underline;' href='https:\/\/www.syscom.mx\/producto\/H2O-HM-TOTAL-GROUND-75920.html' target='_blank' rel='noopener'>H2OHM<\/a><\/li>\n<li style='margin-bottom: 5px;'>Acoplador <a style='color: #3598db; text-decoration: underline;' href='https:\/\/www.syscom.mx\/producto\/TG-C02-TOTAL-GROUND-75945.html' target='_blank' rel='noopener'>TGC02<\/a><\/li>\n<\/ul><\/div>\n<\/p><\/div>\n<\/p><\/div>\n<p> <!-- Accesorios complementarios --> <\/p>\n<div style='margin-bottom: 30px;'>\n<h3 style='font-size: 22px; border-bottom: 2px solid currentColor; padding-bottom: 5px; margin-top: 0; color: inherit; opacity: 0.8;'>Accesorios complementarios (No incluido)<\/h3>\n<div style='display: flex; flex-direction: column; gap: 15px; margin-top: 15px;'>\n<div style='border: 1px solid rgba(150&comma; 150&comma; 150&comma; 0.4); border-radius: 8px; padding: 15px;'>\n<div style='display: flex; justify-content: space-between; margin-bottom: 10px;'> <span style='font-weight: bold; width: 80px; flex-shrink: 0;'>Cantidad<\/span> <span style='font-weight: bold; flex-grow: 1; text-align: left;'>Modelo<\/span> <span style='font-weight: bold; flex-grow: 2; text-align: left;'>Descripci\u00f3n<\/span> <\/div>\n<div style='border-top: 1px solid rgba(150&comma; 150&comma; 150&comma; 0.2); margin-top: 10px; padding-top: 10px;'>\n<div style='display: flex; justify-content: space-between; margin-bottom: 10px; flex-wrap: wrap;'> <span style='width: 80px; flex-shrink: 0;'>1<\/span> <span style='flex-grow: 1; text-align: left;'><a style='color: #2880b9; text-decoration: underline;' href='https:\/\/www.syscom.mx\/producto\/S-1010-TOTAL-GROUND-75930.html' target='_blank' rel='noopener'>S1010<\/a><\/span> <span style='flex-grow: 2; text-align: left;'>Registro para electrodo.<\/span> <\/div>\n<div style='display: flex; justify-content: space-between; margin-bottom: 10px; flex-wrap: wrap;'> <span style='width: 80px; flex-shrink: 0;'>1<\/span> <span style='flex-grow: 1; text-align: left;'><a style='color: #2880b9; text-decoration: underline;' href='https:\/\/www.syscom.mx\/producto\/ANTIOX-TOTAL-GROUND-75931.html' target='_blank' rel='noopener'>ANTIOX<\/a><\/span> <span style='flex-grow: 2; text-align: left;'>Spray protector para conectores.<\/span> <\/div>\n<div style='display: flex; justify-content: space-between; margin-bottom: 10px; flex-wrap: wrap;'> <span style='width: 80px; flex-shrink: 0;'>5<\/span> <span style='flex-grow: 1; text-align: left;'><a style='color: #2880b9; text-decoration: underline;' href='https:\/\/www.syscom.mx\/producto\/TG-CR-14-TOTAL-GROUND-75915.html' target='_blank' rel='noopener'>TGCR14<\/a><\/span> <span style='flex-grow: 2; text-align: left;'>Conector de Bronce.<\/span> <\/div>\n<div style='display: flex; justify-content: space-between; margin-bottom: 10px; flex-wrap: wrap;'> <span style='width: 80px; flex-shrink: 0;'>2<\/span> <span style='flex-grow: 1; text-align: left;'><a style='color: #2880b9; text-decoration: underline;' href='https:\/\/www.syscom.mx\/producto\/TG-AB21-TOTAL-GROUND-75916.html' target='_blank' rel='noopener'>TGAB21<\/a><\/span> <span style='flex-grow: 2; text-align: left;'>Conector de varilla.<\/span> <\/div>\n<div style='display: flex; justify-content: space-between; margin-bottom: 10px; flex-wrap: wrap;'> <span style='width: 80px; flex-shrink: 0;'>&#8212;<\/span> <span style='flex-grow: 1; text-align: left;'><a style='color: #2880b9; text-decoration: underline;' href='https:\/\/www.syscom.mx\/producto\/SLY-349-BLK-INDIANA-176869.html' target='_blank' rel='noopener'>SLY349BLK<\/a><\/span> <span style='flex-grow: 2; text-align: left;'>Cable de Cobre Recubierto THW-LS Calibre 4\/0 AWG.<\/span> <\/div>\n<div style='display: flex; justify-content: space-between; margin-bottom: 10px; flex-wrap: wrap;'> <span style='width: 80px; flex-shrink: 0;'>2<\/span> <span style='flex-grow: 1; text-align: left;'><a style='color: #2880b9; text-decoration: underline;' href='https:\/\/www.syscom.mx\/producto\/SMM-K4-SYSCOM-TOWERS-88255.html' target='_blank' rel='noopener'>SMMK4<\/a> o <a style='color: #2880b9; text-decoration: underline;' href='https:\/\/www.syscom.mx\/producto\/SMM-K4E-SYSCOM-TOWERS-189540.html' target='_blank' rel='noopener'>SMMK4E<\/a><\/span> <span style='flex-grow: 2; text-align: left;'>Herraje Adaptador de M\u00e1stil para Di\u00e1metros desde 3\/4&#8242; hasta 2-1\/4.<\/span> <\/div>\n<div style='display: flex; justify-content: space-between; margin-bottom: 10px; flex-wrap: wrap;'> <span style='width: 80px; flex-shrink: 0;'>1<\/span> <span style='flex-grow: 1; text-align: left;'><a style='color: #2880b9; text-decoration: underline;' href='https:\/\/www.syscom.mx\/producto\/TG-CDA-TOTAL-GROUND-76233.html' target='_blank' rel='noopener'>TGCDA<\/a><\/span> <span style='flex-grow: 2; text-align: left;'>Contador de Descargas Atmosf\u00e9ricas.<\/span> <\/div>\n<div style='display: flex; justify-content: space-between; margin-bottom: 10px; flex-wrap: wrap;'> <span style='width: 80px; flex-shrink: 0;'>&#8212;<\/span> <span style='flex-grow: 1; text-align: left;'><a style='color: #2880b9; text-decoration: underline;' href='https:\/\/www.syscom.mx\/producto\/TG-AC-TOTAL-GROUND-76016.html' target='_blank' rel='noopener'>TGAC<\/a> o <a style='color: #2880b9; text-decoration: underline;' href='https:\/\/www.syscom.mx\/producto\/TG-AC-114-TOTAL-GROUND-85849.html' target='_blank' rel='noopener'>TGAC114<\/a><\/span> <span style='flex-grow: 2; text-align: left;'>Aislador para cable de bajada.<\/span> <\/div>\n<div style='display: flex; justify-content: space-between; margin-bottom: 10px; flex-wrap: wrap;'> <span style='width: 80px; flex-shrink: 0;'>1<\/span> <span style='flex-grow: 1; text-align: left;'><a style='color: #2880b9; text-decoration: underline;' href='https:\/\/www.syscom.mx\/producto\/SLMBA8G-SYSCOM-TOWERS-186386.html' target='_blank' rel='noopener'>SLMBA8G<\/a><\/span> <span style='flex-grow: 2; text-align: left;'>Base para M\u00e1stil con Ajuste de \u00c1ngulo. Di\u00e1metros de M\u00e1stil: 1&#8242; a 2&#8242;<\/span> <\/div>\n<div style='display: flex; justify-content: space-between; margin-bottom: 10px; flex-wrap: wrap;'> <span style='width: 80px; flex-shrink: 0;'>1<\/span> <span style='flex-grow: 1; text-align: left;'><a style='color: #2880b9; text-decoration: underline;' href='https:\/\/www.syscom.mx\/producto\/SM-ALU3-SYSCOM-TOWERS-142062.html' target='_blank' rel='noopener'>SM-ALU-3<\/a>&comma; <a style='color: #2880b9; text-decoration: underline;' href='https:\/\/www.syscom.mx\/producto\/SM-ALU2-SYSCOM-TOWERS-142216.html' target='_blank' rel='noopener'>SM-ALU-2<\/a> o <a style='color: #2880b9; text-decoration: underline;' href='https:\/\/www.syscom.mx\/producto\/SM-ALU-6-SYSCOM-TOWERS-162922.html' target='_blank' rel='noopener'>SM-ALU-6<\/a><\/span> <span style='flex-grow: 2; text-align: left;'>M\u00e1stil de Aluminio Natural 2&#8242; de Di\u00e1metro&comma; Calibre 18. Altura: 2&comma; 3 o 6 m.<\/span> <\/div>\n<\/p><\/div>\n<\/p><\/div>\n<\/p><\/div>\n<\/p><\/div>\n<p> <!-- Descripci\u00f3n t\u00e9cnica --> <\/p>\n<div style='margin-bottom: 30px; font-size: 15px;'>\n<h3 style='font-size: 22px; border-bottom: 2px solid currentColor; padding-bottom: 5px; margin-top: 0; color: inherit; opacity: 0.8;'>Descripci\u00f3n de Punta KDA03<\/h3>\n<p>Punta captadora de rayos y conductora&comma; forma parte de un sistema de protecci\u00f3n externo contra tormentas el\u00e9ctricas (SEPTE)&comma; para reducir el riesgo de da\u00f1o que puede provocar un rayo.<\/p>\n<p>Busca reducir la incidencia de ca\u00edda hasta un 95% debido a su funcionamiento magnetoactivo.<\/p>\n<p>Se recomienda tomar en cuenta la <span style='color: #c0392b; font-weight: bold;'>Norma NMX-J-549-ANCE-2005<\/span> que sugiere que un sistema de protecci\u00f3n contra tormentas el\u00e9ctricas (SPTE) debe contar con un sistema interno de protecci\u00f3n contra tormentas el\u00e9ctricas (SIPTE) y otro externo de protecci\u00f3n contra tormentas el\u00e9ctricas (SEPTE).<\/p>\n<p>La punta <strong>KDA-03<\/strong> forma parte de la protecci\u00f3n externa&comma; mientras que la parte interna corresponde a los supresores de picos transitorios (SSTT) marca Suprector de TOTAL GROUND.<\/p>\n<\/p><\/div>\n<p> <!-- Imagen detalle --> <\/p>\n<div style='margin: 0 0 30px 0;'> <img style='width: 100%; height: auto; border: 1px solid rgba(150&comma;150&comma;150&comma;0.3); border-radius: 8px;' src='https:\/\/ftp3.syscom.mx\/usuarios\/fotos\/KDALU\/76017-kdadetalles.jpg' alt=''> <\/div>\n<p> <!-- V\u00eddeos --> <\/p>\n<div style='margin-bottom: 30px;'>\n<h3 style='font-size: 22px; border-bottom: 2px solid currentColor; padding-bottom: 5px; margin-top: 0; color: inherit; opacity: 0.8;'>Cursos y Webinars<\/h3>\n<div style='margin-top: 20px;'>\n<p style='text-align: center; margin-bottom: 20px;'><a style='color: #2880b9; text-decoration: underline; font-size: 16px;' href='https:\/\/www.youtube.com\/watch?v=Vw8lGg4-fQk' target='_blank' rel='noopener'>Curso b\u00e1sico para selecci\u00f3n e implementaci\u00f3n de sistemas de protecci\u00f3n<\/a><\/p>\n<div style='position: relative; padding-bottom: 56.25%; height: 0; overflow: hidden; margin-bottom: 30px;'>   <\/div>\n<p style='margin-bottom: 10px;'><strong style='color: #c0392b;'><span style='color: #c0392b;'>WEBINAR 1:<\/span> B\u00c1SICO DE TIERRAS F\u00cdSICAS Y PARARRAYOS (INICIA EN EL MIN.14)<\/strong><\/p>\n<div style='position: relative; padding-bottom: 56.25%; height: 0; overflow: hidden; margin-bottom: 30px;'>   <\/div>\n<p style='margin-bottom: 10px;'><strong style='color: #c0392b;'><span style='color: #c0392b;'>WEBINAR 2:<\/span> INSTALACI\u00d3N DE TIERRAS F\u00cdSICAS Y PARARRAYOS<\/strong><\/p>\n<div style='position: relative; padding-bottom: 56.25%; height: 0; overflow: hidden; margin-bottom: 30px;'>   <\/div>\n<p style='margin-bottom: 10px;'><strong style='color: #c0392b;'><span style='color: #c0392b;'>WEBINAR 3:<\/span> SISTEMAS DE PARARRAYO TOTAL GROUND<\/strong><\/p>\n<\/p><\/div>\n<\/p><\/div>\n<p> <!-- Separador final --> <\/p>\n<hr style='border: 0; border-top: 1px solid rgba(150&comma; 150&comma; 150&comma; 0.3); margin: 30px 0;'> <\/div>\n","protected":false},"excerpt":{"rendered":"<p>Kit de Pararrayo con Punta con Di\u00e1metro de Protecci\u00f3n de 200 metros.<\/p>\n","protected":false},"featured_media":48894,"comment_status":"open","ping_status":"closed","template":"","meta":[],"product_brand":[],"product_cat":[1161],"product_tag":[1088,1162,635],"class_list":{"0":"post-48895","1":"product","2":"type-product","3":"status-publish","4":"has-post-thumbnail","6":"product_cat-pararrayos","7":"product_tag-calidad-de-la-energia","8":"product_tag-pararrayos","9":"product_tag-total-ground","11":"first","12":"outofstock","13":"sale","14":"shipping-taxable","15":"purchasable","16":"product-type-simple"},"_links":{"self":[{"href":"https:\/\/soydeaqui.ddns.net\/pachuca\/index.php\/wp-json\/wp\/v2\/product\/48895","targetHints":{"allow":["GET"]}}],"collection":[{"href":"https:\/\/soydeaqui.ddns.net\/pachuca\/index.php\/wp-json\/wp\/v2\/product"}],"about":[{"href":"https:\/\/soydeaqui.ddns.net\/pachuca\/index.php\/wp-json\/wp\/v2\/types\/product"}],"replies":[{"embeddable":true,"href":"https:\/\/soydeaqui.ddns.net\/pachuca\/index.php\/wp-json\/wp\/v2\/comments?post=48895"}],"wp:featuredmedia":[{"embeddable":true,"href":"https:\/\/soydeaqui.ddns.net\/pachuca\/index.php\/wp-json\/wp\/v2\/media\/48894"}],"wp:attachment":[{"href":"https:\/\/soydeaqui.ddns.net\/pachuca\/index.php\/wp-json\/wp\/v2\/media?parent=48895"}],"wp:term":[{"taxonomy":"product_brand","embeddable":true,"href":"https:\/\/soydeaqui.ddns.net\/pachuca\/index.php\/wp-json\/wp\/v2\/product_brand?post=48895"},{"taxonomy":"product_cat","embeddable":true,"href":"https:\/\/soydeaqui.ddns.net\/pachuca\/index.php\/wp-json\/wp\/v2\/product_cat?post=48895"},{"taxonomy":"product_tag","embeddable":true,"href":"https:\/\/soydeaqui.ddns.net\/pachuca\/index.php\/wp-json\/wp\/v2\/product_tag?post=48895"}],"curies":[{"name":"wp","href":"https:\/\/api.w.org\/{rel}","templated":true}]}}