{"id":48886,"date":"2026-03-18T21:52:49","date_gmt":"2026-03-18T21:52:49","guid":{"rendered":"https:\/\/soydeaqui.ddns.net\/pachuca\/index.php\/producto\/registro-de-alto-desempeno-16-x-23-5-x-21-cms\/"},"modified":"2026-03-18T21:52:55","modified_gmt":"2026-03-18T21:52:55","slug":"registro-de-alto-desempeno-16-x-23-5-x-21-cms","status":"publish","type":"product","link":"https:\/\/soydeaqui.ddns.net\/pachuca\/index.php\/producto\/registro-de-alto-desempeno-16-x-23-5-x-21-cms\/","title":{"rendered":"Registro de Alto Desempe\u00f1o 16 x 23.5 x 21 cms."},"content":{"rendered":"<div style='width: 100%; max-width: 1200px; margin: 0 auto; font-family: sans-serif; line-height: 1.6; color: inherit; background-color: transparent;'>\n<div style='display: flex; flex-wrap: wrap; gap: 30px; margin-bottom: 30px;'>\n<div style='flex: 1 1 300px; min-width: 280px;'>\n<h3 style='font-size: 22px; border-bottom: 2px solid currentColor; padding-bottom: 5px; margin-top: 0; color: inherit; opacity: 0.8;'>Descripci\u00f3n<\/h3>\n<p style='margin: 0 0 15px 0; color: inherit;'>Dise\u00f1ados con el prop\u00f3sito de facilitar la revisi\u00f3n y acceso a las instalaciones bajo tierra. Fabricados en polietileno de alta densidad (HDPE) y estireno acr\u00edlico.<\/p>\n<p style='margin: 0 0 15px 0; color: inherit;'>Los registros y c\u00e1maras de inspecci\u00f3n de TOTAL GROUND est\u00e1n dise\u00f1ados para resistir todo tipo de condiciones ambientales. Soportan carga est\u00e1tica hasta de 1360 kg. Su construcci\u00f3n es s\u00f3lida y tienen caracter\u00edsticas especiales&comma; tales como tapas con cierre giratorio y pernos.<\/p>\n<div style='margin: 20px 0;'> <img style='width: 100%; height: auto; border: 1px solid rgba(150&comma;150&comma;150&comma;0.3); border-radius: 8px;' src='http:\/\/ftp3.syscom.mx\/usuarios\/dcarreon\/LOGOS\/logo%20TG2.png' alt='Logo TOTAL GROUND'> <\/div>\n<p style='margin: 0 0 15px 0; color: inherit;'>El dise\u00f1o \u00fanico de cajas en declive le da una abertura m\u00ednima al nivel de la superficie y m\u00e1s espacio en el subsuelo&comma; donde es m\u00e1s necesario. Se cuenta con registros de polietileno de alta densidad&comma; concreto polim\u00e9rico y fibra de vidrio. El material le proporciona las caracter\u00edsticas especiales para cumplir los requerimientos de cada instalaci\u00f3n.<\/p>\n<\/p><\/div>\n<\/p><\/div>\n<div style='display: flex; flex-wrap: wrap; gap: 20px; margin-bottom: 30px;'>\n<div style='flex: 1 1 250px; border: 1px solid rgba(150&comma; 150&comma; 150&comma; 0.4); border-radius: 8px; overflow: hidden; display: flex; flex-direction: column;'>\n<div style='padding: 15px; border-bottom: 1px solid rgba(150&comma; 150&comma; 150&comma; 0.2); font-weight: bold; font-size: 18px; color: inherit;'>Aplicaciones<\/div>\n<div style='padding: 15px; color: inherit;'>\n<ul style='padding-left: 20px; margin: 0; font-size: 14px; list-style-type: disc;'>\n<li style='margin-bottom: 5px;'>Instalaciones bajo jardines<\/li>\n<li style='margin-bottom: 5px;'>Telefon\u00eda<\/li>\n<li style='margin-bottom: 5px;'>Energ\u00eda<\/li>\n<li style='margin-bottom: 5px;'>Televisi\u00f3n por cable<\/li>\n<li style='margin-bottom: 5px;'>Agua e irrigaci\u00f3n en zonas residenciales o comerciales<\/li>\n<li style='margin-bottom: 5px;'>Parques&comma; etc.<\/li>\n<\/ul><\/div>\n<\/p><\/div>\n<div style='flex: 1 1 250px; border: 1px solid rgba(150&comma; 150&comma; 150&comma; 0.4); border-radius: 8px; overflow: hidden; display: flex; flex-direction: column;'>\n<div style='padding: 15px; border-bottom: 1px solid rgba(150&comma; 150&comma; 150&comma; 0.2); font-weight: bold; font-size: 18px; color: inherit;'>Caracter\u00edsticas<\/div>\n<div style='padding: 15px; color: inherit;'>\n<ul style='padding-left: 20px; margin: 0; font-size: 14px; list-style-type: disc;'>\n<li style='margin-bottom: 5px;'>Carga Est\u00e1tica 1360 kg<\/li>\n<li style='margin-bottom: 5px;'>El Polietileno de alta densidad est\u00e1 protegido contra rayos UV para durabilidad bajo temperaturas extremas<\/li>\n<li style='margin-bottom: 5px;'>Reborde inferior que previene la inclinaci\u00f3n del registro<\/li>\n<li style='margin-bottom: 5px;'>Viene totalmente armado con su tapa<\/li>\n<\/ul><\/div>\n<\/p><\/div>\n<div style='flex: 1 1 250px; border: 1px solid rgba(150&comma; 150&comma; 150&comma; 0.4); border-radius: 8px; overflow: hidden; display: flex; flex-direction: column;'>\n<div style='padding: 15px; border-bottom: 1px solid rgba(150&comma; 150&comma; 150&comma; 0.2); font-weight: bold; font-size: 18px; color: inherit;'>Dimensiones<\/div>\n<div style='padding: 15px; color: inherit;'>\n<ul style='padding-left: 20px; margin: 0; font-size: 14px; list-style-type: disc;'>\n<li style='margin-bottom: 5px;'>Tapa: 160 mm<\/li>\n<li style='margin-bottom: 5px;'>Profundidad: 235 mm<\/li>\n<li style='margin-bottom: 5px;'>Base: 210 mm<\/li>\n<\/ul><\/div>\n<\/p><\/div>\n<\/p><\/div>\n<div style='margin: 30px 0; text-align: center;'> <img style='width: 100%; height: auto; max-width: 500px; border: 1px solid rgba(150&comma;150&comma;150&comma;0.3); border-radius: 8px;' src='http:\/\/ftp3.syscom.mx\/usuarios\/dcarreon\/TOTAL%20GROUND\/PRODUCTOS\/S1010\/PRODUCTO%20CON%20NOMBRE.png' alt='Registro de Alto Desempe\u00f1o'> <\/div>\n<\/p><\/div>\n","protected":false},"excerpt":{"rendered":"<p>Registro de Alto Desempe\u00f1o 16 x 23.5 x 21 cms.<\/p>\n","protected":false},"featured_media":48885,"comment_status":"open","ping_status":"closed","template":"","meta":[],"product_brand":[],"product_cat":[1090],"product_tag":[1091,1088,635],"class_list":{"0":"post-48886","1":"product","2":"type-product","3":"status-publish","4":"has-post-thumbnail","6":"product_cat-accesorios-para-tierra-fisica","7":"product_tag-accesorios-para-tierra-fisica","8":"product_tag-calidad-de-la-energia","9":"product_tag-total-ground","11":"first","12":"instock","13":"sale","14":"shipping-taxable","15":"purchasable","16":"product-type-simple"},"_links":{"self":[{"href":"https:\/\/soydeaqui.ddns.net\/pachuca\/index.php\/wp-json\/wp\/v2\/product\/48886","targetHints":{"allow":["GET"]}}],"collection":[{"href":"https:\/\/soydeaqui.ddns.net\/pachuca\/index.php\/wp-json\/wp\/v2\/product"}],"about":[{"href":"https:\/\/soydeaqui.ddns.net\/pachuca\/index.php\/wp-json\/wp\/v2\/types\/product"}],"replies":[{"embeddable":true,"href":"https:\/\/soydeaqui.ddns.net\/pachuca\/index.php\/wp-json\/wp\/v2\/comments?post=48886"}],"wp:featuredmedia":[{"embeddable":true,"href":"https:\/\/soydeaqui.ddns.net\/pachuca\/index.php\/wp-json\/wp\/v2\/media\/48885"}],"wp:attachment":[{"href":"https:\/\/soydeaqui.ddns.net\/pachuca\/index.php\/wp-json\/wp\/v2\/media?parent=48886"}],"wp:term":[{"taxonomy":"product_brand","embeddable":true,"href":"https:\/\/soydeaqui.ddns.net\/pachuca\/index.php\/wp-json\/wp\/v2\/product_brand?post=48886"},{"taxonomy":"product_cat","embeddable":true,"href":"https:\/\/soydeaqui.ddns.net\/pachuca\/index.php\/wp-json\/wp\/v2\/product_cat?post=48886"},{"taxonomy":"product_tag","embeddable":true,"href":"https:\/\/soydeaqui.ddns.net\/pachuca\/index.php\/wp-json\/wp\/v2\/product_tag?post=48886"}],"curies":[{"name":"wp","href":"https:\/\/api.w.org\/{rel}","templated":true}]}}