{"id":48881,"date":"2026-03-18T21:52:42","date_gmt":"2026-03-18T21:52:42","guid":{"rendered":"https:\/\/soydeaqui.ddns.net\/pachuca\/index.php\/producto\/kit-de-puesta-a-tierra-de-100-amperes-con-electrodo-filtro-acoplador-y-compuesto-h2ohm\/"},"modified":"2026-03-18T21:52:47","modified_gmt":"2026-03-18T21:52:47","slug":"kit-de-puesta-a-tierra-de-100-amperes-con-electrodo-filtro-acoplador-y-compuesto-h2ohm","status":"publish","type":"product","link":"https:\/\/soydeaqui.ddns.net\/pachuca\/index.php\/producto\/kit-de-puesta-a-tierra-de-100-amperes-con-electrodo-filtro-acoplador-y-compuesto-h2ohm\/","title":{"rendered":"Kit de puesta a tierra de 100 Amperes con Electrodo, Filtro, Acoplador y Compuesto H2Ohm."},"content":{"rendered":"<div style='width: 100%; max-width: 1200px; margin: 0 auto; font-family: sans-serif; line-height: 1.6; color: inherit; background-color: transparent;'>\n<div style='display: flex; flex-direction: column; align-items: center; margin-bottom: 30px;'> <img style='width: 100%; max-width: 540px; height: auto; border: 1px solid rgba(150&comma;150&comma;150&comma;0.3); border-radius: 8px;' src='https:\/\/ftp3.syscom.mx\/usuarios\/fotos\/TG45AB\/75917-logo_total_ground.png' alt='Logo Total Ground'> <\/div>\n<div style='margin-bottom: 30px; font-size: 15px;'>\n<p>Los electrodos de puesta a tierra marca <strong>TOTAL GROUND<\/strong> deben ser instalados en conjunto con nuestro compuesto mejorador de tierra para asegurar una resistencia menor a 2 Ohm (en la mayor\u00eda de los casos) y una instalaci\u00f3n <strong>libre de mantenimiento correctivo hasta por 20 a\u00f1os.<\/strong><\/p>\n<p>Los electrodos magnetoactivos incluyen una br\u00fajula y nivel para asegurar una integraci\u00f3n profesional.<\/p>\n<\/p><\/div>\n<div style='display: grid; grid-template-columns: repeat(auto-fit&comma; minmax(280px&comma; 1fr)); gap: 30px; margin-bottom: 30px;'>\n<div style='border: 1px solid rgba(150&comma;150&comma;150&comma;0.4); border-radius: 8px; padding: 20px; background-color: rgba(228&comma; 35&comma; 39&comma; 0.05);'>\n<h3 style='font-size: 18px; border-bottom: 2px solid currentColor; padding-bottom: 5px; margin-top: 0; margin-bottom: 15px; color: inherit; opacity: 0.8;'>Descripci\u00f3n<\/h3>\n<ul style='padding-left: 20px; margin: 0; font-size: 14px; color: inherit;'>\n<li style='margin-bottom: 10px;'><strong>Electrodo:<\/strong> El Electrodo de puesta a tierra marca TOTAL GROUND modelo TG-100K. Elaborado de cobre electrol\u00edtico altamente conductivo&comma; tratado especialmente para retardar los efectos de la corrosi\u00f3n.<\/li>\n<li style='margin-bottom: 10px;'><strong>Acoplador de impedancias:<\/strong> Modelo TGC1 con capacidad de 1500A&comma; en gabinete NEMA 4 de 20 x 30 x 12 cm.<\/li>\n<li style='margin-bottom: 10px;'><strong>Comuesto H2OHM:<\/strong> Fabricado en base org\u00e1nica&comma; elaborado con material higrosc\u00f3pico coagulante de humedad que cuenta con certificado de pruebas de LAPEM y certificado de laboratorio acreditado ante EMA&comma; con valores dentro de la norma CRETIB de no toxicidad ni da\u00f1o al medio ambiente.<\/li>\n<\/ul><\/div>\n<div style='border: 1px solid rgba(150&comma;150&comma;150&comma;0.4); border-radius: 8px; padding: 20px; background-color: rgba(228&comma; 35&comma; 39&comma; 0.05);'>\n<h3 style='font-size: 18px; border-bottom: 2px solid currentColor; padding-bottom: 5px; margin-top: 0; margin-bottom: 15px; color: inherit; opacity: 0.8;'>Aplicaciones<\/h3>\n<ul style='padding-left: 20px; margin: 0; font-size: 14px; color: inherit;'>\n<li style='margin-bottom: 8px;'>SITES de c\u00f3mputo. <span style='color: #e74c3c;'>Consultar Gu\u00eda de Selecci\u00f3n<\/span><\/li>\n<li style='margin-bottom: 8px;'>Transformadores. <span style='color: #e74c3c;'>Consultar Gu\u00eda de Selecci\u00f3n<\/span><\/li>\n<li style='margin-bottom: 8px;'>Racks de telecomunicaciones.<\/li>\n<li style='margin-bottom: 8px;'>Sistemas satelitales.<\/li>\n<li style='margin-bottom: 8px;'>Sistemas de radio frecuencia.<\/li>\n<li style='margin-bottom: 8px;'>Sistemas de control industrial.<\/li>\n<li style='margin-bottom: 8px;'>Sistemas Fotovoltaicos<\/li>\n<\/ul><\/div>\n<div style='border: 1px solid rgba(150&comma;150&comma;150&comma;0.4); border-radius: 8px; padding: 20px; background-color: rgba(228&comma; 35&comma; 39&comma; 0.05);'>\n<h3 style='font-size: 18px; border-bottom: 2px solid currentColor; padding-bottom: 5px; margin-top: 0; margin-bottom: 15px; color: inherit; opacity: 0.8;'>Caracter\u00edsticas<\/h3>\n<ul style='padding-left: 20px; margin: 0; font-size: 14px; color: inherit;'>\n<li style='margin-bottom: 8px;'>Electrodo de puesta a tierra modelo TG100K. Capacidad de 100 A.<\/li>\n<li style='margin-bottom: 8px;'>Fabricado de cobre electrol\u00edtico altamente conductivo.<\/li>\n<li style='margin-bottom: 8px;'>Dise\u00f1ado en forma delta tubular.<\/li>\n<li style='margin-bottom: 8px;'>No requieren de mantenimiento preventivo.<\/li>\n<li style='margin-bottom: 8px;'>Incluye dispositivo de filtraci\u00f3n de baja frecuencia LCR montado en la misma estructura con un borne de conexi\u00f3n de 1\/2 pulgada.<\/li>\n<li style='margin-bottom: 8px;'>Cuenta con acoplador de impedancias en la misma bobina.<\/li>\n<li style='margin-bottom: 8px;'>Proveen la soluci\u00f3n completa para telecomunicaciones de acuerdo con los est\u00e1ndares EIA\/ TIA J-STD-607-A y BICSI.<\/li>\n<li style='margin-bottom: 8px;'>Para instalaciones residenciales o de baja actividad el\u00e9ctrica.<\/li>\n<\/ul><\/div>\n<\/p><\/div>\n<div style='display: flex; flex-direction: column; align-items: center; margin: 40px 0;'> <img style='width: 100%; max-width: 429px; height: auto; border: 1px solid rgba(150&comma;150&comma;150&comma;0.3); border-radius: 8px;' src='https:\/\/ftp3.syscom.mx\/usuarios\/fotos\/TG100AB\/75938-tggti.jpg' alt='Kit de puesta a tierra'> <\/div>\n<div style='display: grid; grid-template-columns: repeat(auto-fit&comma; minmax(280px&comma; 1fr)); gap: 30px; margin-bottom: 30px;'>\n<div style='border: 1px solid rgba(150&comma;150&comma;150&comma;0.4); border-radius: 8px; padding: 20px;'>\n<h3 style='font-size: 18px; border-bottom: 2px solid currentColor; padding-bottom: 5px; margin-top: 0; margin-bottom: 20px; color: inherit; opacity: 0.8;'>Incluye los siguientes componentes:<\/h3>\n<table style='width: 100%; border-collapse: collapse; font-size: 14px;'>\n<thead>\n<tr style='background-color: rgba(228&comma; 35&comma; 39&comma; 0.1);'>\n<th style='padding: 10px; border: 1px solid rgba(150&comma;150&comma;150&comma;0.3); text-align: center;'>Cantidad<\/th>\n<th style='padding: 10px; border: 1px solid rgba(150&comma;150&comma;150&comma;0.3); text-align: center;'>Modelo<\/th>\n<th style='padding: 10px; border: 1px solid rgba(150&comma;150&comma;150&comma;0.3); text-align: left;'>Descripci\u00f3n<\/th>\n<\/tr>\n<\/thead>\n<tbody>\n<tr>\n<td style='padding: 10px; border: 1px solid rgba(150&comma;150&comma;150&comma;0.3); text-align: center;'>1<\/td>\n<td style='padding: 10px; border: 1px solid rgba(150&comma;150&comma;150&comma;0.3); text-align: center;'><a href='https:\/\/www.syscom.mx\/producto\/H2O-HM-TOTAL-GROUND-75920.html' target='_blank' rel='noopener' style='color: #2880b9; text-decoration: none;'>TG100K<\/a><\/td>\n<td style='padding: 10px; border: 1px solid rgba(150&comma;150&comma;150&comma;0.3);'>Electrodo 100 Amp.<\/td>\n<\/tr>\n<tr>\n<td style='padding: 10px; border: 1px solid rgba(150&comma;150&comma;150&comma;0.3); text-align: center;'>1<\/td>\n<td style='padding: 10px; border: 1px solid rgba(150&comma;150&comma;150&comma;0.3); text-align: center;'><a href='https:\/\/www.syscom.mx\/producto\/H2O-HM-TOTAL-GROUND-75920.html' target='_blank' rel='noopener' style='color: #2880b9; text-decoration: none;'>H20HM<\/a><\/td>\n<td style='padding: 10px; border: 1px solid rgba(150&comma;150&comma;150&comma;0.3);'>Saco de 11 Kg de mejorador de suelo.<\/td>\n<\/tr>\n<tr>\n<td style='padding: 10px; border: 1px solid rgba(150&comma;150&comma;150&comma;0.3); text-align: center;'>1<\/td>\n<td style='padding: 10px; border: 1px solid rgba(150&comma;150&comma;150&comma;0.3); text-align: center;'>&#8212;<\/td>\n<td style='padding: 10px; border: 1px solid rgba(150&comma;150&comma;150&comma;0.3);'>Br\u00fajula y nivel.<\/td>\n<\/tr>\n<tr>\n<td style='padding: 10px; border: 1px solid rgba(150&comma;150&comma;150&comma;0.3); text-align: center;'>1<\/td>\n<td style='padding: 10px; border: 1px solid rgba(150&comma;150&comma;150&comma;0.3); text-align: center;'><a href='https:\/\/www.syscom.mx\/producto\/H2O-HM-TOTAL-GROUND-75920.html' target='_blank' rel='noopener' style='color: #2880b9; text-decoration: none;'>TGC01<\/a><\/td>\n<td style='padding: 10px; border: 1px solid rgba(150&comma;150&comma;150&comma;0.3);'>Acoplador.<\/td>\n<\/tr>\n<\/tbody>\n<\/table><\/div>\n<div style='border: 1px solid rgba(150&comma;150&comma;150&comma;0.4); border-radius: 8px; padding: 20px;'>\n<h3 style='font-size: 18px; border-bottom: 2px solid currentColor; padding-bottom: 5px; margin-top: 0; margin-bottom: 20px; color: inherit; opacity: 0.8;'>Accesorios complementarios (No incluidos):<\/h3>\n<table style='width: 100%; border-collapse: collapse; font-size: 14px;'>\n<thead>\n<tr style='background-color: rgba(228&comma; 35&comma; 39&comma; 0.1);'>\n<th style='padding: 10px; border: 1px solid rgba(150&comma;150&comma;150&comma;0.3); text-align: center;'>Cantidad<\/th>\n<th style='padding: 10px; border: 1px solid rgba(150&comma;150&comma;150&comma;0.3); text-align: center;'>Modelo<\/th>\n<th style='padding: 10px; border: 1px solid rgba(150&comma;150&comma;150&comma;0.3); text-align: left;'>Descripci\u00f3n<\/th>\n<\/tr>\n<\/thead>\n<tbody>\n<tr>\n<td style='padding: 10px; border: 1px solid rgba(150&comma;150&comma;150&comma;0.3); text-align: center;'>1<\/td>\n<td style='padding: 10px; border: 1px solid rgba(150&comma;150&comma;150&comma;0.3); text-align: center;'><a href='https:\/\/www.syscom.mx\/producto\/ANTIOX-TOTAL-GROUND-75931.html' target='_blank' rel='noopener' style='color: #2880b9; text-decoration: none;'>ANTIOX<\/a><\/td>\n<td style='padding: 10px; border: 1px solid rgba(150&comma;150&comma;150&comma;0.3);'>Spray protector para conectores.<\/td>\n<\/tr>\n<tr>\n<td style='padding: 10px; border: 1px solid rgba(150&comma;150&comma;150&comma;0.3); text-align: center;'>5<\/td>\n<td style='padding: 10px; border: 1px solid rgba(150&comma;150&comma;150&comma;0.3); text-align: center;'><a href='https:\/\/www.syscom.mx\/producto\/TG-CR11-TOTAL-GROUND-76026.html' target='_blank' rel='noopener' style='color: #2880b9; text-decoration: none;'>TGCR11<\/a><\/td>\n<td style='padding: 10px; border: 1px solid rgba(150&comma;150&comma;150&comma;0.3);'>Conector de Bronce.<\/td>\n<\/tr>\n<tr>\n<td style='padding: 10px; border: 1px solid rgba(150&comma;150&comma;150&comma;0.3); text-align: center;'>2<\/td>\n<td style='padding: 10px; border: 1px solid rgba(150&comma;150&comma;150&comma;0.3); text-align: center;'><a href='https:\/\/www.syscom.mx\/producto\/TG-AB18-TOTAL-GROUND-76028.html' target='_blank' rel='noopener' style='color: #2880b9; text-decoration: none;'>TGAB18<\/a><\/td>\n<td style='padding: 10px; border: 1px solid rgba(150&comma;150&comma;150&comma;0.3);'>Conector de Varilla.<\/td>\n<\/tr>\n<tr>\n<td style='padding: 10px; border: 1px solid rgba(150&comma;150&comma;150&comma;0.3); text-align: center;'>1<\/td>\n<td style='padding: 10px; border: 1px solid rgba(150&comma;150&comma;150&comma;0.3); text-align: center;'><a href='https:\/\/www.syscom.mx\/producto\/S-610-TOTAL-GROUND-75929.html' target='_blank' rel='noopener' style='color: #2880b9; text-decoration: none;'>S610<\/a><\/td>\n<td style='padding: 10px; border: 1px solid rgba(150&comma;150&comma;150&comma;0.3);'>Registro para electrodo.<\/td>\n<\/tr>\n<tr>\n<td style='padding: 10px; border: 1px solid rgba(150&comma;150&comma;150&comma;0.3); text-align: center;'>1<\/td>\n<td style='padding: 10px; border: 1px solid rgba(150&comma;150&comma;150&comma;0.3); text-align: center;'><a href='https:\/\/www.syscom.mx\/producto\/SLY-286-BLK-INDIANA-176934.html' target='_blank' rel='noopener' style='color: #2880b9; text-decoration: none;'>SLY286BLK<\/a><\/td>\n<td style='padding: 10px; border: 1px solid rgba(150&comma;150&comma;150&comma;0.3);'>Cable de cobre recubierto THW-SL Calibre 2 AWG.<\/td>\n<\/tr>\n<tr>\n<td style='padding: 10px; border: 1px solid rgba(150&comma;150&comma;150&comma;0.3); text-align: center;'>1<\/td>\n<td style='padding: 10px; border: 1px solid rgba(150&comma;150&comma;150&comma;0.3); text-align: center;'><a href='https:\/\/www.syscom.mx\/producto\/TG-BUS-G10-TOTAL-GROUND-75914.html' target='_blank' rel='noopener' style='color: #2880b9; text-decoration: none;'>TGBUSG10<\/a><\/td>\n<td style='padding: 10px; border: 1px solid rgba(150&comma;150&comma;150&comma;0.3);'>Barra de uni\u00f3n de 7-7\/8&#8242; x 2&#8242; x 1\/4&#8242; con aisladores de 1000A de capacidad.<\/td>\n<\/tr>\n<tr>\n<td style='padding: 10px; border: 1px solid rgba(150&comma;150&comma;150&comma;0.3); text-align: center;'>1<\/td>\n<td style='padding: 10px; border: 1px solid rgba(150&comma;150&comma;150&comma;0.3); text-align: center;'><a href='https:\/\/www.syscom.mx\/producto\/TG-BUE-10-TOTAL-GROUND-75913.html' target='_blank' rel='noopener' style='color: #2880b9; text-decoration: none;'>TGBUE10<\/a><\/td>\n<td style='padding: 10px; border: 1px solid rgba(150&comma;150&comma;150&comma;0.3);'>Barra de uni\u00f3n y distribuci\u00f3n de hilos.<\/td>\n<\/tr>\n<\/tbody>\n<\/table><\/div>\n<\/p><\/div>\n<div style='border: 1px solid rgba(150&comma;150&comma;150&comma;0.4); border-radius: 8px; padding: 20px; margin-bottom: 30px;'>\n<h3 style='font-size: 18px; border-left: 5px solid #E42327; padding-left: 10px; margin-top: 0; margin-bottom: 15px; color: #c0392b;'>Preguntas Frecuentes<\/h3>\n<div style='margin-bottom: 20px;'>\n<p style='margin: 0 0 10px 0; font-weight: bold;'>\u00bfEste kit de tierra f\u00edsica me garantiza 5 ohms de resistencia?<\/p>\n<p style='margin: 0;'>La resistencia del sistema depende directamente de las caracter\u00edsticas del Terreno (tipo de suelo&comma; humedad&comma; sales&comma; densidad&comma; compactaci\u00f3n&comma; etc) y del mejoramiento que se realice (Aplicaci\u00f3n de mejoradores qu\u00edmicos&comma; relleno con tierra negra&comma; aumento de la profundidad o cantidad de electrodos). Un dimensionamiento adecuado puede ayudar a reducir los niveles de resistencia&comma; incluso logrando valores muy cercanos a cero.<\/p>\n<\/p><\/div>\n<div>\n<p style='margin: 0 0 10px 0; font-weight: bold;'>\u00bfEs necesario colocar las masas Auxiliares?<\/p>\n<p style='margin: 0;'>Es recomendable integrar el acoplamiento de masas auxiliares mediante el acoplador de impedancias. Aunque no es un componente obligatorio&comma; Total Ground lo sugiere porque&comma; al sumar resistencias en paralelo&comma; reduce significativamente la resistencia total y mejora el rendimiento del sistema. Adem\u00e1s&comma; su instalaci\u00f3n es requisito para validar la garant\u00eda de 20 a\u00f1os en los sistemas de puesta a tierra Total Ground.<\/p>\n<\/p><\/div>\n<\/p><\/div>\n<div style='display: flex; flex-direction: column; align-items: center; margin: 40px 0;'>\n<p style='font-size: 24px; color: #c0392b; text-align: center; margin: 0 0 30px 0; font-weight: bold;'>Curso B\u00e1sico para Selecci\u00f3n e Implementaci\u00f3n de Sistemas de Protecci\u00f3n<\/p>\n<div style='display: grid; grid-template-columns: repeat(auto-fit&comma; minmax(300px&comma; 1fr)); gap: 30px; width: 100%; margin-bottom: 40px;'>\n<div style='position: relative; padding-bottom: 56.25%; height: 0; overflow: hidden; border: 1px solid rgba(150&comma;150&comma;150&comma;0.3); border-radius: 8px;'>   <\/div>\n<div style='position: relative; padding-bottom: 56.25%; height: 0; overflow: hidden; border: 1px solid rgba(150&comma;150&comma;150&comma;0.3); border-radius: 8px;'>   <\/div>\n<\/p><\/div>\n<p style='font-size: 24px; color: #c0392b; text-align: center; margin: 0 0 30px 0; font-weight: bold;'>Webinars de Sistemas de Puesta a Tierra y Pararrayos<\/p>\n<div style='display: grid; grid-template-columns: repeat(auto-fit&comma; minmax(300px&comma; 1fr)); gap: 30px; width: 100%;'>\n<div style='display: flex; flex-direction: column; align-items: center;'>\n<div style='position: relative; padding-bottom: 56.25%; height: 0; overflow: hidden; border: 1px solid rgba(150&comma;150&comma;150&comma;0.3); border-radius: 8px; margin-bottom: 15px;'>   <\/div>\n<p> <strong style='color: #333333; font-size: 14px;'>WEBINAR2: INSTALACI\u00d3N DE TIERRAS F\u00cdSICAS Y PARARRAYOS.<\/strong> <\/div>\n<div style='display: flex; flex-direction: column; align-items: center;'>\n<div style='position: relative; padding-bottom: 56.25%; height: 0; overflow: hidden; border: 1px solid rgba(150&comma;150&comma;150&comma;0.3); border-radius: 8px; margin-bottom: 15px;'>   <\/div>\n<p> <strong style='color: #333333; font-size: 14px;'>WEBINAR2: INSTALACI\u00d3N DE TIERRAS F\u00cdSICAS Y PARARRAYOS.<\/strong> <\/div>\n<div style='display: flex; flex-direction: column; align-items: center;'>\n<div style='position: relative; padding-bottom: 56.25%; height: 0; overflow: hidden; border: 1px solid rgba(150&comma;150&comma;150&comma;0.3); border-radius: 8px; margin-bottom: 15px;'>   <\/div>\n<p> <strong style='color: #333333; font-size: 14px;'>WEBINAR3: SISTEMAS DE PARARRAYO TOTAL GROUND.<\/strong> <\/div>\n<\/p><\/div>\n<\/p><\/div>\n<\/p><\/div>\n","protected":false},"excerpt":{"rendered":"<p>Kit de puesta a tierra de 100 Amperes con Electrodo, Filtro, Acoplador y Compuesto H2Ohm.<\/p>\n","protected":false},"featured_media":48880,"comment_status":"open","ping_status":"closed","template":"","meta":[],"product_brand":[],"product_cat":[1131],"product_tag":[1088,1132,635],"class_list":{"0":"post-48881","1":"product","2":"type-product","3":"status-publish","4":"has-post-thumbnail","6":"product_cat-tierras-fisicas","7":"product_tag-calidad-de-la-energia","8":"product_tag-tierras-fisicas","9":"product_tag-total-ground","11":"first","12":"instock","13":"sale","14":"shipping-taxable","15":"purchasable","16":"product-type-simple"},"_links":{"self":[{"href":"https:\/\/soydeaqui.ddns.net\/pachuca\/index.php\/wp-json\/wp\/v2\/product\/48881","targetHints":{"allow":["GET"]}}],"collection":[{"href":"https:\/\/soydeaqui.ddns.net\/pachuca\/index.php\/wp-json\/wp\/v2\/product"}],"about":[{"href":"https:\/\/soydeaqui.ddns.net\/pachuca\/index.php\/wp-json\/wp\/v2\/types\/product"}],"replies":[{"embeddable":true,"href":"https:\/\/soydeaqui.ddns.net\/pachuca\/index.php\/wp-json\/wp\/v2\/comments?post=48881"}],"wp:featuredmedia":[{"embeddable":true,"href":"https:\/\/soydeaqui.ddns.net\/pachuca\/index.php\/wp-json\/wp\/v2\/media\/48880"}],"wp:attachment":[{"href":"https:\/\/soydeaqui.ddns.net\/pachuca\/index.php\/wp-json\/wp\/v2\/media?parent=48881"}],"wp:term":[{"taxonomy":"product_brand","embeddable":true,"href":"https:\/\/soydeaqui.ddns.net\/pachuca\/index.php\/wp-json\/wp\/v2\/product_brand?post=48881"},{"taxonomy":"product_cat","embeddable":true,"href":"https:\/\/soydeaqui.ddns.net\/pachuca\/index.php\/wp-json\/wp\/v2\/product_cat?post=48881"},{"taxonomy":"product_tag","embeddable":true,"href":"https:\/\/soydeaqui.ddns.net\/pachuca\/index.php\/wp-json\/wp\/v2\/product_tag?post=48881"}],"curies":[{"name":"wp","href":"https:\/\/api.w.org\/{rel}","templated":true}]}}