{"id":48877,"date":"2026-03-18T21:52:36","date_gmt":"2026-03-18T21:52:36","guid":{"rendered":"https:\/\/soydeaqui.ddns.net\/pachuca\/index.php\/producto\/aerosol-protector-antioxidante-para-uniones-electricas\/"},"modified":"2026-03-18T21:52:40","modified_gmt":"2026-03-18T21:52:40","slug":"aerosol-protector-antioxidante-para-uniones-electricas","status":"publish","type":"product","link":"https:\/\/soydeaqui.ddns.net\/pachuca\/index.php\/producto\/aerosol-protector-antioxidante-para-uniones-electricas\/","title":{"rendered":"Aerosol Protector Antioxidante para Uniones El\u00e9ctricas."},"content":{"rendered":"<div style='width: 100%; max-width: 1200px; margin: 0 auto; font-family: sans-serif; line-height: 1.6; color: inherit; background-color: transparent;'>\n<div style='display: flex; flex-wrap: wrap; gap: 30px; margin-bottom: 30px;'>\n<div style='flex: 1 1 300px; min-width: 280px;'>\n<p style='font-size: 15px; color: inherit; margin-top: 0; margin-bottom: 15px;'> Spray protector con propiedades diel\u00e9ctricas. Fabricado especialmente para proteger del \u00f3xido; alargando la vida \u00fatil de los conectores&comma; terminales y cualquier parte met\u00e1lica. <\/p>\n<ul style='padding-left: 20px; font-size: 15px; color: inherit; margin-bottom: 15px;'>\n<li style='margin-bottom: 5px;'>Sella y a\u00edsla contra la humedad&comma; ambientes salinos&comma; qu\u00edmicos&comma; polvo y suciedad.<\/li>\n<li style='margin-bottom: 5px;'>Excelente impermeable al agua.<\/li>\n<li style='margin-bottom: 5px;'>Evita el ataque de la oxidaci\u00f3n.<\/li>\n<li style='margin-bottom: 5px;'>No se fractura&comma; aun en bajas temperaturas.<\/li>\n<li style='margin-bottom: 5px;'>Ideal para ser aplicado en sistemas de puesta a tierra&comma; terminales&comma; conductores el\u00e9ctricos y en general en instalaciones que est\u00e9n expuestas al medio ambiente.<\/li>\n<\/ul>\n<p style='font-size: 15px; color: inherit; margin-top: 0; margin-bottom: 15px;'> Una vez seco&comma; ANTIOX ofrece una resistencia diel\u00e9ctrica de 37&comma;000 volts en una capa de 3 mm. Si aumenta el grosor de la capa&comma; aumentan las propiedades diel\u00e9ctricas. <\/p>\n<\/p><\/div>\n<\/p><\/div>\n<p> <!-- Imagen --> <\/p>\n<div style='display: flex; justify-content: center; margin: 30px 0;'> <img style='width: 100%; max-width: 300px; height: auto; border: 1px solid rgba(150&comma;150&comma;150&comma;0.3); border-radius: 8px;' src='http:\/\/ftp3.syscom.mx\/usuarios\/dcarreon\/LOGOS\/logo%20TG2.png' alt='Logo TOTAL GROUND'> <\/div>\n<p> <!-- Video --> <\/p>\n<div style='position: relative; padding-bottom: 56.25%; height: 0; overflow: hidden; margin-bottom: 30px;'>   <\/div>\n<\/p><\/div>\n","protected":false},"excerpt":{"rendered":"<p>Aerosol Protector Antioxidante para Uniones El\u00e9ctricas.<\/p>\n","protected":false},"featured_media":48876,"comment_status":"open","ping_status":"closed","template":"","meta":[],"product_brand":[],"product_cat":[1090],"product_tag":[1091,1088,635],"class_list":{"0":"post-48877","1":"product","2":"type-product","3":"status-publish","4":"has-post-thumbnail","6":"product_cat-accesorios-para-tierra-fisica","7":"product_tag-accesorios-para-tierra-fisica","8":"product_tag-calidad-de-la-energia","9":"product_tag-total-ground","11":"first","12":"instock","13":"sale","14":"shipping-taxable","15":"purchasable","16":"product-type-simple"},"_links":{"self":[{"href":"https:\/\/soydeaqui.ddns.net\/pachuca\/index.php\/wp-json\/wp\/v2\/product\/48877","targetHints":{"allow":["GET"]}}],"collection":[{"href":"https:\/\/soydeaqui.ddns.net\/pachuca\/index.php\/wp-json\/wp\/v2\/product"}],"about":[{"href":"https:\/\/soydeaqui.ddns.net\/pachuca\/index.php\/wp-json\/wp\/v2\/types\/product"}],"replies":[{"embeddable":true,"href":"https:\/\/soydeaqui.ddns.net\/pachuca\/index.php\/wp-json\/wp\/v2\/comments?post=48877"}],"wp:featuredmedia":[{"embeddable":true,"href":"https:\/\/soydeaqui.ddns.net\/pachuca\/index.php\/wp-json\/wp\/v2\/media\/48876"}],"wp:attachment":[{"href":"https:\/\/soydeaqui.ddns.net\/pachuca\/index.php\/wp-json\/wp\/v2\/media?parent=48877"}],"wp:term":[{"taxonomy":"product_brand","embeddable":true,"href":"https:\/\/soydeaqui.ddns.net\/pachuca\/index.php\/wp-json\/wp\/v2\/product_brand?post=48877"},{"taxonomy":"product_cat","embeddable":true,"href":"https:\/\/soydeaqui.ddns.net\/pachuca\/index.php\/wp-json\/wp\/v2\/product_cat?post=48877"},{"taxonomy":"product_tag","embeddable":true,"href":"https:\/\/soydeaqui.ddns.net\/pachuca\/index.php\/wp-json\/wp\/v2\/product_tag?post=48877"}],"curies":[{"name":"wp","href":"https:\/\/api.w.org\/{rel}","templated":true}]}}