{"id":48792,"date":"2026-03-18T21:50:06","date_gmt":"2026-03-18T21:50:06","guid":{"rendered":"https:\/\/soydeaqui.ddns.net\/pachuca\/index.php\/producto\/barra-de-union-con-aisladores-de-1999-a-de-capacidad-sin-gabinete\/"},"modified":"2026-03-18T21:50:07","modified_gmt":"2026-03-18T21:50:07","slug":"barra-de-union-con-aisladores-de-1999-a-de-capacidad-sin-gabinete","status":"publish","type":"product","link":"https:\/\/soydeaqui.ddns.net\/pachuca\/index.php\/producto\/barra-de-union-con-aisladores-de-1999-a-de-capacidad-sin-gabinete\/","title":{"rendered":"Barra de Uni\u00f3n con Aisladores de 1999 A de Capacidad (Sin Gabinete)"},"content":{"rendered":"<div style='width: 100%; max-width: 1200px; margin: 0 auto; font-family: sans-serif; line-height: 1.6; color: inherit; background-color: transparent;'>\n<div style='display: flex; flex-wrap: wrap; gap: 30px; margin-bottom: 30px;'>\n<div style='flex: 1 1 300px; min-width: 280px;'>\n<h3 style='font-size: 22px; border-bottom: 2px solid currentColor; padding-bottom: 5px; margin-top: 0; color: inherit; opacity: 0.8;'>Descripci\u00f3n<\/h3>\n<p style='margin: 0 0 10px; color: inherit; font-size: 15px;'>Las barras de uni\u00f3n son el m\u00e9todo de empalme permitido&comma; cuando es imposible mantener un s\u00f3lo tramo continuo de conductor. Tambi\u00e9n es utilizado para la distribuci\u00f3n de las diferentes redes de tierra f\u00edsica en un edificio. Su funci\u00f3n es distribuir los hilos de tierra tanto de manera directa a los equipos a proteger o bien mediante la utilizaci\u00f3n de acopladores secundarios. Asegura la continuidad el\u00e9ctrica y la capacidad de conducir corriente.<\/p>\n<ul style='padding-left: 20px; margin: 15px 0; color: inherit; font-size: 15px; list-style-type: disc;'>\n<li style='margin-bottom: 5px;'>Facilitan la revisi\u00f3n y mantenimiento de sus conexiones.<\/li>\n<li style='margin-bottom: 5px;'>Listas para instalarse&comma; evitan ensamblar en campo o barrenar en sitio.<\/li>\n<li style='margin-bottom: 5px;'>Permite que la conexi\u00f3n sea segura&comma; duradera&comma; confiable y evita las uniones de cables con cinta aislante&comma; capuchones o termocontr\u00e1ctiles&comma; que no son seguros ni duraderos<\/li>\n<\/ul>\n<div style='margin-top: 20px;'>\n<p style='margin: 0 0 8px; color: inherit; font-size: 15px;'><strong style='color: inherit;'>Capacidad M\u00e1xima:<\/strong> 1999 A<\/p>\n<p style='margin: 0 0 8px; color: inherit; font-size: 15px;'><strong style='color: inherit;'>Dimensiones de Placa:<\/strong> 20 x 7.62 x 1.27 cm<\/p>\n<\/p><\/div>\n<\/p><\/div>\n<div style='flex: 1 1 300px; min-width: 280px;'>\n<div style='margin-bottom: 30px;'> <img style='width: 100%; height: auto; border: 1px solid rgba(150&comma;150&comma;150&comma;0.3); border-radius: 8px;' src='https:\/\/ftp3.syscom.mx\/usuarios\/fotos\/TGBUERACK\/75932-garantia_10_a%C3%B1os.png' alt=''> <\/div>\n<div style='position: relative; padding-bottom: 56.25%; height: 0; overflow: hidden; margin-bottom: 30px;'>   <\/div>\n<\/p><\/div>\n<\/p><\/div>\n<\/p><\/div>\n","protected":false},"excerpt":{"rendered":"<p>Barra de Uni\u00f3n con Aisladores de 1999 A de Capacidad (Sin Gabinete)<\/p>\n","protected":false},"featured_media":48791,"comment_status":"open","ping_status":"closed","template":"","meta":[],"product_brand":[],"product_cat":[1090],"product_tag":[1091,1088,635],"class_list":{"0":"post-48792","1":"product","2":"type-product","3":"status-publish","4":"has-post-thumbnail","6":"product_cat-accesorios-para-tierra-fisica","7":"product_tag-accesorios-para-tierra-fisica","8":"product_tag-calidad-de-la-energia","9":"product_tag-total-ground","11":"first","12":"instock","13":"sale","14":"shipping-taxable","15":"purchasable","16":"product-type-simple"},"_links":{"self":[{"href":"https:\/\/soydeaqui.ddns.net\/pachuca\/index.php\/wp-json\/wp\/v2\/product\/48792","targetHints":{"allow":["GET"]}}],"collection":[{"href":"https:\/\/soydeaqui.ddns.net\/pachuca\/index.php\/wp-json\/wp\/v2\/product"}],"about":[{"href":"https:\/\/soydeaqui.ddns.net\/pachuca\/index.php\/wp-json\/wp\/v2\/types\/product"}],"replies":[{"embeddable":true,"href":"https:\/\/soydeaqui.ddns.net\/pachuca\/index.php\/wp-json\/wp\/v2\/comments?post=48792"}],"wp:featuredmedia":[{"embeddable":true,"href":"https:\/\/soydeaqui.ddns.net\/pachuca\/index.php\/wp-json\/wp\/v2\/media\/48791"}],"wp:attachment":[{"href":"https:\/\/soydeaqui.ddns.net\/pachuca\/index.php\/wp-json\/wp\/v2\/media?parent=48792"}],"wp:term":[{"taxonomy":"product_brand","embeddable":true,"href":"https:\/\/soydeaqui.ddns.net\/pachuca\/index.php\/wp-json\/wp\/v2\/product_brand?post=48792"},{"taxonomy":"product_cat","embeddable":true,"href":"https:\/\/soydeaqui.ddns.net\/pachuca\/index.php\/wp-json\/wp\/v2\/product_cat?post=48792"},{"taxonomy":"product_tag","embeddable":true,"href":"https:\/\/soydeaqui.ddns.net\/pachuca\/index.php\/wp-json\/wp\/v2\/product_tag?post=48792"}],"curies":[{"name":"wp","href":"https:\/\/api.w.org\/{rel}","templated":true}]}}