{"id":48780,"date":"2026-03-18T21:49:48","date_gmt":"2026-03-18T21:49:48","guid":{"rendered":"https:\/\/soydeaqui.ddns.net\/pachuca\/index.php\/producto\/electrodo-de-puesta-a-tierra-con-capacidad-de-2500a\/"},"modified":"2026-03-18T21:49:49","modified_gmt":"2026-03-18T21:49:49","slug":"electrodo-de-puesta-a-tierra-con-capacidad-de-2500a","status":"publish","type":"product","link":"https:\/\/soydeaqui.ddns.net\/pachuca\/index.php\/producto\/electrodo-de-puesta-a-tierra-con-capacidad-de-2500a\/","title":{"rendered":"Electrodo de Puesta a Tierra con Capacidad de 2500A"},"content":{"rendered":"<div style='width: 100%; max-width: 1200px; margin: 0 auto; font-family: sans-serif; line-height: 1.6; color: inherit; background-color: transparent;'> <!-- Imagen principal --> <\/p>\n<div style='margin-bottom: 30px;'> <img style='width: 100%; height: auto; border: 1px solid rgba(150&comma;150&comma;150&comma;0.3); border-radius: 8px;' src='https:\/\/ftp3.syscom.mx\/usuarios\/fotos\/TG45AB\/75917-logo_total_ground.png' alt='Logo Total Ground'> <\/div>\n<p> <!-- Descripci\u00f3n principal --> <\/p>\n<div style='margin-bottom: 30px;'>\n<p style='font-size: 15px; margin-bottom: 15px; text-align: justify; color: inherit;'>Los electrodos de puesta a tierra marca <strong style='color: inherit;'>TOTAL GROUND<\/strong> deben ser instalados en conjunto con nuestro compuesto mejorador de tierra para asegurar una resistencia menor a 2 Ohm (en la mayor\u00eda de los casos) y una instalaci\u00f3n <strong style='color: inherit;'>libre de mantenimiento correctivo hasta por 20 a\u00f1os.<\/strong><\/p>\n<p style='font-size: 15px; margin-bottom: 15px; text-align: center; color: inherit;'>Los electrodos magnetoactivos incluyen una br\u00fajula y nivel para asegurar una integraci\u00f3n profesional.<\/p>\n<\/p><\/div>\n<p> <!-- Secci\u00f3n de caracter\u00edsticas --> <\/p>\n<div style='margin-bottom: 30px;'>\n<h3 style='font-size: 22px; border-bottom: 2px solid currentColor; padding-bottom: 5px; margin-top: 0; color: inherit; opacity: 0.8; text-align: center;'>CARACTER\u00cdSTICAS<\/h3>\n<\/p><\/div>\n<p> <!-- Cards de informaci\u00f3n --> <\/p>\n<div style='display: flex; flex-wrap: wrap; gap: 30px; margin-bottom: 30px;'> <!-- Card 1 --> <\/p>\n<div style='flex: 1 1 300px; min-width: 280px; border: 1px solid rgba(150&comma; 150&comma; 150&comma; 0.4); border-radius: 8px; overflow: hidden; display: flex; flex-direction: column;'>\n<div style='padding: 15px; border-bottom: 1px solid rgba(150&comma; 150&comma; 150&comma; 0.2); font-weight: bold; font-size: 18px; color: inherit; background-color: rgba(238&comma; 238&comma; 238&comma; 0.8);'>Electrodo<\/div>\n<div style='padding: 15px; color: inherit;'> <img style='width: 100%; height: auto; border: 1px solid rgba(150&comma;150&comma;150&comma;0.3); border-radius: 8px; margin-bottom: 15px;' src='https:\/\/ftp3.syscom.mx\/usuarios\/fotos\/TG2500\/75943-tg2500(2).png' alt='Electrodo TG2500'> <\/p>\n<p style='font-size: 15px; margin: 0; color: inherit; text-align: justify;'>Electrodo de puesta a tierra marca TOTAL GROUND modelo TG-2500. Elaborado de cobre electrol\u00edtico altamente conductivo&comma; tratado especialmente para retardar los efectos de la corrosi\u00f3n.<\/p>\n<\/p><\/div>\n<\/p><\/div>\n<p> <!-- Card 2 --> <\/p>\n<div style='flex: 1 1 300px; min-width: 280px; border: 1px solid rgba(150&comma; 150&comma; 150&comma; 0.4); border-radius: 8px; overflow: hidden; display: flex; flex-direction: column;'>\n<div style='padding: 15px; border-bottom: 1px solid rgba(150&comma; 150&comma; 150&comma; 0.2); font-weight: bold; font-size: 18px; color: inherit; background-color: rgba(238&comma; 238&comma; 238&comma; 0.8);'>Caracter\u00edsticas<\/div>\n<div style='padding: 15px; color: inherit;'> <img style='width: 100%; height: auto; border: 1px solid rgba(150&comma;150&comma;150&comma;0.3); border-radius: 8px; margin-bottom: 15px;' src='https:\/\/ftp3.syscom.mx\/usuarios\/fotos\/TG2500\/75943-tg2500.png' alt='Caracter\u00edsticas TG2500'> <\/p>\n<ul style='padding-left: 20px; margin: 0; font-size: 14px; list-style-type: disc; color: inherit;'>\n<li style='margin-bottom: 5px; color: inherit; font-size: 15px;'><span style='color: inherit;'>Dise\u00f1ados en forma de delta tubular.<\/span><\/li>\n<li style='margin-bottom: 5px; color: inherit; font-size: 15px;'><span style='color: inherit;'>Soldadura con cobre electrolitico.<\/span><\/li>\n<li style='margin-bottom: 5px; color: inherit; font-size: 15px;'><span style='color: inherit;'>Dimensiones 250 x 58 cm.<\/span><\/li>\n<\/ul><\/div>\n<\/p><\/div>\n<p> <!-- Card 3 --> <\/p>\n<div style='flex: 1 1 300px; min-width: 280px; border: 1px solid rgba(150&comma; 150&comma; 150&comma; 0.4); border-radius: 8px; overflow: hidden; display: flex; flex-direction: column;'>\n<div style='padding: 15px; border-bottom: 1px solid rgba(150&comma; 150&comma; 150&comma; 0.2); font-weight: bold; font-size: 18px; color: inherit; background-color: rgba(238&comma; 238&comma; 238&comma; 0.8);'>Filtro LCR<\/div>\n<div style='padding: 15px; color: inherit;'> <img style='width: 100%; height: auto; border: 1px solid rgba(150&comma;150&comma;150&comma;0.3); border-radius: 8px; margin-bottom: 15px;' src='https:\/\/ftp3.syscom.mx\/usuarios\/fotos\/TG1000\/75941-filtro_lcr.png' alt='Filtro LCR'> <\/p>\n<p style='font-size: 15px; margin: 0; color: inherit; text-align: justify;'>Incluye bobina LCR (inductivo&comma; capacitivo y resistivo) montada en estructura.<\/p>\n<\/p><\/div>\n<\/p><\/div>\n<\/p><\/div>\n<p> <!-- Secci\u00f3n de especificaciones --> <\/p>\n<div style='margin-bottom: 30px;'>\n<h3 style='font-size: 22px; border-bottom: 2px solid currentColor; padding-bottom: 5px; margin-top: 0; color: inherit; opacity: 0.8;'>DESCRIPCI\u00d3N<\/h3>\n<ul style='padding-left: 20px; font-size: 15px; color: inherit;'>\n<li style='margin-bottom: 5px;'><strong style='color: inherit;'>Unidad de Medida:<\/strong> Individual<\/li>\n<li style='margin-bottom: 5px;'><strong style='color: inherit;'>Descripci\u00f3n:<\/strong> Electrodo Magnetoactivo<\/li>\n<li style='margin-bottom: 5px;'><strong style='color: inherit;'>Capacidad:<\/strong> 2500 Amperes<\/li>\n<\/ul><\/div>\n<p> <!-- Secci\u00f3n de aplicaciones --> <\/p>\n<div style='margin-bottom: 30px;'>\n<h3 style='font-size: 22px; border-bottom: 2px solid currentColor; padding-bottom: 5px; margin-top: 0; color: inherit; opacity: 0.8;'>APLICACIONES RECOMENDADAS<\/h3>\n<p style='font-size: 15px; margin-bottom: 15px; color: inherit;'>El electrodo <strong style='color: inherit;'>TG-2500<\/strong> se utiliza para la puesta a tierra de:<\/p>\n<ul style='padding-left: 20px; font-size: 15px; color: inherit;'>\n<li style='margin-bottom: 5px;'>Plantas industriales<\/li>\n<li style='margin-bottom: 5px;'>Transformadores (<span style='color: #e74c3c;'>Consultar Gu\u00eda de Selecci\u00f3n<\/span>)<\/li>\n<li style='margin-bottom: 5px;'>Sistemas de pararrayos<\/li>\n<\/ul><\/div>\n<p> <!-- Secci\u00f3n de componentes incluidos --> <\/p>\n<div style='margin-bottom: 30px;'>\n<h3 style='font-size: 22px; border-bottom: 2px solid currentColor; padding-bottom: 5px; margin-top: 0; color: inherit; opacity: 0.8;'>Incluye los siguientes componentes<\/h3>\n<div style='overflow-x: auto;'>\n<table style='width: 100%; border-collapse: collapse; margin-top: 15px; color: inherit;'>\n<thead style='background-color: rgba(223&comma; 0&comma; 29&comma; 0.1);'>\n<tr style='border-bottom: 2px solid rgba(150&comma; 150&comma; 150&comma; 0.3);'>\n<th style='padding: 12px; text-align: center; font-weight: bold; border: 1px solid rgba(150&comma; 150&comma; 150&comma; 0.2);'>Cantidad<\/th>\n<th style='padding: 12px; text-align: center; font-weight: bold; border: 1px solid rgba(150&comma; 150&comma; 150&comma; 0.2);'>Modelo<\/th>\n<th style='padding: 12px; text-align: left; font-weight: bold; border: 1px solid rgba(150&comma; 150&comma; 150&comma; 0.2);'>Descripci\u00f3n<\/th>\n<\/tr>\n<\/thead>\n<tbody>\n<tr style='border-bottom: 1px solid rgba(150&comma; 150&comma; 150&comma; 0.2);'>\n<td style='padding: 10px; text-align: center; border: 1px solid rgba(150&comma; 150&comma; 150&comma; 0.2);'>1<\/td>\n<td style='padding: 10px; text-align: center; border: 1px solid rgba(150&comma; 150&comma; 150&comma; 0.2);'><span style='color: #2880b9;'>TG2500<\/span><\/td>\n<td style='padding: 10px; text-align: left; border: 1px solid rgba(150&comma; 150&comma; 150&comma; 0.2);'>Electrodo<\/td>\n<\/tr>\n<tr style='border-bottom: 1px solid rgba(150&comma; 150&comma; 150&comma; 0.2);'>\n<td style='padding: 10px; text-align: center; border: 1px solid rgba(150&comma; 150&comma; 150&comma; 0.2);'>1<\/td>\n<td style='padding: 10px; text-align: center; border: 1px solid rgba(150&comma; 150&comma; 150&comma; 0.2);'>&#8212;<\/td>\n<td style='padding: 10px; text-align: left; border: 1px solid rgba(150&comma; 150&comma; 150&comma; 0.2);'>Br\u00fajula y nivel<\/td>\n<\/tr>\n<tr style='border-bottom: 1px solid rgba(150&comma; 150&comma; 150&comma; 0.2);'>\n<td style='padding: 10px; text-align: center; border: 1px solid rgba(150&comma; 150&comma; 150&comma; 0.2);'>1<\/td>\n<td style='padding: 10px; text-align: center; border: 1px solid rgba(150&comma; 150&comma; 150&comma; 0.2);'>&#8212;<\/td>\n<td style='padding: 10px; text-align: left; border: 1px solid rgba(150&comma; 150&comma; 150&comma; 0.2);'>Filtro LCR<\/td>\n<\/tr>\n<\/tbody>\n<\/table><\/div>\n<\/p><\/div>\n<p> <!-- Secci\u00f3n de accesorios complementarios --> <\/p>\n<div style='margin-bottom: 30px;'>\n<h3 style='font-size: 22px; border-bottom: 2px solid currentColor; padding-bottom: 5px; margin-top: 0; color: inherit; opacity: 0.8;'>Accesorios complementarios (No incluido)<\/h3>\n<div style='overflow-x: auto;'>\n<table style='width: 100%; border-collapse: collapse; margin-top: 15px; color: inherit;'>\n<thead style='background-color: rgba(223&comma; 0&comma; 29&comma; 0.1);'>\n<tr style='border-bottom: 2px solid rgba(150&comma; 150&comma; 150&comma; 0.3);'>\n<th style='padding: 12px; text-align: center; font-weight: bold; border: 1px solid rgba(150&comma; 150&comma; 150&comma; 0.2);'>Cantidad<\/th>\n<th style='padding: 12px; text-align: center; font-weight: bold; border: 1px solid rgba(150&comma; 150&comma; 150&comma; 0.2);'>Modelo<\/th>\n<th style='padding: 12px; text-align: left; font-weight: bold; border: 1px solid rgba(150&comma; 150&comma; 150&comma; 0.2);'>Descripci\u00f3n<\/th>\n<\/tr>\n<\/thead>\n<tbody>\n<tr style='border-bottom: 1px solid rgba(150&comma; 150&comma; 150&comma; 0.2);'>\n<td style='padding: 10px; text-align: center; border: 1px solid rgba(150&comma; 150&comma; 150&comma; 0.2);'>1<\/td>\n<td style='padding: 10px; text-align: center; border: 1px solid rgba(150&comma; 150&comma; 150&comma; 0.2);'><a style='color: #2880b9; text-decoration: none;' href='https:\/\/www.syscom.mx\/producto\/ANTIOX-TOTAL-GROUND-75931.html' target='_blank' rel='noopener'>ANTIOX<\/a><\/td>\n<td style='padding: 10px; text-align: left; border: 1px solid rgba(150&comma; 150&comma; 150&comma; 0.2);'>Spray protector para conectores<\/td>\n<\/tr>\n<tr style='border-bottom: 1px solid rgba(150&comma; 150&comma; 150&comma; 0.2);'>\n<td style='padding: 10px; text-align: center; border: 1px solid rgba(150&comma; 150&comma; 150&comma; 0.2);'>5<\/td>\n<td style='padding: 10px; text-align: center; border: 1px solid rgba(150&comma; 150&comma; 150&comma; 0.2);'><a style='color: #2880b9; text-decoration: none;' href='https:\/\/www.syscom.mx\/producto\/TG-CR11-TOTAL-GROUND-76026.html' target='_blank' rel='noopener'>TGCR14<\/a><\/td>\n<td style='padding: 10px; text-align: left; border: 1px solid rgba(150&comma; 150&comma; 150&comma; 0.2);'>Conector de Bronce<\/td>\n<\/tr>\n<tr style='border-bottom: 1px solid rgba(150&comma; 150&comma; 150&comma; 0.2);'>\n<td style='padding: 10px; text-align: center; border: 1px solid rgba(150&comma; 150&comma; 150&comma; 0.2);'>2<\/td>\n<td style='padding: 10px; text-align: center; border: 1px solid rgba(150&comma; 150&comma; 150&comma; 0.2);'><a style='color: #2880b9; text-decoration: none;' href='https:\/\/www.syscom.mx\/producto\/TG-AB21-TOTAL-GROUND-75916.html' target='_blank' rel='noopener'>TGAB21<\/a><\/td>\n<td style='padding: 10px; text-align: left; border: 1px solid rgba(150&comma; 150&comma; 150&comma; 0.2);'>Conector de Varilla<\/td>\n<\/tr>\n<tr style='border-bottom: 1px solid rgba(150&comma; 150&comma; 150&comma; 0.2);'>\n<td style='padding: 10px; text-align: center; border: 1px solid rgba(150&comma; 150&comma; 150&comma; 0.2);'>1<\/td>\n<td style='padding: 10px; text-align: center; border: 1px solid rgba(150&comma; 150&comma; 150&comma; 0.2);'><a style='color: #2880b9; text-decoration: none;' href='https:\/\/www.syscom.mx\/producto\/S-1010-TOTAL-GROUND-75930.html' target='_blank' rel='noopener'>S1010<\/a><\/td>\n<td style='padding: 10px; text-align: left; border: 1px solid rgba(150&comma; 150&comma; 150&comma; 0.2);'>Registro para electrodo<\/td>\n<\/tr>\n<tr style='border-bottom: 1px solid rgba(150&comma; 150&comma; 150&comma; 0.2);'>\n<td style='padding: 10px; text-align: center; border: 1px solid rgba(150&comma; 150&comma; 150&comma; 0.2);'>1<\/td>\n<td style='padding: 10px; text-align: center; border: 1px solid rgba(150&comma; 150&comma; 150&comma; 0.2);'><a style='color: #2880b9; text-decoration: none;' href='https:\/\/www.syscom.mx\/producto\/SLY-349-BLK-INDIANA-176869.html' target='_blank' rel='noopener'>SLY349BLK<\/a><\/td>\n<td style='padding: 10px; text-align: left; border: 1px solid rgba(150&comma; 150&comma; 150&comma; 0.2);'>Cable de cobre recubierto THW-SL Calibre 4\/0 AWG<\/td>\n<\/tr>\n<tr style='border-bottom: 1px solid rgba(150&comma; 150&comma; 150&comma; 0.2);'>\n<td style='padding: 10px; text-align: center; border: 1px solid rgba(150&comma; 150&comma; 150&comma; 0.2);'>1<\/td>\n<td style='padding: 10px; text-align: center; border: 1px solid rgba(150&comma; 150&comma; 150&comma; 0.2);'><a style='color: #2880b9; text-decoration: none;' href='https:\/\/www.syscom.mx\/producto\/TG-BUS-G10-TOTAL-GROUND-75914.html' target='_blank' rel='noopener'>TGBUSG10<\/a><\/td>\n<td style='padding: 10px; text-align: left; border: 1px solid rgba(150&comma; 150&comma; 150&comma; 0.2);'>Barra de uni\u00f3n de 7-7\/8&#8242; x 2&#8242; x 1\/4&#8242; con aisladores de 1000A de capacidad<\/td>\n<\/tr>\n<tr style='border-bottom: 1px solid rgba(150&comma; 150&comma; 150&comma; 0.2);'>\n<td style='padding: 10px; text-align: center; border: 1px solid rgba(150&comma; 150&comma; 150&comma; 0.2);'>1<\/td>\n<td style='padding: 10px; text-align: center; border: 1px solid rgba(150&comma; 150&comma; 150&comma; 0.2);'><a style='color: #2880b9; text-decoration: none;' href='https:\/\/www.syscom.mx\/producto\/TG-BUE-10-TOTAL-GROUND-75913.html' target='_blank' rel='noopener'>TGBUE10<\/a><\/td>\n<td style='padding: 10px; text-align: left; border: 1px solid rgba(150&comma; 150&comma; 150&comma; 0.2);'>Barra de uni\u00f3n y distribuci\u00f3n de hilos<\/td>\n<\/tr>\n<tr style='border-bottom: 1px solid rgba(150&comma; 150&comma; 150&comma; 0.2);'>\n<td style='padding: 10px; text-align: center; border: 1px solid rgba(150&comma; 150&comma; 150&comma; 0.2);'>16<\/td>\n<td style='padding: 10px; text-align: center; border: 1px solid rgba(150&comma; 150&comma; 150&comma; 0.2);'><a style='color: #2880b9; text-decoration: none;' href='https:\/\/www.syscom.mx\/producto\/H2O-HM-TOTAL-GROUND-75920.html' target='_blank' rel='noopener'>H20HM<\/a><\/td>\n<td style='padding: 10px; text-align: left; border: 1px solid rgba(150&comma; 150&comma; 150&comma; 0.2);'>Saco de 11 Kg de mejorador de suelo<\/td>\n<\/tr>\n<tr>\n<td style='padding: 10px; text-align: center; border: 1px solid rgba(150&comma; 150&comma; 150&comma; 0.2);'>1<\/td>\n<td style='padding: 10px; text-align: center; border: 1px solid rgba(150&comma; 150&comma; 150&comma; 0.2);'>TGC04<\/td>\n<td style='padding: 10px; text-align: left; border: 1px solid rgba(150&comma; 150&comma; 150&comma; 0.2);'>Acoplador<\/td>\n<\/tr>\n<\/tbody>\n<\/table><\/div>\n<\/p><\/div>\n<p> <!-- Separador --> <\/p>\n<hr style='border: 0; border-top: 1px solid rgba(150&comma; 150&comma; 150&comma; 0.3); margin: 30px 0;'> <!-- Secci\u00f3n de videos --> <\/p>\n<div style='margin-bottom: 30px;'>\n<h3 style='font-size: 22px; border-bottom: 2px solid currentColor; padding-bottom: 5px; margin-top: 0; color: inherit; opacity: 0.8; text-align: center;'>Curso B\u00e1sico para Selecci\u00f3n e Implementaci\u00f3n de Sistemas de Protecci\u00f3n<\/h3>\n<div style='display: flex; flex-wrap: wrap; gap: 20px; margin-top: 20px; justify-content: center;'>\n<div style='flex: 1 1 300px; min-width: 280px;'>\n<div style='position: relative; padding-bottom: 56.25%; height: 0; overflow: hidden;'>   <\/div>\n<\/p><\/div>\n<div style='flex: 1 1 300px; min-width: 280px;'>\n<div style='position: relative; padding-bottom: 56.25%; height: 0; overflow: hidden;'>   <\/div>\n<\/p><\/div>\n<\/p><\/div>\n<\/p><\/div>\n<p> <!-- Separador --> <\/p>\n<hr style='border: 0; border-top: 1px solid rgba(150&comma; 150&comma; 150&comma; 0.3); margin: 30px 0;'> <!-- Secci\u00f3n de webinars --> <\/p>\n<div style='margin-bottom: 30px;'>\n<h3 style='font-size: 22px; border-bottom: 2px solid currentColor; padding-bottom: 5px; margin-top: 0; color: inherit; opacity: 0.8; text-align: center;'>Webinars de Sistemas de Puesta a Tierra y Pararrayos<\/h3>\n<div style='display: flex; flex-wrap: wrap; gap: 20px; margin-top: 20px; justify-content: center;'>\n<div style='flex: 1 1 300px; min-width: 280px;'>\n<div style='position: relative; padding-bottom: 56.25%; height: 0; overflow: hidden; margin-bottom: 10px;'>   <\/div>\n<p style='text-align: center; font-size: 14px; margin: 0; color: inherit;'>WEBINAR2: INSTALACI\u00d3N DE TIERRAS F\u00cdSICAS Y PARARRAYOS<\/p>\n<\/p><\/div>\n<div style='flex: 1 1 300px; min-width: 280px;'>\n<div style='position: relative; padding-bottom: 56.25%; height: 0; overflow: hidden; margin-bottom: 10px;'>   <\/div>\n<p style='text-align: center; font-size: 14px; margin: 0; color: inherit;'>WEBINAR2: INSTALACI\u00d3N DE TIERRAS F\u00cdSICAS Y PARARRAYOS<\/p>\n<\/p><\/div>\n<div style='flex: 1 1 300px; min-width: 280px;'>\n<div style='position: relative; padding-bottom: 56.25%; height: 0; overflow: hidden; margin-bottom: 10px;'>   <\/div>\n<p style='text-align: center; font-size: 14px; margin: 0; color: inherit;'>WEBINAR3: SISTEMAS DE PARARRAYO TOTAL GROUND<\/p>\n<\/p><\/div>\n<\/p><\/div>\n<\/p><\/div>\n<\/p><\/div>\n","protected":false},"excerpt":{"rendered":"<p>Electrodo de Puesta a Tierra con Capacidad de 2500A<\/p>\n","protected":false},"featured_media":48779,"comment_status":"open","ping_status":"closed","template":"","meta":[],"product_brand":[],"product_cat":[1131],"product_tag":[1088,1132,635],"class_list":{"0":"post-48780","1":"product","2":"type-product","3":"status-publish","4":"has-post-thumbnail","6":"product_cat-tierras-fisicas","7":"product_tag-calidad-de-la-energia","8":"product_tag-tierras-fisicas","9":"product_tag-total-ground","11":"first","12":"outofstock","13":"sale","14":"shipping-taxable","15":"purchasable","16":"product-type-simple"},"_links":{"self":[{"href":"https:\/\/soydeaqui.ddns.net\/pachuca\/index.php\/wp-json\/wp\/v2\/product\/48780","targetHints":{"allow":["GET"]}}],"collection":[{"href":"https:\/\/soydeaqui.ddns.net\/pachuca\/index.php\/wp-json\/wp\/v2\/product"}],"about":[{"href":"https:\/\/soydeaqui.ddns.net\/pachuca\/index.php\/wp-json\/wp\/v2\/types\/product"}],"replies":[{"embeddable":true,"href":"https:\/\/soydeaqui.ddns.net\/pachuca\/index.php\/wp-json\/wp\/v2\/comments?post=48780"}],"wp:featuredmedia":[{"embeddable":true,"href":"https:\/\/soydeaqui.ddns.net\/pachuca\/index.php\/wp-json\/wp\/v2\/media\/48779"}],"wp:attachment":[{"href":"https:\/\/soydeaqui.ddns.net\/pachuca\/index.php\/wp-json\/wp\/v2\/media?parent=48780"}],"wp:term":[{"taxonomy":"product_brand","embeddable":true,"href":"https:\/\/soydeaqui.ddns.net\/pachuca\/index.php\/wp-json\/wp\/v2\/product_brand?post=48780"},{"taxonomy":"product_cat","embeddable":true,"href":"https:\/\/soydeaqui.ddns.net\/pachuca\/index.php\/wp-json\/wp\/v2\/product_cat?post=48780"},{"taxonomy":"product_tag","embeddable":true,"href":"https:\/\/soydeaqui.ddns.net\/pachuca\/index.php\/wp-json\/wp\/v2\/product_tag?post=48780"}],"curies":[{"name":"wp","href":"https:\/\/api.w.org\/{rel}","templated":true}]}}