{"id":48778,"date":"2026-03-18T21:49:46","date_gmt":"2026-03-18T21:49:46","guid":{"rendered":"https:\/\/soydeaqui.ddns.net\/pachuca\/index.php\/producto\/electrodo-de-puesta-a-tierra-con-capacidad-maxima-de-1500a\/"},"modified":"2026-03-18T21:49:47","modified_gmt":"2026-03-18T21:49:47","slug":"electrodo-de-puesta-a-tierra-con-capacidad-maxima-de-1500a","status":"publish","type":"product","link":"https:\/\/soydeaqui.ddns.net\/pachuca\/index.php\/producto\/electrodo-de-puesta-a-tierra-con-capacidad-maxima-de-1500a\/","title":{"rendered":"Electrodo de Puesta a Tierra con Capacidad m\u00e1xima de 1500A"},"content":{"rendered":"<div style='width: 100%; max-width: 1200px; margin: 0 auto; font-family: sans-serif; line-height: 1.6; color: inherit; background-color: transparent;'> <!-- Logo --> <\/p>\n<div style='margin-bottom: 30px;'> <img style='width: 100%; height: auto; max-width: 1000px; border: 1px solid rgba(150&comma;150&comma;150&comma;0.3); border-radius: 8px;' src='https:\/\/ftp3.syscom.mx\/usuarios\/fotos\/TG45AB\/75917-logo_total_ground.png' alt='Logo Total Ground'> <\/div>\n<p> <!-- Descripci\u00f3n general --> <\/p>\n<div style='margin-bottom: 30px; font-size: 15px;'>\n<p>Los electrodos de puesta a tierra marca <strong>TOTAL GROUND<\/strong> deben ser instalados en conjunto con nuestro compuesto mejorador de tierra para asegurar una resistencia menor a 2 Ohm (en la mayor\u00eda de los casos) y una instalaci\u00f3n <strong>libre de mantenimiento correctivo hasta por 20 a\u00f1os.<\/strong><\/p>\n<p style='text-align: center;'>Los electrodos magnetoactivos incluyen una br\u00fajula y nivel para asegurar una integraci\u00f3n profesional.<\/p>\n<\/p><\/div>\n<p> <!-- Secci\u00f3n de caracter\u00edsticas --> <\/p>\n<div style='margin-bottom: 30px;'>\n<h2 style='font-size: 24px; color: #c0392b; border-bottom: 2px solid currentColor; padding-bottom: 8px; margin-top: 0;'>CARACTER\u00cdSTICAS<\/h2>\n<\/p><\/div>\n<p> <!-- Cards de caracter\u00edsticas --> <\/p>\n<div style='display: flex; flex-wrap: wrap; gap: 30px; margin-bottom: 30px;'> <!-- Card 1 --> <\/p>\n<div style='flex: 1 1 300px; min-width: 280px; border: 1px solid rgba(150&comma; 150&comma; 150&comma; 0.4); border-radius: 8px; overflow: hidden; display: flex; flex-direction: column;'>\n<div style='background-color: #eeeeee; padding: 15px;'> <img style='width: 100%; height: auto; border: 1px solid rgba(150&comma;150&comma;150&comma;0.3); border-radius: 8px;' src='https:\/\/ftp3.syscom.mx\/usuarios\/fotos\/TG1500\/75942-tg1500(1).png' alt='Electrodo'> <\/div>\n<div style='padding: 15px; color: inherit;'>\n<h4 style='color: gray; margin-top: 0; margin-bottom: 10px;'>Electrodo<\/h4>\n<p>Electrodo de puesta a tierra marca TOTAL GROUND modelo TG-1500. Elaborado de cobre electrol\u00edtico altamente conductivo&comma; tratado especialmente para retardar los efectos de la corrosi\u00f3n.<\/p>\n<\/p><\/div>\n<\/p><\/div>\n<p> <!-- Card 2 --> <\/p>\n<div style='flex: 1 1 300px; min-width: 280px; border: 1px solid rgba(150&comma; 150&comma; 150&comma; 0.4); border-radius: 8px; overflow: hidden; display: flex; flex-direction: column;'>\n<div style='background-color: #eeeeee; padding: 15px;'> <img style='width: 100%; height: auto; border: 1px solid rgba(150&comma;150&comma;150&comma;0.3); border-radius: 8px;' src='https:\/\/ftp3.syscom.mx\/usuarios\/fotos\/TG1500\/75942-tg1500.png' alt='Caracter\u00edsticas'> <\/div>\n<div style='padding: 15px; color: inherit;'>\n<h4 style='color: gray; margin-top: 0; margin-bottom: 10px;'>Caracter\u00edsticas<\/h4>\n<ul style='padding-left: 20px; margin: 0;'>\n<li style='margin-bottom: 8px;'>Dise\u00f1ados en forma de delta tubular.<\/li>\n<li style='margin-bottom: 8px;'>Soldadura con cobre electrolitico.<\/li>\n<li>Dimensiones 200 x 58 cm.<\/li>\n<\/ul><\/div>\n<\/p><\/div>\n<p> <!-- Card 3 --> <\/p>\n<div style='flex: 1 1 300px; min-width: 280px; border: 1px solid rgba(150&comma; 150&comma; 150&comma; 0.4); border-radius: 8px; overflow: hidden; display: flex; flex-direction: column;'>\n<div style='background-color: #eeeeee; padding: 15px;'> <img style='width: 100%; height: auto; border: 1px solid rgba(150&comma;150&comma;150&comma;0.3); border-radius: 8px;' src='https:\/\/ftp3.syscom.mx\/usuarios\/fotos\/TG1000\/75941-filtro_lcr.png' alt='Filtro LCR'> <\/div>\n<div style='padding: 15px; color: inherit;'>\n<h4 style='color: gray; margin-top: 0; margin-bottom: 10px;'>Filtro LCR<\/h4>\n<p>Incluye bobina LCR (inductivo&comma; capacitivo y resistivo) montada en estructura.<\/p>\n<\/p><\/div>\n<\/p><\/div>\n<\/p><\/div>\n<p> <!-- Secci\u00f3n de detalles --> <\/p>\n<div style='margin-bottom: 30px;'>\n<h3 style='color: #c0392b; font-size: 18px; margin-top: 0; margin-bottom: 15px;'><strong>DESCRIPCI\u00d3N:<\/strong><\/h3>\n<ul style='padding-left: 20px; font-size: 15px;'>\n<li style='margin-bottom: 8px;'><strong>Unidad de Medida:<\/strong> Individual.<\/li>\n<li style='margin-bottom: 8px;'><strong>Descripci\u00f3n:<\/strong> Electrodo Magnetoactivo.<\/li>\n<li><strong>Capacidad:<\/strong> 1500 Amperes.<\/li>\n<\/ul><\/div>\n<p> <!-- Secci\u00f3n de aplicaciones --> <\/p>\n<div style='margin-bottom: 30px;'>\n<h3 style='color: #c0392b; font-size: 18px; margin-top: 0; margin-bottom: 15px;'><strong>APLICACIONES RECOMENDADAS:<\/strong><\/h3>\n<p>El electrodo <strong>TG-1500<\/strong> se utiliza para la puesta a tierra de:<\/p>\n<ul style='padding-left: 20px; font-size: 15px;'>\n<li style='margin-bottom: 8px;'>Plantas industriales.<\/li>\n<li style='margin-bottom: 8px;'>Transformadores. <span style='color: #e74c3c;'>Consultar Gu\u00eda de Selecci\u00f3n<\/span>.<\/li>\n<li>Sistemas de pararrayos.<\/li>\n<\/ul><\/div>\n<p> <!-- Secci\u00f3n de componentes incluidos --> <\/p>\n<div style='margin-bottom: 30px;'>\n<h3 style='color: #c0392b; font-size: 18px; margin-top: 0; margin-bottom: 15px;'><strong>Incluye los siguientes componentes:<\/strong><\/h3>\n<div style='overflow-x: auto;'>\n<table style='width: 100%; border-collapse: collapse;'>\n<thead style='background-color: #f5f5f5;'>\n<tr>\n<th style='padding: 12px; border: 1px solid rgba(150&comma;150&comma;150&comma;0.3); text-align: center;'><strong>Cantidad<\/strong><\/th>\n<th style='padding: 12px; border: 1px solid rgba(150&comma;150&comma;150&comma;0.3); text-align: center;'><strong>Modelo<\/strong><\/th>\n<th style='padding: 12px; border: 1px solid rgba(150&comma;150&comma;150&comma;0.3); text-align: left;'><strong>Descripci\u00f3n<\/strong><\/th>\n<\/tr>\n<\/thead>\n<tbody>\n<tr>\n<td style='padding: 10px; border: 1px solid rgba(150&comma;150&comma;150&comma;0.3); text-align: center;'>1<\/td>\n<td style='padding: 10px; border: 1px solid rgba(150&comma;150&comma;150&comma;0.3); text-align: center;'><span style='color: #2880b9;'>TG1500<\/span><\/td>\n<td style='padding: 10px; border: 1px solid rgba(150&comma;150&comma;150&comma;0.3);'>Electrodo.<\/td>\n<\/tr>\n<tr>\n<td style='padding: 10px; border: 1px solid rgba(150&comma;150&comma;150&comma;0.3); text-align: center;'>1<\/td>\n<td style='padding: 10px; border: 1px solid rgba(150&comma;150&comma;150&comma;0.3); text-align: center;'>&#8212;<\/td>\n<td style='padding: 10px; border: 1px solid rgba(150&comma;150&comma;150&comma;0.3);'>Br\u00fajula y nivel.<\/td>\n<\/tr>\n<tr>\n<td style='padding: 10px; border: 1px solid rgba(150&comma;150&comma;150&comma;0.3); text-align: center;'>1<\/td>\n<td style='padding: 10px; border: 1px solid rgba(150&comma;150&comma;150&comma;0.3); text-align: center;'>&#8212;<\/td>\n<td style='padding: 10px; border: 1px solid rgba(150&comma;150&comma;150&comma;0.3);'>Filtro LCR.<\/td>\n<\/tr>\n<\/tbody>\n<\/table><\/div>\n<\/p><\/div>\n<p> <!-- Secci\u00f3n de accesorios --> <\/p>\n<div style='margin-bottom: 30px;'>\n<h3 style='color: #c0392b; font-size: 18px; margin-top: 0; margin-bottom: 15px;'><strong>Accesorios complementarios (No incluido):<\/strong><\/h3>\n<div style='overflow-x: auto;'>\n<table style='width: 100%; border-collapse: collapse;'>\n<thead style='background-color: #f5f5f5;'>\n<tr>\n<th style='padding: 12px; border: 1px solid rgba(150&comma;150&comma;150&comma;0.3); text-align: center;'><strong>Cantidad<\/strong><\/th>\n<th style='padding: 12px; border: 1px solid rgba(150&comma;150&comma;150&comma;0.3); text-align: center;'><strong>Modelo<\/strong><\/th>\n<th style='padding: 12px; border: 1px solid rgba(150&comma;150&comma;150&comma;0.3); text-align: left;'><strong>Descripci\u00f3n<\/strong><\/th>\n<\/tr>\n<\/thead>\n<tbody>\n<tr>\n<td style='padding: 10px; border: 1px solid rgba(150&comma;150&comma;150&comma;0.3); text-align: center;'>1<\/td>\n<td style='padding: 10px; border: 1px solid rgba(150&comma;150&comma;150&comma;0.3); text-align: center;'><a style='color: #2880b9; text-decoration: none;' href='https:\/\/www.syscom.mx\/producto\/ANTIOX-TOTAL-GROUND-75931.html' target='_blank' rel='noopener'>ANTIOX<\/a><\/td>\n<td style='padding: 10px; border: 1px solid rgba(150&comma;150&comma;150&comma;0.3);'>Spray protector para conectores.<\/td>\n<\/tr>\n<tr>\n<td style='padding: 10px; border: 1px solid rgba(150&comma;150&comma;150&comma;0.3); text-align: center;'>5<\/td>\n<td style='padding: 10px; border: 1px solid rgba(150&comma;150&comma;150&comma;0.3); text-align: center;'><a style='color: #2880b9; text-decoration: none;' href='https:\/\/www.syscom.mx\/producto\/TG-CR11-TOTAL-GROUND-76026.html' target='_blank' rel='noopener'>TGCR14<\/a><\/td>\n<td style='padding: 10px; border: 1px solid rgba(150&comma;150&comma;150&comma;0.3);'>Conector de Bronce.<\/td>\n<\/tr>\n<tr>\n<td style='padding: 10px; border: 1px solid rgba(150&comma;150&comma;150&comma;0.3); text-align: center;'>2<\/td>\n<td style='padding: 10px; border: 1px solid rgba(150&comma;150&comma;150&comma;0.3); text-align: center;'><a style='color: #2880b9; text-decoration: none;' href='https:\/\/www.syscom.mx\/producto\/TG-AB21-TOTAL-GROUND-75916.html' target='_blank' rel='noopener'>TGAB21<\/a><\/td>\n<td style='padding: 10px; border: 1px solid rgba(150&comma;150&comma;150&comma;0.3);'>Conector de Varilla.<\/td>\n<\/tr>\n<tr>\n<td style='padding: 10px; border: 1px solid rgba(150&comma;150&comma;150&comma;0.3); text-align: center;'>1<\/td>\n<td style='padding: 10px; border: 1px solid rgba(150&comma;150&comma;150&comma;0.3); text-align: center;'><a style='color: #2880b9; text-decoration: none;' href='https:\/\/www.syscom.mx\/producto\/S-1010-TOTAL-GROUND-75930.html' target='_blank' rel='noopener'>S1010<\/a><\/td>\n<td style='padding: 10px; border: 1px solid rgba(150&comma;150&comma;150&comma;0.3);'>Registro para electrodo.<\/td>\n<\/tr>\n<tr>\n<td style='padding: 10px; border: 1px solid rgba(150&comma;150&comma;150&comma;0.3); text-align: center;'>1<\/td>\n<td style='padding: 10px; border: 1px solid rgba(150&comma;150&comma;150&comma;0.3); text-align: center;'><a style='color: #2880b9; text-decoration: none;' href='https:\/\/www.syscom.mx\/producto\/SLY-349-BLK-INDIANA-176869.html' target='_blank' rel='noopener'>SLY349BLK<\/a><\/td>\n<td style='padding: 10px; border: 1px solid rgba(150&comma;150&comma;150&comma;0.3);'>Cable de cobre recubierto THW-SL Calibre 4\/0 AWG.<\/td>\n<\/tr>\n<tr>\n<td style='padding: 10px; border: 1px solid rgba(150&comma;150&comma;150&comma;0.3); text-align: center;'>1<\/td>\n<td style='padding: 10px; border: 1px solid rgba(150&comma;150&comma;150&comma;0.3); text-align: center;'><a style='color: #2880b9; text-decoration: none;' href='https:\/\/www.syscom.mx\/producto\/TG-BUS-G10-TOTAL-GROUND-75914.html' target='_blank' rel='noopener'>TGBUSG10<\/a><\/td>\n<td style='padding: 10px; border: 1px solid rgba(150&comma;150&comma;150&comma;0.3);'>Barra de uni\u00f3n de 7-7\/8&#8242; x 2&#8242; x 1\/4&#8242; con aisladores de 1000A de capacidad.<\/td>\n<\/tr>\n<tr>\n<td style='padding: 10px; border: 1px solid rgba(150&comma;150&comma;150&comma;0.3); text-align: center;'>1<\/td>\n<td style='padding: 10px; border: 1px solid rgba(150&comma;150&comma;150&comma;0.3); text-align: center;'><a style='color: #2880b9; text-decoration: none;' href='https:\/\/www.syscom.mx\/producto\/TG-BUE-10-TOTAL-GROUND-75913.html' target='_blank' rel='noopener'>TGBUE10<\/a><\/td>\n<td style='padding: 10px; border: 1px solid rgba(150&comma;150&comma;150&comma;0.3);'>Barra de uni\u00f3n y distribuci\u00f3n de hilos.<\/td>\n<\/tr>\n<tr>\n<td style='padding: 10px; border: 1px solid rgba(150&comma;150&comma;150&comma;0.3); text-align: center;'>12<\/td>\n<td style='padding: 10px; border: 1px solid rgba(150&comma;150&comma;150&comma;0.3); text-align: center;'><a style='color: #2880b9; text-decoration: none;' href='https:\/\/www.syscom.mx\/producto\/H2O-HM-TOTAL-GROUND-75920.html' target='_blank' rel='noopener'>H20HM<\/a><\/td>\n<td style='padding: 10px; border: 1px solid rgba(150&comma;150&comma;150&comma;0.3);'>Saco de 11 Kg de mejorador de suelo.<\/td>\n<\/tr>\n<tr>\n<td style='padding: 10px; border: 1px solid rgba(150&comma;150&comma;150&comma;0.3); text-align: center;'>1<\/td>\n<td style='padding: 10px; border: 1px solid rgba(150&comma;150&comma;150&comma;0.3); text-align: center;'><a style='color: #2880b9; text-decoration: none;' href='https:\/\/www.syscom.mx\/producto\/TG-BUS-G10-TOTAL-GROUND-75914.html' target='_blank' rel='noopener'>TGC04<\/a><\/td>\n<td style='padding: 10px; border: 1px solid rgba(150&comma;150&comma;150&comma;0.3);'>Acoplador.<\/td>\n<\/tr>\n<\/tbody>\n<\/table><\/div>\n<\/p><\/div>\n<p> <!-- Separador --> <\/p>\n<hr style='border: 0; border-top: 1px solid rgba(150&comma; 150&comma; 150&comma; 0.3); margin: 30px 0;'> <!-- Secci\u00f3n de cursos --> <\/p>\n<div style='margin-bottom: 30px;'>\n<h3 style='color: #c0392b; font-size: 20px; text-align: center; margin-top: 0; margin-bottom: 20px;'><strong>Curso B\u00e1sico para Selecci\u00f3n e Implementaci\u00f3n de Sistemas de Protecci\u00f3n<\/strong><\/h3>\n<p> <!-- Videos --> <\/p>\n<div style='display: flex; flex-wrap: wrap; gap: 20px; justify-content: center; margin-bottom: 30px;'>\n<div style='flex: 1 1 400px; min-width: 300px;'>\n<div style='position: relative; padding-bottom: 56.25%; height: 0; overflow: hidden;'>   <\/div>\n<\/p><\/div>\n<div style='flex: 1 1 400px; min-width: 300px;'>\n<div style='position: relative; padding-bottom: 56.25%; height: 0; overflow: hidden;'>   <\/div>\n<\/p><\/div>\n<\/p><\/div>\n<\/p><\/div>\n<p> <!-- Secci\u00f3n de webinars --> <\/p>\n<div style='margin-bottom: 30px;'>\n<h3 style='color: #c0392b; font-size: 20px; text-align: center; margin-top: 0; margin-bottom: 20px;'><strong>Webinars de Sistemas de Puesta a Tierra y Pararrayos<\/strong><\/h3>\n<p> <!-- Videos --> <\/p>\n<div style='display: flex; flex-wrap: wrap; gap: 20px; justify-content: center; margin-bottom: 30px;'>\n<div style='flex: 1 1 300px; min-width: 280px;'>\n<div style='position: relative; padding-bottom: 56.25%; height: 0; overflow: hidden; margin-bottom: 10px;'>   <\/div>\n<p style='margin: 0; font-size: 14px; color: #333333; text-align: center;'>WEBINAR2: INSTALACI\u00d3N DE TIERRAS F\u00cdSICAS Y PARARRAYOS.<\/p>\n<\/p><\/div>\n<div style='flex: 1 1 300px; min-width: 280px;'>\n<div style='position: relative; padding-bottom: 56.25%; height: 0; overflow: hidden; margin-bottom: 10px;'>   <\/div>\n<p style='margin: 0; font-size: 14px; color: #333333; text-align: center;'>WEBINAR2: INSTALACI\u00d3N DE TIERRAS F\u00cdSICAS Y PARARRAYOS.<\/p>\n<\/p><\/div>\n<div style='flex: 1 1 300px; min-width: 280px;'>\n<div style='position: relative; padding-bottom: 56.25%; height: 0; overflow: hidden; margin-bottom: 10px;'>   <\/div>\n<p style='margin: 0; font-size: 14px; color: #333333; text-align: center;'>WEBINAR3: SISTEMAS DE PARARRAYO TOTAL GROUND.<\/p>\n<\/p><\/div>\n<\/p><\/div>\n<\/p><\/div>\n<\/p><\/div>\n","protected":false},"excerpt":{"rendered":"<p>Electrodo de Puesta a Tierra con Capacidad m\u00e1xima de 1500A<\/p>\n","protected":false},"featured_media":48777,"comment_status":"open","ping_status":"closed","template":"","meta":[],"product_brand":[],"product_cat":[1131],"product_tag":[1088,1132,635],"class_list":{"0":"post-48778","1":"product","2":"type-product","3":"status-publish","4":"has-post-thumbnail","6":"product_cat-tierras-fisicas","7":"product_tag-calidad-de-la-energia","8":"product_tag-tierras-fisicas","9":"product_tag-total-ground","11":"first","12":"outofstock","13":"sale","14":"shipping-taxable","15":"purchasable","16":"product-type-simple"},"_links":{"self":[{"href":"https:\/\/soydeaqui.ddns.net\/pachuca\/index.php\/wp-json\/wp\/v2\/product\/48778","targetHints":{"allow":["GET"]}}],"collection":[{"href":"https:\/\/soydeaqui.ddns.net\/pachuca\/index.php\/wp-json\/wp\/v2\/product"}],"about":[{"href":"https:\/\/soydeaqui.ddns.net\/pachuca\/index.php\/wp-json\/wp\/v2\/types\/product"}],"replies":[{"embeddable":true,"href":"https:\/\/soydeaqui.ddns.net\/pachuca\/index.php\/wp-json\/wp\/v2\/comments?post=48778"}],"wp:featuredmedia":[{"embeddable":true,"href":"https:\/\/soydeaqui.ddns.net\/pachuca\/index.php\/wp-json\/wp\/v2\/media\/48777"}],"wp:attachment":[{"href":"https:\/\/soydeaqui.ddns.net\/pachuca\/index.php\/wp-json\/wp\/v2\/media?parent=48778"}],"wp:term":[{"taxonomy":"product_brand","embeddable":true,"href":"https:\/\/soydeaqui.ddns.net\/pachuca\/index.php\/wp-json\/wp\/v2\/product_brand?post=48778"},{"taxonomy":"product_cat","embeddable":true,"href":"https:\/\/soydeaqui.ddns.net\/pachuca\/index.php\/wp-json\/wp\/v2\/product_cat?post=48778"},{"taxonomy":"product_tag","embeddable":true,"href":"https:\/\/soydeaqui.ddns.net\/pachuca\/index.php\/wp-json\/wp\/v2\/product_tag?post=48778"}],"curies":[{"name":"wp","href":"https:\/\/api.w.org\/{rel}","templated":true}]}}