{"id":48771,"date":"2026-03-18T21:49:37","date_gmt":"2026-03-18T21:49:37","guid":{"rendered":"https:\/\/soydeaqui.ddns.net\/pachuca\/index.php\/producto\/quimico-intensificador-de-tierras-semejante-al-concreto\/"},"modified":"2026-03-18T21:49:37","modified_gmt":"2026-03-18T21:49:37","slug":"quimico-intensificador-de-tierras-semejante-al-concreto","status":"publish","type":"product","link":"https:\/\/soydeaqui.ddns.net\/pachuca\/index.php\/producto\/quimico-intensificador-de-tierras-semejante-al-concreto\/","title":{"rendered":"Qu\u00edmico Intensificador de Tierras Semejante al Concreto."},"content":{"rendered":"<div style='width: 100%; max-width: 1200px; margin: 0 auto; font-family: sans-serif; line-height: 1.6; color: inherit; background-color: transparent;'>\n<div style='display: flex; flex-wrap: wrap; gap: 30px; margin-bottom: 30px;'>\n<div style='flex: 1 1 300px; min-width: 280px;'>\n<h3 style='font-size: 22px; border-bottom: 2px solid currentColor; padding-bottom: 5px; margin-top: 0; color: inherit; opacity: 0.8;'>Descripci\u00f3n<\/h3>\n<p style='font-size: 15px; color: inherit;'>Ohmcreto es un producto intensificador de tierras que evita p\u00e9rdidas debidas a la filtraci\u00f3n a trav\u00e9s del terreno&comma; y ayuda a la disipaci\u00f3n de energ\u00eda el\u00e9ctrica hacia la tierra. Puede ser utilizado en sistemas tradicionales de puesta a tierra. Ayuda a la disminuci\u00f3n de la tensi\u00f3n de paso en una subestaci\u00f3n.<\/p>\n<p style='font-size: 15px; color: inherit;'>Ohmcreto es un producto hecho a base de materiales conductivos y conglomerantes&comma; tiene una presentaci\u00f3n en polvo que facilita su instalaci\u00f3n.<\/p>\n<p style='font-size: 15px; color: inherit;'>El compuesto puede ser mezclado con agua para generar una consistencia pastosa para la formaci\u00f3n de distintas formas geom\u00e9tricas&comma; con una dureza muy similar a la del concreto&comma; facilitando la conductividad el\u00e9ctrica.<\/p>\n<\/p><\/div>\n<\/p><\/div>\n<div style='display: flex; flex-wrap: wrap; gap: 20px; margin-bottom: 30px;'>\n<div style='flex: 1 1 250px; border: 1px solid rgba(150&comma; 150&comma; 150&comma; 0.4); border-radius: 8px; overflow: hidden; display: flex; flex-direction: column;'>\n<div style='padding: 15px; border-bottom: 1px solid rgba(150&comma; 150&comma; 150&comma; 0.2); font-weight: bold; font-size: 18px; color: inherit;'>Caracter\u00edsticas<\/div>\n<div style='padding: 15px; color: inherit;'>\n<ul style='padding-left: 20px; margin: 0; font-size: 14px; list-style-type: disc;'>\n<li style='margin-bottom: 5px;'>Reduce la resistencia del terreno.<\/li>\n<li style='margin-bottom: 5px;'>Endurece para evitar p\u00e9rdidas por filtraci\u00f3n.<\/li>\n<li style='margin-bottom: 5px;'>Permite conductividad en la dureza similar a la del concreto.<\/li>\n<li style='margin-bottom: 5px;'>Para su uso con sistemas tradicionales.<\/li>\n<li style='margin-bottom: 5px;'>Ayuda a la disminuci\u00f3n de tensiones de paso dentro de una malla de tierra.<\/li>\n<li style='margin-bottom: 5px;'>Ayuda a mejorar la eficiencia de los sistemas de tierra f\u00edsica que se instalen en terrenos dif\u00edciles o con alta resistividad.<\/li>\n<li style='margin-bottom: 5px;'>Presentaci\u00f3n en cubeta de 11 kgs.<\/li>\n<li style='margin-bottom: 5px;'>Se recomienda 1\/4 de litro de agua por cada kilogramo de compuesto H2OHM.<\/li>\n<\/ul><\/div>\n<\/p><\/div>\n<\/p><\/div>\n<div style='display: flex; flex-wrap: wrap; gap: 30px; margin-bottom: 30px;'>\n<div style='flex: 1 1 300px; min-width: 280px;'>\n<h3 style='font-size: 22px; border-bottom: 2px solid currentColor; padding-bottom: 5px; margin-top: 0; color: inherit; opacity: 0.8;'>Logo<\/h3>\n<p> <img style='width: 100%; height: auto; border: 1px solid rgba(150&comma;150&comma;150&comma;0.3); border-radius: 8px;' src='http:\/\/ftp3.syscom.mx\/usuarios\/dcarreon\/LOGOS\/logo%20TG2.png' alt='Logo TOTAL GROUND' \/> <\/div>\n<\/p><\/div>\n<hr style='border: 0; border-top: 1px solid rgba(150&comma; 150&comma; 150&comma; 0.3); margin: 30px 0;'> <\/div>\n","protected":false},"excerpt":{"rendered":"<p>Qu\u00edmico Intensificador de Tierras Semejante al Concreto.<\/p>\n","protected":false},"featured_media":48770,"comment_status":"open","ping_status":"closed","template":"","meta":[],"product_brand":[],"product_cat":[1131],"product_tag":[1088,1132,635],"class_list":{"0":"post-48771","1":"product","2":"type-product","3":"status-publish","4":"has-post-thumbnail","6":"product_cat-tierras-fisicas","7":"product_tag-calidad-de-la-energia","8":"product_tag-tierras-fisicas","9":"product_tag-total-ground","11":"first","12":"instock","13":"sale","14":"shipping-taxable","15":"purchasable","16":"product-type-simple"},"_links":{"self":[{"href":"https:\/\/soydeaqui.ddns.net\/pachuca\/index.php\/wp-json\/wp\/v2\/product\/48771","targetHints":{"allow":["GET"]}}],"collection":[{"href":"https:\/\/soydeaqui.ddns.net\/pachuca\/index.php\/wp-json\/wp\/v2\/product"}],"about":[{"href":"https:\/\/soydeaqui.ddns.net\/pachuca\/index.php\/wp-json\/wp\/v2\/types\/product"}],"replies":[{"embeddable":true,"href":"https:\/\/soydeaqui.ddns.net\/pachuca\/index.php\/wp-json\/wp\/v2\/comments?post=48771"}],"wp:featuredmedia":[{"embeddable":true,"href":"https:\/\/soydeaqui.ddns.net\/pachuca\/index.php\/wp-json\/wp\/v2\/media\/48770"}],"wp:attachment":[{"href":"https:\/\/soydeaqui.ddns.net\/pachuca\/index.php\/wp-json\/wp\/v2\/media?parent=48771"}],"wp:term":[{"taxonomy":"product_brand","embeddable":true,"href":"https:\/\/soydeaqui.ddns.net\/pachuca\/index.php\/wp-json\/wp\/v2\/product_brand?post=48771"},{"taxonomy":"product_cat","embeddable":true,"href":"https:\/\/soydeaqui.ddns.net\/pachuca\/index.php\/wp-json\/wp\/v2\/product_cat?post=48771"},{"taxonomy":"product_tag","embeddable":true,"href":"https:\/\/soydeaqui.ddns.net\/pachuca\/index.php\/wp-json\/wp\/v2\/product_tag?post=48771"}],"curies":[{"name":"wp","href":"https:\/\/api.w.org\/{rel}","templated":true}]}}