{"id":48765,"date":"2026-03-18T21:49:25","date_gmt":"2026-03-18T21:49:25","guid":{"rendered":"https:\/\/soydeaqui.ddns.net\/pachuca\/index.php\/producto\/electrodo-quimico-chem-ground-de-1-x-3m\/"},"modified":"2026-03-18T21:49:26","modified_gmt":"2026-03-18T21:49:26","slug":"electrodo-quimico-chem-ground-de-1-x-3m","status":"publish","type":"product","link":"https:\/\/soydeaqui.ddns.net\/pachuca\/index.php\/producto\/electrodo-quimico-chem-ground-de-1-x-3m\/","title":{"rendered":"Electrodo Qu\u00edmico Chem Ground de 1&#8243; x 3m"},"content":{"rendered":"<div style='width: 100%; max-width: 1200px; margin: 0 auto; font-family: sans-serif; line-height: 1.6; color: inherit;'>\n<div style='display: flex; flex-wrap: wrap; gap: 30px; margin-bottom: 30px;'>\n<div style='flex: 1 1 300px; min-width: 280px;'>\n<h3 style='font-size: 22px; border-bottom: 2px solid currentColor; padding-bottom: 5px; margin-top: 0; color: inherit; opacity: 0.8;'>Caracter\u00edsticas<\/h3>\n<ul style='padding-left: 20px; font-size: 15px; color: inherit;'>\n<li style='margin-bottom: 5px;'>Es un electrodo de puesta a tierra que brinda baja impedancia en \u00e1reas peque\u00f1as<\/li>\n<li style='margin-bottom: 5px;'>Tubo fabricado a base de cobre electrol\u00edtico con material absorbente interno que retiene agua<\/li>\n<li style='margin-bottom: 5px;'>Mantiene la zona h\u00fameda&comma; generando permanente y baja resistencia de la tierra<\/li>\n<li style='margin-bottom: 5px;'>Asegura mayor conductividad con flujo de energ\u00eda a trav\u00e9s de la parte interna del electrodo<\/li>\n<li style='margin-bottom: 5px;'>Recomendado para instalaci\u00f3n con intensificador de tierra<\/li>\n<\/ul><\/div>\n<\/p><\/div>\n<div style='display: flex; flex-wrap: wrap; gap: 20px; margin-bottom: 30px;'>\n<div style='flex: 1 1 250px; border: 1px solid rgba(150&comma; 150&comma; 150&comma; 0.4); border-radius: 8px; overflow: hidden; display: flex; flex-direction: column;'>\n<div style='padding: 15px; border-bottom: 1px solid rgba(150&comma; 150&comma; 150&comma; 0.2); font-weight: bold; font-size: 18px; color: inherit;'>Dimensiones<\/div>\n<div style='padding: 15px; color: inherit;'>\n<ul style='padding-left: 20px; margin: 0; font-size: 14px; list-style-type: disc;'>\n<li style='margin-bottom: 5px;'><strong>Di\u00e1metro:<\/strong> 1&#8242;<\/li>\n<li style='margin-bottom: 5px;'><strong>Largo:<\/strong> 3 m<\/li>\n<li style='margin-bottom: 5px;'><strong>Borne:<\/strong> \u00bd pulgada<\/li>\n<\/ul><\/div>\n<\/p><\/div>\n<div style='flex: 1 1 250px; border: 1px solid rgba(150&comma; 150&comma; 150&comma; 0.4); border-radius: 8px; overflow: hidden; display: flex; flex-direction: column;'>\n<div style='padding: 15px; border-bottom: 1px solid rgba(150&comma; 150&comma; 150&comma; 0.2); font-weight: bold; font-size: 18px; color: inherit;'>Aplicaciones<\/div>\n<div style='padding: 15px; color: inherit;'>\n<ul style='padding-left: 20px; margin: 0; font-size: 14px; list-style-type: disc;'>\n<li style='margin-bottom: 5px;'>Aterrizaje de sistemas de eliminaci\u00f3n de sobre tensiones de energ\u00eda y transientes<\/li>\n<li style='margin-bottom: 5px;'>Prevenci\u00f3n de accidentes por corrientes extraviadas y cargas est\u00e1ticas<\/li>\n<li style='margin-bottom: 5px;'>Cumple con requerimientos a tierra de seguridad para subestaciones el\u00e9ctricas<\/li>\n<li style='margin-bottom: 5px;'>Protecci\u00f3n de equipos electr\u00f3nicos contra amenazas de energ\u00eda el\u00e9ctrica<\/li>\n<li style='margin-bottom: 5px;'>Conexi\u00f3n a tierra de sistema de energ\u00eda de corriente alterna<\/li>\n<li style='margin-bottom: 5px;'>Conexi\u00f3n a tierra de sistemas electr\u00f3nicos centrales de comunicaci\u00f3n<\/li>\n<\/ul><\/div>\n<\/p><\/div>\n<\/p><\/div>\n<div style='margin-bottom: 30px; font-style: italic;'>\n<p style='margin: 0; font-size: 15px; color: inherit;'>\u00a1Tenemos gran variedad de electrodos a la medida que usted necesite!<\/p>\n<\/p><\/div>\n<div style='width: 100%; max-width: 300px; margin: 0 auto;'> <img style='width: 100%; height: auto; border: 1px solid rgba(150&comma;150&comma;150&comma;0.3); border-radius: 8px;' src='http:\/\/ftp3.syscom.mx\/usuarios\/dcarreon\/LOGOS\/logo%20TG2.png' alt='Logo Total Ground'> <\/div>\n<\/p><\/div>\n","protected":false},"excerpt":{"rendered":"<p>Electrodo Qu\u00edmico Chem Ground de 1&#8243; x 3m<\/p>\n","protected":false},"featured_media":48601,"comment_status":"open","ping_status":"closed","template":"","meta":[],"product_brand":[],"product_cat":[1131],"product_tag":[1088,1132,635],"class_list":{"0":"post-48765","1":"product","2":"type-product","3":"status-publish","4":"has-post-thumbnail","6":"product_cat-tierras-fisicas","7":"product_tag-calidad-de-la-energia","8":"product_tag-tierras-fisicas","9":"product_tag-total-ground","11":"first","12":"outofstock","13":"sale","14":"shipping-taxable","15":"purchasable","16":"product-type-simple"},"_links":{"self":[{"href":"https:\/\/soydeaqui.ddns.net\/pachuca\/index.php\/wp-json\/wp\/v2\/product\/48765","targetHints":{"allow":["GET"]}}],"collection":[{"href":"https:\/\/soydeaqui.ddns.net\/pachuca\/index.php\/wp-json\/wp\/v2\/product"}],"about":[{"href":"https:\/\/soydeaqui.ddns.net\/pachuca\/index.php\/wp-json\/wp\/v2\/types\/product"}],"replies":[{"embeddable":true,"href":"https:\/\/soydeaqui.ddns.net\/pachuca\/index.php\/wp-json\/wp\/v2\/comments?post=48765"}],"wp:featuredmedia":[{"embeddable":true,"href":"https:\/\/soydeaqui.ddns.net\/pachuca\/index.php\/wp-json\/wp\/v2\/media\/48601"}],"wp:attachment":[{"href":"https:\/\/soydeaqui.ddns.net\/pachuca\/index.php\/wp-json\/wp\/v2\/media?parent=48765"}],"wp:term":[{"taxonomy":"product_brand","embeddable":true,"href":"https:\/\/soydeaqui.ddns.net\/pachuca\/index.php\/wp-json\/wp\/v2\/product_brand?post=48765"},{"taxonomy":"product_cat","embeddable":true,"href":"https:\/\/soydeaqui.ddns.net\/pachuca\/index.php\/wp-json\/wp\/v2\/product_cat?post=48765"},{"taxonomy":"product_tag","embeddable":true,"href":"https:\/\/soydeaqui.ddns.net\/pachuca\/index.php\/wp-json\/wp\/v2\/product_tag?post=48765"}],"curies":[{"name":"wp","href":"https:\/\/api.w.org\/{rel}","templated":true}]}}