{"id":48750,"date":"2026-03-18T21:48:57","date_gmt":"2026-03-18T21:48:57","guid":{"rendered":"https:\/\/soydeaqui.ddns.net\/pachuca\/index.php\/producto\/punta-pararrayos-para-80-m-de-diametro-de-proteccion-con-electrodo-y-mejorador-de-terreno\/"},"modified":"2026-03-18T21:48:58","modified_gmt":"2026-03-18T21:48:58","slug":"punta-pararrayos-para-80-m-de-diametro-de-proteccion-con-electrodo-y-mejorador-de-terreno","status":"publish","type":"product","link":"https:\/\/soydeaqui.ddns.net\/pachuca\/index.php\/producto\/punta-pararrayos-para-80-m-de-diametro-de-proteccion-con-electrodo-y-mejorador-de-terreno\/","title":{"rendered":"Punta Pararrayos para 80 m de Di\u00e1metro de Protecci\u00f3n con Electrodo y Mejorador de Terreno."},"content":{"rendered":"<div style='width: 100%; max-width: 1200px; margin: 0 auto; font-family: sans-serif; line-height: 1.6; color: inherit; background-color: transparent;'> <!-- Imagen principal --> <\/p>\n<div style='margin: 20px 0;'> <img style='width: 100%; height: auto; border: 1px solid rgba(150&comma;150&comma;150&comma;0.3); border-radius: 8px;' src='https:\/\/ftp3.syscom.mx\/usuarios\/fotos\/KDALU\/76017-total_ground.jpg' alt=''> <\/div>\n<p> <!-- Descripci\u00f3n principal --> <\/p>\n<div style='margin: 30px 0;'>\n<p>El sistema de pararrayos <strong>KDA-LU<\/strong> es un sistema de protecci\u00f3n contra tormentas el\u00e9ctricas (SPTE). Sirve para interceptar&comma; conducir y disipar la corriente del rayo y de elementos internos mediante uniones&comma; blindaje y puesta a tierra. El objetivo de un SPTE es reducir el riesgo de da\u00f1o tanto para las personas y otros seres vivos&comma; as\u00ed como estructuras&comma; edificios y su contenido.<\/p>\n<p style='color: #c0392b;'><strong>Ofrece 80m de di\u00e1metro de protecci\u00f3n.<\/strong><\/p>\n<\/p><\/div>\n<p> <!-- Componentes incluidos --> <\/p>\n<div style='margin: 30px 0;'>\n<h3 style='font-size: 22px; border-bottom: 2px solid currentColor; padding-bottom: 5px; margin-top: 0; color: inherit; opacity: 0.8;'>Componentes incluidos<\/h3>\n<div style='display: flex; flex-direction: column; gap: 15px; margin-top: 20px;'>\n<div style='border: 1px solid rgba(150&comma;150&comma;150&comma;0.3); border-radius: 8px; padding: 15px; background-color: rgba(255&comma;255&comma;255&comma;0.02);'>\n<div style='font-weight: bold; margin-bottom: 10px;'>1 \u00d7 KDALUPUNTA<\/div>\n<div>Punta pararayos KDALU para protecci\u00f3n de 40 m de radio (sin venta individual).<\/div>\n<\/p><\/div>\n<div style='border: 1px solid rgba(150&comma;150&comma;150&comma;0.3); border-radius: 8px; padding: 15px; background-color: rgba(255&comma;255&comma;255&comma;0.02);'>\n<div style='font-weight: bold; margin-bottom: 10px;'>1 \u00d7 M\u00c1STIL<\/div>\n<div>M\u00e1stil de 1.2 m de longitud y 2&#8242; de di\u00e1metro.<\/div>\n<\/p><\/div>\n<div style='border: 1px solid rgba(150&comma;150&comma;150&comma;0.3); border-radius: 8px; padding: 15px; background-color: rgba(255&comma;255&comma;255&comma;0.02);'>\n<div style='font-weight: bold; margin-bottom: 10px;'>1 \u00d7 TG100AB<\/div>\n<div>Electrodo de 100 A. Saco de 11 Kg de mejorador de suelo (H2OHM).<\/div>\n<div style='margin-top: 10px; font-size: 14px;'> <a href='https:\/\/www.syscom.mx\/producto\/H2O-HM-TOTAL-GROUND-75920.html' target='_blank' rel='noopener' style='color: #2880b9; text-decoration: underline;'>Ver H2OHM<\/a> <\/div>\n<\/p><\/div>\n<\/p><\/div>\n<\/p><\/div>\n<p> <!-- Accesorios complementarios --> <\/p>\n<div style='margin: 30px 0;'>\n<h3 style='font-size: 22px; border-bottom: 2px solid currentColor; padding-bottom: 5px; margin-top: 0; color: inherit; opacity: 0.8;'>Accesorios complementarios (No incluido)<\/h3>\n<div style='display: flex; flex-direction: column; gap: 15px; margin-top: 20px;'>\n<div style='border: 1px solid rgba(150&comma;150&comma;150&comma;0.3); border-radius: 8px; padding: 15px; background-color: rgba(255&comma;255&comma;255&comma;0.02);'>\n<div style='display: flex; justify-content: space-between; align-items: center; margin-bottom: 10px;'>\n<div style='font-weight: bold;'>1 \u00d7 S610<\/div>\n<p> <a href='https:\/\/www.syscom.mx\/producto\/S-610-TOTAL-GROUND-75929.html' target='_blank' rel='noopener' style='color: #2880b9; text-decoration: underline;'>Ver producto<\/a> <\/div>\n<div>Registro para electrodo.<\/div>\n<\/p><\/div>\n<div style='border: 1px solid rgba(150&comma;150&comma;150&comma;0.3); border-radius: 8px; padding: 15px; background-color: rgba(255&comma;255&comma;255&comma;0.02);'>\n<div style='display: flex; justify-content: space-between; align-items: center; margin-bottom: 10px;'>\n<div style='font-weight: bold;'>1 \u00d7 ANTIOX<\/div>\n<p> <a href='https:\/\/www.syscom.mx\/producto\/ANTIOX-TOTAL-GROUND-75931.html' target='_blank' rel='noopener' style='color: #2880b9; text-decoration: underline;'>Ver producto<\/a> <\/div>\n<div>Spray protector para conectores.<\/div>\n<\/p><\/div>\n<div style='border: 1px solid rgba(150&comma;150&comma;150&comma;0.3); border-radius: 8px; padding: 15px; background-color: rgba(255&comma;255&comma;255&comma;0.02);'>\n<div style='display: flex; justify-content: space-between; align-items: center; margin-bottom: 10px;'>\n<div style='font-weight: bold;'>3 \u00d7 TGCR11<\/div>\n<p> <a href='https:\/\/www.syscom.mx\/producto\/TG-CR11-TOTAL-GROUND-76026.html' target='_blank' rel='noopener' style='color: #2880b9; text-decoration: underline;'>Ver producto<\/a> <\/div>\n<div>Conector de Bronce.<\/div>\n<\/p><\/div>\n<div style='border: 1px solid rgba(150&comma;150&comma;150&comma;0.3); border-radius: 8px; padding: 15px; background-color: rgba(255&comma;255&comma;255&comma;0.02);'>\n<div style='display: flex; justify-content: space-between; align-items: center; margin-bottom: 10px;'>\n<div style='font-weight: bold;'>2 \u00d7 TGAB18<\/div>\n<p> <a href='https:\/\/www.syscom.mx\/producto\/TG-AB18-TOTAL-GROUND-76028.html' target='_blank' rel='noopener' style='color: #2880b9; text-decoration: underline;'>Ver producto<\/a> <\/div>\n<div>Conector de varilla.<\/div>\n<\/p><\/div>\n<div style='border: 1px solid rgba(150&comma;150&comma;150&comma;0.3); border-radius: 8px; padding: 15px; background-color: rgba(255&comma;255&comma;255&comma;0.02);'>\n<div style='display: flex; justify-content: space-between; align-items: center; margin-bottom: 10px;'>\n<div style='font-weight: bold;'>&#8212; \u00d7 SLY346BLK<\/div>\n<p> <a href='https:\/\/www.syscom.mx\/producto\/SLY-346-BLK-INDIANA-176872.html' target='_blank' rel='noopener' style='color: #2880b9; text-decoration: underline;'>Ver producto<\/a> <\/div>\n<div>Cable de Cobre Recubierto THW-LS Calibre 2\/0 AWG.<\/div>\n<\/p><\/div>\n<div style='border: 1px solid rgba(150&comma;150&comma;150&comma;0.3); border-radius: 8px; padding: 15px; background-color: rgba(255&comma;255&comma;255&comma;0.02);'>\n<div style='display: flex; justify-content: space-between; align-items: center; margin-bottom: 10px;'>\n<div style='font-weight: bold;'>2 \u00d7 SMMK4 o SMMK4E<\/div>\n<div style='display: flex; gap: 10px;'> <a href='https:\/\/www.syscom.mx\/producto\/SMM-K4-SYSCOM-TOWERS-88255.html' target='_blank' rel='noopener' style='color: #2880b9; text-decoration: underline;'>SMMK4<\/a> <a href='https:\/\/www.syscom.mx\/producto\/SMM-K4E-SYSCOM-TOWERS-189540.html' target='_blank' rel='noopener' style='color: #2880b9; text-decoration: underline;'>SMMK4E<\/a> <\/div>\n<\/p><\/div>\n<div>Herraje Adaptador de M\u00e1stil para Di\u00e1metros desde 3\/4&#8242; hasta 2-1\/4.<\/div>\n<\/p><\/div>\n<div style='border: 1px solid rgba(150&comma;150&comma;150&comma;0.3); border-radius: 8px; padding: 15px; background-color: rgba(255&comma;255&comma;255&comma;0.02);'>\n<div style='display: flex; justify-content: space-between; align-items: center; margin-bottom: 10px;'>\n<div style='font-weight: bold;'>1 \u00d7 TGCDA<\/div>\n<p> <a href='https:\/\/www.syscom.mx\/producto\/TG-CDA-TOTAL-GROUND-76233.html' target='_blank' rel='noopener' style='color: #2880b9; text-decoration: underline;'>Ver producto<\/a> <\/div>\n<div>Contador de Descargas Atmosf\u00e9ricas.<\/div>\n<\/p><\/div>\n<div style='border: 1px solid rgba(150&comma;150&comma;150&comma;0.3); border-radius: 8px; padding: 15px; background-color: rgba(255&comma;255&comma;255&comma;0.02);'>\n<div style='display: flex; justify-content: space-between; align-items: center; margin-bottom: 10px;'>\n<div style='font-weight: bold;'>&#8212; \u00d7 TGAC o TGAC114<\/div>\n<div style='display: flex; gap: 10px;'> <a href='https:\/\/www.syscom.mx\/producto\/TG-AC-TOTAL-GROUND-76016.html' target='_blank' rel='noopener' style='color: #2880b9; text-decoration: underline;'>TGAC<\/a> <a href='https:\/\/www.syscom.mx\/producto\/TG-AC-114-TOTAL-GROUND-85849.html' target='_blank' rel='noopener' style='color: #2880b9; text-decoration: underline;'>TGAC114<\/a> <\/div>\n<\/p><\/div>\n<div>Aislador para cable de bajada.<\/div>\n<\/p><\/div>\n<div style='border: 1px solid rgba(150&comma;150&comma;150&comma;0.3); border-radius: 8px; padding: 15px; background-color: rgba(255&comma;255&comma;255&comma;0.02);'>\n<div style='display: flex; justify-content: space-between; align-items: center; margin-bottom: 10px;'>\n<div style='font-weight: bold;'>1 \u00d7 SLMBA8G<\/div>\n<p> <a href='https:\/\/www.syscom.mx\/producto\/SLMBA8G-SYSCOM-TOWERS-186386.html' target='_blank' rel='noopener' style='color: #2880b9; text-decoration: underline;'>Ver producto<\/a> <\/div>\n<div>Base para M\u00e1stil con Ajuste de \u00c1ngulo. Di\u00e1metros de Mastil: 1&#8242; a 2&#8242;<\/div>\n<\/p><\/div>\n<div style='border: 1px solid rgba(150&comma;150&comma;150&comma;0.3); border-radius: 8px; padding: 15px; background-color: rgba(255&comma;255&comma;255&comma;0.02);'>\n<div style='display: flex; justify-content: space-between; align-items: center; margin-bottom: 10px;'>\n<div style='font-weight: bold;'>1 \u00d7 SM-ALU-3&comma; SM-ALU-2 o SM-ALU-6<\/div>\n<div style='display: flex; gap: 10px;'> <a href='https:\/\/www.syscom.mx\/producto\/SM-ALU3-SYSCOM-TOWERS-142062.html' target='_blank' rel='noopener' style='color: #2880b9; text-decoration: underline;'>SM-ALU-3<\/a> <a href='https:\/\/www.syscom.mx\/producto\/SM-ALU2-SYSCOM-TOWERS-142216.html' target='_blank' rel='noopener' style='color: #2880b9; text-decoration: underline;'>SM-ALU-2<\/a> <a href='https:\/\/www.syscom.mx\/producto\/SM-ALU-6-SYSCOM-TOWERS-162922.html' target='_blank' rel='noopener' style='color: #2880b9; text-decoration: underline;'>SM-ALU-6<\/a> <\/div>\n<\/p><\/div>\n<div>M\u00e1stil de Aluminio Natural 2&#8242; de Di\u00e1metro&comma; Calibre 18. Altura: 2&comma; 3 o 6 m.<\/div>\n<\/p><\/div>\n<\/p><\/div>\n<\/p><\/div>\n<p> <!-- Descripci\u00f3n t\u00e9cnica --> <\/p>\n<div style='margin: 30px 0;'>\n<h3 style='font-size: 22px; border-bottom: 2px solid currentColor; padding-bottom: 5px; margin-top: 0; color: inherit; opacity: 0.8;'>Descripci\u00f3n t\u00e9cnica<\/h3>\n<div style='margin-top: 20px;'>\n<p>Punta captadora de rayos y conductora de corriente dise\u00f1ada en aluminio de alta conductividad la que forma parte de un sistema de protecci\u00f3n externo contra tormentas el\u00e9ctricas (SEPTE)&comma; para reducir el riesgo de da\u00f1o que puede provocar un rayo.<\/p>\n<p>Busca reducir la incidencia de ca\u00edda hasta un 95% debido a su funcionamiento magnetoactivo.<\/p>\n<p>Se recomienda tomar en cuenta la Norma NMX-J-549-ANCE-2005 que sugiere que un sistema de protecci\u00f3n contra tormentas el\u00e9ctricas (SPTE) debe contar con un sistema interno de protecci\u00f3n contra tormentas el\u00e9ctricas (SIPTE) y otro externo de protecci\u00f3n contra tormentas el\u00e9ctricas (SEPTE).<\/p>\n<p>La punta KDA-LU forma parte de la protecci\u00f3n externa&comma; mientras que la parte interna corresponde a los supresores de picos transitorios (SSTT) marca Suprector de TOTAL GROUND.<\/p>\n<\/p><\/div>\n<\/p><\/div>\n<p> <!-- Imagen secundaria --> <\/p>\n<div style='margin: 20px 0;'> <img style='width: 100%; height: auto; border: 1px solid rgba(150&comma;150&comma;150&comma;0.3); border-radius: 8px;' src='https:\/\/ftp3.syscom.mx\/usuarios\/fotos\/KDALU\/76017-kdadetalles.jpg' alt=''> <\/div>\n<p> <!-- Informaci\u00f3n de empaque --> <\/p>\n<div style='margin: 30px 0;'>\n<h3 style='font-size: 22px; border-bottom: 2px solid currentColor; padding-bottom: 5px; margin-top: 0; color: inherit; opacity: 0.8;'>Informaci\u00f3n de empaque<\/h3>\n<div style='margin-top: 15px;'>\n<p><em><strong>Dimensiones:<\/strong> 87 x 35.5 x 26.5 cm<\/em><\/p>\n<p><em><strong>Peso:<\/strong> 18 Kgs<\/em><\/p>\n<\/p><\/div>\n<\/p><\/div>\n<p> <!-- Videos --> <\/p>\n<div style='margin: 30px 0;'>\n<h3 style='font-size: 22px; border-bottom: 2px solid currentColor; padding-bottom: 5px; margin-top: 0; color: inherit; opacity: 0.8;'>Videos informativos<\/h3>\n<div style='margin-top: 20px;'>\n<div style='position: relative; padding-bottom: 56.25%; height: 0; overflow: hidden; margin-bottom: 30px;'>   <\/div>\n<p style='text-align: center;'><a href='https:\/\/www.youtube.com\/watch?v=Vw8lGg4-fQk' target='_blank' rel='noopener' style='color: #2880b9; text-decoration: underline;'>Curso b\u00e1sico para selecci\u00f3n e implementaci\u00f3n de sistemas de protecci\u00f3n<\/a><\/p>\n<\/p><\/div>\n<div style='margin-top: 30px;'>\n<p><strong style='color: #c0392b;'>WEBINAR 1:<\/strong> B\u00c1SICO DE TIERRAS F\u00cdSICAS Y PARARRAYOS (INICIA EN EL MIN.14)<\/p>\n<div style='position: relative; padding-bottom: 56.25%; height: 0; overflow: hidden; margin-bottom: 30px;'>   <\/div>\n<\/p><\/div>\n<div style='margin-top: 30px;'>\n<p><strong style='color: #c0392b;'>WEBINAR 2:<\/strong> INSTALACI\u00d3N DE TIERRAS F\u00cdSICAS Y PARARRAYOS<\/p>\n<div style='position: relative; padding-bottom: 56.25%; height: 0; overflow: hidden; margin-bottom: 30px;'>   <\/div>\n<\/p><\/div>\n<div style='margin-top: 30px;'>\n<p><strong style='color: #c0392b;'>WEBINAR 3:<\/strong> SISTEMAS DE PARARRAYO TOTAL GROUND<\/p>\n<div style='position: relative; padding-bottom: 56.25%; height: 0; overflow: hidden; margin-bottom: 30px;'>   <\/div>\n<\/p><\/div>\n<\/p><\/div>\n<p> <!-- Separador final --> <\/p>\n<hr style='border: 0; border-top: 1px solid rgba(150&comma; 150&comma; 150&comma; 0.3); margin: 30px 0;'> <\/div>\n","protected":false},"excerpt":{"rendered":"<p>Punta Pararrayos para 80 m de Di\u00e1metro de Protecci\u00f3n con Electrodo y Mejorador de Terreno.<\/p>\n","protected":false},"featured_media":48749,"comment_status":"open","ping_status":"closed","template":"","meta":[],"product_brand":[],"product_cat":[1161],"product_tag":[1088,1162,635],"class_list":{"0":"post-48750","1":"product","2":"type-product","3":"status-publish","4":"has-post-thumbnail","6":"product_cat-pararrayos","7":"product_tag-calidad-de-la-energia","8":"product_tag-pararrayos","9":"product_tag-total-ground","11":"first","12":"instock","13":"sale","14":"shipping-taxable","15":"purchasable","16":"product-type-simple"},"_links":{"self":[{"href":"https:\/\/soydeaqui.ddns.net\/pachuca\/index.php\/wp-json\/wp\/v2\/product\/48750","targetHints":{"allow":["GET"]}}],"collection":[{"href":"https:\/\/soydeaqui.ddns.net\/pachuca\/index.php\/wp-json\/wp\/v2\/product"}],"about":[{"href":"https:\/\/soydeaqui.ddns.net\/pachuca\/index.php\/wp-json\/wp\/v2\/types\/product"}],"replies":[{"embeddable":true,"href":"https:\/\/soydeaqui.ddns.net\/pachuca\/index.php\/wp-json\/wp\/v2\/comments?post=48750"}],"wp:featuredmedia":[{"embeddable":true,"href":"https:\/\/soydeaqui.ddns.net\/pachuca\/index.php\/wp-json\/wp\/v2\/media\/48749"}],"wp:attachment":[{"href":"https:\/\/soydeaqui.ddns.net\/pachuca\/index.php\/wp-json\/wp\/v2\/media?parent=48750"}],"wp:term":[{"taxonomy":"product_brand","embeddable":true,"href":"https:\/\/soydeaqui.ddns.net\/pachuca\/index.php\/wp-json\/wp\/v2\/product_brand?post=48750"},{"taxonomy":"product_cat","embeddable":true,"href":"https:\/\/soydeaqui.ddns.net\/pachuca\/index.php\/wp-json\/wp\/v2\/product_cat?post=48750"},{"taxonomy":"product_tag","embeddable":true,"href":"https:\/\/soydeaqui.ddns.net\/pachuca\/index.php\/wp-json\/wp\/v2\/product_tag?post=48750"}],"curies":[{"name":"wp","href":"https:\/\/api.w.org\/{rel}","templated":true}]}}