{"id":48748,"date":"2026-03-18T21:48:55","date_gmt":"2026-03-18T21:48:55","guid":{"rendered":"https:\/\/soydeaqui.ddns.net\/pachuca\/index.php\/producto\/punta-pararrayo-tipo-franklin-con-mastil-de-1-2-m\/"},"modified":"2026-03-18T21:48:56","modified_gmt":"2026-03-18T21:48:56","slug":"punta-pararrayo-tipo-franklin-con-mastil-de-1-2-m","status":"publish","type":"product","link":"https:\/\/soydeaqui.ddns.net\/pachuca\/index.php\/producto\/punta-pararrayo-tipo-franklin-con-mastil-de-1-2-m\/","title":{"rendered":"Punta Pararrayo Tipo Franklin con M\u00e1stil de 1.2 m."},"content":{"rendered":"<div style='width: 100%; max-width: 1200px; margin: 0 auto; font-family: sans-serif; line-height: 1.6; color: inherit; background-color: transparent;'> <!-- Secci\u00f3n de descripci\u00f3n --> <\/p>\n<div style='display: flex; flex-wrap: wrap; gap: 30px; margin-bottom: 30px;'>\n<div style='flex: 1 1 300px; min-width: 280px;'>\n<h3 style='font-size: 22px; border-bottom: 2px solid currentColor; padding-bottom: 5px; margin-top: 0; color: inherit; opacity: 0.8;'>Descripci\u00f3n<\/h3>\n<p style='font-size: 15px; color: inherit; margin-bottom: 15px;'> Asegura que las descargas atmosf\u00e9ricas sean capturadas por la red de puntas instaladas&comma; dirigiendo la energ\u00eda a trav\u00e9s de la red de conductores instalado para llegar a tierra. Evitando da\u00f1os a las personas y desperfectos en los circuitos el\u00e9ctricos <\/p>\n<\/p><\/div>\n<\/p><\/div>\n<p> <!-- Secci\u00f3n de especificaciones --> <\/p>\n<div style='display: flex; flex-wrap: wrap; gap: 20px; margin-bottom: 30px;'>\n<div style='flex: 1 1 250px; border: 1px solid rgba(150&comma; 150&comma; 150&comma; 0.4); border-radius: 8px; overflow: hidden; display: flex; flex-direction: column;'>\n<div style='padding: 15px; border-bottom: 1px solid rgba(150&comma; 150&comma; 150&comma; 0.2); font-weight: bold; font-size: 18px; color: inherit;'>Especificaciones<\/div>\n<div style='padding: 15px; color: inherit;'>\n<ul style='padding-left: 20px; margin: 0; font-size: 14px; list-style-type: disc;'>\n<li style='margin-bottom: 5px;'><strong>Material:<\/strong> Aluminio<\/li>\n<li style='margin-bottom: 5px;'><strong>Descripci\u00f3n:<\/strong> Excelente resistencia a la corrosi\u00f3n<\/li>\n<li style='margin-bottom: 5px;'><strong>\u00c1ngulo de cobertura:<\/strong> 60\u00ba de protecci\u00f3n&comma; el cual var\u00eda el radio de cobertura dependiendo de la altura<\/li>\n<li style='margin-bottom: 5px;'><strong>Altura Punta:<\/strong> 34 cm<\/li>\n<li style='margin-bottom: 5px;'><strong>Di\u00e1metro entre puntas laterales:<\/strong> 20 cm<\/li>\n<li style='margin-bottom: 5px;'><strong>Di\u00e1metro de la base:<\/strong> 1 pulg<\/li>\n<li style='margin-bottom: 5px;'><strong>Di\u00e1metro rosca de conexi\u00f3n:<\/strong> 5\/16 pulg<\/li>\n<\/ul><\/div>\n<\/p><\/div>\n<\/p><\/div>\n<p> <!-- Secci\u00f3n de incluye --> <\/p>\n<div style='display: flex; flex-wrap: wrap; gap: 30px; margin-bottom: 30px;'>\n<div style='flex: 1 1 300px; min-width: 280px;'>\n<h3 style='font-size: 22px; border-bottom: 2px solid currentColor; padding-bottom: 5px; margin-top: 0; color: inherit; opacity: 0.8;'>Incluye<\/h3>\n<p style='font-size: 15px; color: inherit; margin-bottom: 15px;'> El producto incluye: <\/p>\n<\/p><\/div>\n<\/p><\/div>\n<p> <!-- Imagenes --> <\/p>\n<div style='display: flex; flex-wrap: wrap; gap: 30px; margin-bottom: 30px;'>\n<div style='flex: 1 1 300px; min-width: 280px;'> <img style='width: 100%; height: auto; border: 1px solid rgba(150&comma;150&comma;150&comma;0.3); border-radius: 8px;' src='data:image\/png;base64&comma;iVBORw0KGgoAAAANSUhEUgAAAV0AAACpCAIAAAAHnnlbAAAgAElEQVR4Ae2dCVwT1\/f49v3bRXtwQQGVlic2aF0Qa617q+JSrLSu2LXt09a2oPbV4tJqa5sEiKyyC7IJiBaRTUS0CBiFsgREIE2AkoHkJeO4gEpFEAjh\/7uTPYQwS8AzHz51MjP33jOPnPPNueec+845Z5rjOA4\/oAAo0LsKvP3225s2bWpoaOidQbXAhfr6+uUrV4IjBAwGBUABXVfA189v2\/bt9fX1XSVdx1yoqKz08vQ0NjQc4AcUAAV0WgF7B4f4hIT6+nptEaFjLlRUVnp4eJiYmMDPCyjQowr8+eef8AMK6I4Cf\/\/9d319vXaJ0AEXGhsbPb28xowZAz+goK4qkJaW1n9c+P3333VHJrBkQClw69atBw8e9A4R2uZCTU3N2HHj4AcU0F0FfHx99+3f35v87e3t1a0Bv4MCuqgA1cHh6NGjvT844EJvKwz967IC1dXV1dXVvT844EJvKwz967IC5eXl5eXl+P9D6P8fQv9zob6+PjU1Ff4B0B0F0tLS0tPT+58L5eXlX331FZzVHQXOnDlDp9P7nwsVFRXz5s2Dn35U4MqVK1FRUf3PhaKiovnz58NPPyqQmZkZExPT\/1zIy8ubM2cO\/PSjApcvX46Pj+9\/LmRmZs6aNYvFYsHPCyjQowqEh4f3PxfS09PfeOON5ORk+HkBBXpUAS6X2\/9cSE5O1tPTy8rKgp8XUKBHFQgKCur\/Ll389NNP4eFh8PMCCvSoAqGhob251a3+344vX768b98++HkBBXpUgVOnTnW91S2Hw1m4cOH58+fh5wUU6FEF0tLSuq5AaWnp22+\/nZCQAD8voECPKpCZmdn1VrdlZWUzZ868evUq\/LyAAj2qQGJiYtdr1t65c2fGjBkZGRnw8wIK9KgC6enpXe9zUVlZOWnSpKSkJPgBBXpUgZiYmK5z4fHjx6+99lpycjL8gAI9qgBwQX22w+fzX3755aysLPgBBXpUgVOnTnU9X2hpaZk4cWJqair8gAI9qgBwQX128fjx41GjRqWnp8PPCyjQowqEh4d3PQ0gCKJ33303JSUFfl5AgR5V4MyZM13nQl1d3fDhwzMyMuDnBRTw8fH5888\/u86F0tLSV199NS0tDX5AgR5V4Pjx413nQm1t7bBhwzIyMuDnBRTw8vI6d+5c17lQWlo6evTovLw8+HkBBXpUgZMnT3adC48fP37ppZfOnz8PP6CAr68v8ELXuVBeXj5q1CjgBSjQowqEh4d3vV5tQ0PDyy+\/fOHCBfh5AQX8\/f3Pnz\/fdS4UFRW9+uqrwAtQoEcVCA8P73q92oqKihEjRly8eBF+QAFfX9+0tLSuc6GwsHD06NHAi165F01NTQ8fPux1LlRUVIwYMSIvLw9+QAFfX9+0tLSuc+H8+fPDhw8vLCyEnxdQoEcVCA0N7ToXSkpKXn755atXr8LPCyjg4+OTk5PTdS4UFha+8sorwAtQoEcVCA0N7ToX7t279+KLL54\/fx5+QAFfX9+0tLSucyE3N3f48OHAC1CgRxUIDQ3tOhdKSkpefPHFq1evws8LKOAr40JXuZCfn\/\/iiy8CL0CBHlUgJCSk61y4f\/\/+Cy+8cO3aNX19\/fHjx8MPKNCjCqSmpnY9X7h9+\/aLL754\/fp1AwMDAwMD+AEFelQBa2vrrqcsd+7cGT58+I0bN0aPHj127Fj4AQU0VcDc3LzrXKisrBw2bFh+fj78gAI9qoC5uXnXuVBRUQG8AAV6VQFz865z4e7du8ALUKBXFQAvdI0L5eXlQ4cOvX79OvyAAj2qgJmZ2f8B507E3DhZzY0AAAAASUVORK5CYII=' alt=''> <\/div>\n<div style='flex: 1 1 300px; min-width: 280px;'> <img style='width: 100%; height: auto; border: 1px solid rgba(150&comma;150&comma;150&comma;0.3); border-radius: 8px;' src='http:\/\/ftp3.syscom.mx\/usuarios\/dcarreon\/LOGOS\/logo%20TG2.png' alt=''> <\/div>\n<\/p><\/div>\n<p> <!-- Video 1 --> <\/p>\n<div style='position: relative; padding-bottom: 56.25%; height: 0; overflow: hidden; margin-bottom: 30px;'>   <\/div>\n<p> <!-- Video 2 --> <\/p>\n<div style='position: relative; padding-bottom: 56.25%; height: 0; overflow: hidden; margin-bottom: 30px;'>   <\/div>\n<p> <!-- Video 3 --> <\/p>\n<div style='position: relative; padding-bottom: 56.25%; height: 0; overflow: hidden; margin-bottom: 30px;'>   <\/div>\n<p> <!-- Video 4 --> <\/p>\n<div style='position: relative; padding-bottom: 56.25%; height: 0; overflow: hidden; margin-bottom: 30px;'>   <\/div>\n<p> <!-- Separador final --> <\/p>\n<hr style='border: 0; border-top: 1px solid rgba(150&comma; 150&comma; 150&comma; 0.3); margin: 30px 0;'> <\/div>\n","protected":false},"excerpt":{"rendered":"<p>Punta Pararrayo Tipo Franklin con M\u00e1stil de 1.2 m.<\/p>\n","protected":false},"featured_media":48747,"comment_status":"open","ping_status":"closed","template":"","meta":[],"product_brand":[],"product_cat":[1161],"product_tag":[1088,1162,635],"class_list":{"0":"post-48748","1":"product","2":"type-product","3":"status-publish","4":"has-post-thumbnail","6":"product_cat-pararrayos","7":"product_tag-calidad-de-la-energia","8":"product_tag-pararrayos","9":"product_tag-total-ground","11":"first","12":"instock","13":"sale","14":"shipping-taxable","15":"purchasable","16":"product-type-simple"},"_links":{"self":[{"href":"https:\/\/soydeaqui.ddns.net\/pachuca\/index.php\/wp-json\/wp\/v2\/product\/48748","targetHints":{"allow":["GET"]}}],"collection":[{"href":"https:\/\/soydeaqui.ddns.net\/pachuca\/index.php\/wp-json\/wp\/v2\/product"}],"about":[{"href":"https:\/\/soydeaqui.ddns.net\/pachuca\/index.php\/wp-json\/wp\/v2\/types\/product"}],"replies":[{"embeddable":true,"href":"https:\/\/soydeaqui.ddns.net\/pachuca\/index.php\/wp-json\/wp\/v2\/comments?post=48748"}],"wp:featuredmedia":[{"embeddable":true,"href":"https:\/\/soydeaqui.ddns.net\/pachuca\/index.php\/wp-json\/wp\/v2\/media\/48747"}],"wp:attachment":[{"href":"https:\/\/soydeaqui.ddns.net\/pachuca\/index.php\/wp-json\/wp\/v2\/media?parent=48748"}],"wp:term":[{"taxonomy":"product_brand","embeddable":true,"href":"https:\/\/soydeaqui.ddns.net\/pachuca\/index.php\/wp-json\/wp\/v2\/product_brand?post=48748"},{"taxonomy":"product_cat","embeddable":true,"href":"https:\/\/soydeaqui.ddns.net\/pachuca\/index.php\/wp-json\/wp\/v2\/product_cat?post=48748"},{"taxonomy":"product_tag","embeddable":true,"href":"https:\/\/soydeaqui.ddns.net\/pachuca\/index.php\/wp-json\/wp\/v2\/product_tag?post=48748"}],"curies":[{"name":"wp","href":"https:\/\/api.w.org\/{rel}","templated":true}]}}