{"id":4873,"date":"2026-03-18T06:24:16","date_gmt":"2026-03-18T06:24:16","guid":{"rendered":"https:\/\/soydeaqui.ddns.net\/pachuca\/index.php\/producto\/cable-calibre-22-cmr-6-conductores-blindado-305-metros-1000-pies-color-gris\/"},"modified":"2026-03-18T06:24:16","modified_gmt":"2026-03-18T06:24:16","slug":"cable-calibre-22-cmr-6-conductores-blindado-305-metros-1000-pies-color-gris","status":"publish","type":"product","link":"https:\/\/soydeaqui.ddns.net\/pachuca\/index.php\/producto\/cable-calibre-22-cmr-6-conductores-blindado-305-metros-1000-pies-color-gris\/","title":{"rendered":"Cable Calibre 22, CMR, 6 Conductores, Blindado, 305 Metros (1000 Pies), Color Gris"},"content":{"rendered":"<div style='width: 100%; max-width: 1200px; margin: 0 auto; font-family: sans-serif; line-height: 1.6; color: inherit; background-color: transparent;'> <!-- Secci\u00f3n de descripci\u00f3n general --> <\/p>\n<div style='margin-bottom: 30px;'>\n<p style='font-size: 15px; color: inherit; margin: 0 0 15px 0;'><strong>CABLE DE 6 CONDUCTORES CALIBRE 22 CON FORRO GRIS PARA APLICACIONES EN ALARMAS DE INTRUSION&comma; CONTROL DE ACCESO&comma; INTERFONOS Y TV PORTEROS.<\/strong><\/p>\n<p style='font-size: 15px; color: inherit; margin: 0 0 15px 0;'><strong>Los cables de alarma contra incendio VIAKON est\u00e1n dise\u00f1ados para utilizarse en la conexi\u00f3n de equipos contra incendio&comma; tales como: Paneles de control&comma; teclados&comma; sirenas&comma; estrobos&comma; sensores y detectores de humo y calor.<\/strong><\/p>\n<p style='font-size: 15px; color: inherit; margin: 0 0 15px 0;'><strong>Cable multiconductor&comma; formado por conductores de cable&comma; aislamiento individual de Policloruro de Vinilo (PVC)&comma; y cubierta de Policloruro de Vinilo retardante a la flama (FRPVC).<\/strong><\/p>\n<\/p><\/div>\n<p> <!-- Secci\u00f3n de aplicaciones --> <\/p>\n<div style='margin-bottom: 30px;'>\n<h3 style='font-size: 22px; border-bottom: 2px solid currentColor; padding-bottom: 5px; margin-top: 0; margin-bottom: 15px; color: inherit; opacity: 0.8;'>Aplicaciones<\/h3>\n<ul style='padding-left: 20px; font-size: 15px; color: inherit; margin: 0;'>\n<li style='margin-bottom: 5px;'><strong>Industria:<\/strong> Aplicaciones de control e instrumentaci\u00f3n&comma; v\u00eda se\u00f1ales an\u00e1logas o digitales.<\/li>\n<li style='margin-bottom: 5px;'><strong>Seguridad en control de acceso:<\/strong> conexi\u00f3n del panel de control con accesorios tales como&comma; lectores de proximidad&comma; lectores de huella&comma; chapas y contrachapas magn\u00e9ticas.<\/li>\n<li style='margin-bottom: 5px;'><strong>Seguridad en alarmas:<\/strong> cableados de circuitos perif\u00e9ricos&comma; sensores y sirenas.<\/li>\n<li style='margin-bottom: 5px;'><strong>Seguridad en interfonos y TV porteros:<\/strong> cableados de frente de calle&comma; monitores&comma; interfonos.<\/li>\n<li style='margin-bottom: 5px;'><strong>Audio:<\/strong> Conexi\u00f3n de bocinas&comma; y sistemas de audio.<\/li>\n<\/ul><\/div>\n<p> <!-- Secci\u00f3n de caracter\u00edsticas --> <\/p>\n<div style='margin-bottom: 30px;'>\n<h3 style='font-size: 22px; border-bottom: 2px solid currentColor; padding-bottom: 5px; margin-top: 0; margin-bottom: 15px; color: inherit; opacity: 0.8;'>Caracter\u00edsticas<\/h3>\n<ul style='padding-left: 20px; font-size: 15px; color: inherit; margin: 0;'>\n<li style='margin-bottom: 5px;'>Cable tipo: CMR<\/li>\n<li style='margin-bottom: 5px;'>N\u00famero de conductores: 6<\/li>\n<li style='margin-bottom: 5px;'>Calibre: 22<\/li>\n<li style='margin-bottom: 5px;'>Material: PVC<\/li>\n<li style='margin-bottom: 5px;'>Blindaje: Cinta MY Al + Dren (24 Awg)<\/li>\n<li style='margin-bottom: 5px;'>Color externo: Gris<\/li>\n<li style='margin-bottom: 5px;'>Prueba de flama Riser: UL 1666 &#8216;Flama Vertical&#8217;<\/li>\n<\/ul><\/div>\n<p> <!-- Secci\u00f3n de informaci\u00f3n adicional --> <\/p>\n<div style='margin-bottom: 30px;'>\n<p style='font-size: 15px; color: inherit; margin: 0 0 15px 0;'>Cables certificados por UL y que cumplen con las pruebas RISER que garantizan que el cable no va a ser propagador del incendio de manera vertical (de un piso a otro).<\/p>\n<h3 style='font-size: 22px; border-bottom: 2px solid currentColor; padding-bottom: 5px; margin-top: 0; margin-bottom: 15px; color: inherit; opacity: 0.8;'>Temperatura de operaci\u00f3n<\/h3>\n<ul style='padding-left: 20px; font-size: 15px; color: inherit; margin: 0 0 15px 0;'>\n<li style='margin-bottom: 5px;'>-20 \u00b0C a 105 \u00b0C<\/li>\n<\/ul>\n<h3 style='font-size: 22px; border-bottom: 2px solid currentColor; padding-bottom: 5px; margin-top: 0; margin-bottom: 15px; color: inherit; opacity: 0.8;'>Certificaciones<\/h3>\n<ul style='padding-left: 20px; font-size: 15px; color: inherit; margin: 0 0 15px 0;'>\n<li style='margin-bottom: 5px;'>Especificaciones: UL 444<\/li>\n<li style='margin-bottom: 5px;'>NEC 800<\/li>\n<\/ul>\n<p style='font-size: 15px; color: inherit; margin: 0 0 15px 0;'><strong>* Caja de 305 metros.<\/strong><\/p>\n<\/p><\/div>\n<p> <!-- Video de YouTube --> <\/p>\n<div style='position: relative; padding-bottom: 56.25%; height: 0; overflow: hidden; margin-bottom: 30px;'>   <\/div>\n<\/p><\/div>\n","protected":false},"excerpt":{"rendered":"<p>Cable Calibre 22, CMR, 6 Conductores, Blindado, 305 Metros (1000 Pies), Color Gris<\/p>\n","protected":false},"featured_media":4872,"comment_status":"open","ping_status":"closed","template":"","meta":[],"product_brand":[],"product_cat":[137],"product_tag":[138,62,242],"class_list":{"0":"post-4873","1":"product","2":"type-product","3":"status-publish","4":"has-post-thumbnail","6":"product_cat-todos-cables","7":"product_tag-cables","8":"product_tag-todos","9":"product_tag-viakon","11":"first","12":"instock","13":"sale","14":"shipping-taxable","15":"purchasable","16":"product-type-simple"},"_links":{"self":[{"href":"https:\/\/soydeaqui.ddns.net\/pachuca\/index.php\/wp-json\/wp\/v2\/product\/4873","targetHints":{"allow":["GET"]}}],"collection":[{"href":"https:\/\/soydeaqui.ddns.net\/pachuca\/index.php\/wp-json\/wp\/v2\/product"}],"about":[{"href":"https:\/\/soydeaqui.ddns.net\/pachuca\/index.php\/wp-json\/wp\/v2\/types\/product"}],"replies":[{"embeddable":true,"href":"https:\/\/soydeaqui.ddns.net\/pachuca\/index.php\/wp-json\/wp\/v2\/comments?post=4873"}],"wp:featuredmedia":[{"embeddable":true,"href":"https:\/\/soydeaqui.ddns.net\/pachuca\/index.php\/wp-json\/wp\/v2\/media\/4872"}],"wp:attachment":[{"href":"https:\/\/soydeaqui.ddns.net\/pachuca\/index.php\/wp-json\/wp\/v2\/media?parent=4873"}],"wp:term":[{"taxonomy":"product_brand","embeddable":true,"href":"https:\/\/soydeaqui.ddns.net\/pachuca\/index.php\/wp-json\/wp\/v2\/product_brand?post=4873"},{"taxonomy":"product_cat","embeddable":true,"href":"https:\/\/soydeaqui.ddns.net\/pachuca\/index.php\/wp-json\/wp\/v2\/product_cat?post=4873"},{"taxonomy":"product_tag","embeddable":true,"href":"https:\/\/soydeaqui.ddns.net\/pachuca\/index.php\/wp-json\/wp\/v2\/product_tag?post=4873"}],"curies":[{"name":"wp","href":"https:\/\/api.w.org\/{rel}","templated":true}]}}