{"id":48716,"date":"2026-03-18T21:48:03","date_gmt":"2026-03-18T21:48:03","guid":{"rendered":"https:\/\/soydeaqui.ddns.net\/pachuca\/index.php\/producto\/kit-pararrayo-con-accesorios-para-proteccion-de-diametro-de-300m-2\/"},"modified":"2026-03-18T21:48:04","modified_gmt":"2026-03-18T21:48:04","slug":"kit-pararrayo-con-accesorios-para-proteccion-de-diametro-de-300m-2","status":"publish","type":"product","link":"https:\/\/soydeaqui.ddns.net\/pachuca\/index.php\/producto\/kit-pararrayo-con-accesorios-para-proteccion-de-diametro-de-300m-2\/","title":{"rendered":"Kit Pararrayo con Accesorios para Protecci\u00f3n de Di\u00e1metro de 300m."},"content":{"rendered":"<div style='width: 100%; max-width: 1200px; margin: 0 auto; font-family: sans-serif; line-height: 1.6; color: inherit; background-color: transparent;'>\n<div style='width: 100%; margin: 20px 0;'> <img style='width: 100%; height: auto; border: 1px solid rgba(150&comma;150&comma;150&comma;0.3); border-radius: 8px;' src='https:\/\/ftp3.syscom.mx\/usuarios\/fotos\/KDALU\/76017-total_ground.jpg' alt=''> <\/div>\n<div style='display: flex; flex-wrap: wrap; gap: 30px; margin-bottom: 30px;'>\n<div style='flex: 1 1 300px; min-width: 280px;'>\n<h3 style='font-size: 22px; border-bottom: 2px solid currentColor; padding-bottom: 5px; margin-top: 0; color: inherit; opacity: 0.8;'>Descripci\u00f3n General<\/h3>\n<p style='font-size: 15px; color: inherit;'>El sistema de pararrayos KDA-05 es un sistema de protecci\u00f3n contra tormentas el\u00e9ctricas (SPTE). Sirve para interceptar&comma; conducir y disipar la corriente del rayo y de elementos internos mediante uniones&comma; blindaje y puesta a tierra. El objetivo de un SPTE es reducir el riesgo de da\u00f1o tanto para las personas y otros seres vivos&comma; as\u00ed como estructuras&comma; edificios y su contenido.<\/p>\n<p style='font-size: 15px; color: inherit;'><strong style='color: #c0392b;'>Ofrece 300m de di\u00e1metro de protecci\u00f3n.<\/strong><\/p>\n<\/p><\/div>\n<\/p><\/div>\n<div style='display: flex; flex-wrap: wrap; gap: 20px; margin-bottom: 30px;'>\n<div style='flex: 1 1 250px; border: 1px solid rgba(150&comma; 150&comma; 150&comma; 0.4); border-radius: 8px; overflow: hidden; display: flex; flex-direction: column;'>\n<div style='padding: 15px; border-bottom: 1px solid rgba(150&comma; 150&comma; 150&comma; 0.2); font-weight: bold; font-size: 18px; color: inherit;'>Componentes Incluidos<\/div>\n<div style='padding: 15px; color: inherit;'>\n<ul style='padding-left: 20px; margin: 0; font-size: 14px; list-style-type: disc;'>\n<li style='margin-bottom: 10px;'><strong>KDA05<\/strong> &#8211; Punta pararayos con m\u00e1stil de 1.2m<\/li>\n<li style='margin-bottom: 10px;'><strong>TG1000<\/strong> &#8211; Electrodo de 1000 A<\/li>\n<li style='margin-bottom: 10px;'><strong>H2OHM<\/strong> &#8211; 8 Sacos de 11 Kg de mejorador de suelo<\/li>\n<li style='margin-bottom: 10px;'><strong>TGCR14<\/strong> &#8211; Conector de Bronce (5 unidades)<\/li>\n<li style='margin-bottom: 10px;'><strong>TGAB21<\/strong> &#8211; Conector de varilla (2 unidades)<\/li>\n<li style='margin-bottom: 10px;'><strong>ANTIOX<\/strong> &#8211; Spray protector para conectores<\/li>\n<li style='margin-bottom: 10px;'><strong>S1010<\/strong> &#8211; Registro para electrodo<\/li>\n<li style='margin-bottom: 10px;'><strong>BP\/M2<\/strong> &#8211; Base Plana con M\u00e1stil Integrado de 2 m. para Punta Pararrayos<\/li>\n<\/ul><\/div>\n<\/p><\/div>\n<div style='flex: 1 1 250px; border: 1px solid rgba(150&comma; 150&comma; 150&comma; 0.4); border-radius: 8px; overflow: hidden; display: flex; flex-direction: column;'>\n<div style='padding: 15px; border-bottom: 1px solid rgba(150&comma; 150&comma; 150&comma; 0.2); font-weight: bold; font-size: 18px; color: inherit;'>Accesorios Complementarios (No incluidos)<\/div>\n<div style='padding: 15px; color: inherit;'>\n<ul style='padding-left: 20px; margin: 0; font-size: 14px; list-style-type: disc;'>\n<li style='margin-bottom: 10px;'><strong>SLY349BLK<\/strong> &#8211; Cable de Cobre Recubierto THW-LS Calibre 2\/0 AWG<\/li>\n<li style='margin-bottom: 10px;'><strong>TGCDA<\/strong> &#8211; Contador de Descargas Atmosf\u00e9ricas<\/li>\n<li style='margin-bottom: 10px;'><strong>TGAC \/ TGAC114<\/strong> &#8211; Aislador para cable de bajada<\/li>\n<\/ul><\/div>\n<\/p><\/div>\n<div style='flex: 1 1 250px; border: 1px solid rgba(150&comma; 150&comma; 150&comma; 0.4); border-radius: 8px; overflow: hidden; display: flex; flex-direction: column;'>\n<div style='padding: 15px; border-bottom: 1px solid rgba(150&comma; 150&comma; 150&comma; 0.2); font-weight: bold; font-size: 18px; color: inherit;'>Especificaciones de la Punta KDA05<\/div>\n<div style='padding: 15px; color: inherit;'>\n<p style='font-size: 14px; margin-bottom: 10px;'>Punta captadora de rayos y conductora de corriente dise\u00f1ada en aluminio de alta conductividad la que forma parte de un sistema de protecci\u00f3n externo contra tormentas el\u00e9ctricas (SEPTE)&comma; para reducir el riesgo de da\u00f1o que puede provocar un rayo.<\/p>\n<p style='font-size: 14px; margin-bottom: 10px;'>Busca reducir la incidencia de caida hasta un 95% debido a su funcionamiento magnetoactivo.<\/p>\n<p style='font-size: 14px;'>Se recomienda tomar en cuenta la Norma NMX-J-549-ANCE-2005 que sugiere que un sistema de protecci\u00f3n contra tormentas el\u00e9ctricas (SPTE) debe contar con un sistema interno de protecci\u00f3n contra tormentas el\u00e9ctricas (SIPTE) y otro externo de protecci\u00f3n contra tormentas el\u00e9ctricas (SEPTE).<\/p>\n<p style='font-size: 14px; margin-top: 10px;'>La punta KDA-05 forma parte de la protecci\u00f3n externa&comma; mientras que la parte interna corresponde a los supresores de picos transitorios (SSTT) marca Suprector de TOTAL GROUND.<\/p>\n<\/p><\/div>\n<\/p><\/div>\n<\/p><\/div>\n<div style='width: 100%; margin: 30px 0;'> <img style='width: 100%; height: auto; border: 1px solid rgba(150&comma;150&comma;150&comma;0.3); border-radius: 8px;' src='https:\/\/ftp3.syscom.mx\/usuarios\/fotos\/KDALU\/76017-kdadetalles.jpg' alt=''> <\/div>\n<div style='display: flex; flex-wrap: wrap; gap: 30px; margin-top: 40px;'>\n<div style='flex: 1 1 100%; min-width: 300px;'>\n<h3 style='font-size: 22px; border-bottom: 2px solid currentColor; padding-bottom: 5px; margin-top: 0; color: inherit; opacity: 0.8;'>Webinars Informativos<\/h3>\n<div style='margin-bottom: 30px;'>\n<div style='position: relative; padding-bottom: 56.25%; height: 0; overflow: hidden; margin-bottom: 15px;'>   <\/div>\n<p style='color: #c0392b; font-weight: bold; margin: 10px 0;'>WEBINAR 1: B\u00c1SICO DE TIERRAS F\u00cdSICAS Y PARARRAYOS (INICIA EN EL MIN.14)<\/p>\n<\/p><\/div>\n<div style='margin-bottom: 30px;'>\n<div style='position: relative; padding-bottom: 56.25%; height: 0; overflow: hidden; margin-bottom: 15px;'>   <\/div>\n<p style='color: #c0392b; font-weight: bold; margin: 10px 0;'>WEBINAR 2: INSTALACI\u00d3N DE TIERRAS F\u00cdSICAS Y PARARRAYOS<\/p>\n<\/p><\/div>\n<div style='margin-bottom: 30px;'>\n<div style='position: relative; padding-bottom: 56.25%; height: 0; overflow: hidden; margin-bottom: 15px;'>   <\/div>\n<p style='color: #c0392b; font-weight: bold; margin: 10px 0;'>WEBINAR 3: SISTEMAS DE PARARRAYO TOTAL GROUND<\/p>\n<\/p><\/div>\n<div style='text-align: center; margin-top: 30px;'> <a style='color: #2880b9; text-decoration: underline; font-size: 16px;' href='https:\/\/www.youtube.com\/watch?v=Vw8lGg4-fQk' target='_blank' rel='noopener'>Curso b\u00e1sico para selecci\u00f3n e implementaci\u00f3n de sistemas de protecci\u00f3n<\/a> <\/div>\n<\/p><\/div>\n<\/p><\/div>\n<hr style='border: 0; border-top: 1px solid rgba(150&comma; 150&comma; 150&comma; 0.3); margin: 30px 0;'> <\/div>\n","protected":false},"excerpt":{"rendered":"<p>Kit Pararrayo con Accesorios para Protecci\u00f3n de Di\u00e1metro de 300m.<\/p>\n","protected":false},"featured_media":48715,"comment_status":"open","ping_status":"closed","template":"","meta":[],"product_brand":[],"product_cat":[1161],"product_tag":[1088,1162,635],"class_list":{"0":"post-48716","1":"product","2":"type-product","3":"status-publish","4":"has-post-thumbnail","6":"product_cat-pararrayos","7":"product_tag-calidad-de-la-energia","8":"product_tag-pararrayos","9":"product_tag-total-ground","11":"first","12":"outofstock","13":"sale","14":"shipping-taxable","15":"purchasable","16":"product-type-simple"},"_links":{"self":[{"href":"https:\/\/soydeaqui.ddns.net\/pachuca\/index.php\/wp-json\/wp\/v2\/product\/48716","targetHints":{"allow":["GET"]}}],"collection":[{"href":"https:\/\/soydeaqui.ddns.net\/pachuca\/index.php\/wp-json\/wp\/v2\/product"}],"about":[{"href":"https:\/\/soydeaqui.ddns.net\/pachuca\/index.php\/wp-json\/wp\/v2\/types\/product"}],"replies":[{"embeddable":true,"href":"https:\/\/soydeaqui.ddns.net\/pachuca\/index.php\/wp-json\/wp\/v2\/comments?post=48716"}],"wp:featuredmedia":[{"embeddable":true,"href":"https:\/\/soydeaqui.ddns.net\/pachuca\/index.php\/wp-json\/wp\/v2\/media\/48715"}],"wp:attachment":[{"href":"https:\/\/soydeaqui.ddns.net\/pachuca\/index.php\/wp-json\/wp\/v2\/media?parent=48716"}],"wp:term":[{"taxonomy":"product_brand","embeddable":true,"href":"https:\/\/soydeaqui.ddns.net\/pachuca\/index.php\/wp-json\/wp\/v2\/product_brand?post=48716"},{"taxonomy":"product_cat","embeddable":true,"href":"https:\/\/soydeaqui.ddns.net\/pachuca\/index.php\/wp-json\/wp\/v2\/product_cat?post=48716"},{"taxonomy":"product_tag","embeddable":true,"href":"https:\/\/soydeaqui.ddns.net\/pachuca\/index.php\/wp-json\/wp\/v2\/product_tag?post=48716"}],"curies":[{"name":"wp","href":"https:\/\/api.w.org\/{rel}","templated":true}]}}