{"id":48653,"date":"2026-03-18T21:46:07","date_gmt":"2026-03-18T21:46:07","guid":{"rendered":"https:\/\/soydeaqui.ddns.net\/pachuca\/index.php\/producto\/certificacion-en-energia-solar-para-sistemas-isla-e-interconexion\/"},"modified":"2026-03-18T21:46:08","modified_gmt":"2026-03-18T21:46:08","slug":"certificacion-en-energia-solar-para-sistemas-isla-e-interconexion","status":"publish","type":"product","link":"https:\/\/soydeaqui.ddns.net\/pachuca\/index.php\/producto\/certificacion-en-energia-solar-para-sistemas-isla-e-interconexion\/","title":{"rendered":"Certificaci\u00f3n en Energ\u00eda Solar para Sistemas Isla e Interconexi\u00f3n"},"content":{"rendered":"<div style='width: 100%; max-width: 1200px; margin: 0 auto; font-family: sans-serif; line-height: 1.6; color: inherit; background-color: transparent;'> <!-- Secci\u00f3n de contenido con flex\/grid --> <\/p>\n<div style='display: flex; flex-wrap: wrap; gap: 30px; margin-bottom: 30px;'>\n<div style='flex: 1 1 300px; min-width: 280px;'>\n<h3 style='font-size: 22px; border-bottom: 2px solid currentColor; padding-bottom: 5px; margin-top: 0; color: inherit; opacity: 0.8;'>Requisitos<\/h3>\n<ul style='padding-left: 20px; font-size: 15px; color: inherit;'>\n<li style='margin-bottom: 5px;'>Ser Integrador Profesional Autorizado SYSCOM.<\/li>\n<li style='margin-bottom: 5px;'>\u00a1No olvides traer tu calculadora para participar en actividades pr\u00e1cticas!<\/li>\n<\/ul><\/div>\n<\/p><\/div>\n<p> <!-- Secci\u00f3n de contenido con flex\/grid --> <\/p>\n<div style='display: flex; flex-wrap: wrap; gap: 30px; margin-bottom: 30px;'>\n<div style='flex: 1 1 300px; min-width: 280px;'>\n<h3 style='font-size: 22px; border-bottom: 2px solid currentColor; padding-bottom: 5px; margin-top: 0; color: inherit; opacity: 0.8;'>A qui\u00e9n est\u00e1 dirigido<\/h3>\n<p style='font-size: 15px; color: inherit; margin-top: 0; margin-bottom: 15px;'> Este programa est\u00e1 dise\u00f1ado especialmente para Integradores Profesionales Autorizados SYSCOM que deseen potenciar sus habilidades en la implementaci\u00f3n de sistemas de seguridad y comunicaci\u00f3n utilizando Equipos de Energ\u00eda Solar. <\/p>\n<\/p><\/div>\n<\/p><\/div>\n<p> <!-- Secci\u00f3n de contenido con flex\/grid --> <\/p>\n<div style='display: flex; flex-wrap: wrap; gap: 30px; margin-bottom: 30px;'>\n<div style='flex: 1 1 300px; min-width: 280px;'>\n<h3 style='font-size: 22px; border-bottom: 2px solid currentColor; padding-bottom: 5px; margin-top: 0; color: inherit; opacity: 0.8;'>Objetivos<\/h3>\n<p style='font-size: 15px; color: inherit; margin-top: 0; margin-bottom: 15px;'> Al completar este programa&comma; los participantes estar\u00e1n capacitados para comprender y ofrecer soluciones eficientes en la alimentaci\u00f3n de equipos de comunicaci\u00f3n y seguridad mediante el uso de la Energ\u00eda Solar. <\/p>\n<\/p><\/div>\n<\/p><\/div>\n<p> <!-- Secci\u00f3n de cards con especificaciones --> <\/p>\n<div style='display: flex; flex-wrap: wrap; gap: 20px; margin-bottom: 30px;'>\n<div style='flex: 1 1 250px; border: 1px solid rgba(150&comma; 150&comma; 150&comma; 0.4); border-radius: 8px; overflow: hidden; display: flex; flex-direction: column;'>\n<div style='padding: 15px; border-bottom: 1px solid rgba(150&comma; 150&comma; 150&comma; 0.2); font-weight: bold; font-size: 18px; color: inherit;'>D\u00cdA 1<\/div>\n<div style='padding: 15px; color: inherit;'>\n<ul style='padding-left: 20px; margin: 0; font-size: 14px; list-style-type: disc;'>\n<li style='margin-bottom: 5px;'>Introducci\u00f3n a los principios b\u00e1sicos de electricidad.<\/li>\n<li style='margin-bottom: 5px;'>Circuitos el\u00e9ctricos.<\/li>\n<li style='margin-bottom: 5px;'>Aplicaci\u00f3n pr\u00e1ctica de la Ley de Ohm.<\/li>\n<li style='margin-bottom: 5px;'>Profundizaci\u00f3n en el mundo de las bater\u00edas.<\/li>\n<li style='margin-bottom: 5px;'>\u00a1Manos a la obra! C\u00e1lculos pr\u00e1cticos para sistemas reales.<\/li>\n<\/ul><\/div>\n<\/p><\/div>\n<div style='flex: 1 1 250px; border: 1px solid rgba(150&comma; 150&comma; 150&comma; 0.4); border-radius: 8px; overflow: hidden; display: flex; flex-direction: column;'>\n<div style='padding: 15px; border-bottom: 1px solid rgba(150&comma; 150&comma; 150&comma; 0.2); font-weight: bold; font-size: 18px; color: inherit;'>D\u00cdA 2<\/div>\n<div style='padding: 15px; color: inherit;'>\n<ul style='padding-left: 20px; margin: 0; font-size: 14px; list-style-type: disc;'>\n<li style='margin-bottom: 5px;'>Descubre los secretos de la captaci\u00f3n de la luz solar.<\/li>\n<li style='margin-bottom: 5px;'>Conoce los reguladores y controladores solares m\u00e1s avanzados.<\/li>\n<li style='margin-bottom: 5px;'>Explora estrategias innovadoras para el almacenamiento eficiente de la energ\u00eda solar.<\/li>\n<li style='margin-bottom: 5px;'>Convertidores Vcc a Vcc.<\/li>\n<li style='margin-bottom: 5px;'>Convi\u00e9rtete en un experto en inversores Vcc a Vca.<\/li>\n<li style='margin-bottom: 5px;'>Aplicaciones pr\u00e1cticas de energ\u00eda solar: enfoque en equipos de comunicaci\u00f3n y sistemas de seguridad.<\/li>\n<li style='margin-bottom: 5px;'>\u00a1Proyecto en acci\u00f3n! Instalaciones con energ\u00eda solar: desde la teor\u00eda a la pr\u00e1ctica.<\/li>\n<\/ul><\/div>\n<\/p><\/div>\n<\/p><\/div>\n<p> <!-- Secci\u00f3n de contenido con flex\/grid --> <\/p>\n<div style='display: flex; flex-wrap: wrap; gap: 30px; margin-bottom: 30px;'>\n<div style='flex: 1 1 300px; min-width: 280px;'>\n<p style='font-size: 15px; color: inherit; margin-top: 0; margin-bottom: 15px;'> Este entrenamiento combina teor\u00eda y pr\u00e1ctica para que cada participante se sumerja en experiencias interactivas&comma; promoviendo un aprendizaje activo y efectivo. \u00a1Prep\u00e1rate para una experiencia din\u00e1mica que potenciar\u00e1 tus habilidades como Integrador Profesional Autorizado SYSCOM! <\/p>\n<\/p><\/div>\n<\/p><\/div>\n<p> <!-- Separador --> <\/p>\n<hr style='border: 0; border-top: 1px solid rgba(150&comma; 150&comma; 150&comma; 0.3); margin: 30px 0;'> <\/div>\n","protected":false},"excerpt":{"rendered":"<p>Certificaci\u00f3n en Energ\u00eda Solar para Sistemas Isla e Interconexi\u00f3n<\/p>\n","protected":false},"featured_media":48652,"comment_status":"open","ping_status":"closed","template":"","meta":[],"product_brand":[],"product_cat":[1196],"product_tag":[964,1197,63],"class_list":{"0":"post-48653","1":"product","2":"type-product","3":"status-publish","4":"has-post-thumbnail","6":"product_cat-kit-solar-sistema-aislado","7":"product_tag-energia-solar","8":"product_tag-kit-solar-sistema-aislado","9":"product_tag-syscom","11":"first","12":"instock","13":"sale","14":"shipping-taxable","15":"purchasable","16":"product-type-simple"},"_links":{"self":[{"href":"https:\/\/soydeaqui.ddns.net\/pachuca\/index.php\/wp-json\/wp\/v2\/product\/48653","targetHints":{"allow":["GET"]}}],"collection":[{"href":"https:\/\/soydeaqui.ddns.net\/pachuca\/index.php\/wp-json\/wp\/v2\/product"}],"about":[{"href":"https:\/\/soydeaqui.ddns.net\/pachuca\/index.php\/wp-json\/wp\/v2\/types\/product"}],"replies":[{"embeddable":true,"href":"https:\/\/soydeaqui.ddns.net\/pachuca\/index.php\/wp-json\/wp\/v2\/comments?post=48653"}],"wp:featuredmedia":[{"embeddable":true,"href":"https:\/\/soydeaqui.ddns.net\/pachuca\/index.php\/wp-json\/wp\/v2\/media\/48652"}],"wp:attachment":[{"href":"https:\/\/soydeaqui.ddns.net\/pachuca\/index.php\/wp-json\/wp\/v2\/media?parent=48653"}],"wp:term":[{"taxonomy":"product_brand","embeddable":true,"href":"https:\/\/soydeaqui.ddns.net\/pachuca\/index.php\/wp-json\/wp\/v2\/product_brand?post=48653"},{"taxonomy":"product_cat","embeddable":true,"href":"https:\/\/soydeaqui.ddns.net\/pachuca\/index.php\/wp-json\/wp\/v2\/product_cat?post=48653"},{"taxonomy":"product_tag","embeddable":true,"href":"https:\/\/soydeaqui.ddns.net\/pachuca\/index.php\/wp-json\/wp\/v2\/product_tag?post=48653"}],"curies":[{"name":"wp","href":"https:\/\/api.w.org\/{rel}","templated":true}]}}