{"id":48630,"date":"2026-03-18T21:45:27","date_gmt":"2026-03-18T21:45:27","guid":{"rendered":"https:\/\/soydeaqui.ddns.net\/pachuca\/index.php\/producto\/kit-de-tierra-fisica-con-electrodo-magnetoactivo-capacidad-max-400-amp-2\/"},"modified":"2026-03-18T21:45:28","modified_gmt":"2026-03-18T21:45:28","slug":"kit-de-tierra-fisica-con-electrodo-magnetoactivo-capacidad-max-400-amp-2","status":"publish","type":"product","link":"https:\/\/soydeaqui.ddns.net\/pachuca\/index.php\/producto\/kit-de-tierra-fisica-con-electrodo-magnetoactivo-capacidad-max-400-amp-2\/","title":{"rendered":"Kit de Tierra F\u00edsica Con Electrodo Magnetoactivo Capacidad Max: 400 AMP"},"content":{"rendered":"<div style='width: 100%; max-width: 1200px; margin: 0 auto; font-family: sans-serif; line-height: 1.6; color: inherit; background-color: transparent;'>\n<div style='text-align: center; margin-bottom: 30px;'> <img style='width: 100%; max-width: 600px; height: auto; border: 1px solid rgba(150&comma;150&comma;150&comma;0.3); border-radius: 8px;' src='https:\/\/ftp3.syscom.mx\/usuarios\/fotos\/TG45AB\/75917-logo_total_ground.png' alt='Logo Total Ground'> <\/div>\n<div style='margin-bottom: 30px;'>\n<p>Los electrodos de puesta a tierra marca <strong>TOTAL GROUND<\/strong> deben ser instalados en conjunto con nuestro compuesto mejorador de tierra para asegurar una resistencia menor a 2 Ohm (en la mayor\u00eda de los casos) y una instalaci\u00f3n <strong>libre de mantenimiento correctivo hasta por 20 a\u00f1os.<\/strong><\/p>\n<p style='text-align: center;'>Los electrodos magnetoactivos incluyen una br\u00fajula y nivel para asegurar una integraci\u00f3n profesional.<\/p>\n<\/p><\/div>\n<div style='margin-bottom: 30px;'>\n<h3 style='font-size: 24px; border-bottom: 2px solid currentColor; padding-bottom: 5px; margin-top: 0; margin-bottom: 20px; color: inherit; opacity: 0.8; text-align: center;'><span style='color: #c0392b;'>CARACTER\u00cdSTICAS<\/span><\/h3>\n<div style='display: flex; flex-wrap: wrap; gap: 30px;'>\n<div style='flex: 1 1 300px; min-width: 280px;'> <img style='width: 100%; height: auto; border: 1px solid rgba(150&comma;150&comma;150&comma;0.3); border-radius: 8px;' src='https:\/\/ftp3.syscom.mx\/usuarios\/fotos\/TG400K\/75939-electrodo_400k.png' alt='Electrodo'> <\/p>\n<div style='border-top: 5px solid #DF001D; padding: 15px;'>\n<h4 style='color: gray; margin-top: 0;'>Electrodo<\/h4>\n<p>Electrodo de puesta a tierra marca TOTAL GROUND modelo TG-400K. Elaborado de cobre electrol\u00edtico altamente conductivo&comma; tratado especialmente para retardar los efectos de la corrosi\u00f3n.<\/p>\n<\/p><\/div>\n<\/p><\/div>\n<div style='flex: 1 1 300px; min-width: 280px;'> <img style='width: 100%; height: auto; border: 1px solid rgba(150&comma;150&comma;150&comma;0.3); border-radius: 8px;' src='https:\/\/ftp3.syscom.mx\/usuarios\/fotos\/TG45AB\/75917-h20hm.png' alt='Compuesto H2OHM'> <\/p>\n<div style='border-top: 5px solid #DF001D; padding: 15px;'>\n<h4 style='color: gray; margin-top: 0;'>Compuesto H2OHM<\/h4>\n<p>H2Ohm base org\u00e1nica&comma; elaborado con material higrosc\u00f3pico coagulante de humedad que cuenta con certificado de pruebas de LAPEM y certificado de laboratorio acreditado ante EMA&comma; con valores dentro de la norma CRETIB de no toxicidad ni da\u00f1o al medio ambiente<\/p>\n<\/p><\/div>\n<\/p><\/div>\n<div style='flex: 1 1 300px; min-width: 280px;'> <img style='width: 100%; height: auto; border: 1px solid rgba(150&comma;150&comma;150&comma;0.3); border-radius: 8px;' src='https:\/\/ftp3.syscom.mx\/usuarios\/fotos\/TG400K\/75939-acoplador_400k.png' alt='Acoplador de Impedancia'> <\/p>\n<div style='border-top: 5px solid #DF001D; padding: 15px;'>\n<h4 style='color: gray; margin-top: 0;'>Acoplador de Impedancias<\/h4>\n<p>Acoplador de impedancias marca TOTAL GROUND modelo TGC01 con capacidad de 1500A; en gabinete NEMA 4 de 20 x 30 x 12 cm.<\/p>\n<\/p><\/div>\n<\/p><\/div>\n<\/p><\/div>\n<\/p><\/div>\n<div style='margin-bottom: 30px;'>\n<h3 style='font-size: 20px; border-bottom: 2px solid currentColor; padding-bottom: 5px; margin-top: 0; margin-bottom: 15px; color: inherit; opacity: 0.8;'><span style='color: #c0392b;'>DESCRIPCI\u00d3N<\/span><\/h3>\n<ul style='padding-left: 20px; font-size: 14px; color: inherit;'>\n<li><strong>Unidad de Medida:<\/strong> Kit<\/li>\n<li><strong>Descripci\u00f3n:<\/strong> Electrodo Magnetoactivo.<\/li>\n<li><strong>Capacidad:<\/strong> 400 Amperes.<\/li>\n<\/ul><\/div>\n<div style='margin-bottom: 30px;'>\n<h3 style='font-size: 20px; border-bottom: 2px solid currentColor; padding-bottom: 5px; margin-top: 0; margin-bottom: 15px; color: inherit; opacity: 0.8;'><span style='color: #c0392b;'>APLICACIONES RECOMENDADAS<\/span><\/h3>\n<p>El electrodo <strong>TG-400K<\/strong> se utiliza para la puesta a tierra de:<\/p>\n<ul style='padding-left: 20px; font-size: 14px; color: inherit;'>\n<li>SITES de c\u00f3mputo. (<span style='color: #e74c3c;'>Consultar Gu\u00eda de Selecci\u00f3n<\/span>).<\/li>\n<li>Transformadores. (<span style='color: #e74c3c;'>Consultar Gu\u00eda de Selecci\u00f3n<\/span>).<\/li>\n<li>Racks de telecomunicaciones.<\/li>\n<li>Sistemas satelitales.<\/li>\n<li>Sistemas de radio frecuencia.<\/li>\n<li>Sistemas de control industrial.<\/li>\n<\/ul><\/div>\n<div style='margin-bottom: 30px;'>\n<h3 style='font-size: 20px; border-bottom: 2px solid currentColor; padding-bottom: 5px; margin-top: 0; margin-bottom: 15px; color: inherit; opacity: 0.8;'><span style='color: #c0392b;'>Incluye los siguientes componentes<\/span><\/h3>\n<div style='display: flex; flex-wrap: wrap; gap: 20px;'>\n<div style='flex: 1 1 300px; border: 1px solid rgba(150&comma; 150&comma; 150&comma; 0.4); border-radius: 8px; overflow: hidden;'>\n<div style='padding: 15px; border-bottom: 1px solid rgba(150&comma; 150&comma; 150&comma; 0.2); font-weight: bold; font-size: 16px; color: inherit; background-color: #f8f8f8;'>Componente<\/div>\n<div style='padding: 15px; color: inherit;'>\n<p style='margin: 0;'><strong>Cantidad:<\/strong> 1<\/p>\n<p style='margin: 0;'><strong>Modelo:<\/strong> <a style='color: #2880b9; text-decoration: none;' href='https:\/\/www.syscom.mx\/producto\/ANTIOX-TOTAL-GROUND-75931.html' target='_blank' rel='noopener'>TG400K<\/a><\/p>\n<p style='margin: 0;'><strong>Descripci\u00f3n:<\/strong> Electrodo<\/p>\n<\/p><\/div>\n<\/p><\/div>\n<div style='flex: 1 1 300px; border: 1px solid rgba(150&comma; 150&comma; 150&comma; 0.4); border-radius: 8px; overflow: hidden;'>\n<div style='padding: 15px; border-bottom: 1px solid rgba(150&comma; 150&comma; 150&comma; 0.2); font-weight: bold; font-size: 16px; color: inherit; background-color: #f8f8f8;'>Componente<\/div>\n<div style='padding: 15px; color: inherit;'>\n<p style='margin: 0;'><strong>Cantidad:<\/strong> 1<\/p>\n<p style='margin: 0;'><strong>Modelo:<\/strong> <a style='color: #2880b9; text-decoration: none;' href='https:\/\/www.syscom.mx\/producto\/ANTIOX-TOTAL-GROUND-75931.html' target='_blank' rel='noopener'>TGC01<\/a><\/p>\n<p style='margin: 0;'><strong>Descripci\u00f3n:<\/strong> Acoplador<\/p>\n<\/p><\/div>\n<\/p><\/div>\n<div style='flex: 1 1 300px; border: 1px solid rgba(150&comma; 150&comma; 150&comma; 0.4); border-radius: 8px; overflow: hidden;'>\n<div style='padding: 15px; border-bottom: 1px solid rgba(150&comma; 150&comma; 150&comma; 0.2); font-weight: bold; font-size: 16px; color: inherit; background-color: #f8f8f8;'>Componente<\/div>\n<div style='padding: 15px; color: inherit;'>\n<p style='margin: 0;'><strong>Cantidad:<\/strong> 1<\/p>\n<p style='margin: 0;'><strong>Modelo:<\/strong> &#8212;<\/p>\n<p style='margin: 0;'><strong>Descripci\u00f3n:<\/strong> Br\u00fajula y nivel<\/p>\n<\/p><\/div>\n<\/p><\/div>\n<div style='flex: 1 1 300px; border: 1px solid rgba(150&comma; 150&comma; 150&comma; 0.4); border-radius: 8px; overflow: hidden;'>\n<div style='padding: 15px; border-bottom: 1px solid rgba(150&comma; 150&comma; 150&comma; 0.2); font-weight: bold; font-size: 16px; color: inherit; background-color: #f8f8f8;'>Componente<\/div>\n<div style='padding: 15px; color: inherit;'>\n<p style='margin: 0;'><strong>Cantidad:<\/strong> 1<\/p>\n<p style='margin: 0;'><strong>Modelo:<\/strong> <a style='color: #2880b9; text-decoration: none;' href='https:\/\/www.syscom.mx\/producto\/H2O-HM-TOTAL-GROUND-75920.html' target='_blank' rel='noopener'>H20HM<\/a><\/p>\n<p style='margin: 0;'><strong>Descripci\u00f3n:<\/strong> Saco de 11 Kg de mejorador de suelo<\/p>\n<\/p><\/div>\n<\/p><\/div>\n<div style='flex: 1 1 300px; border: 1px solid rgba(150&comma; 150&comma; 150&comma; 0.4); border-radius: 8px; overflow: hidden;'>\n<div style='padding: 15px; border-bottom: 1px solid rgba(150&comma; 150&comma; 150&comma; 0.2); font-weight: bold; font-size: 16px; color: inherit; background-color: #f8f8f8;'>Componente<\/div>\n<div style='padding: 15px; color: inherit;'>\n<p style='margin: 0;'><strong>Cantidad:<\/strong> 1<\/p>\n<p style='margin: 0;'><strong>Modelo:<\/strong> <a style='color: #2880b9; text-decoration: none;' href='https:\/\/www.syscom.mx\/producto\/S-610-TOTAL-GROUND-75929.html' target='_blank' rel='noopener'>S610<\/a><\/p>\n<p style='margin: 0;'><strong>Descripci\u00f3n:<\/strong> Registro para electrodo<\/p>\n<\/p><\/div>\n<\/p><\/div>\n<div style='flex: 1 1 300px; border: 1px solid rgba(150&comma; 150&comma; 150&comma; 0.4); border-radius: 8px; overflow: hidden;'>\n<div style='padding: 15px; border-bottom: 1px solid rgba(150&comma; 150&comma; 150&comma; 0.2); font-weight: bold; font-size: 16px; color: inherit; background-color: #f8f8f8;'>Componente<\/div>\n<div style='padding: 15px; color: inherit;'>\n<p style='margin: 0;'><strong>Cantidad:<\/strong> 5<\/p>\n<p style='margin: 0;'><strong>Modelo:<\/strong> <a style='color: #2880b9; text-decoration: none;' href='https:\/\/www.syscom.mx\/producto\/TG-CR11-TOTAL-GROUND-76026.html' target='_blank' rel='noopener'>TGCR11<\/a><\/p>\n<p style='margin: 0;'><strong>Descripci\u00f3n:<\/strong> Conector de Bronce<\/p>\n<\/p><\/div>\n<\/p><\/div>\n<div style='flex: 1 1 300px; border: 1px solid rgba(150&comma; 150&comma; 150&comma; 0.4); border-radius: 8px; overflow: hidden;'>\n<div style='padding: 15px; border-bottom: 1px solid rgba(150&comma; 150&comma; 150&comma; 0.2); font-weight: bold; font-size: 16px; color: inherit; background-color: #f8f8f8;'>Componente<\/div>\n<div style='padding: 15px; color: inherit;'>\n<p style='margin: 0;'><strong>Cantidad:<\/strong> 2<\/p>\n<p style='margin: 0;'><strong>Modelo:<\/strong> <a style='color: #2880b9; text-decoration: none;' href='https:\/\/www.syscom.mx\/producto\/TG-AB18-TOTAL-GROUND-76028.html' target='_blank' rel='noopener'>TGAB18<\/a><\/p>\n<p style='margin: 0;'><strong>Descripci\u00f3n:<\/strong> Conector de Varilla<\/p>\n<\/p><\/div>\n<\/p><\/div>\n<div style='flex: 1 1 300px; border: 1px solid rgba(150&comma; 150&comma; 150&comma; 0.4); border-radius: 8px; overflow: hidden;'>\n<div style='padding: 15px; border-bottom: 1px solid rgba(150&comma; 150&comma; 150&comma; 0.2); font-weight: bold; font-size: 16px; color: inherit; background-color: #f8f8f8;'>Componente<\/div>\n<div style='padding: 15px; color: inherit;'>\n<p style='margin: 0;'><strong>Cantidad:<\/strong> 1<\/p>\n<p style='margin: 0;'><strong>Modelo:<\/strong> <a style='color: #2880b9; text-decoration: none;' href='https:\/\/www.syscom.mx\/producto\/TG-BUS-G10-TOTAL-GROUND-75914.html' target='_blank' rel='noopener'>TGBUSG10<\/a><\/p>\n<p style='margin: 0;'><strong>Descripci\u00f3n:<\/strong> Barra de uni\u00f3n de 7-7\/8&#8242; x 2&#8242; x 1\/4&#8242; con aisladores de 1000A de capacidad<\/p>\n<\/p><\/div>\n<\/p><\/div>\n<\/p><\/div>\n<\/p><\/div>\n<div style='margin-bottom: 30px;'>\n<h3 style='font-size: 20px; border-bottom: 2px solid currentColor; padding-bottom: 5px; margin-top: 0; margin-bottom: 15px; color: inherit; opacity: 0.8;'><span style='color: #c0392b;'>Accesorios complementarios (No incluido)<\/span><\/h3>\n<div style='display: flex; flex-wrap: wrap; gap: 20px;'>\n<div style='flex: 1 1 300px; border: 1px solid rgba(150&comma; 150&comma; 150&comma; 0.4); border-radius: 8px; overflow: hidden;'>\n<div style='padding: 15px; border-bottom: 1px solid rgba(150&comma; 150&comma; 150&comma; 0.2); font-weight: bold; font-size: 16px; color: inherit; background-color: #f8f8f8;'>Accesorio<\/div>\n<div style='padding: 15px; color: inherit;'>\n<p style='margin: 0;'><strong>Cantidad:<\/strong> 1<\/p>\n<p style='margin: 0;'><strong>Modelo:<\/strong> <a style='color: #2880b9; text-decoration: none;' href='https:\/\/www.syscom.mx\/producto\/SLY-343-BLK-INDIANA-176874.html' target='_blank' rel='noopener'>SLY343BLK<\/a><\/p>\n<p style='margin: 0;'><strong>Descripci\u00f3n:<\/strong> Cable de cobre recubierto THW-SL Calibre 1\/0 AWG<\/p>\n<\/p><\/div>\n<\/p><\/div>\n<div style='flex: 1 1 300px; border: 1px solid rgba(150&comma; 150&comma; 150&comma; 0.4); border-radius: 8px; overflow: hidden;'>\n<div style='padding: 15px; border-bottom: 1px solid rgba(150&comma; 150&comma; 150&comma; 0.2); font-weight: bold; font-size: 16px; color: inherit; background-color: #f8f8f8;'>Accesorio<\/div>\n<div style='padding: 15px; color: inherit;'>\n<p style='margin: 0;'><strong>Cantidad:<\/strong> 1<\/p>\n<p style='margin: 0;'><strong>Modelo:<\/strong> <a style='color: #2880b9; text-decoration: none;' href='https:\/\/www.syscom.mx\/producto\/TG-BUE-10-TOTAL-GROUND-75913.html' target='_blank' rel='noopener'>TGBUE10<\/a><\/p>\n<p style='margin: 0;'><strong>Descripci\u00f3n:<\/strong> Barra de uni\u00f3n y distribuci\u00f3n de hilos<\/p>\n<\/p><\/div>\n<\/p><\/div>\n<\/p><\/div>\n<\/p><\/div>\n<div style='margin-bottom: 30px;'>\n<h3 style='font-size: 24px; border-bottom: 2px solid currentColor; padding-bottom: 5px; margin-top: 0; margin-bottom: 20px; color: inherit; opacity: 0.8; text-align: center;'><span style='color: #c0392b;'>Curso B\u00e1sico para Selecci\u00f3n e Implementaci\u00f3n de Sistemas de Protecci\u00f3n<\/span><\/h3>\n<div style='display: flex; flex-wrap: wrap; gap: 30px; justify-content: center;'>\n<div style='flex: 1 1 300px; min-width: 280px; max-width: 560px; position: relative; padding-bottom: 56.25%; height: 0; overflow: hidden;'>   <\/div>\n<div style='flex: 1 1 300px; min-width: 280px; max-width: 560px; position: relative; padding-bottom: 56.25%; height: 0; overflow: hidden;'>   <\/div>\n<\/p><\/div>\n<\/p><\/div>\n<div style='margin-bottom: 30px;'>\n<h3 style='font-size: 24px; border-bottom: 2px solid currentColor; padding-bottom: 5px; margin-top: 0; margin-bottom: 20px; color: inherit; opacity: 0.8; text-align: center;'><span style='color: #c0392b;'>Webinars de Sistemas de Puesta a Tierra y Pararrayos<\/span><\/h3>\n<div style='display: flex; flex-wrap: wrap; gap: 30px; justify-content: center;'>\n<div style='flex: 1 1 300px; min-width: 280px; max-width: 370px;'>\n<div style='position: relative; padding-bottom: 56.25%; height: 0; overflow: hidden; margin-bottom: 15px;'>   <\/div>\n<div style='text-align: center; font-weight: bold; color: #333333; font-size: 14px; line-height: 20.8px;'>WEBINAR2: INSTALACI\u00d3N DE TIERRAS F\u00cdSICAS Y PARARRAYOS.<\/div>\n<\/p><\/div>\n<div style='flex: 1 1 300px; min-width: 280px; max-width: 370px;'>\n<div style='position: relative; padding-bottom: 56.25%; height: 0; overflow: hidden; margin-bottom: 15px;'>   <\/div>\n<div style='text-align: center; font-weight: bold; color: #333333; font-size: 14px; line-height: 20.8px;'>WEBINAR2: INSTALACI\u00d3N DE TIERRAS F\u00cdSICAS Y PARARRAYOS.<\/div>\n<\/p><\/div>\n<div style='flex: 1 1 300px; min-width: 280px; max-width: 370px;'>\n<div style='position: relative; padding-bottom: 56.25%; height: 0; overflow: hidden; margin-bottom: 15px;'>   <\/div>\n<div style='text-align: center; font-weight: bold; color: #333333; font-size: 14px; line-height: 20.8px;'>WEBINAR3: SISTEMAS DE PARARRAYO TOTAL GROUND<\/div>\n<\/p><\/div>\n<\/p><\/div>\n<\/p><\/div>\n<\/p><\/div>\n","protected":false},"excerpt":{"rendered":"<p>Kit de Tierra F\u00edsica Con Electrodo Magnetoactivo Capacidad Max: 400 AMP<\/p>\n","protected":false},"featured_media":48629,"comment_status":"open","ping_status":"closed","template":"","meta":[],"product_brand":[],"product_cat":[1131],"product_tag":[1088,1132,635],"class_list":{"0":"post-48630","1":"product","2":"type-product","3":"status-publish","4":"has-post-thumbnail","6":"product_cat-tierras-fisicas","7":"product_tag-calidad-de-la-energia","8":"product_tag-tierras-fisicas","9":"product_tag-total-ground","11":"first","12":"outofstock","13":"sale","14":"shipping-taxable","15":"purchasable","16":"product-type-simple"},"_links":{"self":[{"href":"https:\/\/soydeaqui.ddns.net\/pachuca\/index.php\/wp-json\/wp\/v2\/product\/48630","targetHints":{"allow":["GET"]}}],"collection":[{"href":"https:\/\/soydeaqui.ddns.net\/pachuca\/index.php\/wp-json\/wp\/v2\/product"}],"about":[{"href":"https:\/\/soydeaqui.ddns.net\/pachuca\/index.php\/wp-json\/wp\/v2\/types\/product"}],"replies":[{"embeddable":true,"href":"https:\/\/soydeaqui.ddns.net\/pachuca\/index.php\/wp-json\/wp\/v2\/comments?post=48630"}],"wp:featuredmedia":[{"embeddable":true,"href":"https:\/\/soydeaqui.ddns.net\/pachuca\/index.php\/wp-json\/wp\/v2\/media\/48629"}],"wp:attachment":[{"href":"https:\/\/soydeaqui.ddns.net\/pachuca\/index.php\/wp-json\/wp\/v2\/media?parent=48630"}],"wp:term":[{"taxonomy":"product_brand","embeddable":true,"href":"https:\/\/soydeaqui.ddns.net\/pachuca\/index.php\/wp-json\/wp\/v2\/product_brand?post=48630"},{"taxonomy":"product_cat","embeddable":true,"href":"https:\/\/soydeaqui.ddns.net\/pachuca\/index.php\/wp-json\/wp\/v2\/product_cat?post=48630"},{"taxonomy":"product_tag","embeddable":true,"href":"https:\/\/soydeaqui.ddns.net\/pachuca\/index.php\/wp-json\/wp\/v2\/product_tag?post=48630"}],"curies":[{"name":"wp","href":"https:\/\/api.w.org\/{rel}","templated":true}]}}