{"id":48618,"date":"2026-03-18T21:45:11","date_gmt":"2026-03-18T21:45:11","guid":{"rendered":"https:\/\/soydeaqui.ddns.net\/pachuca\/index.php\/producto\/modulo-de-transientes-suprector-clase-b-para-supresores-de-320-kva-con-voltaje-de-operacion-220-380\/"},"modified":"2026-03-18T21:45:11","modified_gmt":"2026-03-18T21:45:11","slug":"modulo-de-transientes-suprector-clase-b-para-supresores-de-320-kva-con-voltaje-de-operacion-220-380","status":"publish","type":"product","link":"https:\/\/soydeaqui.ddns.net\/pachuca\/index.php\/producto\/modulo-de-transientes-suprector-clase-b-para-supresores-de-320-kva-con-voltaje-de-operacion-220-380\/","title":{"rendered":"Modulo de transientes SUPRECTOR clase B para supresores de 320 KVA con voltaje de operaci\u00f3n 220\/380"},"content":{"rendered":"<div style='width: 100%; max-width: 1200px; margin: 0 auto; font-family: sans-serif; line-height: 1.6; color: inherit; background-color: transparent;'> <!-- Imagen de marca --> <\/p>\n<div style='margin-bottom: 30px;'> <img style='width: 100%; height: auto; border: 1px solid rgba(150&comma;150&comma;150&comma;0.3); border-radius: 8px;' src='https:\/\/ftp3.syscom.mx\/usuarios\/fotos\/TG45AB\/75917-logo_total_ground.png' alt='Logo Total Ground'> <\/div>\n<p> <!-- Descripci\u00f3n principal --> <\/p>\n<div style='margin-bottom: 30px;'>\n<p style='text-align: justify; font-size: 15px; color: inherit;'> Los m\u00f3dulos SUPRECTOR de la marca <strong style='color: inherit;'>TOTAL GROUND<\/strong> est\u00e1n dise\u00f1ados para brindar la mejor protecci\u00f3n eliminando los picos transitorios de la l\u00ednea provocados por diversos factores. <\/p>\n<\/p><\/div>\n<p> <!-- Secci\u00f3n de contenido con grid --> <\/p>\n<div style='display: grid; grid-template-columns: repeat(auto-fill&comma; minmax(280px&comma; 1fr)); gap: 30px; margin-bottom: 30px;'> <!-- Especificaciones --> <\/p>\n<div style='flex: 1 1 300px; min-width: 280px;'>\n<h3 style='font-size: 20px; border-bottom: 2px solid currentColor; padding-bottom: 5px; margin-top: 0; color: inherit; opacity: 0.8;'>Especificaciones<\/h3>\n<ul style='padding-left: 20px; font-size: 14px; color: inherit;'>\n<li style='margin-bottom: 5px;'><span style='color: inherit;'>Fabricados en diferente rango de capacidades para satisfacer las distintas necesidades de protecci\u00f3n.<\/span><\/li>\n<li style='margin-bottom: 5px;'><span style='color: inherit;'>Cuentan con un fusible t\u00e9rmico de alta precisi\u00f3n que en caso de una sobre carga de corriente abre el circuito&comma; evitando as\u00ed el desprendimiento de flama y la posibilidad de que el varistor quede en corto.<\/span><\/li>\n<\/ul><\/div>\n<p> <!-- Caracter\u00edsticas --> <\/p>\n<div style='flex: 1 1 300px; min-width: 280px;'>\n<h3 style='font-size: 20px; border-bottom: 2px solid currentColor; padding-bottom: 5px; margin-top: 0; color: inherit; opacity: 0.8;'>Caracter\u00edsticas<\/h3>\n<ul style='padding-left: 20px; font-size: 14px; color: inherit;'>\n<li style='margin-bottom: 5px;'><span style='color: inherit;'>M\u00f3dulos de pol\u00edmero ABS&comma; Flame Rating: UL94V-0.<\/span><\/li>\n<li style='margin-bottom: 5px;'><span style='color: inherit;'>Leds indicadores de estado de protecci\u00f3n activo en tiempo real (M\u00f3dulos II).<\/span><\/li>\n<li style='margin-bottom: 5px;'><span style='color: inherit;'>Voltaje de operaci\u00f3n: 220\/380 Vca.<\/span><\/li>\n<li style='margin-bottom: 5px;'><span style='color: inherit;'>Dimensiones: 12.5 \u00d7 5.3 \u00d7 5.9 cm.<\/span><\/li>\n<li style='margin-bottom: 5px;'><span style='color: inherit;'>Temperatura de operaci\u00f3n: 10\u00b0C ~ 85\u00b0C.<\/span><\/li>\n<li style='margin-bottom: 5px;'><span style='color: inherit;'>Humedad relativa: 0% ~ 95%<\/span><\/li>\n<\/ul><\/div>\n<p> <!-- Aplicaciones y Beneficios --> <\/p>\n<div style='flex: 1 1 300px; min-width: 280px;'>\n<h3 style='font-size: 20px; border-bottom: 2px solid currentColor; padding-bottom: 5px; margin-top: 0; color: inherit; opacity: 0.8;'>Aplicaciones y Beneficios<\/h3>\n<ul style='padding-left: 20px; font-size: 14px; color: inherit;'>\n<li style='margin-bottom: 5px;'><span style='color: inherit;'>Reemplazo inmediato de m\u00f3dulos da\u00f1ados de la l\u00ednea de supresores (Suprector).<\/span><\/li>\n<li style='margin-bottom: 5px;'><span style='color: inherit;'>F\u00e1cil Instalaci\u00f3n.<\/span><\/li>\n<\/ul><\/div>\n<\/p><\/div>\n<p> <!-- Separador --> <\/p>\n<hr style='border: 0; border-top: 1px solid rgba(150&comma; 150&comma; 150&comma; 0.3); margin: 30px 0;'> <\/div>\n","protected":false},"excerpt":{"rendered":"<p>Modulo de transientes SUPRECTOR clase B para supresores de 320 KVA con voltaje de operaci\u00f3n 220\/380<\/p>\n","protected":false},"featured_media":48617,"comment_status":"open","ping_status":"closed","template":"","meta":[],"product_brand":[],"product_cat":[1244],"product_tag":[1088,1245,635],"class_list":{"0":"post-48618","1":"product","2":"type-product","3":"status-publish","4":"has-post-thumbnail","6":"product_cat-supresor-de-picos-vca","7":"product_tag-calidad-de-la-energia","8":"product_tag-supresor-de-picos-vca","9":"product_tag-total-ground","11":"first","12":"instock","13":"sale","14":"shipping-taxable","15":"purchasable","16":"product-type-simple"},"_links":{"self":[{"href":"https:\/\/soydeaqui.ddns.net\/pachuca\/index.php\/wp-json\/wp\/v2\/product\/48618","targetHints":{"allow":["GET"]}}],"collection":[{"href":"https:\/\/soydeaqui.ddns.net\/pachuca\/index.php\/wp-json\/wp\/v2\/product"}],"about":[{"href":"https:\/\/soydeaqui.ddns.net\/pachuca\/index.php\/wp-json\/wp\/v2\/types\/product"}],"replies":[{"embeddable":true,"href":"https:\/\/soydeaqui.ddns.net\/pachuca\/index.php\/wp-json\/wp\/v2\/comments?post=48618"}],"wp:featuredmedia":[{"embeddable":true,"href":"https:\/\/soydeaqui.ddns.net\/pachuca\/index.php\/wp-json\/wp\/v2\/media\/48617"}],"wp:attachment":[{"href":"https:\/\/soydeaqui.ddns.net\/pachuca\/index.php\/wp-json\/wp\/v2\/media?parent=48618"}],"wp:term":[{"taxonomy":"product_brand","embeddable":true,"href":"https:\/\/soydeaqui.ddns.net\/pachuca\/index.php\/wp-json\/wp\/v2\/product_brand?post=48618"},{"taxonomy":"product_cat","embeddable":true,"href":"https:\/\/soydeaqui.ddns.net\/pachuca\/index.php\/wp-json\/wp\/v2\/product_cat?post=48618"},{"taxonomy":"product_tag","embeddable":true,"href":"https:\/\/soydeaqui.ddns.net\/pachuca\/index.php\/wp-json\/wp\/v2\/product_tag?post=48618"}],"curies":[{"name":"wp","href":"https:\/\/api.w.org\/{rel}","templated":true}]}}