{"id":48616,"date":"2026-03-18T21:45:08","date_gmt":"2026-03-18T21:45:08","guid":{"rendered":"https:\/\/soydeaqui.ddns.net\/pachuca\/index.php\/producto\/modulo-de-transientes-suprector-clase-c-para-supresores-de-200-kva-con-voltaje-de-operacion-127-220\/"},"modified":"2026-03-18T21:45:09","modified_gmt":"2026-03-18T21:45:09","slug":"modulo-de-transientes-suprector-clase-c-para-supresores-de-200-kva-con-voltaje-de-operacion-127-220","status":"publish","type":"product","link":"https:\/\/soydeaqui.ddns.net\/pachuca\/index.php\/producto\/modulo-de-transientes-suprector-clase-c-para-supresores-de-200-kva-con-voltaje-de-operacion-127-220\/","title":{"rendered":"M\u00f3dulo de transientes SUPRECTOR clase C para supresores de 200 KVA con voltaje de operaci\u00f3n 127\/220"},"content":{"rendered":"<div style='width: 100%; max-width: 1200px; margin: 0 auto; font-family: sans-serif; line-height: 1.6; color: inherit; background-color: transparent;'> <img style='width: 100%; height: auto; border: 1px solid rgba(150&comma;150&comma;150&comma;0.3); border-radius: 8px; display: block; margin: 0 auto;' src='https:\/\/ftp3.syscom.mx\/usuarios\/fotos\/TG45AB\/75917-logo_total_ground.png' alt=''> <\/p>\n<p style='text-align: justify; font-size: 15px; margin: 30px 0 20px; color: inherit;'>Los modulos SUPRECTOR de la marca <strong style='color: inherit;'>TOTAL GROUND<\/strong> est\u00e1n dise\u00f1ados para brindar la mejor protecci\u00f3n eliminando los picos transitorios de la l\u00ednea provocados por diversos factores.<\/p>\n<div style='display: flex; flex-wrap: wrap; gap: 30px; margin-bottom: 30px;'>\n<div style='flex: 1 1 300px; min-width: 280px;'>\n<h3 style='font-size: 22px; border-bottom: 2px solid currentColor; padding-bottom: 5px; margin-top: 0; color: inherit; opacity: 0.8;'>Especificaciones<\/h3>\n<ul style='padding-left: 20px; font-size: 15px; color: inherit; list-style-type: disc;'>\n<li style='margin-bottom: 5px; text-align: justify;'>Fabricados en diferente rango de capacidades para satisfacer las distintas necesidades de protecci\u00f3n.<\/li>\n<li style='margin-bottom: 5px; text-align: justify;'>Cuentan con un fusible t\u00e9rmico de alta precisi\u00f3n que en caso de una sobre carga de corriente abre el circuito&comma; evitando as\u00ed el desprendimiento de flama y la posibilidad de que el varistor quede en corto.<\/li>\n<\/ul><\/div>\n<div style='flex: 1 1 300px; min-width: 280px;'>\n<h3 style='font-size: 22px; border-bottom: 2px solid currentColor; padding-bottom: 5px; margin-top: 0; color: inherit; opacity: 0.8;'>Caracter\u00edsticas<\/h3>\n<ul style='padding-left: 20px; font-size: 15px; color: inherit; list-style-type: disc;'>\n<li style='margin-bottom: 5px; text-align: justify;'>M\u00f3dulos de pol\u00edmero ABS&comma; Flame Rating: UL94V-0.<\/li>\n<li style='margin-bottom: 5px; text-align: justify;'>Leds indicadores de estado de protecci\u00f3n activo en tiempo real (M\u00f3dulos II).<\/li>\n<li style='margin-bottom: 5px; text-align: justify;'>Voltaje de operaci\u00f3n: 127\/220.<\/li>\n<li style='margin-bottom: 5px; text-align: justify;'>Dimensiones: 12.5 \u00d7 5.3 \u00d7 5.9 cm.<\/li>\n<li style='margin-bottom: 5px; text-align: justify;'>Temperatura de operaci\u00f3n: 10\u00b0C ~ 85\u00b0C.<\/li>\n<li style='margin-bottom: 5px; text-align: justify;'>Humedad relativa: 0% ~ 95%<\/li>\n<\/ul><\/div>\n<div style='flex: 1 1 300px; min-width: 280px;'>\n<h3 style='font-size: 22px; border-bottom: 2px solid currentColor; padding-bottom: 5px; margin-top: 0; color: inherit; opacity: 0.8;'>Aplicaciones y Beneficios<\/h3>\n<ul style='padding-left: 20px; font-size: 15px; color: inherit; list-style-type: disc;'>\n<li style='margin-bottom: 5px; text-align: justify;'>Reemplazo inmediato de m\u00f3dulos da\u00f1ados de la l\u00ednea de supresores (Suprector).<\/li>\n<li style='margin-bottom: 5px; text-align: justify;'>F\u00e1cil Instalaci\u00f3n.<\/li>\n<\/ul><\/div>\n<\/p><\/div>\n<hr style='border: 0; border-top: 1px solid rgba(150&comma; 150&comma; 150&comma; 0.3); margin: 30px 0;'> <\/div>\n","protected":false},"excerpt":{"rendered":"<p>M\u00f3dulo de transientes SUPRECTOR clase C para supresores de 200 KVA con voltaje de operaci\u00f3n 127\/220<\/p>\n","protected":false},"featured_media":48615,"comment_status":"open","ping_status":"closed","template":"","meta":[],"product_brand":[],"product_cat":[1244],"product_tag":[1088,1245,635],"class_list":{"0":"post-48616","1":"product","2":"type-product","3":"status-publish","4":"has-post-thumbnail","6":"product_cat-supresor-de-picos-vca","7":"product_tag-calidad-de-la-energia","8":"product_tag-supresor-de-picos-vca","9":"product_tag-total-ground","11":"first","12":"outofstock","13":"sale","14":"shipping-taxable","15":"purchasable","16":"product-type-simple"},"_links":{"self":[{"href":"https:\/\/soydeaqui.ddns.net\/pachuca\/index.php\/wp-json\/wp\/v2\/product\/48616","targetHints":{"allow":["GET"]}}],"collection":[{"href":"https:\/\/soydeaqui.ddns.net\/pachuca\/index.php\/wp-json\/wp\/v2\/product"}],"about":[{"href":"https:\/\/soydeaqui.ddns.net\/pachuca\/index.php\/wp-json\/wp\/v2\/types\/product"}],"replies":[{"embeddable":true,"href":"https:\/\/soydeaqui.ddns.net\/pachuca\/index.php\/wp-json\/wp\/v2\/comments?post=48616"}],"wp:featuredmedia":[{"embeddable":true,"href":"https:\/\/soydeaqui.ddns.net\/pachuca\/index.php\/wp-json\/wp\/v2\/media\/48615"}],"wp:attachment":[{"href":"https:\/\/soydeaqui.ddns.net\/pachuca\/index.php\/wp-json\/wp\/v2\/media?parent=48616"}],"wp:term":[{"taxonomy":"product_brand","embeddable":true,"href":"https:\/\/soydeaqui.ddns.net\/pachuca\/index.php\/wp-json\/wp\/v2\/product_brand?post=48616"},{"taxonomy":"product_cat","embeddable":true,"href":"https:\/\/soydeaqui.ddns.net\/pachuca\/index.php\/wp-json\/wp\/v2\/product_cat?post=48616"},{"taxonomy":"product_tag","embeddable":true,"href":"https:\/\/soydeaqui.ddns.net\/pachuca\/index.php\/wp-json\/wp\/v2\/product_tag?post=48616"}],"curies":[{"name":"wp","href":"https:\/\/api.w.org\/{rel}","templated":true}]}}