{"id":48610,"date":"2026-03-18T21:44:59","date_gmt":"2026-03-18T21:44:59","guid":{"rendered":"https:\/\/soydeaqui.ddns.net\/pachuca\/index.php\/producto\/supresor-telco-para-linea-de-datos-y-alimentacion-electrica\/"},"modified":"2026-03-18T21:45:01","modified_gmt":"2026-03-18T21:45:01","slug":"supresor-telco-para-linea-de-datos-y-alimentacion-electrica","status":"publish","type":"product","link":"https:\/\/soydeaqui.ddns.net\/pachuca\/index.php\/producto\/supresor-telco-para-linea-de-datos-y-alimentacion-electrica\/","title":{"rendered":"Supresor TELCO para L\u00ednea de Datos y Alimentaci\u00f3n El\u00e9ctrica."},"content":{"rendered":"<div style='width: 100%; max-width: 1200px; margin: 0 auto; font-family: sans-serif; line-height: 1.6; color: inherit; background-color: transparent;'>\n<div style='display: flex; flex-wrap: wrap; gap: 30px; margin-bottom: 30px;'>\n<div style='flex: 1 1 300px; min-width: 280px;'>\n<h3 style='font-size: 22px; border-bottom: 2px solid currentColor; padding-bottom: 5px; margin-top: 0; color: inherit; opacity: 0.8;'>Descripci\u00f3n<\/h3>\n<p style='font-size: 15px; color: inherit;'>El supresor est\u00e1 dise\u00f1ado para colocarse en cualquier contacto el\u00e9ctrico de 3 clavijas&comma; dentro de casas habitaci\u00f3n&comma; edificios comerciales&comma; hoteles&comma; etc. que tengan alimentaci\u00f3n de 110 Vca nominales. Su doble supresor suprime los picos transitorios que vienen por la l\u00ednea de datos y la l\u00ednea el\u00e9ctrica&comma; protegiendo as\u00ed todos los equipos port\u00e1tiles&comma; as\u00ed como medidores&comma; monitores&comma; laptops&comma; etc.<\/p>\n<\/div>\n<\/div>\n<div style='display: flex; flex-wrap: wrap; gap: 20px; margin-bottom: 30px;'>\n<div style='flex: 1 1 250px; border: 1px solid rgba(150&comma; 150&comma; 150&comma; 0.4); border-radius: 8px; overflow: hidden; display: flex; flex-direction: column;'>\n<div style='padding: 15px; border-bottom: 1px solid rgba(150&comma; 150&comma; 150&comma; 0.2); font-weight: bold; font-size: 18px; color: inherit;'>Caracter\u00edsticas<\/div>\n<div style='padding: 15px; color: inherit;'>\n<ul style='padding-left: 20px; margin: 0; font-size: 14px; list-style-type: disc;'>\n<li style='margin-bottom: 5px;'><strong>Protecci\u00f3n de alimentaci\u00f3n:<\/strong> 127 volts<\/li>\n<li style='margin-bottom: 5px;'><strong>Protecci\u00f3n para l\u00ednea:<\/strong> RJ45<\/li>\n<li style='margin-bottom: 5px;'><strong>Protecci\u00f3n port\u00e1til:<\/strong> Contra transitorios<\/li>\n<li style='margin-bottom: 5px;'><strong>Dise\u00f1o:<\/strong> Peque\u00f1o para montarse en contacto e ideal para viaje<\/li>\n<li style='margin-bottom: 5px;'><strong>Corriente m\u00e1xima:<\/strong> 15 A<\/li>\n<li style='margin-bottom: 5px;'><strong>Voltaje de corte:<\/strong> 6 Vdc y 150 Vac<\/li>\n<li style='margin-bottom: 5px;'><strong>Gabinete:<\/strong> IP64 para interiores&comma; resistente al polvo<\/li>\n<li style='margin-bottom: 5px;'><strong>Dimensiones:<\/strong> 7.5 x 5 x 5 cm<\/li>\n<li style='margin-bottom: 5px;'><strong>Categor\u00eda:<\/strong> 5e<\/li>\n<li style='margin-bottom: 5px;'><strong>Garant\u00eda:<\/strong> 1 a\u00f1o<\/li>\n<\/ul>\n<\/div>\n<\/div>\n<div style='flex: 1 1 250px; border: 1px solid rgba(150&comma; 150&comma; 150&comma; 0.4); border-radius: 8px; overflow: hidden; display: flex; flex-direction: column;'>\n<div style='padding: 15px; border-bottom: 1px solid rgba(150&comma; 150&comma; 150&comma; 0.2); font-weight: bold; font-size: 18px; color: inherit;'>Aplicaciones<\/div>\n<div style='padding: 15px; color: inherit;'>\n<ul style='padding-left: 20px; margin: 0; font-size: 14px; list-style-type: disc;'>\n<li style='margin-bottom: 5px;'>Protecci\u00f3n para PC\u2019s o laptops<\/li>\n<li style='margin-bottom: 5px;'>Switch&comma; router y hub<\/li>\n<li style='margin-bottom: 5px;'>Medidores&comma; laptops&comma; monitores&comma; etc.<\/li>\n<\/ul>\n<\/div>\n<\/div>\n<\/div>\n<hr style='border: 0; border-top: 1px solid rgba(150&comma; 150&comma; 150&comma; 0.3); margin: 30px 0;'><\/div>\n","protected":false},"excerpt":{"rendered":"<p>Supresor TELCO para L\u00ednea de Datos y Alimentaci\u00f3n El\u00e9ctrica.<\/p>\n","protected":false},"featured_media":48609,"comment_status":"open","ping_status":"closed","template":"","meta":[],"product_brand":[],"product_cat":[1244],"product_tag":[1088,1245,635],"class_list":{"0":"post-48610","1":"product","2":"type-product","3":"status-publish","4":"has-post-thumbnail","6":"product_cat-supresor-de-picos-vca","7":"product_tag-calidad-de-la-energia","8":"product_tag-supresor-de-picos-vca","9":"product_tag-total-ground","11":"first","12":"outofstock","13":"sale","14":"shipping-taxable","15":"purchasable","16":"product-type-simple"},"_links":{"self":[{"href":"https:\/\/soydeaqui.ddns.net\/pachuca\/index.php\/wp-json\/wp\/v2\/product\/48610","targetHints":{"allow":["GET"]}}],"collection":[{"href":"https:\/\/soydeaqui.ddns.net\/pachuca\/index.php\/wp-json\/wp\/v2\/product"}],"about":[{"href":"https:\/\/soydeaqui.ddns.net\/pachuca\/index.php\/wp-json\/wp\/v2\/types\/product"}],"replies":[{"embeddable":true,"href":"https:\/\/soydeaqui.ddns.net\/pachuca\/index.php\/wp-json\/wp\/v2\/comments?post=48610"}],"wp:featuredmedia":[{"embeddable":true,"href":"https:\/\/soydeaqui.ddns.net\/pachuca\/index.php\/wp-json\/wp\/v2\/media\/48609"}],"wp:attachment":[{"href":"https:\/\/soydeaqui.ddns.net\/pachuca\/index.php\/wp-json\/wp\/v2\/media?parent=48610"}],"wp:term":[{"taxonomy":"product_brand","embeddable":true,"href":"https:\/\/soydeaqui.ddns.net\/pachuca\/index.php\/wp-json\/wp\/v2\/product_brand?post=48610"},{"taxonomy":"product_cat","embeddable":true,"href":"https:\/\/soydeaqui.ddns.net\/pachuca\/index.php\/wp-json\/wp\/v2\/product_cat?post=48610"},{"taxonomy":"product_tag","embeddable":true,"href":"https:\/\/soydeaqui.ddns.net\/pachuca\/index.php\/wp-json\/wp\/v2\/product_tag?post=48610"}],"curies":[{"name":"wp","href":"https:\/\/api.w.org\/{rel}","templated":true}]}}