{"id":48590,"date":"2026-03-18T21:44:25","date_gmt":"2026-03-18T21:44:25","guid":{"rendered":"https:\/\/soydeaqui.ddns.net\/pachuca\/index.php\/producto\/banco-capacitor-automatico-c-interruptor-480-vca-de-125-kvar\/"},"modified":"2026-03-18T21:44:26","modified_gmt":"2026-03-18T21:44:26","slug":"banco-capacitor-automatico-c-interruptor-480-vca-de-125-kvar","status":"publish","type":"product","link":"https:\/\/soydeaqui.ddns.net\/pachuca\/index.php\/producto\/banco-capacitor-automatico-c-interruptor-480-vca-de-125-kvar\/","title":{"rendered":"Banco Capacitor Autom\u00e1tico c\/Interruptor 480 VCA de 125 KVAR"},"content":{"rendered":"<div style='width: 100%; max-width: 1200px; margin: 0 auto; font-family: sans-serif; line-height: 1.6; color: inherit; background-color: transparent;'> <!-- Introducci\u00f3n --> <\/p>\n<div style='margin-bottom: 30px;'>\n<h2 style='font-size: 20px; margin-top: 0; margin-bottom: 15px; color: inherit; font-weight: bold;'>Banco capacitor autom\u00e1tico con interruptor 480 VCA de 125 KVAR.<\/h2>\n<\/p><\/div>\n<p> <!-- Contenido principal --> <\/p>\n<div style='display: flex; flex-wrap: wrap; gap: 30px; margin-bottom: 30px;'>\n<div style='flex: 1 1 300px; min-width: 280px;'>\n<h3 style='font-size: 18px; border-bottom: 2px solid currentColor; padding-bottom: 5px; margin-top: 0; color: inherit; opacity: 0.8;'>\u00bfPor qu\u00e9 usar un Banco de capacitores?<\/h3>\n<p style='font-size: 14px; margin-bottom: 15px; color: inherit;'>La penalizaci\u00f3n por un bajo factor de potencia se ha elevado considerablemente y los afectados han visto un aumento significativo en su consumo el\u00e9ctrico.<\/p>\n<p style='font-size: 14px; margin-bottom: 15px; color: inherit;'>Los bancos de capacitores corrigen el factor de potencia&comma; esto consiste en reducir la potencia reactiva que demanda la carga&comma; generando ahorros considerables en multas por parte de la compa\u00f1\u00eda suministradora de energ\u00eda.<\/p>\n<\/p><\/div>\n<\/p><\/div>\n<p> <!-- Secci\u00f3n de caracter\u00edsticas --> <\/p>\n<div style='display: flex; flex-wrap: wrap; gap: 30px; margin-bottom: 30px;'>\n<div style='flex: 1 1 300px; min-width: 280px;'>\n<h3 style='font-size: 18px; border-bottom: 2px solid currentColor; padding-bottom: 5px; margin-top: 0; color: inherit; opacity: 0.8;'>Caracter\u00edsticas<\/h3>\n<ul style='padding-left: 20px; font-size: 14px; color: inherit; list-style-type: circle;'>\n<li style='margin-bottom: 8px;'>Equipos conformados por capacitores totalmente secos y auto-regenerables.<\/li>\n<li style='margin-bottom: 8px;'>Soportan una sobrecorriente del 150% de su valor nominal.<\/li>\n<li style='margin-bottom: 8px;'>Ausencia de partes vivas; las conexiones del equipo y los capacitores no est\u00e1n expuestos al contacto accidental.<\/li>\n<li style='margin-bottom: 8px;'>Controlador digital. Este dispositivo monitorea el FP en tiempo real y efect\u00faa autom\u00e1ticamente el conexionado y des-conexionado de la potencia capacitiva que requiera la red el\u00e9ctrica.<\/li>\n<li style='margin-bottom: 8px;'>Gabinete. Exclusivo para el sistema modular&comma; met\u00e1lico&comma; auto-soportado; que permite el escalamiento en potencia ya sea de cada uno de sus pasos o de su potencia total. Provistos de rejillas de ventilaci\u00f3n&comma; son de frente muerto&comma; ensamblables y modulares.<\/li>\n<li style='margin-bottom: 8px;'>Bus de barras de cobre. Que otorga mayor seguridad electromec\u00e1nica al equipo y al usuario.<\/li>\n<\/ul><\/div>\n<\/p><\/div>\n<p> <!-- Secci\u00f3n de aplicaciones --> <\/p>\n<div style='display: flex; flex-wrap: wrap; gap: 30px; margin-bottom: 30px;'>\n<div style='flex: 1 1 300px; min-width: 280px;'>\n<h3 style='font-size: 18px; border-bottom: 2px solid currentColor; padding-bottom: 5px; margin-top: 0; color: inherit; opacity: 0.8;'>Aplicaciones<\/h3>\n<ul style='padding-left: 20px; font-size: 14px; color: inherit; list-style-type: circle;'>\n<li style='margin-bottom: 8px;'>Correcci\u00f3n de factor de potencia (FP)<\/li>\n<li style='margin-bottom: 8px;'>Para contrarrestar el efecto de las cargas inductivas de operaci\u00f3n variable o fluctuante que provocan recargos mensuales en los recibos de energ\u00eda el\u00e9ctrica por un FP menor al 90%<\/li>\n<li style='margin-bottom: 8px;'>Para incrementar el FP hacia un valor superior al 90%&comma; obteniendo bonificaciones en las tarifas mencionadas.<\/li>\n<li style='margin-bottom: 8px;'>En procesos productivos industriales.<\/li>\n<li style='margin-bottom: 8px;'>En hoteles&comma; hospitales&comma; edificios&comma; centros comerciales&comma; cines y en general en las redes el\u00e9ctricas trif\u00e1sicas<\/li>\n<\/ul><\/div>\n<\/p><\/div>\n<p> <!-- Imagen --> <\/p>\n<div style='display: flex; justify-content: center; margin: 30px 0;'> <img style='width: 100%; max-width: 357px; height: auto; border: 1px solid rgba(150&comma;150&comma;150&comma;0.3); border-radius: 8px;' src='https:\/\/ftp3.syscom.mx\/usuarios\/fotos\/TGCAI150480\/166743-tg.png' alt=''> <\/div>\n<p> <!-- Separador --> <\/p>\n<hr style='border: 0; border-top: 1px solid rgba(150&comma; 150&comma; 150&comma; 0.3); margin: 30px 0;'> <\/div>\n","protected":false},"excerpt":{"rendered":"<p>Banco Capacitor Autom\u00e1tico c\/Interruptor 480 VCA de 125 KVAR<\/p>\n","protected":false},"featured_media":48589,"comment_status":"open","ping_status":"closed","template":"","meta":[],"product_brand":[],"product_cat":[1087],"product_tag":[1089,1088,635],"class_list":{"0":"post-48590","1":"product","2":"type-product","3":"status-publish","4":"has-post-thumbnail","6":"product_cat-banco-de-capacitores","7":"product_tag-banco-de-capacitores","8":"product_tag-calidad-de-la-energia","9":"product_tag-total-ground","11":"first","12":"outofstock","13":"sale","14":"shipping-taxable","15":"purchasable","16":"product-type-simple"},"_links":{"self":[{"href":"https:\/\/soydeaqui.ddns.net\/pachuca\/index.php\/wp-json\/wp\/v2\/product\/48590","targetHints":{"allow":["GET"]}}],"collection":[{"href":"https:\/\/soydeaqui.ddns.net\/pachuca\/index.php\/wp-json\/wp\/v2\/product"}],"about":[{"href":"https:\/\/soydeaqui.ddns.net\/pachuca\/index.php\/wp-json\/wp\/v2\/types\/product"}],"replies":[{"embeddable":true,"href":"https:\/\/soydeaqui.ddns.net\/pachuca\/index.php\/wp-json\/wp\/v2\/comments?post=48590"}],"wp:featuredmedia":[{"embeddable":true,"href":"https:\/\/soydeaqui.ddns.net\/pachuca\/index.php\/wp-json\/wp\/v2\/media\/48589"}],"wp:attachment":[{"href":"https:\/\/soydeaqui.ddns.net\/pachuca\/index.php\/wp-json\/wp\/v2\/media?parent=48590"}],"wp:term":[{"taxonomy":"product_brand","embeddable":true,"href":"https:\/\/soydeaqui.ddns.net\/pachuca\/index.php\/wp-json\/wp\/v2\/product_brand?post=48590"},{"taxonomy":"product_cat","embeddable":true,"href":"https:\/\/soydeaqui.ddns.net\/pachuca\/index.php\/wp-json\/wp\/v2\/product_cat?post=48590"},{"taxonomy":"product_tag","embeddable":true,"href":"https:\/\/soydeaqui.ddns.net\/pachuca\/index.php\/wp-json\/wp\/v2\/product_tag?post=48590"}],"curies":[{"name":"wp","href":"https:\/\/api.w.org\/{rel}","templated":true}]}}