{"id":48588,"date":"2026-03-18T21:44:22","date_gmt":"2026-03-18T21:44:22","guid":{"rendered":"https:\/\/soydeaqui.ddns.net\/pachuca\/index.php\/producto\/banco-capacitor-automatico-c-interruptor-480-vca-de-120-kvar\/"},"modified":"2026-03-18T21:44:23","modified_gmt":"2026-03-18T21:44:23","slug":"banco-capacitor-automatico-c-interruptor-480-vca-de-120-kvar","status":"publish","type":"product","link":"https:\/\/soydeaqui.ddns.net\/pachuca\/index.php\/producto\/banco-capacitor-automatico-c-interruptor-480-vca-de-120-kvar\/","title":{"rendered":"Banco Capacitor Autom\u00e1tico c\/Interruptor 480 VCA de 120 KVAR"},"content":{"rendered":"<p style='text-align: center;'><img src='data:image\/png;base64&comma;iVBORw0KGgoAAAANSUhEUgAAAPIAAABjCAYAAAChUl1CAAAAAXNSR0IArs4c6QAAAARnQU1BAACxjwv8YQUAAAAJcEhZcwAADsMAAA7DAcdvqGQAABf\/SURBVHhe7Z0HdJVFFsdveggJJKH30HvvoLAoVSlLUUDq0mSRRUEXRA+hg+VQFBEQaYJ0EDnSYaWD0qRI772FXlKA2fu\/733w8ni0gAQ\/7u+cMclX583Mf26ZeegVFxdnSFGUvzXezp+KovyNUSErig1QISuKDVAhK4oNUCErig1QISuKDVAhK4oNUCErig1QISuKDVAhK4oNUCErig1QISuKDVAhK4oNUCErig1QISuKDVAhK4oNUCErig1QISuKDVAhK4oNUCErig1QISuKDVAhK4oNUCErig1QISuKDVAhK4oNUCErig1QISuKDVAhK4oNUCErig1QISuKDVAhK4oNUCErig1QISuKDVAhK4oNeOmEHBMTQ8ePH3f+pSj24KUS8tmzZ2ngwM\/Iy8vLeURR7MFLIeTbt2\/T5s2bqV27d6l8+XKUIUMG5xlFsQe2F3JUVBRNnDiJOnX6gEqXLk2VK1d2nlEU+2BbIRtjaP\/+\/fT5519Snz59KUeO7NSiRXN1qxVbYkshx8bG0vz58+n99z+g0aNHU6ZMGal9+3cpbdq0zisUxV7YTsiXLl2iESNGUpcuH9LSpcsoWbJk1LZtWypWrBh5e78UKQHlJcQrLi7OOH9PVG5dvkxeLDQvPz\/y8vEh4iJu8BO4widOnKC+ffvRlClT6caNG\/wIH+rY8T0aOHAA+fFzFcWuJL6QOZa9umkT7evenUxcHPmGhJCPs\/gmT06+oaHkx0X+5uKXKhUF5cpF\/vzTAmvD69f\/RgMGDKQVK1ZIlhrWt1KlSjRx4gRK5XKtotiRxBUyizj6yBE6EBlJVzZscB6Mj1hlFqUPu8jB+fJRGIszRdWqImgktE6dOkVz5vxMgwcPoaNHj8oxUKhQQRoz5nsqUqSI\/O1KDFvum4cPy\/sfBjyEwKxZKSBdOrp16xYd4boeOXKUuM2cV9wD1QwPT0G5cuUUdx7cPHRI3vUo8J6g3LnJL0UK+Rvv2b17N85wXJ+G8ufPT76+vnLOAnmArVu30sWLl3iiSkmFCxd+qtDB8OQXe\/YsxRw\/Tnd4YnwQqGtAxoxS9uzdK3VFPT2BNgkJSUZ58uSmUJ6M0Zd37tyhCxcu0P79B+jKlcseu8Df349y5sxJ6dOnl8908uRJ+vPPndwGPtIWqVOndl7p4Pr163z+TwmrcuTIQREREdI2586dp+DgpNI2SZMmdV7tIDo6mtatW8eT\/h3KnDkTZcuWTZ5x5syZhw4L1C1Llix8T+b7+iQxSVQhx50\/T8dHjqSzM2c+cPD4BAVRCIsxlAUcWq6cCAsDAlYXnTVq1Hc0c+YsHhRXnHeQJLW++moI1atXz3nkHoYFeXjgQLq4fPkjhewXHk5Ze\/Qgbx5USJ5hGWv37j0iIndQpzRpUtM77zSm5s2bUzB38kGeoK5u2eK84sH488DM\/tlnlIQHIDat9O7dh9+3QM5h3XvAgP4ycFw5zBNR585daNu2bfT2229R\/\/79EyxktMmV33+XfrjOE8gdHuSepInW8k+ZkjK0b09JuS+6df9EJtEHgTaBgBs0qE\/vv9+Jgrgvd+7cKX22Zs0amYQcXRC\/H\/z9\/eVzd+nSmQoUKCAJyy+\/HCTPGj58GJUsWdJ5pQM886OPusrk99lnA6h27drUokVL2rBhI9+TnD788EPpFzEKTnbt2sXt1pDfb+jf\/27P59\/hZ\/yXlvO4uHPHqg+uv1c33A8ho07dunW9rx6JSaJlfyDcC0uW0IVFizyK2Js7M6RoUYr49FPKyoJI89ZblIRnTTQmhDRv3jzuoI8kHnYVMWbetm1bU5UqVZxH4hPDFvw6d6J3kiTkzQPrQQUTSDDP5AE8w\/\/663IWykBatGgxz\/JnKTAwkAdlkrslICCAj5+jTZs203fffU8HDhyga\/yO6GPHPD7bvYS+8goFZsggn+vHHyfLxIRtpCi\/s8B27NghA84VeB972SIePXqM0qVzWK6EEhcVRedmzxYPAvkJH25Dbw\/FJziYArk9ggsVomiu65kzZ6U\/HlQuX74sdR8zZqzU9+LFiyy0z2n8+Am0Z89eyWEEBVltGcR9F0TXrl2jQ1yP2bN\/kmJ5Hrgf\/ZyOvSNX0C6nT5+m7du3yU+0BZ6xceMmOsbtv2PHn9SvX3\/+e6PzDgdou0OHDvPEeY5S8uR09epVseyBgY66OMq935MkCZQQDvfMmzefJkz4wfmkFwRY5OdeYmPNhd9\/NxuqVTMrc+Y0K3PkuFtW5c5tNtepY07OmGGiL140sTEx8e69ceOGGTRokAkPT2m8vHx5dHvfLT4+fqZ+\/QaGhRTvHtcSe\/OmuXnhgrkZFfXIEnPtmuHBYVq3bmO8vX1NREQ2s3LlSsPu132lb99+xs8vwCRPHmYWLFhgovnex31PLH8mHrB830KTJ08++SxlypQzAQFJpERG9jQsinifY9y48SZ16rTcBj5m9erV8c49abnbJo9RYq5ccdzD9WXvwbDb67GwiMyIESNMaGi4CQ5OZtjSmblz55qgoGCTLFmo6d9\/gGFx3m0\/PAtl4cKFJkmSpNyX\/uZf\/2pl2PMwlStXkb4uX\/5V6X\/XurOLbMaOHWcCA4NMpkxZzL59+8z69ev5PSHcjj7SlmijnDlzxxsXPXpEGl9ff5M+fUazYcMGeU4U94Vrn7oXtHOZMmXlmVWqVI1Xj8QuiWKRY9mlPjl2LN08eBBTKnwWsQLBHP9k6dqVcg8fTqnq1BELgJgMcGVlgweLirp3\/1TiLGPuyDkAC5A3b15xkzJlyuQ8ej9e7PIiaebLcSzKaZ7lN7Jr9gfP0DFsIazjKN5sac9zXWE9ENs1bdqEypYty7Fw+H0lN8e4iJng\/iVPnpx8+F7rPUjUHYu6IO\/Zxp\/hNs65vAeZelghHvjyGcuUKUNTp07m2DKPWIF169aLy22BtoC1gRXB+xATJhSEKBs2b6E1mzfTUfYqvNj6SL253GavaDfHwKs3bbpb1nOoAO8DqwKoG3IHSdi7wU9YT0eJo5s3b3Jse0quQUyJPlm9eo0cL1y4ENWsWVOsq9V+YWFhUvCZYQERD+M4rHAUtx36umDBAvetPqAt9uxxhDtZs0ZIXbZv387vjeYYOx3ly5dP7kG7duv2sVht3AOvCX2K9kPd8Jn27dtPB3lMhvBnt+rlWjJmzChhG8aae5ye2Dx3IcONPv3DD3RxxQr5G1np5DxwM3XsSLmGDaN0HF\/6p0kj4rZAZ8KdadWqNQ\/w6dJp7qChO3Roz7FVeWnoxwFu2dChX1HlylWpSZNmkjhzBxMGRAM3sFixos6j97N79y6pFwZFWFi486gDDGa2QPKeNm3aSVLGFYiCrYq47ki69O7dU\/aDv\/nmG\/LeP\/74QwaZ5V7DdYTbjfdlz57tqbLyGMCID+vUqUszZswUYQO8a9u27cRWkapXf+NuQR9s3bpN3N7Gjd+hhg0b0apVqyS+rFmztpRatWpT3br1aNCgwSKK1q1biQCw393Ly1smnpQpHYk9dxD7Y4KCILNmzSptjz5AnxYpUth51T3QBmyFpb6YyBH2bOaJCSItUCA\/9erVU8YEWLhwEX3zzXBJtCEkwT2YZBCOwf2vXr0G\/fOf9aQ\/PHH58hW5D2EMkm4vEs9VyEiqnJ8\/n85Mm0Y+3FFhFSpQpk6dKFvPniJgZIfdYTeNhg\/\/lj755BOOFzdw49+zwhYY7Nh+2bBhwyfKJCImwsyMwYA4CVlSVzAY8H4MJGSis2XL7jwTH1yHrCp+RkRk4WtDnGccQLiI8fCeLFkyixWwgHB++uknEXIweyBt27ah4sWLS1bVsv7YL24tqwE8D2vmeN\/TbnSBJ4DsLqwgPr\/VfhjkaOtXOH5v06a1TFDI8CZPHsqWFKLcIv2BmBGD+pVXyovXgJgYBVa5YsUK9Omnn1CjRg3FCu7atVusI96Dz+qJ7dt3yLU4DyFjlQATF+6DdXUH5yBknM+WLavUG8\/AmEibNp3UC3XAhIf+njJlCo0aNZIn7ZNyLSYHHEf\/YALBJIPJxx1ce\/78OWl3tBUmjReJ5ydkbogr7JqdmjBBkiUR3btLIitNgwYUyLMij0bnhQ7QcMjIIqE1ZMhQ7qwDdweyK5ipq1atwhbhw7vLPo8LBt7p01huMLJshA5yBe87ceKkuIMQS3T0TXEhXQsGHSzN2rXrJOmVPXv2+wYpJgMMArwHgx7XWXA8R3369JNBVLPmm1JGj\/6eWrZsJdYDgoZgOXaU5BGAq3n8+AmpEwaie51QUHfc9yiQvcU70I63bzs+D+7HvagrRICMM9oWjg4sKyzYiRPH5Vq0G1zkunXrsjWrI5aUe0Ws4RdffM4WvaV4DBAArD+egbpZ73EtENPixUuknTCxYtKDl3Sv\/aPjXQ9PB14MJhNMjvBmIGy40ch8Z8yYQUQJMX\/55RdSD7TbxIk\/sqU\/7my\/IpKEg+XHZy5evJj8dH0PCrzChWzRMamjDWDJXySe20JY7JkzsvEjU4cOlKxUKYkbZQfXA4DVmT59hmRGMXBgzdCh7oMT6439+\/dLkHuJzkQnAlg2TyBWwyDHdXCLMbNbrjt+ol7IjMLVRV3wDSvHYL4H3nPpkkOEpUuXkp8AA7tHj55iFbHu\/d57HdhDOEjffTdaBjWwPi\/i9E3cfvj2FjLnuBcDHoNyyZKl8rsrsEhYlvK0BOeKj49jCCAXMHDg5+wd\/CxLLK4gs4ssL9qiXLmyIhZrAsQaLaxhGg6HUH9k7jGxIR7GJh20CYClh3AgvkmTJkm44Drh4XOinTCxoF1ff\/01iUmttsZ9HTv+h2PovPwcx7EbN25KNhquMJarsCyEdkNfQcAQGwSN99aoUYO6dv0vt3ekc5XDiyfuJLLGjYnx1KnT8nlWrlzJoUZT\/t11nHlJ+6DOEHWlSv+QSeKFgmdGj1mwZ1mQ7Tw8fLjZ1aWLOTh4sDk5bZo5u3SpubR1q7l28KC5fvKkIyN69apktN3vZ9dHMqHILs6ePduwhTZt27Yz1arVMCx2yTi63\/OowgI0HBeZtGnTS8Zz8eLFHq9Zt26dKVq0uPH3D5Qsp6eCc5kzR5hhw4YZnmziPYMHoNQ3LCyFZGx5oMpxHmymc+fOJjg4RM5NmTJVjiPbu2XLFsNikDJq1Ch5Nt7TtGlzw5bbjBw5SjLB7vVwLVmyRBgWX7y6eCps8UzJkqUlO+7pOSjIxoeEJDdvv93I8IA2ixYtkuw6zs2YMSPe8+bM+dmkSJFKzhUsWFiuRRvgXKNGjaUNXJ\/tWvAeZLTr1asvGWTcwyHFQ9sfGe7ixUuY+fPnS3+NGDFSjmfPnlNWAVzrxpOf4clA7vH1DTC5c+eRVYmZM2fJOHB\/tntBG3D8b9hTjPfcF6H85RtC+C0UtXgxHRs8mKLZxQSypxozNLuyyFZj40Ugz75hr71G4WxxvAMD5TpPwCoj8bN27Rqe0UOoVq2akiV+UuDeLV269O7GC7iQnjKR3D6ylvvLL\/NkVnYzfGIxUqQIo+rVq7O1KicWwBXcj80kcBlhqfv16ysJGcR1kydPEbcbVqEDeyquLrcFzk+ePFlCC+zgQggBa4f6eMoXWJRirwduLazRo8COJiS6kGV293hgEFHfUqVKykYLuNhYo50+fbpY5o8\/7hbPzcTnhUeBsAjvRowNlxteFTLGU6dOk40bt27FD5PwHoQ2JUqUkOutOBX9tHbtWpo79xf2ai7Ga39YZoQyb7xRQ8IAvG\/WrFnsbi+hDBnSS5INVt0VeDZoT9QFu8AQNqB\/sR8hJub+JCpA3eB1IGsOy47Pa3kKLwp\/uZCx+eJgz550nQeLcRskFshSp6xZUzZ9BGIHk4dGgvuEJAoEAVcScUqvXpGyXJHQRnWNI9FRDwMulfsgt8AAspJEuA64Jt3wHhTU03oPnoVjcOfgBqN4AueteuJ+PNe692FYruzjYr3D3UUH1nutdnZ9v6d2w3mrHVAHfDb3ex\/nPa48qP3dPyeejfKgZ7m2p9VvrvV9EHgOPseTtOnz5C8V8u2rV2l\/jx50cYkjgcH\/cZ5xwo2SlIWYvlUrCqtYUdaN3UEDQ8CwGMuWLZPsMOKxMWNGy2z\/IAE8DHQkllbwbCwpuT+DXXhavtyxPIYYL1++vJQrVy752x0kSWBpkZzBZ8QWP3T2q6++6rHTkSWHlUXdMTlhWe3IkcP0GnsjiNM9DWJFeRR\/mZCx1HRs6FA6NXEi3YlllwUD1EXI2IIJVzpDmzbyhQG42q5AFFhT5HhQ9vMie4msJSzAN998Tc2aNZPZNCHgWV27dpMlFewDnjYNa9MxVL9+fXGP8S0quH\/ICMPdLFiwIF24EMVufbR8LXLFipWySaNixVd5QhlH6dKlkX23qC9cRiRD9u7dx2UPNWnSRBJ2EDhcVGR4kbhp166trGEjCwqXGcs5jRs3ljVZuHwVKrxK48aNvzvJFCpUiMLDw+Q71mFhoVJXbPrHUgu+WIElHewtxmSACQJJNWyUgIsN91OxNz6RkZG9nL8\/O1iE2EcNId\/dR+1iaXzZ8qbhQZv5gw9k6cnavQVgJZF5\/PrrYfTee\/\/hgfs\/yULiODKs2EeN7GNCRQwQF8+cOYtjW8fOIWQ+sUaMJZISJYrTpEk\/yqYHiAxu1+HDhyQzDZFBjFj3zZs3j9QJ+4Dxr4\/gebDeWGY6eBDX75C4ctmy\/0k8jF1LS7hNcD9EiXh4zpw5EvNWqFBBBIu1YmwEWbBggWTDN27cLEteWHZC3eBF4DpMKIiREaNa1+N31AdxPDLoWNZCNhxZa0+xt2Ivnr3DzwP\/2vbtdHL0aLrNFtQVb7am+C5xBLvbmTt1kiSXBRblIZ5BgwbJLiNsrndsS3RYcQxgWLrIyB5PJWIId+bMmYRvxZw5c0aWVWrXriV\/w0KjHnFxt2RXFZIuvr5+lDp1GkmoVa1aVTYdQIyYl7DklTRpsCRycAxWGRs4ANY18e0eXA8XG8tFefPmk8kBm0aw9AKXHCEDNvXDwmN5B\/XDZgNMZpUrvy5ufdGiRSUXgPVRJIFwH5I4aAd8jRDbQ1GHsmXLyIYGWGXkEZo1a\/rEa+vK35Nn7lrj+7fHvvpKMtWu32rC3t1QjoPTNm1KIYXvbbWDuwyrhoEHK4N9srBGriBuxBrhkCGDxHo9TRwJ8WJHEgSCjQSwdoiT4W7DPYUQf\/31VxbeeRZwKhEwjiFTi3tQD8S1gYEBIly4t5gArl27LpsgIECIZ9WqNeIywypj\/RFrsdgLjG1+2PGEDC2+foeNJMiWYx0Unx3Wu2LFf4gXgOwo1tMhWLjLQ4d+TdWqVZEdTtj19Ntvv0n74XdkizGxIP7H+i0E3rNn5H1ZdMWePFMh32Zrdppj4pPjxkmiSxJcLLpAFkiqBg0oVa1aFMC\/4xgGIAb4zz\/PlbgP8RyWljyBuBLLQ7Aw7ruvnhSpE4PJAL+jwGLipzVBWMetv\/HTynICnAPWcdfrrPus49YxC\/zumgSD8PC3dR3ug\/fheg+AkLHFEV84gLDdn+vKzp27ZC8zkoLKy8EzFTK+rH+oTx\/5zq810II4bkQsnKx0aVkzBrA6SGJhex320iIOfBABAYHUsmVz6t27F8e0njfaK8rLzjMTchzHfjubN6cbBw7I39h+GcpuML4QId9mcgGxHhIxSGKhYD8zlmTg9mIrI+JEuJTYf4yM8fjxY8V9VBTFM89EyHEcZx6KjKSoJUvEEvunTUup33qL0rdoIf8Sx5MAK47lGbiSSDwh4\/qiffdTUV40nlrIt1lwp374gY5\/+61YYSSysLQEa4yvKiqK8tfzVELGv7wYtXAhHR00iOLYFU5dp45YYtngwaJWFOX5kHAhswuM\/dOHv\/iCYk+fpvTvvkvhlSqRX1gYPzXhy0OKojw5CRYy\/uVF7NzCunHmzp0pKH\/+eDu0FEV5fiRIefhq4uX16+VriFl79aKkBQqoiBUlEUmQRY4+elS2YeLfY8b\/1kVRlMQlQULGP9vjy7EwvsGkKErik7AYGVsDNaGlKC8MCQtsVcSK8kKhGSpFsQEqZEWxASpkRbEBKmRFsQEqZEWxASpkRbEBKmRFsQEqZEWxASpkRbEBKmRFsQEqZEWxASpkRbEBKmRFsQEqZEWxASpkRbEBKmRFsQEqZEWxASpkRbEBKmRFsQEqZEWxASpkRbEBKmRFsQEqZEWxASpkRbEBKmRF+dtD9H\/WKKpiG6hAwAAAAABJRU5ErkJggg==' alt='' class='fr-fic fr-dii'><\/p>\n<p style='text-align: center;'>\n<p style='box-sizing: border-box; margin-top: 0px; margin-bottom: 1rem; color: #212529; font-family: Satoshi-Variable&comma; sans-serif; font-size: 16px; background-color: #ffffff;'><span style='box-sizing: border-box; font-weight: bolder;'><span style='box-sizing: border-box; font-size: 14px;'>Banco capacitor autom\u00e1tico con interruptor 480 VCA de 120 KVAR.<\/span><\/span><\/p>\n<p style='box-sizing: border-box; margin-top: 0px; margin-bottom: 1rem; color: #212529; font-family: Satoshi-Variable&comma; sans-serif; font-size: 16px; background-color: #ffffff;'>\n<p style='box-sizing: border-box; margin-top: 0px; margin-bottom: 1rem; color: #212529; font-family: Satoshi-Variable&comma; sans-serif; font-size: 16px; background-color: #ffffff;'><span style='box-sizing: border-box; font-weight: bolder;'>\u00bfPor qu\u00e9 usar un Banco de capacitores?<\/span><\/p>\n<p style='box-sizing: border-box; margin-top: 0px; margin-bottom: 1rem; color: #212529; font-family: Satoshi-Variable&comma; sans-serif; font-size: 16px; background-color: #ffffff;'>La penalizaci\u00f3n por un bajo factor de potencia se ha elevado considerablemente y los afectados han visto un aumento significativo en su consumo el\u00e9ctrico. <\/p>\n<p style='box-sizing: border-box; margin-top: 0px; margin-bottom: 1rem; color: #212529; font-family: Satoshi-Variable&comma; sans-serif; font-size: 16px; background-color: #ffffff;'>Los bancos de capacitores corrigen el factor de potencia&comma; esto consiste en reducir la potencia reactiva que demanda la carga&comma; generando ahorros considerables en multas por parte de la compa\u00f1\u00eda suministradora de energ\u00eda. <\/p>\n<p style='box-sizing: border-box; margin-top: 0px; margin-bottom: 1rem; color: #212529; font-family: Satoshi-Variable&comma; sans-serif; font-size: 16px; background-color: #ffffff;'>\n<p style='box-sizing: border-box; margin-top: 0px; margin-bottom: 1rem; color: #212529; font-family: Satoshi-Variable&comma; sans-serif; font-size: 16px; background-color: #ffffff;'><span style='box-sizing: border-box; font-weight: bolder;'>Caracter\u00edsticas<\/span><\/p>\n<ul style='box-sizing: border-box; padding-left: 2rem; margin-top: 0px; margin-bottom: 1rem; color: #212529; font-family: Satoshi-Variable&comma; sans-serif; font-size: 16px; background-color: #ffffff; list-style-type: circle;'>\n<li style='box-sizing: border-box;'>Equipos conformados por capacitores totalmente secos y auto-regenerables.<\/li>\n<li style='box-sizing: border-box;'>Soportan una sobrecorriente del 150% de su valor nominal. <\/li>\n<li style='box-sizing: border-box;'>Ausencia de partes vivas; las conexiones del equipo y los capacitores no est\u00e1n expuestos al contacto accidental.<\/li>\n<li style='box-sizing: border-box;'>Controlador digital. Este dispositivo monitorea el FP en tiempo real y efect\u00faa autom\u00e1ticamente el conexionado y des-conexionado de la potencia capacitiva que requiera la red el\u00e9ctrica.<\/li>\n<li style='box-sizing: border-box;'>Gabinete. Exclusivo para el sistema modular&comma; met\u00e1lico&comma; auto-soportado; que permite el escalamiento en potencia ya sea de cada uno de sus pasos o de su potencia total. Provistos de rejillas de ventilaci\u00f3n&comma; son de frente muerto&comma; ensamblables y modulares.<\/li>\n<li style='box-sizing: border-box;'>Bus de barras de cobre. Que otorga mayor seguridad electromec\u00e1nica al equipo y al usuario.<\/li>\n<\/ul>\n<p style='box-sizing: border-box; margin-top: 0px; margin-bottom: 1rem; color: #212529; font-family: Satoshi-Variable&comma; sans-serif; font-size: 16px; background-color: #ffffff;'>\n<p style='box-sizing: border-box; margin-top: 0px; margin-bottom: 1rem; color: #212529; font-family: Satoshi-Variable&comma; sans-serif; font-size: 16px; background-color: #ffffff;'><span style='box-sizing: border-box; font-weight: bolder;'>Aplicaciones<\/span><\/p>\n<ul style='box-sizing: border-box; padding-left: 2rem; margin-top: 0px; margin-bottom: 1rem; color: #212529; font-family: Satoshi-Variable&comma; sans-serif; font-size: 16px; background-color: #ffffff; list-style-type: circle;'>\n<li style='box-sizing: border-box;'>Correcci\u00f3n de factor de potencia (FP)<\/li>\n<li style='box-sizing: border-box;'>Para contrarrestar el efecto de las cargas inductivas de operaci\u00f3n variable o fluctuante que provocan recargos mensuales en los recibos de energ\u00eda el\u00e9ctrica por un FP menor al 90%<\/li>\n<li style='box-sizing: border-box;'>Para incrementar el FP hacia un valor superior al 90%&comma; obteniendo bonificaciones en las tarifas mencionadas.<\/li>\n<li style='box-sizing: border-box;'>En procesos productivos industriales.<\/li>\n<li style='box-sizing: border-box;'>En hoteles&comma; hospitales&comma; edificios&comma; centros comerciales&comma; cines y en general en las redes el\u00e9ctricas trif\u00e1sicas<\/li>\n<\/ul>\n","protected":false},"excerpt":{"rendered":"<p>Banco Capacitor Autom\u00e1tico c\/Interruptor 480 VCA de 120 KVAR<\/p>\n","protected":false},"featured_media":48587,"comment_status":"open","ping_status":"closed","template":"","meta":[],"product_brand":[],"product_cat":[1087],"product_tag":[1089,1088,635],"class_list":{"0":"post-48588","1":"product","2":"type-product","3":"status-publish","4":"has-post-thumbnail","6":"product_cat-banco-de-capacitores","7":"product_tag-banco-de-capacitores","8":"product_tag-calidad-de-la-energia","9":"product_tag-total-ground","11":"first","12":"outofstock","13":"sale","14":"shipping-taxable","15":"purchasable","16":"product-type-simple"},"_links":{"self":[{"href":"https:\/\/soydeaqui.ddns.net\/pachuca\/index.php\/wp-json\/wp\/v2\/product\/48588","targetHints":{"allow":["GET"]}}],"collection":[{"href":"https:\/\/soydeaqui.ddns.net\/pachuca\/index.php\/wp-json\/wp\/v2\/product"}],"about":[{"href":"https:\/\/soydeaqui.ddns.net\/pachuca\/index.php\/wp-json\/wp\/v2\/types\/product"}],"replies":[{"embeddable":true,"href":"https:\/\/soydeaqui.ddns.net\/pachuca\/index.php\/wp-json\/wp\/v2\/comments?post=48588"}],"wp:featuredmedia":[{"embeddable":true,"href":"https:\/\/soydeaqui.ddns.net\/pachuca\/index.php\/wp-json\/wp\/v2\/media\/48587"}],"wp:attachment":[{"href":"https:\/\/soydeaqui.ddns.net\/pachuca\/index.php\/wp-json\/wp\/v2\/media?parent=48588"}],"wp:term":[{"taxonomy":"product_brand","embeddable":true,"href":"https:\/\/soydeaqui.ddns.net\/pachuca\/index.php\/wp-json\/wp\/v2\/product_brand?post=48588"},{"taxonomy":"product_cat","embeddable":true,"href":"https:\/\/soydeaqui.ddns.net\/pachuca\/index.php\/wp-json\/wp\/v2\/product_cat?post=48588"},{"taxonomy":"product_tag","embeddable":true,"href":"https:\/\/soydeaqui.ddns.net\/pachuca\/index.php\/wp-json\/wp\/v2\/product_tag?post=48588"}],"curies":[{"name":"wp","href":"https:\/\/api.w.org\/{rel}","templated":true}]}}