{"id":48584,"date":"2026-03-18T21:44:17","date_gmt":"2026-03-18T21:44:17","guid":{"rendered":"https:\/\/soydeaqui.ddns.net\/pachuca\/index.php\/producto\/banco-capacitor-automatico-c-interruptor-480-vca-de-80-kvar\/"},"modified":"2026-03-18T21:44:17","modified_gmt":"2026-03-18T21:44:17","slug":"banco-capacitor-automatico-c-interruptor-480-vca-de-80-kvar","status":"publish","type":"product","link":"https:\/\/soydeaqui.ddns.net\/pachuca\/index.php\/producto\/banco-capacitor-automatico-c-interruptor-480-vca-de-80-kvar\/","title":{"rendered":"Banco Capacitor Autom\u00e1tico c\/Interruptor 480 VCA de 80 KVAR"},"content":{"rendered":"<p style='text-align: center;'><img src='data:image\/png;base64&comma;iVBORw0KGgoAAAANSUhEUgAAAOUAAABeCAYAAADcxNOgAAAAAXNSR0IArs4c6QAAAARnQU1BAACxjwv8YQUAAAAJcEhZcwAADsMAAA7DAcdvqGQAABfcSURBVHhe7Z0HdFXFFoZ3eggJJKH30HvvoPBQqlIeRQGpjyYPeSjoA9FF6GBZFEUERJogXUSWdHjSQWlSpPfeQi8pwLz973sP3FxuKCHIUfa31pjk3FPmzMw\/u8xc9IqLizOkKIpt8Hb+VBTFJqgoFcVmqCgVxWaoKBXFZqgoFcVmqCgVxWaoKBXFZqgoFcVmqCgVxWaoKBXFZqgoFcVmqCgVxWaoKBXFZqgoFcVmqCgVxWaoKBXFZqgoFcVmqCgVxWaoKBXFZqgoFcVmqCgVxWaoKBXFZqgoFcVmqCgVxWaoKBXFZqgoFcVmqCgVxWaoKBXFZqgoFcVmqCgVxWaoKBXFZryQooyJiaETJ044\/1IUe\/HCifLcuXM0ePAn5OXl5TyiKPbihRHlnTt3aMuWLdShw9tUsWIFypQpk\/MTRbEXL4Qoo6KiaPLkKdSly3tUtmxZqlq1qvMTRbEff2tRGmPowIED9Omnn1O\/fv0pV66c1KpVS3VdFVvztxVlbGwsLViwgN599z0aO3YsZcmSmTp2fJvSp0\/vPENR7MnfUpSXL1+mUaNGU7du79OyZcspRYoU1L59eypRogR5e78wYbTyF8UrLi7OOH9\/7ty+coW8WDRefn7k5eNDxEVczSdwN0+ePEn9+w+gadOm082bN\/kWPtS58zs0ePAg8uP7KordsYcoOfa7tnkz7e\/Zk0xcHPmGhJCPs\/imTEm+oaHkx0X+5uKXJg0F5clD\/vzTAmuPGzb8SoMGDaaVK1dKthVWsUqVKjR58iRK43KuotiZ5y9KFmT00aN0MDKSrm7c6DwYH7GWLDAfdkODCxSgMBZaqurVRZxI5pw+fZrmzv2Jhg4dRseOHZNjoEiRwjRu3LdUrFgx+duVGLaot44ckec\/DFjuwOzZKSBDBrp9+zYd5boePXqMuN2cZ9wH1QwPT0V58uQWlxncOnxYnvUo8JygvHnJL1Uq+RvP2bNnDz7hODgdFSxYkHx9feUzC8TN27Zto0uXLvOkk5qKFi36VO654Yks9tw5ijlxgu7yJJcQqGtA5sxS9u7bJ3VFPT2BNgkJSUH58uWlUJ5Y0Zd3796lixcv0oEDB+nq1Sseu8Df349y585NGTNmlHc6deoU\/fHHLm4DH2mLtGnTOs90cOPGDf78DwldcuXKRREREdI2589foODg5NI2yZMnd57tIDo6mtavX88T+F3KmjUL5ciRQ+5x9uzZhw4L1C1btmx8TdYH+iQpeO6ijLtwgU6MHk3nZs9OcCD4BAVRCAsrlMUYWqGCiASdC2uIhh8z5huaPfsH7uCrzitIEjpffDGMGjRo4DxyH8PiOjJ4MF1aseKRovQLD6fsvXqRNw8QJI6wtLJnz14RhDuoU7p0aemtt5pSy5YtKZg77BBPNte2bnWekTD+PMhyfvIJJePBhA0Offv24+ctlM+wrjpo0EAZBK4c4Umla9dutH37dnrzzTdo4MCBiRYl2uTqb79JP9zgyeAuD1hPMkNr+adOTZk6dqTk3Bc9en4kE2JCoE0gxkaNGtK773ahIO7LXbt2SZ+tXbtWJhRHF8TvB39\/f3nvbt26UqFChSRZ9\/nnQ+ReI0eOoNKlSzvPdIB7fvBBd5nIPvlkENWtW5datWpNGzdu4mtS0vvvvy\/9IhO8k927d3O7NebnG\/r3vzvy52\/xPf5LK3hc3L1r1Qfn368brocoUacePbo\/UI+k4LlmPSDCi0uX0sXFiz0K0ps7JqR4cYr4+GPKzoM73RtvUDKezdAwEMX8+fO5sT+Q+NFVkJgR27dvS9WqVXMeiU8MW9Yb3CHeyZKRNw+ShAomg2CeYQN45v3llxU86AfT4sVLePY9R4GBgTzAkt0rAQEBfPw8bd68hb755ls6ePAgXednRB8\/7vHe7iX0pZcoMFMmea\/vv58qkwy2AqL8xmLZuXOnDB5X4BXsY0t17NhxypDBYVESS1xUFJ2fM0csO+J5H25Dbw\/FJziYArk9gosUoWiu69mz56Q\/EipXrlyRuo8bN17qe+nSJRbNpzRx4iTau3efxPxBQVZbBnHfBdH169fpMNdjzpwfpVgeAa5HP2dgr8UVtMuZM2dox47t8hNtgXts2rSZjnP779z5Bw0YMJD\/3uS8wgHa7vDhIzwJnqfUPNFcu3ZNLG5goKMujnL\/92TJAiVMwjXz5y+gSZO+c94piYGlfC4lNtZc\/O03s7FGDbMqd26zKleue2V13rxmS7165tSsWSb60iUTGxMT79qbN2+aIUOGmPDw1MbLy5dHqve94uPjZxo2bGRYFPGucS2xt26ZWxcvmltRUY8sMdevG+5o07ZtO+Pt7WsiInKYVatWGXZxHij9+w8wfn4BJmXKMLNw4UITzdc+7nNi+Z148PF1i0y+fAXkXcqVq2ACApJJiYzsbXiAx3uPCRMmmrRp03Mb+Jg1a9bE++xJy702eYwSc\/Wq4xquL1t1w66lx8KCMKNGjTKhoeEmODiFYQtk5s2bZ4KCgk2KFKFm4MBBhoV2r\/1wL5RFixaZZMmSc1\/6m3\/9q41hj8BUrVpN+rpixZel\/13rzm6oGT9+ggkMDDJZsmQz+\/fvNxs2bODnhHA7+khboo1y584bb1z06hVpfH39TcaMmc3GjRvlPlHcF6596l7QzuXKlZd7VqtWPV49kqo8N0sZy27rqfHj6dahQ5jq4BfI7BzM8UK27t0p78iRlKZePZmZEcMArrBsBmCBUM+eH0tcYsxd+QxgZs6fP7+4IlmyZHEefRAvdiuRMPLluA\/lDM++m9j9+Z1nzhieua3jKN5sAS9wXTGrIxZq3rwZlS9fnmPH8AdKXo4JEWPAxUqZMiX58LXWc5CkOh51UZ6znd\/hDj5zeQ4yzrAOPIjlHcuVK0fTp0\/lWCyfzM7r128Qt9YCbQErgNkdz0MMlVgQBmzcspXWbtlCx9jae7FVkHpzucPeyh6OGdds3nyvbGB3HF4BstuoG2LtZOx14CesmqPE0a1btzgWPC3nIAZDn6xZs1aOFy1ahGrXri1Wz2q\/sLAwKXhnWCbEjzgO6xjFbYe+Lly40ANZdLTF3r2OkCJ79gipy44dO\/i50RyTZqACBQrINWjXHj0+FGuKa+DNoE\/Rfqgb3mn\/\/gN0iMdkCL+7VS\/XkpnjaIRGGGvucW1S8VxECVf1zHff0aWVK+VvZFdT8iDM0rkz5RkxgjJwPOafLp0I1QIdA5ehTZu2PFhnSge4g0br1KkjxyIVpdEeB7g+w4d\/QVWrVqdmzVpI0sgdiB8CgKtVokRx59EH2bNnt9QLHRwWFu486gADky2DPKdduw6SkHAFA5xne3GPkXDo27e37M99\/fXX5Lm\/\/\/67DBjLhYV7BtcWz8uZM8dTZZcxGBFP1atXn2bNmi0iBXjW9u07iK0V1az52r2CPti2bbu4lk2bvkWNGzeh1atXSzxWu3ZdKXXq1KX69RvQkCFDZYC3bdtGBjP2H3t5ecskkjq1I6nlDmJlTDYQV\/bs2aXt0Qfo02LFijrPug\/agK2j1BeTMkKLLTzJQHCFChWkPn16y5gAixYtpq++GilJJrj9uAYTBkIeuNg1a9aif\/6zgfSHJ65cuSrXIVRAwulZ8KeLEgmFCwsW0NkZM8iHGz2sUiXK0qUL5ejdW8SILKc77ApxcP81ffTRRxxfbeSGvG8dLTBwsYWucePGT5QRQwyBGRMdi7gC2T5X0LF4PgYFMqo5cuR0fhIfnIfsIH5GRGTjc0OcnziACBET4TnZsmWV2dkCIvjxxx9FlMHsGbRv345Kliwp2UHLKmP\/rrXUA3A\/rMnieU+7KQIWGllKWCe8v9V+GLBo65c43m3Xrq1MNshUpkwZyhYOAtsq\/YEYCwP0pZcqijVHDIkCa1m5ciX6+OOPqEmTxmKddu\/eI1YLz8G7emLHjp1yLj6HKJHtxiSE62D13MFnECU+z5Eju9Qb98CYSJ8+g9QLdcDkhf6eNm0ajRkzmifgU3IuhI7j6B9MBpgwMJG4g3MvXDgv7Y62wgTwLPhzRckvdZXdn9OTJkmiIKJnT0nipGvUiAJ5tuKR5TzRARoBmUUkc4YNG84Nf\/DeoHQFM2j16tV4pn7\/3lLE44JBdOYMUuBGljLQ2K7geSdPnhKXCwM\/OvqWuGmuBQMIFmDduvWS8MmZM+cDAw7CRofiORjAOM+C4x\/q12+ADIjatV+XMnbst9S6dRuZ1SFOiI9jLUmcALhzJ06clDphULnXCQV1x3WPAllIPAPteOeO431wPa5FXTGgkTlF28IBgcWDZTl58oSci3aDG1q\/fn22MvXEwnGviJX67LNP2dK2FkuOwQyrjHugbtZzXAuEsWTJUmknTJKYwOC93G\/\/6HjnwwOBd4GJARMdvAyIFK4qMriZM2cSgUGYn3\/+mdQD7TZ58vdsgU8426+YJKBgkfHOJUuWkJ+uz0GBt7aILS0maLQBLOyzIOkXWR5C7NmzskkgS6dOlKJMGYmzZOdOAsAazJw5SzJ8GASwMugc94GG9ayBAwckyoVDx6BDACyOJxDbYMDiPLiemHEt9xg\/US9k+OBOoi74JopjYN4Hz7l82SGosmXLyE+AQdqrV2+xVlhXfeedTmy5D9E334yVAQqs90Vcu5nbD99yQQYY12LwYoAtXbpMfncFlgJLJZ6WhVzx8XEMA8TOgwd\/ylb7J0n7u4IMJbKVaIsKFcrLwLcmM6wBwkql45AD9UcGGpMU4kds6ECbAFhgiABCmjJlirjkrpMX3hPthEkC7frqq69IDGe1Na7r3Pk\/HHPm5\/s4jt28eUuyqnA3sYSCpQq0G\/oKYoRwIE48t1atWtS9+3+5vSOd2XovnoSTyRoqJrnTp8\/I+6xatYrd+eb8u+s485L2QZ0h0CpV\/iGCfybwbOUxA5TUBVm7IyNHmt3duplDQ4eaUzNmmHPLlpnL27aZ64cOmRunTjkye9euSWbW\/Xp2LySjhyzZnDlzDFtO0759B1OjRi3DwpXMmfs1jyosJsNxhEmfPqNk7pYsWeLxnPXr15vixUsaf\/9AydZ5Kvgsa9YIM2LECMMTR7x78GCS+oaFpZLMIw86Oc4Dx3Tt2tUEB4fIZ9OmTZfjyFpu3brV8MCWMmbMGLk3ntO8eUvDFtWMHj1GMpru9XAt2bJFGBZSvLp4KmyJTOnSZSXL6+k+KMgqh4SkNG++2cTw4DSLFy+WLDE+mzVrVrz7zZ37k0mVKo18VrhwUTkXbYDPmjRpKm3gem\/XgucgM9ugQUPJhOIadtsf2v7I1JYsWcosWLBA+mvUqNFyPGfO3JLNdq0bT2SGhS3X+PoGmLx580l2ffbsH2QcuN\/bvaANOF427MHFu29Slj9l8wA\/iaKWLKHjQ4dSNLtxQPa4YuZkdxFZVyzSB\/KsGPbKKxTOlsCbg\/WEgLVE0mPdurU804ZQnTq1Jdv5pMCFWrZs2b1FerhpnjJq3EayVvjzz\/NltnQzSDKTp0oVRjVr1mQrUkFmZldwPTYewC2DBR0woL8kIxAHTZ06TVxbzNad2INwdWst8PnUqVPFfcfOHbjpsEKoj6f42qIMeyNwHWElHgV2siDJg2ypuycCQ4X6lilTWhbl4cZiDXDmzJliMT\/8sEc8Vw7vC0uP0APPRkwKtxbeDjKf06fPkEX+27fjhyJ4DsKHUqVKyflWXId+WrduHc2b9zN7G5fitT8sJsKF116rJa42nvfDDz+wS7uUMmXKKAkmWFtX4HGgPVEX7P6Ba47+xXp3TMyDCUSAusEbQPYXFhfva1nwpOZPESUW6g\/17k03uOONW4dbINuaunZt2SAQiJ0rHl4YLgoSCBjccNfg1\/fpEykp9MQ2kGvchUZ\/GHBb3AesBQaDlSDBecA14YTnoKCe1nNwLxyDywRXE8UT+NyqJ67Hfa1rH4blLj4u1jPc3WBgPddqZ9fne2o3fG61A+qAd3O\/9nGe40pC7e\/+nrg3SkL3cm1Pq99c65sQuA\/e40naNDE8c1HeuXaNDvTqRZeWOoJ3\/o\/zEyf8gslZVBnbtKGwypVlXdIdNBbEiJl8+fLlkuVE\/DJu3FiZhRMazA8DnYJ0P+6NZQ73e7CbTCtWOJZsEBMVKJCf8uTJI3+7gwQBLCASE3hHbNNCx7388sseOxDZXlg\/1B0TDZZ6jh49Qq+wl4C41tOAVF4cnqkosfxxfPhwOj15Mt2NZbcAg81FlNhGB3c1U7t2shkb7qwrGOBYs+L4SfZXIguH7Btm5q+++pJatGghs1xiwL26d+8haX7sy5wxA2ufMdSwYUNxQfFtE7hYyGzCpStcuDBdvBjFrnO0fBVs5cpVsqBfufLLPDlMoAwZ0sk+SNQXbhkSAfv27eeyl5o1aybJKogVbiAylUhadOjQXtZIkc2DW4olhqZNm8qaH9yqSpVepgkTJt6bMIoUKULh4WHyHdGwsFCpKzZUI\/2PTetYZsBeTwgbYkdCCYvqcGPh4il\/DXwiIyP7OH9PWlhQ2NcKUd7b1+piAXzZIqbjAZj1vfdkOcTatQNgvZBB+\/LLEfTOO\/\/hQfg\/yabhODKF2NeKLFpiBQkQR3Jwz7GgY8cIMnhYg0TavlSpkjRlyveyQA7BwLU5cuSwZFghGAgL64r58+eTOmFfJv5VA9wPVhVLH4cO4fydEoctX\/4\/iR+xW2Uptwmuh8AQP86dO1dixEqVKon4sBaJTQMLFy6UrO6mTVtkGQZLIagbrDvOw+SAmBIxnXU+fkd9EPciE4ylFmR1kX31FKsq9uTZOMc8iK\/v2EGnxo6lO2zZXPFmK4fvQkawS5u1SxdJ8FhgARdCGDJkiOwuwcZlx9Yyh3XFYIQFiozs9VSChAhnz55N+PbA2bNnJdVft24d+RuWE\/WIi7stu2mQcPD19aO0adNJMql69eqyQA1hYY7BMkzy5MGSxMAxWEss9gOsm+FbEDgfbiyWMPLnLyBCxwYDLAfA7YVbjg3TsLxYckD9sDCNialq1VfFdS5evLjEzlh\/QwIE1yGBgXbAV6ewxQ91KF++nCx+w1oi7m7RovkTr90qz5dn4r7i+4PHv\/hCMq6u3\/7AXspQjhvTN29OIUXvb5eCSwprg0GE2R\/7FmElXEGchTWoYcOGiFV5mrgLQsROFAx2LDrDCiGuhEsLFxCi+uWXX1hEF1iMaUSMOIaMI65BPRAHBgYGiAjhQkLM16\/fkAVziAlCWL16rbilsJZY38JaH\/ZmYqsWdrog04ivHGHTAbK+WGfDu8OqVq78D7HOyPJhvRbig0s6fPiXVKNGNdnZgt0uv\/76q7QffkfWE5ME4mWsD0KsvXtHPpANVuxNkovyDluZMxxDnpowQZI8ktxhAQXyYE\/TqBGlqVOHAvh3HMNgwmD96ad5Eich\/sFyhycQh2HJAjO\/+66bJ0XqxEDY+B0Flgw\/LbFbx62\/8dPK1gF8BqzjrudZ11nHrWMW+N01AQQR4W\/rPFwHr8D1GgBRYpsaNnNDpO73dWXXrt2ytxQJMeWvRZKLEl8cPtyvn3xn0Ro0QRxnIXZMUbasrEkCWAMkcLBFCnsbETclREBAILVu3ZL69u3DMaDnTcyK8nchSUUZx7HSrpYt6ebBg\/I3ttCFsquJzebyrQ8XEBshCYEEDgr2l2KZAK4ltqMhroLbhv2gyHxOnDheXDRF+buTZKKM47jscGQkRS1dKhbSP316SvvGG5SxVSv5hv+TAOuKJQO4a0i6IHP4rL67pih2I0lEeYfFc\/q77+jE11+LdUQSB8sdsJL4epaiKI\/PU4sS\/wJa1KJFdGzIEIpjdzNtvXpiIWUzAAtUUZQn4+lEyW4m9rMe+ewzij1zhjK+\/TaFV6lCfmFhfOfEL1koyovMU4kS\/wIaduxgXTJr164UVLBgvJ05iqI8OYlWEL6OdWXDBvnqVfY+fSh5oUIqSEVJAhJtKaOPHZOtdPj3SvG\/FlAUJWlItCjxT3v4cuyIb3ooipJ0JD6mxPYuTeYoSpKT+CBQBakozwTNzCiKzVBRKorNUFEqis1QUSqKzVBRKorNUFEqis1QUSqKzVBRKorNUFEqis1QUSqKzVBRKorNUFEqis1QUSqKzVBRKorNUFEqis1QUSqKzVBRKorNUFEqis1QUSqKzVBRKorNUFEqis1QUSqKzVBRKoqtIPo\/L6dD+AhzSK0AAAAASUVORK5CYII=' alt='' class='fr-fic fr-dii'><\/p>\n<p style='box-sizing: border-box; margin-top: 0px; margin-bottom: 1rem; color: #212529; font-family: Satoshi-Variable&comma; sans-serif; font-size: 16px; background-color: #ffffff;'><span style='box-sizing: border-box; font-weight: bolder;'><span style='box-sizing: border-box; font-size: 14px;'>Banco capacitor autom\u00e1tico con interruptor 480 VCA de 80 KVAR.<\/span><\/span><\/p>\n<p style='box-sizing: border-box; margin-top: 0px; margin-bottom: 1rem; color: #212529; font-family: Satoshi-Variable&comma; sans-serif; font-size: 16px; background-color: #ffffff;'>\n<p style='box-sizing: border-box; margin-top: 0px; margin-bottom: 1rem; color: #212529; font-family: Satoshi-Variable&comma; sans-serif; font-size: 16px; background-color: #ffffff;'><span style='box-sizing: border-box; font-weight: bolder;'>\u00bfPor qu\u00e9 usar un Banco de capacitores?<\/span><\/p>\n<p style='box-sizing: border-box; margin-top: 0px; margin-bottom: 1rem; color: #212529; font-family: Satoshi-Variable&comma; sans-serif; font-size: 16px; background-color: #ffffff;'>La penalizaci\u00f3n por un bajo factor de potencia se ha elevado considerablemente y los afectados han visto un aumento significativo en su consumo el\u00e9ctrico. <\/p>\n<p style='box-sizing: border-box; margin-top: 0px; margin-bottom: 1rem; color: #212529; font-family: Satoshi-Variable&comma; sans-serif; font-size: 16px; background-color: #ffffff;'>Los bancos de capacitores corrigen el factor de potencia&comma; esto consiste en reducir la potencia reactiva que demanda la carga&comma; generando ahorros considerables en multas por parte de la compa\u00f1\u00eda suministradora de energ\u00eda. <\/p>\n<p style='box-sizing: border-box; margin-top: 0px; margin-bottom: 1rem; color: #212529; font-family: Satoshi-Variable&comma; sans-serif; font-size: 16px; background-color: #ffffff;'>\n<p style='box-sizing: border-box; margin-top: 0px; margin-bottom: 1rem; color: #212529; font-family: Satoshi-Variable&comma; sans-serif; font-size: 16px; background-color: #ffffff;'><span style='box-sizing: border-box; font-weight: bolder;'>Caracter\u00edsticas<\/span><\/p>\n<ul style='box-sizing: border-box; padding-left: 2rem; margin-top: 0px; margin-bottom: 1rem; color: #212529; font-family: Satoshi-Variable&comma; sans-serif; font-size: 16px; background-color: #ffffff; list-style-type: circle;'>\n<li style='box-sizing: border-box;'>Equipos conformados por capacitores totalmente secos y auto-regenerables.<\/li>\n<li style='box-sizing: border-box;'>Soportan una sobrecorriente del 150% de su valor nominal. <\/li>\n<li style='box-sizing: border-box;'>Ausencia de partes vivas; las conexiones del equipo y los capacitores no est\u00e1n expuestos al contacto accidental.<\/li>\n<li style='box-sizing: border-box;'>Controlador digital. Este dispositivo monitorea el FP en tiempo real y efect\u00faa autom\u00e1ticamente el conexionado y des-conexionado de la potencia capacitiva que requiera la red el\u00e9ctrica.<\/li>\n<li style='box-sizing: border-box;'>Gabinete. Exclusivo para el sistema modular&comma; met\u00e1lico&comma; auto-soportado; que permite el escalamiento en potencia ya sea de cada uno de sus pasos o de su potencia total. Provistos de rejillas de ventilaci\u00f3n&comma; son de frente muerto&comma; ensamblables y modulares.<\/li>\n<li style='box-sizing: border-box;'>Bus de barras de cobre. Que otorga mayor seguridad electromec\u00e1nica al equipo y al usuario.<\/li>\n<\/ul>\n<p style='box-sizing: border-box; margin-top: 0px; margin-bottom: 1rem; color: #212529; font-family: Satoshi-Variable&comma; sans-serif; font-size: 16px; background-color: #ffffff;'>\n<p style='box-sizing: border-box; margin-top: 0px; margin-bottom: 1rem; color: #212529; font-family: Satoshi-Variable&comma; sans-serif; font-size: 16px; background-color: #ffffff;'><span style='box-sizing: border-box; font-weight: bolder;'>Aplicaciones<\/span><\/p>\n<ul style='box-sizing: border-box; padding-left: 2rem; margin-top: 0px; margin-bottom: 1rem; color: #212529; font-family: Satoshi-Variable&comma; sans-serif; font-size: 16px; background-color: #ffffff; list-style-type: circle;'>\n<li style='box-sizing: border-box;'>Correcci\u00f3n de factor de potencia (FP)<\/li>\n<li style='box-sizing: border-box;'>Para contrarrestar el efecto de las cargas inductivas de operaci\u00f3n variable o fluctuante que provocan recargos mensuales en los recibos de energ\u00eda el\u00e9ctrica por un FP menor al 90%<\/li>\n<li style='box-sizing: border-box;'>Para incrementar el FP hacia un valor superior al 90%&comma; obteniendo bonificaciones en las tarifas mencionadas.<\/li>\n<li style='box-sizing: border-box;'>En procesos productivos industriales.<\/li>\n<li style='box-sizing: border-box;'>En hoteles&comma; hospitales&comma; edificios&comma; centros comerciales&comma; cines y en general en las redes el\u00e9ctricas trif\u00e1sicas<\/li>\n<\/ul>\n","protected":false},"excerpt":{"rendered":"<p>Banco Capacitor Autom\u00e1tico c\/Interruptor 480 VCA de 80 KVAR<\/p>\n","protected":false},"featured_media":48583,"comment_status":"open","ping_status":"closed","template":"","meta":[],"product_brand":[],"product_cat":[1087],"product_tag":[1089,1088,635],"class_list":{"0":"post-48584","1":"product","2":"type-product","3":"status-publish","4":"has-post-thumbnail","6":"product_cat-banco-de-capacitores","7":"product_tag-banco-de-capacitores","8":"product_tag-calidad-de-la-energia","9":"product_tag-total-ground","11":"first","12":"outofstock","13":"sale","14":"shipping-taxable","15":"purchasable","16":"product-type-simple"},"_links":{"self":[{"href":"https:\/\/soydeaqui.ddns.net\/pachuca\/index.php\/wp-json\/wp\/v2\/product\/48584","targetHints":{"allow":["GET"]}}],"collection":[{"href":"https:\/\/soydeaqui.ddns.net\/pachuca\/index.php\/wp-json\/wp\/v2\/product"}],"about":[{"href":"https:\/\/soydeaqui.ddns.net\/pachuca\/index.php\/wp-json\/wp\/v2\/types\/product"}],"replies":[{"embeddable":true,"href":"https:\/\/soydeaqui.ddns.net\/pachuca\/index.php\/wp-json\/wp\/v2\/comments?post=48584"}],"wp:featuredmedia":[{"embeddable":true,"href":"https:\/\/soydeaqui.ddns.net\/pachuca\/index.php\/wp-json\/wp\/v2\/media\/48583"}],"wp:attachment":[{"href":"https:\/\/soydeaqui.ddns.net\/pachuca\/index.php\/wp-json\/wp\/v2\/media?parent=48584"}],"wp:term":[{"taxonomy":"product_brand","embeddable":true,"href":"https:\/\/soydeaqui.ddns.net\/pachuca\/index.php\/wp-json\/wp\/v2\/product_brand?post=48584"},{"taxonomy":"product_cat","embeddable":true,"href":"https:\/\/soydeaqui.ddns.net\/pachuca\/index.php\/wp-json\/wp\/v2\/product_cat?post=48584"},{"taxonomy":"product_tag","embeddable":true,"href":"https:\/\/soydeaqui.ddns.net\/pachuca\/index.php\/wp-json\/wp\/v2\/product_tag?post=48584"}],"curies":[{"name":"wp","href":"https:\/\/api.w.org\/{rel}","templated":true}]}}