{"id":48572,"date":"2026-03-18T21:43:54","date_gmt":"2026-03-18T21:43:54","guid":{"rendered":"https:\/\/soydeaqui.ddns.net\/pachuca\/index.php\/producto\/taquete-azul-3-8-para-tornillo-12mm-x-2-100pzs-1105-05100\/"},"modified":"2026-03-18T21:44:06","modified_gmt":"2026-03-18T21:44:06","slug":"taquete-azul-3-8-para-tornillo-12mm-x-2-100pzs-1105-05100","status":"publish","type":"product","link":"https:\/\/soydeaqui.ddns.net\/pachuca\/index.php\/producto\/taquete-azul-3-8-para-tornillo-12mm-x-2-100pzs-1105-05100\/","title":{"rendered":"Taquete azul 3\/8&#8243; para tornillo 12mm x 2&#8243; (100pzs) (1105-05100)"},"content":{"rendered":"<div style='width: 100%; max-width: 1200px; margin: 0 auto; font-family: sans-serif; line-height: 1.6; color: inherit; background-color: transparent;'>\n<div style='display: flex; flex-wrap: wrap; gap: 30px; margin-bottom: 30px;'>\n<div style='flex: 1 1 300px; min-width: 280px;'> <img style='width: 100%; height: auto; border: 1px solid rgba(150&comma;150&comma;150&comma;0.3); border-radius: 8px;' src='https:\/\/ftp3.syscom.mx\/usuarios\/fotos\/TP3\/76965-thorsmanarriba.jpg' alt=''> <\/div>\n<\/p><\/div>\n<div style='display: flex; flex-wrap: wrap; gap: 30px; margin-bottom: 30px;'>\n<div style='flex: 1 1 300px; min-width: 280px;'>\n<h3 style='font-size: 22px; border-bottom: 2px solid currentColor; padding-bottom: 5px; margin-top: 0; color: inherit; opacity: 0.8;'>Caracter\u00edsticas<\/h3>\n<ul style='padding-left: 20px; font-size: 15px; color: inherit;'>\n<li style='margin-bottom: 5px;'>Taquetes para fijar objetos con tornillo en muros y techos de concreto o superficies s\u00f3lidas.<\/li>\n<li style='margin-bottom: 5px;'>Color Azul.<\/li>\n<li style='margin-bottom: 5px;'>Realiza una doble expansi\u00f3n&comma; es decir que abre hacia los cuatro puntos cardinales.<\/li>\n<li style='margin-bottom: 5px;'>Consta de 2 aletas que no permiten que el taquete gire dentro del orificio cuando se introduce el tornillo.<\/li>\n<li style='margin-bottom: 5px;'>Posee un cuello que impide que el taquete se hunda&comma; a\u00fan cuando la perforaci\u00f3n sea m\u00e1s profunda.<\/li>\n<li style='margin-bottom: 5px;'>Tiene una gu\u00eda que permite que el tornillo se introduzca correctamente.<\/li>\n<li style='margin-bottom: 5px;'>Libre de rebaba que impida la doble expansi\u00f3n&comma; prueba con tornillo 12 x 2\u201d (50.8mm)<\/li>\n<li style='margin-bottom: 5px;'>Temperaturas de operaci\u00f3n -50\u00b0 C a +80\u00b0 C<\/li>\n<li style='margin-bottom: 5px;'>Carga recomendada: 140 Kg en concreto.<\/li>\n<li style='margin-bottom: 5px;'>Resistencia a la extracci\u00f3n: 100 Kg en concreto.<\/li>\n<li style='margin-bottom: 5px;'>Compatible con tornillo (pija): <a style='color: inherit; text-decoration: underline;' href='https:\/\/www.syscom.mx\/principal\/searchcont?route=TH-TP3-THORSMAN-78560&#038;autodetect=TH-TP3'>TH-TP3<\/a> (se vende por separado)<\/li>\n<li style='margin-bottom: 5px;'>Modelo alternativo de taquete + tornillo (pija): <a style='color: inherit; text-decoration: underline;' href='https:\/\/www.syscom.mx\/principal\/searchcont?route=TP-3-KIT-THORSMAN-78362&#038;autodetect=tp3'>TP-3-KIT<\/a><\/li>\n<\/ul><\/div>\n<div style='flex: 1 1 300px; min-width: 280px;'>\n<h3 style='font-size: 22px; border-bottom: 2px solid currentColor; padding-bottom: 5px; margin-top: 0; color: inherit; opacity: 0.8;'>Materiales<\/h3>\n<ul style='padding-left: 20px; font-size: 15px; color: inherit;'>\n<li style='margin-bottom: 5px;'>Color Azul<\/li>\n<li style='margin-bottom: 5px;'>Elaborado con polietileno de alta densidad<\/li>\n<li style='margin-bottom: 5px;'>Flexible<\/li>\n<li style='margin-bottom: 5px;'>Resistente al impacto y extracci\u00f3n<\/li>\n<\/ul><\/div>\n<\/p><\/div>\n<div style='display: flex; flex-wrap: wrap; gap: 30px; margin-bottom: 30px;'>\n<div style='flex: 1 1 300px; min-width: 280px;'> <img style='width: 100%; height: auto; border: 1px solid rgba(150&comma;150&comma;150&comma;0.3); border-radius: 8px;' src='http:\/\/ftp3.syscom.mx\/usuarios\/egomez\/Hecho%20en%20Mexico.jpg' alt=''> <\/div>\n<\/p><\/div>\n<div style='display: flex; flex-wrap: wrap; gap: 30px; margin-bottom: 30px;'>\n<div style='flex: 1 1 300px; min-width: 280px;'>\n<h3 style='font-size: 22px; border-bottom: 2px solid currentColor; padding-bottom: 5px; margin-top: 0; color: inherit; opacity: 0.8;'>Dimensiones (Acotaci\u00f3n en mm):<\/h3>\n<div style='display: flex; flex-direction: column; gap: 15px;'> <img style='width: 100%; height: auto; border: 1px solid rgba(150&comma;150&comma;150&comma;0.3); border-radius: 8px;' src='http:\/\/ftp3.syscom.mx\/usuarios\/jdelafuente\/THORSMAN\/Productos\/FIJACION\/TP3.PNG' alt=''> <img style='width: 100%; height: auto; border: 1px solid rgba(150&comma;150&comma;150&comma;0.3); border-radius: 8px;' src='http:\/\/ftp3.syscom.mx\/usuarios\/jdelafuente\/THORSMAN\/Productos\/FIJACION\/THORQUETES.PNG' alt=''> <img style='width: 100%; height: auto; border: 1px solid rgba(150&comma;150&comma;150&comma;0.3); border-radius: 8px;' src='http:\/\/ftp3.syscom.mx\/usuarios\/jdelafuente\/THORSMAN\/Productos\/FIJACION\/TABLA%20THORQUETES.PNG' alt=''> <\/div>\n<\/p><\/div>\n<\/p><\/div>\n<div style='display: flex; flex-wrap: wrap; gap: 30px; margin-bottom: 30px;'>\n<div style='flex: 1 1 300px; min-width: 280px; text-align: center;'>\n<div style='position: relative; padding-bottom: 56.25%; height: 0; overflow: hidden; margin-bottom: 30px;'>   <\/div>\n<\/p><\/div>\n<\/p><\/div>\n<div style='display: flex; flex-wrap: wrap; gap: 30px; margin-bottom: 30px;'>\n<div style='flex: 1 1 300px; min-width: 280px; text-align: center;'> <img style='width: 100%; height: auto; border: 1px solid rgba(150&comma;150&comma;150&comma;0.3); border-radius: 8px;' src='https:\/\/ftp3.syscom.mx\/usuarios\/fotos\/TP3\/76965-thorsmanabajo.png' alt=''> <\/div>\n<\/p><\/div>\n<\/p><\/div>\n","protected":false},"excerpt":{"rendered":"<p>Taquete azul 3\/8&#8243; para tornillo 12mm x 2&#8243; (100pzs) (1105-05100)<\/p>\n","protected":false},"featured_media":48571,"comment_status":"open","ping_status":"closed","template":"","meta":[],"product_brand":[],"product_cat":[574],"product_tag":[572,575,583],"class_list":{"0":"post-48572","1":"product","2":"type-product","3":"status-publish","4":"has-post-thumbnail","6":"product_cat-fijacion","7":"product_tag-canalizacion","8":"product_tag-fijacion","9":"product_tag-thorsman","11":"first","12":"instock","13":"sale","14":"shipping-taxable","15":"purchasable","16":"product-type-simple"},"_links":{"self":[{"href":"https:\/\/soydeaqui.ddns.net\/pachuca\/index.php\/wp-json\/wp\/v2\/product\/48572","targetHints":{"allow":["GET"]}}],"collection":[{"href":"https:\/\/soydeaqui.ddns.net\/pachuca\/index.php\/wp-json\/wp\/v2\/product"}],"about":[{"href":"https:\/\/soydeaqui.ddns.net\/pachuca\/index.php\/wp-json\/wp\/v2\/types\/product"}],"replies":[{"embeddable":true,"href":"https:\/\/soydeaqui.ddns.net\/pachuca\/index.php\/wp-json\/wp\/v2\/comments?post=48572"}],"wp:featuredmedia":[{"embeddable":true,"href":"https:\/\/soydeaqui.ddns.net\/pachuca\/index.php\/wp-json\/wp\/v2\/media\/48571"}],"wp:attachment":[{"href":"https:\/\/soydeaqui.ddns.net\/pachuca\/index.php\/wp-json\/wp\/v2\/media?parent=48572"}],"wp:term":[{"taxonomy":"product_brand","embeddable":true,"href":"https:\/\/soydeaqui.ddns.net\/pachuca\/index.php\/wp-json\/wp\/v2\/product_brand?post=48572"},{"taxonomy":"product_cat","embeddable":true,"href":"https:\/\/soydeaqui.ddns.net\/pachuca\/index.php\/wp-json\/wp\/v2\/product_cat?post=48572"},{"taxonomy":"product_tag","embeddable":true,"href":"https:\/\/soydeaqui.ddns.net\/pachuca\/index.php\/wp-json\/wp\/v2\/product_tag?post=48572"}],"curies":[{"name":"wp","href":"https:\/\/api.w.org\/{rel}","templated":true}]}}