{"id":48567,"date":"2026-03-18T21:43:45","date_gmt":"2026-03-18T21:43:45","guid":{"rendered":"https:\/\/soydeaqui.ddns.net\/pachuca\/index.php\/producto\/electrodo-para-tierra-fisica-para-aplicaciones-residenciales-y-antenas-de-baja-potencia\/"},"modified":"2026-03-18T21:43:51","modified_gmt":"2026-03-18T21:43:51","slug":"electrodo-para-tierra-fisica-para-aplicaciones-residenciales-y-antenas-de-baja-potencia","status":"publish","type":"product","link":"https:\/\/soydeaqui.ddns.net\/pachuca\/index.php\/producto\/electrodo-para-tierra-fisica-para-aplicaciones-residenciales-y-antenas-de-baja-potencia\/","title":{"rendered":"Electrodo Para Tierra F\u00edsica para Aplicaciones Residenciales y Antenas de Baja Potencia."},"content":{"rendered":"<div style='width: 100%; max-width: 1200px; margin: 0 auto; font-family: sans-serif; line-height: 1.6; color: inherit; background-color: transparent;'>\n<div style='margin-bottom: 30px;'>\n<p style='margin: 0 0 15px 0;'>El kit <em>VARIGROUND<\/em> es un sistema completo de aterrizamiento y protecci\u00f3n para sus equipos y personal.<\/p>\n<ul style='padding-left: 20px; margin: 15px 0; color: inherit;'>\n<li style='margin-bottom: 5px;'>Cumple como soluci\u00f3n a los problemas de protecci\u00f3n el\u00e9ctrica.<\/li>\n<li style='margin-bottom: 5px;'>Brinda un camino para la descarga de la energ\u00eda no deseada y referencia de potencial para un voltaje estable.<\/li>\n<li style='margin-bottom: 5px;'>F\u00e1cil instalaci\u00f3n.<\/li>\n<li style='margin-bottom: 5px;'>El compuesto H2Ohm complementa y favorece el \u00f3ptimo funcionamiento del sistema.<\/li>\n<li style='margin-bottom: 5px;'>Se complementan con un filtro pasivo LCR (inductivo&comma; capacitivo y resistivo).<\/li>\n<\/ul><\/div>\n<div style='margin-bottom: 30px;'>\n<h3 style='font-size: 20px; border-bottom: 2px solid currentColor; padding-bottom: 5px; margin-top: 0; margin-bottom: 15px; color: inherit; opacity: 0.8;'>Caracter\u00edsticas<\/h3>\n<ul style='padding-left: 20px; color: inherit;'>\n<li style='margin-bottom: 5px;'>Capacidad de 15 A.<\/li>\n<li style='margin-bottom: 5px;'>97 cm de altura.<\/li>\n<li style='margin-bottom: 5px;'>Filtro LCR de 12.5 cm de altura y 2 pulgadas de di\u00e1metro.<\/li>\n<\/ul><\/div>\n<div style='margin-bottom: 30px;'>\n<p style='margin: 0 0 15px 0; font-style: italic;'>Los contactos INTELIGROUND se venden por separado.<\/p>\n<div style='display: flex; flex-wrap: wrap; gap: 15px; justify-content: center; margin: 15px 0;'> <img style='width: 100%; max-width: 370px; height: auto; border: 1px solid rgba(150&comma;150&comma;150&comma;0.3); border-radius: 8px;' src='https:\/\/ftp3.syscom.mx\/usuarios\/fotos\/VARIGROUND\/SINT\/76958-kitvari2.png' alt=''> <img style='width: 100%; max-width: 783px; height: auto; border: 1px solid rgba(150&comma;150&comma;150&comma;0.3); border-radius: 8px;' src='https:\/\/ftp3.syscom.mx\/usuarios\/fotos\/VARIGROUND\/SINT\/76958-vari2.png' alt=''> <\/div>\n<\/p><\/div>\n<div style='margin-bottom: 30px;'>\n<h3 style='font-size: 20px; border-bottom: 2px solid currentColor; padding-bottom: 5px; margin-top: 0; margin-bottom: 15px; color: inherit; opacity: 0.8;'>Incluye los siguientes componentes:<\/h3>\n<div style='overflow-x: auto;'>\n<table style='width: 100%; border-collapse: collapse; margin-bottom: 15px; color: inherit;'>\n<thead style='background-color: transparent;'>\n<tr>\n<th style='padding: 12px; border-bottom: 1px solid rgba(150&comma;150&comma;150&comma;0.3); text-align: left; font-weight: bold; font-size: 14px;'>Cantidad<\/th>\n<th style='padding: 12px; border-bottom: 1px solid rgba(150&comma;150&comma;150&comma;0.3); text-align: left; font-weight: bold; font-size: 14px;'>Modelo<\/th>\n<th style='padding: 12px; border-bottom: 1px solid rgba(150&comma;150&comma;150&comma;0.3); text-align: left; font-weight: bold; font-size: 14px;'>Descripci\u00f3n<\/th>\n<\/tr>\n<\/thead>\n<tbody>\n<tr>\n<td style='padding: 10px; border-bottom: 1px solid rgba(150&comma;150&comma;150&comma;0.2);'>1<\/td>\n<td style='padding: 10px; border-bottom: 1px solid rgba(150&comma;150&comma;150&comma;0.2); color: #2880b9;'>VARIGROUND\/SINT<\/td>\n<td style='padding: 10px; border-bottom: 1px solid rgba(150&comma;150&comma;150&comma;0.2);'>Electrodo para aplicaciones de baja potencia.<\/td>\n<\/tr>\n<tr>\n<td style='padding: 10px; border-bottom: 1px solid rgba(150&comma;150&comma;150&comma;0.2);'>1<\/td>\n<td style='padding: 10px; border-bottom: 1px solid rgba(150&comma;150&comma;150&comma;0.2); color: #2880b9;'>H2OHM<\/td>\n<td style='padding: 10px; border-bottom: 1px solid rgba(150&comma;150&comma;150&comma;0.2);'>Compuesto Acondicionador de Suelo 5 Kg.<\/td>\n<\/tr>\n<\/tbody>\n<\/table><\/div>\n<\/p><\/div>\n<div style='margin-bottom: 30px;'>\n<h3 style='font-size: 20px; border-bottom: 2px solid currentColor; padding-bottom: 5px; margin-top: 0; margin-bottom: 15px; color: inherit; opacity: 0.8;'>Accesorios complementarios (No incluido):<\/h3>\n<div style='overflow-x: auto;'>\n<table style='width: 100%; border-collapse: collapse; margin-bottom: 15px; color: inherit;'>\n<thead style='background-color: transparent;'>\n<tr>\n<th style='padding: 12px; border-bottom: 1px solid rgba(150&comma;150&comma;150&comma;0.3); text-align: left; font-weight: bold; font-size: 14px;'>Cantidad<\/th>\n<th style='padding: 12px; border-bottom: 1px solid rgba(150&comma;150&comma;150&comma;0.3); text-align: left; font-weight: bold; font-size: 14px;'>Modelo<\/th>\n<th style='padding: 12px; border-bottom: 1px solid rgba(150&comma;150&comma;150&comma;0.3); text-align: left; font-weight: bold; font-size: 14px;'>Descripci\u00f3n<\/th>\n<\/tr>\n<\/thead>\n<tbody>\n<tr>\n<td style='padding: 10px; border-bottom: 1px solid rgba(150&comma;150&comma;150&comma;0.2);'>1<\/td>\n<td style='padding: 10px; border-bottom: 1px solid rgba(150&comma;150&comma;150&comma;0.2);'> <a style='color: inherit; text-decoration: none; color: #2880b9;' href='https:\/\/www.syscom.mx\/producto\/TG-CR11-TOTAL-GROUND-76026.html' target='_blank' rel='noopener'>TGCR11<\/a> <\/td>\n<td style='padding: 10px; border-bottom: 1px solid rgba(150&comma;150&comma;150&comma;0.2);'>Conector de Bronce.<\/td>\n<\/tr>\n<tr>\n<td style='padding: 10px; border-bottom: 1px solid rgba(150&comma;150&comma;150&comma;0.2);'>1<\/td>\n<td style='padding: 10px; border-bottom: 1px solid rgba(150&comma;150&comma;150&comma;0.2);'> <a style='color: inherit; text-decoration: none; color: #2880b9;' href='https:\/\/www.syscom.mx\/producto\/S-610-TOTAL-GROUND-75929.html' target='_blank' rel='noopener'>S610<\/a> <\/td>\n<td style='padding: 10px; border-bottom: 1px solid rgba(150&comma;150&comma;150&comma;0.2);'>Registro para Electrodo.<\/td>\n<\/tr>\n<tr>\n<td style='padding: 10px; border-bottom: 1px solid rgba(150&comma;150&comma;150&comma;0.2);'>1<\/td>\n<td style='padding: 10px; border-bottom: 1px solid rgba(150&comma;150&comma;150&comma;0.2);'> <a style='color: inherit; text-decoration: none; color: #2880b9;' href='https:\/\/www.syscom.mx\/producto\/TG-BUS-G10-TOTAL-GROUND-75914.html' target='_blank' rel='noopener'>TGBUSG10<\/a> <\/td>\n<td style='padding: 10px; border-bottom: 1px solid rgba(150&comma;150&comma;150&comma;0.2);'>Barra de uni\u00f3n de 7-7\/8&#8242; x 2&#8242; x 1\/4&#8242; con aisladores de 1000A de capacidad.<\/td>\n<\/tr>\n<tr>\n<td style='padding: 10px; border-bottom: 1px solid rgba(150&comma;150&comma;150&comma;0.2);'>1<\/td>\n<td style='padding: 10px; border-bottom: 1px solid rgba(150&comma;150&comma;150&comma;0.2);'> <a style='color: inherit; text-decoration: none; color: #2880b9;' href='https:\/\/www.syscom.mx\/producto\/SLY-287-GRN-INDIANA-176933.html' target='_blank' rel='noopener'>SLY287GRN<\/a> <\/td>\n<td style='padding: 10px; border-bottom: 1px solid rgba(150&comma;150&comma;150&comma;0.2);'>Cable de cobre recubierto THW-SL Calibre 4 AWG<\/td>\n<\/tr>\n<\/tbody>\n<\/table><\/div>\n<\/p><\/div>\n<\/p><\/div>\n","protected":false},"excerpt":{"rendered":"<p>Electrodo Para Tierra F\u00edsica para Aplicaciones Residenciales y Antenas de Baja Potencia.<\/p>\n","protected":false},"featured_media":48566,"comment_status":"open","ping_status":"closed","template":"","meta":[],"product_brand":[],"product_cat":[1131],"product_tag":[1088,1132,635],"class_list":{"0":"post-48567","1":"product","2":"type-product","3":"status-publish","4":"has-post-thumbnail","6":"product_cat-tierras-fisicas","7":"product_tag-calidad-de-la-energia","8":"product_tag-tierras-fisicas","9":"product_tag-total-ground","11":"first","12":"instock","13":"sale","14":"shipping-taxable","15":"purchasable","16":"product-type-simple"},"_links":{"self":[{"href":"https:\/\/soydeaqui.ddns.net\/pachuca\/index.php\/wp-json\/wp\/v2\/product\/48567","targetHints":{"allow":["GET"]}}],"collection":[{"href":"https:\/\/soydeaqui.ddns.net\/pachuca\/index.php\/wp-json\/wp\/v2\/product"}],"about":[{"href":"https:\/\/soydeaqui.ddns.net\/pachuca\/index.php\/wp-json\/wp\/v2\/types\/product"}],"replies":[{"embeddable":true,"href":"https:\/\/soydeaqui.ddns.net\/pachuca\/index.php\/wp-json\/wp\/v2\/comments?post=48567"}],"wp:featuredmedia":[{"embeddable":true,"href":"https:\/\/soydeaqui.ddns.net\/pachuca\/index.php\/wp-json\/wp\/v2\/media\/48566"}],"wp:attachment":[{"href":"https:\/\/soydeaqui.ddns.net\/pachuca\/index.php\/wp-json\/wp\/v2\/media?parent=48567"}],"wp:term":[{"taxonomy":"product_brand","embeddable":true,"href":"https:\/\/soydeaqui.ddns.net\/pachuca\/index.php\/wp-json\/wp\/v2\/product_brand?post=48567"},{"taxonomy":"product_cat","embeddable":true,"href":"https:\/\/soydeaqui.ddns.net\/pachuca\/index.php\/wp-json\/wp\/v2\/product_cat?post=48567"},{"taxonomy":"product_tag","embeddable":true,"href":"https:\/\/soydeaqui.ddns.net\/pachuca\/index.php\/wp-json\/wp\/v2\/product_tag?post=48567"}],"curies":[{"name":"wp","href":"https:\/\/api.w.org\/{rel}","templated":true}]}}