{"id":48563,"date":"2026-03-18T21:43:40","date_gmt":"2026-03-18T21:43:40","guid":{"rendered":"https:\/\/soydeaqui.ddns.net\/pachuca\/index.php\/producto\/medidor-remoto-30-m-con-display-lcd\/"},"modified":"2026-03-18T21:43:42","modified_gmt":"2026-03-18T21:43:42","slug":"medidor-remoto-30-m-con-display-lcd","status":"publish","type":"product","link":"https:\/\/soydeaqui.ddns.net\/pachuca\/index.php\/producto\/medidor-remoto-30-m-con-display-lcd\/","title":{"rendered":"Medidor remoto (30 m) con display LCD."},"content":{"rendered":"<div style='width: 100%; max-width: 1200px; margin: 0 auto; font-family: sans-serif; line-height: 1.6; color: inherit; background-color: transparent;'>\n<div style='display: flex; flex-wrap: wrap; gap: 30px; margin-bottom: 30px;'>\n<div style='flex: 1 1 300px; min-width: 280px;'>\n<h3 style='font-size: 22px; border-bottom: 2px solid currentColor; padding-bottom: 5px; margin-top: 0; color: inherit; opacity: 0.8;'>Descripci\u00f3n<\/h3>\n<p style='font-size: 15px; color: inherit; margin-top: 0; margin-bottom: 15px;'>Medidor para los controladores TriStar.<\/p>\n<p style='font-size: 15px; color: inherit; margin-top: 0; margin-bottom: 15px;'>Hay dos instrumentos digitales LCD para la l\u00ednea de controladores TriStar. Ambos tienen id\u00e9nticas pantallas. Una versi\u00f3n se monta en el controlador y la otra se monta en un lugar distante. Este manual proporciona informaci\u00f3n sobre las caracter\u00edsticas y funciones de los instrumentos TriStar.<\/p>\n<\/p><\/div>\n<\/p><\/div>\n<div style='display: flex; flex-wrap: wrap; gap: 20px; margin-bottom: 30px;'>\n<div style='flex: 1 1 250px; border: 1px solid rgba(150&comma; 150&comma; 150&comma; 0.4); border-radius: 8px; overflow: hidden; display: flex; flex-direction: column;'>\n<div style='padding: 15px; border-bottom: 1px solid rgba(150&comma; 150&comma; 150&comma; 0.2); font-weight: bold; font-size: 18px; color: inherit;'>Caracter\u00edsticas principales<\/div>\n<div style='padding: 15px; color: inherit;'>\n<ul style='padding-left: 20px; margin: 0; font-size: 14px; list-style-type: disc;'>\n<li style='margin-bottom: 5px;'>Reconocido por Intertek ETL para uso con la l\u00ednea de controladores de carga TriStar de Morningstar<\/li>\n<li style='margin-bottom: 5px;'>Cumple con las normas CE y LVD<\/li>\n<li style='margin-bottom: 5px;'>Apto para sistemas de 12&comma; 24 y 48 VCC<\/li>\n<li style='margin-bottom: 5px;'>Protecci\u00f3n completa contra fallas de conexi\u00f3n<\/li>\n<li style='margin-bottom: 5px;'>La unidad montada en el controlador y la unidad montada a distancia pueden usarse conjuntamente<\/li>\n<\/ul><\/div>\n<\/p><\/div>\n<div style='flex: 1 1 250px; border: 1px solid rgba(150&comma; 150&comma; 150&comma; 0.4); border-radius: 8px; overflow: hidden; display: flex; flex-direction: column;'>\n<div style='padding: 15px; border-bottom: 1px solid rgba(150&comma; 150&comma; 150&comma; 0.2); font-weight: bold; font-size: 18px; color: inherit;'>Funcionalidades<\/div>\n<div style='padding: 15px; color: inherit;'>\n<ul style='padding-left: 20px; margin: 0; font-size: 14px; list-style-type: disc;'>\n<li style='margin-bottom: 5px;'>Rango nominal extendido de temperatura de LCD (-20 \u00b0C a +70 \u00b0C)<\/li>\n<li style='margin-bottom: 5px;'>Visualizaci\u00f3n en varios idiomas (ingl\u00e9s&comma; franc\u00e9s&comma; alem\u00e1n&comma; portugu\u00e9s&comma; espa\u00f1ol)<\/li>\n<li style='margin-bottom: 5px;'>Muestra la totalizaci\u00f3n de datos de varios controladores TriStar<\/li>\n<li style='margin-bottom: 5px;'>Reset y ecualizaci\u00f3n manual de amp-hora para uno o varios controladores<\/li>\n<li style='margin-bottom: 5px;'>Funci\u00f3n de diagn\u00f3stico<\/li>\n<\/ul><\/div>\n<\/p><\/div>\n<div style='flex: 1 1 250px; border: 1px solid rgba(150&comma; 150&comma; 150&comma; 0.4); border-radius: 8px; overflow: hidden; display: flex; flex-direction: column;'>\n<div style='padding: 15px; border-bottom: 1px solid rgba(150&comma; 150&comma; 150&comma; 0.2); font-weight: bold; font-size: 18px; color: inherit;'>Detalles t\u00e9cnicos<\/div>\n<div style='padding: 15px; color: inherit;'>\n<ul style='padding-left: 20px; margin: 0; font-size: 14px; list-style-type: disc;'>\n<li style='margin-bottom: 5px;'>Visualizaci\u00f3n de los datos registrados internamente en controladores TriStar con capacidad de almacenamiento de datos<\/li>\n<li style='margin-bottom: 5px;'>El instrumento de montaje distante se suministra con 30 metros (98.4 pies) de cable. Puede acortarse si fuera necesario<\/li>\n<li style='margin-bottom: 5px;'>Conexiones con conectores modulares RJ-11 de 6 conductores<\/li>\n<\/ul><\/div>\n<\/p><\/div>\n<\/p><\/div>\n<hr style='border: 0; border-top: 1px solid rgba(150&comma; 150&comma; 150&comma; 0.3); margin: 30px 0;'> <\/div>\n","protected":false},"excerpt":{"rendered":"<p>Medidor remoto (30 m) con display LCD.<\/p>\n","protected":false},"featured_media":48562,"comment_status":"open","ping_status":"closed","template":"","meta":[],"product_brand":[],"product_cat":[1067],"product_tag":[1068,964,1119],"class_list":{"0":"post-48563","1":"product","2":"type-product","3":"status-publish","4":"has-post-thumbnail","6":"product_cat-accesorios-cables-jumpers","7":"product_tag-accesorios-cables-jumpers","8":"product_tag-energia-solar","9":"product_tag-morningstar","11":"first","12":"outofstock","13":"sale","14":"shipping-taxable","15":"purchasable","16":"product-type-simple"},"_links":{"self":[{"href":"https:\/\/soydeaqui.ddns.net\/pachuca\/index.php\/wp-json\/wp\/v2\/product\/48563","targetHints":{"allow":["GET"]}}],"collection":[{"href":"https:\/\/soydeaqui.ddns.net\/pachuca\/index.php\/wp-json\/wp\/v2\/product"}],"about":[{"href":"https:\/\/soydeaqui.ddns.net\/pachuca\/index.php\/wp-json\/wp\/v2\/types\/product"}],"replies":[{"embeddable":true,"href":"https:\/\/soydeaqui.ddns.net\/pachuca\/index.php\/wp-json\/wp\/v2\/comments?post=48563"}],"wp:featuredmedia":[{"embeddable":true,"href":"https:\/\/soydeaqui.ddns.net\/pachuca\/index.php\/wp-json\/wp\/v2\/media\/48562"}],"wp:attachment":[{"href":"https:\/\/soydeaqui.ddns.net\/pachuca\/index.php\/wp-json\/wp\/v2\/media?parent=48563"}],"wp:term":[{"taxonomy":"product_brand","embeddable":true,"href":"https:\/\/soydeaqui.ddns.net\/pachuca\/index.php\/wp-json\/wp\/v2\/product_brand?post=48563"},{"taxonomy":"product_cat","embeddable":true,"href":"https:\/\/soydeaqui.ddns.net\/pachuca\/index.php\/wp-json\/wp\/v2\/product_cat?post=48563"},{"taxonomy":"product_tag","embeddable":true,"href":"https:\/\/soydeaqui.ddns.net\/pachuca\/index.php\/wp-json\/wp\/v2\/product_tag?post=48563"}],"curies":[{"name":"wp","href":"https:\/\/api.w.org\/{rel}","templated":true}]}}