{"id":4856,"date":"2026-03-18T06:24:07","date_gmt":"2026-03-18T06:24:07","guid":{"rendered":"https:\/\/soydeaqui.ddns.net\/pachuca\/index.php\/producto\/boton-de-texto-personalizado-en-espanol-girar-para-restablecer\/"},"modified":"2026-03-18T06:24:07","modified_gmt":"2026-03-18T06:24:07","slug":"boton-de-texto-personalizado-en-espanol-girar-para-restablecer","status":"publish","type":"product","link":"https:\/\/soydeaqui.ddns.net\/pachuca\/index.php\/producto\/boton-de-texto-personalizado-en-espanol-girar-para-restablecer\/","title":{"rendered":"Bot\u00f3n de Texto Personalizado en Espa\u00f1ol, Girar para restablecer"},"content":{"rendered":"<div style='width: 100%; max-width: 1200px; margin: 0 auto; font-family: sans-serif; line-height: 1.6; color: inherit; background-color: transparent;'>\n<div style='display: flex; flex-wrap: wrap; gap: 30px; margin-bottom: 30px;'>\n<div style='flex: 1 1 300px; min-width: 280px;'>\n<h3 style='font-size: 22px; border-bottom: 2px solid currentColor; padding-bottom: 5px; margin-top: 0; color: inherit; opacity: 0.8;'>Descripci\u00f3n General<\/h3>\n<p style='font-size: 15px; color: inherit; margin-top: 0; margin-bottom: 15px;'>Adecuado para aplicaciones tanto en interiores como en exteriores&comma; STI tiene una variedad de botones de emergencia&comma; interruptores sin contacto&comma; botones de alarma contra incendios&comma; bot\u00f3n pulsador 3 en 1&comma; interruptores de punto de llamada e interruptores de bot\u00f3n pulsador multiprop\u00f3sito. Muchos son UL&comma; cUL y ADA.<\/p>\n<p style='font-size: 15px; color: inherit; margin-top: 0; margin-bottom: 15px;'>Este interruptor de pulsador multifuncional se puede utilizar para una amplia gama de aplicaciones en interiores. El bot\u00f3n incorpora un dise\u00f1o \u00fanico&comma; patentado y la cubierta transparente ayuda a evitar la activaci\u00f3n accidental y abraza el bot\u00f3n como un guante por lo que es ideal para su uso cuando el espacio es limitado.<\/p>\n<p style='font-size: 15px; color: inherit; margin-top: 0; margin-bottom: 15px;'><strong>Ayuda a prevenir la activaci\u00f3n accidental<\/strong><\/p>\n<p style='font-size: 15px; color: inherit; margin-top: 0; margin-bottom: 15px;'>Construya estos interruptores de bot\u00f3n multiprop\u00f3sito de estilo norteamericano que cumplen con ADA seg\u00fan sus especificaciones. El dise\u00f1o \u00fanico y patentado ayuda a detener dr\u00e1sticamente la activaci\u00f3n accidental. Disponible en seis colores&comma; varias opciones de activaci\u00f3n de botones&comma; con o sin cubierta protectora y en cualquier idioma para adaptarse a la mayor\u00eda de las aplicaciones.<\/p>\n<\/p><\/div>\n<\/p><\/div>\n<div style='display: flex; flex-wrap: wrap; gap: 20px; margin-bottom: 30px;'>\n<div style='flex: 1 1 250px; border: 1px solid rgba(150&comma; 150&comma; 150&comma; 0.4); border-radius: 8px; overflow: hidden; display: flex; flex-direction: column;'>\n<div style='padding: 15px; border-bottom: 1px solid rgba(150&comma; 150&comma; 150&comma; 0.2); font-weight: bold; font-size: 18px; color: inherit;'>Caracter\u00edsticas del Bot\u00f3n<\/div>\n<div style='padding: 15px; color: inherit;'>\n<ul style='padding-left: 20px; margin: 0; font-size: 14px; list-style-type: disc;'>\n<li style='margin-bottom: 5px;'><strong>Color:<\/strong> Amarillo<\/li>\n<li style='margin-bottom: 5px;'><strong>Frase de texto:<\/strong> PERSONALIZADO<\/li>\n<li style='margin-bottom: 5px;'><strong>Funcionamiento de bot\u00f3n:<\/strong> Girar para restablecer<\/li>\n<li style='margin-bottom: 5px;'><strong>Idioma:<\/strong> Espa\u00f1ol<\/li>\n<\/ul><\/div>\n<\/p><\/div>\n<div style='flex: 1 1 250px; border: 1px solid rgba(150&comma; 150&comma; 150&comma; 0.4); border-radius: 8px; overflow: hidden; display: flex; flex-direction: column;'>\n<div style='padding: 15px; border-bottom: 1px solid rgba(150&comma; 150&comma; 150&comma; 0.2); font-weight: bold; font-size: 18px; color: inherit;'>Caracter\u00edsticas Generales<\/div>\n<div style='padding: 15px; color: inherit;'>\n<ul style='padding-left: 20px; margin: 0; font-size: 14px; list-style-type: disc;'>\n<li style='margin-bottom: 5px;'>El dise\u00f1o curvo \u00fanico ayuda a proteger contra la activaci\u00f3n accidental.<\/li>\n<li style='margin-bottom: 5px;'>La iluminaci\u00f3n opcional (roja&comma; verde&comma; blanca) se puede utilizar como luz de estado para indicar la activaci\u00f3n.<\/li>\n<\/ul><\/div>\n<\/p><\/div>\n<div style='flex: 1 1 250px; border: 1px solid rgba(150&comma; 150&comma; 150&comma; 0.4); border-radius: 8px; overflow: hidden; display: flex; flex-direction: column;'>\n<div style='padding: 15px; border-bottom: 1px solid rgba(150&comma; 150&comma; 150&comma; 0.2); font-weight: bold; font-size: 18px; color: inherit;'>Construcci\u00f3n<\/div>\n<div style='padding: 15px; color: inherit;'>\n<ul style='padding-left: 20px; margin: 0; font-size: 14px; list-style-type: disc;'>\n<li style='margin-bottom: 5px;'>Carcasa de la estaci\u00f3n moldeada de policarbonato resistente.<\/li>\n<li style='margin-bottom: 5px;'>Placa trasera de acero inoxidable.<\/li>\n<li style='margin-bottom: 5px;'>Listado en UL\/cUL S7255&comma; UL2017&comma; UL294 (modelos con m\u00f3dulo de temporizador de bloqueo)&comma; CSA c22.2 No. 205.<\/li>\n<li style='margin-bottom: 5px;'>La cubierta Universal Stopper\u00ae&comma; cuando se monta de acuerdo con las instrucciones de instalaci\u00f3n del fabricante sobre una superficie lisa&comma; proporciona un sello herm\u00e9tico a la lluvia similar a una clasificaci\u00f3n 3R.<\/li>\n<li style='margin-bottom: 5px;'>Los botones cumplen con ADA (excluye el bot\u00f3n &#8216;3&#8217;).<\/li>\n<\/ul><\/div>\n<\/p><\/div>\n<div style='flex: 1 1 250px; border: 1px solid rgba(150&comma; 150&comma; 150&comma; 0.4); border-radius: 8px; overflow: hidden; display: flex; flex-direction: column;'>\n<div style='padding: 15px; border-bottom: 1px solid rgba(150&comma; 150&comma; 150&comma; 0.2); font-weight: bold; font-size: 18px; color: inherit;'>Instalaci\u00f3n<\/div>\n<div style='padding: 15px; color: inherit;'>\n<ul style='padding-left: 20px; margin: 0; font-size: 14px; list-style-type: disc;'>\n<li style='margin-bottom: 5px;'>Clasificaci\u00f3n de inflamabilidad de 5VA en la placa posterior y el espaciador.<\/li>\n<li style='margin-bottom: 5px;'>Las propiedades de trabajo t\u00edpicas del policarbonato son -40\u00b0 a 250\u00b0F (-40\u00b0 a 121\u00b0C).<\/li>\n<\/ul><\/div>\n<\/p><\/div>\n<div style='flex: 1 1 250px; border: 1px solid rgba(150&comma; 150&comma; 150&comma; 0.4); border-radius: 8px; overflow: hidden; display: flex; flex-direction: column;'>\n<div style='padding: 15px; border-bottom: 1px solid rgba(150&comma; 150&comma; 150&comma; 0.2); font-weight: bold; font-size: 18px; color: inherit;'>Opciones<\/div>\n<div style='padding: 15px; color: inherit;'>\n<ul style='padding-left: 20px; margin: 0; font-size: 14px; list-style-type: disc;'>\n<li style='margin-bottom: 5px;'>Su elecci\u00f3n de colores: rojo&comma; verde&comma; amarillo&comma; blanco o azul.<\/li>\n<li style='margin-bottom: 5px;'>Texto est\u00e1ndar o personalizado o logotipo de alta resoluci\u00f3n.<\/li>\n<li style='margin-bottom: 5px;'>Redacci\u00f3n en pr\u00e1cticamente cualquier idioma.<\/li>\n<li style='margin-bottom: 5px;'>Opci\u00f3n de proteger los interruptores con cubiertas protectoras STI.<\/li>\n<\/ul><\/div>\n<\/p><\/div>\n<div style='flex: 1 1 250px; border: 1px solid rgba(150&comma; 150&comma; 150&comma; 0.4); border-radius: 8px; overflow: hidden; display: flex; flex-direction: column;'>\n<div style='padding: 15px; border-bottom: 1px solid rgba(150&comma; 150&comma; 150&comma; 0.2); font-weight: bold; font-size: 18px; color: inherit;'>Otras caracter\u00edsticas<\/div>\n<div style='padding: 15px; color: inherit;'>\n<ul style='padding-left: 20px; margin: 0; font-size: 14px; list-style-type: disc;'>\n<li style='margin-bottom: 5px;'>Los interruptores de bot\u00f3n multiprop\u00f3sito cubren una amplia gama de aplicaciones tanto en interiores como en exteriores.<\/li>\n<li style='margin-bottom: 5px;'>Incorporan un dise\u00f1o \u00fanico y patentado que ayuda dr\u00e1sticamente a detener la activaci\u00f3n accidental.<\/li>\n<li style='margin-bottom: 5px;'>Tres a\u00f1os de garant\u00eda contra rotura del policarbonato en uso normal (un a\u00f1o en componentes electromec\u00e1nicos y electr\u00f3nicos).<\/li>\n<\/ul><\/div>\n<\/p><\/div>\n<\/p><\/div>\n<p> <!-- Secci\u00f3n de videos --> <\/p>\n<div style='display: flex; flex-wrap: wrap; gap: 30px; margin-bottom: 30px; justify-content: center;'>\n<div style='width: 100%; max-width: 560px;'>\n<div style='position: relative; padding-bottom: 56.25%; height: 0; overflow: hidden; margin-bottom: 30px;'>   <\/div>\n<\/p><\/div>\n<div style='width: 100%; max-width: 560px;'>\n<div style='position: relative; padding-bottom: 56.25%; height: 0; overflow: hidden; margin-bottom: 30px;'>   <\/div>\n<\/p><\/div>\n<div style='width: 100%; max-width: 560px;'>\n<div style='position: relative; padding-bottom: 56.25%; height: 0; overflow: hidden; margin-bottom: 30px;'>   <\/div>\n<\/p><\/div>\n<\/p><\/div>\n<hr style='border: 0; border-top: 1px solid rgba(150&comma; 150&comma; 150&comma; 0.3); margin: 30px 0;'> <\/div>\n","protected":false},"excerpt":{"rendered":"<p>Bot\u00f3n de Texto Personalizado en Espa\u00f1ol, Girar para restablecer<\/p>\n","protected":false},"featured_media":4855,"comment_status":"open","ping_status":"closed","template":"","meta":[],"product_brand":[],"product_cat":[448],"product_tag":[449,169,225],"class_list":{"0":"post-4856","1":"product","2":"type-product","3":"status-publish","4":"has-post-thumbnail","6":"product_cat-todo-accesorios-y-dispositivos-direccionables","7":"product_tag-accesorios-y-dispositivos-direccionables","8":"product_tag-sti","9":"product_tag-todo","11":"first","12":"outofstock","13":"sale","14":"shipping-taxable","15":"purchasable","16":"product-type-simple"},"_links":{"self":[{"href":"https:\/\/soydeaqui.ddns.net\/pachuca\/index.php\/wp-json\/wp\/v2\/product\/4856","targetHints":{"allow":["GET"]}}],"collection":[{"href":"https:\/\/soydeaqui.ddns.net\/pachuca\/index.php\/wp-json\/wp\/v2\/product"}],"about":[{"href":"https:\/\/soydeaqui.ddns.net\/pachuca\/index.php\/wp-json\/wp\/v2\/types\/product"}],"replies":[{"embeddable":true,"href":"https:\/\/soydeaqui.ddns.net\/pachuca\/index.php\/wp-json\/wp\/v2\/comments?post=4856"}],"wp:featuredmedia":[{"embeddable":true,"href":"https:\/\/soydeaqui.ddns.net\/pachuca\/index.php\/wp-json\/wp\/v2\/media\/4855"}],"wp:attachment":[{"href":"https:\/\/soydeaqui.ddns.net\/pachuca\/index.php\/wp-json\/wp\/v2\/media?parent=4856"}],"wp:term":[{"taxonomy":"product_brand","embeddable":true,"href":"https:\/\/soydeaqui.ddns.net\/pachuca\/index.php\/wp-json\/wp\/v2\/product_brand?post=4856"},{"taxonomy":"product_cat","embeddable":true,"href":"https:\/\/soydeaqui.ddns.net\/pachuca\/index.php\/wp-json\/wp\/v2\/product_cat?post=4856"},{"taxonomy":"product_tag","embeddable":true,"href":"https:\/\/soydeaqui.ddns.net\/pachuca\/index.php\/wp-json\/wp\/v2\/product_tag?post=4856"}],"curies":[{"name":"wp","href":"https:\/\/api.w.org\/{rel}","templated":true}]}}