{"id":48547,"date":"2026-03-18T21:43:15","date_gmt":"2026-03-18T21:43:15","guid":{"rendered":"https:\/\/soydeaqui.ddns.net\/pachuca\/index.php\/producto\/dispositivo-de-proteccion-contra-sobretensiones-de-120-vca-15-a-transformadores-de-alarma-electrodomesticos-maquinas-contestadoras-fax-impresoras\/"},"modified":"2026-03-18T21:43:19","modified_gmt":"2026-03-18T21:43:19","slug":"dispositivo-de-proteccion-contra-sobretensiones-de-120-vca-15-a-transformadores-de-alarma-electrodomesticos-maquinas-contestadoras-fax-impresoras","status":"publish","type":"product","link":"https:\/\/soydeaqui.ddns.net\/pachuca\/index.php\/producto\/dispositivo-de-proteccion-contra-sobretensiones-de-120-vca-15-a-transformadores-de-alarma-electrodomesticos-maquinas-contestadoras-fax-impresoras\/","title":{"rendered":"Dispositivo de Protecci\u00f3n Contra Sobretensiones de 120 VCA 15 A, Transformadores de Alarma, Electrodom\u00e9sticos, M\u00e1quinas Contestadoras, Fax, Impresoras"},"content":{"rendered":"<div style='width: 100%; max-width: 1200px; margin: 0 auto; font-family: sans-serif; line-height: 1.6; color: inherit; background-color: transparent;'>\n<div style='display: flex; flex-wrap: wrap; gap: 30px; margin-bottom: 30px;'>\n<div style='flex: 1 1 300px; min-width: 280px;'>\n<h3 style='font-size: 22px; border-bottom: 2px solid currentColor; padding-bottom: 5px; margin-top: 0; color: inherit; opacity: 0.8;'>Caracter\u00edsticas principales<\/h3>\n<ul style='padding-left: 20px; font-size: 15px; color: inherit;'>\n<li style='margin-bottom: 5px;'>Un solo tomacorriente de CA protege el equipo cr\u00edtico<\/li>\n<li style='margin-bottom: 5px;'>El tornillo central se asegura al tomacorriente y tambi\u00e9n puede asegurar un transformador conectado<\/li>\n<li style='margin-bottom: 5px;'>El LED de diagn\u00f3stico indica alimentaci\u00f3n de CA&comma; presencia de tierra y funci\u00f3n supresora<\/li>\n<li style='margin-bottom: 5px;'><strong>Aplicaciones:<\/strong> Transformadores de Paneles de Alarma&comma; Electrodom\u00e9sticos&comma; M\u00e1quinas Contestadoras&comma; Fax&comma; Impresoras<\/li>\n<\/ul><\/div>\n<div style='flex: 1 1 300px; min-width: 280px;'>\n<h3 style='font-size: 22px; border-bottom: 2px solid currentColor; padding-bottom: 5px; margin-top: 0; color: inherit; opacity: 0.8;'>Caracter\u00edsticas el\u00e9ctricas y f\u00edsicas<\/h3>\n<ul style='padding-left: 20px; font-size: 15px; color: inherit;'>\n<li style='margin-bottom: 5px;'><strong>Configuraci\u00f3n de voltaje:<\/strong> 120 Vca<\/li>\n<li style='margin-bottom: 5px;'><strong>Clasificaci\u00f3n de protecci\u00f3n de voltaje:<\/strong> 500 V<\/li>\n<li style='margin-bottom: 5px;'><strong>M\u00e1xima corriente continua:<\/strong> 15 A<\/li>\n<li style='margin-bottom: 5px;'><strong>Clasificaci\u00f3n de corriente de sobretensi\u00f3n:<\/strong> 40&comma;000 A<\/li>\n<li style='margin-bottom: 5px;'><strong>Carcasa:<\/strong> ABS<\/li>\n<li style='margin-bottom: 5px;'><strong>Temperatura de operaci\u00f3n:<\/strong> 0\u00b0C a 40 \u00b0C (32\u00b0F a 104\u00b0F)<\/li>\n<li style='margin-bottom: 5px;'><strong>Dimensiones:<\/strong> 69 x 32 x 47 mm<\/li>\n<li style='margin-bottom: 5px;'><strong>Peso:<\/strong> 113 g<\/li>\n<li style='margin-bottom: 5px;'><a title='Ficha t\u00e9cnica' href='https:\/\/ftp3.syscom.mx\/usuarios\/scorrea\/A\/DITEK\/DTK1F\/Especificaciones.pdf' target='_blank' rel='noopener' style='color: inherit; text-decoration: underline;'>Revise la ficha completa<\/a><\/li>\n<\/ul><\/div>\n<div style='flex: 1 1 300px; min-width: 280px;'>\n<h3 style='font-size: 22px; border-bottom: 2px solid currentColor; padding-bottom: 5px; margin-top: 0; color: inherit; opacity: 0.8;'>Caracter\u00edsticas Destacadas<\/h3>\n<p style='color: inherit; font-size: 15px; margin-bottom: 15px;'>Este dispositivo de protecci\u00f3n contra sobretensiones (SPD) es un dispositivo de alto rendimiento&comma; dise\u00f1ado para brindar protecci\u00f3n a cargas electr\u00f3nicas sensibles conectadas a paneles de servicio&comma; paneles de incendios o donde el SPD est\u00e1 conectado directamente al dispositivo electr\u00f3nico.<\/p>\n<p style='color: inherit; font-size: 15px; margin-bottom: 0;'>La m\u00e1xima protecci\u00f3n solo se lograr\u00e1 si el SPD est\u00e1 correctamente instalado.<\/p>\n<\/p><\/div>\n<\/p><\/div>\n<div style='display: flex; flex-wrap: wrap; gap: 30px; margin-bottom: 30px;'>\n<div style='flex: 1 1 100%; min-width: 280px;'> <img style='width: 100%; height: auto; border: 1px solid rgba(150&comma;150&comma;150&comma;0.3); border-radius: 8px;' src='https:\/\/ftp3.syscom.mx\/usuarios\/fotos\/DTK1F\/72619-ul.jpg' alt=''> <\/div>\n<\/p><\/div>\n<div style='display: flex; flex-wrap: wrap; gap: 30px; margin-bottom: 30px;'>\n<div style='flex: 1 1 100%; min-width: 280px;'> <img style='width: 100%; height: auto; border: 1px solid rgba(150&comma;150&comma;150&comma;0.3); border-radius: 8px;' src='https:\/\/ftp3.syscom.mx\/usuarios\/scorrea\/A\/DITEK\/DTK1F\/instalacion.png' alt=''> <\/div>\n<\/p><\/div>\n<\/p><\/div>\n","protected":false},"excerpt":{"rendered":"<p>Dispositivo de Protecci\u00f3n Contra Sobretensiones de 120 VCA 15 A, Transformadores de Alarma, Electrodom\u00e9sticos, M\u00e1quinas Contestadoras, Fax, Impresoras<\/p>\n","protected":false},"featured_media":48546,"comment_status":"open","ping_status":"closed","template":"","meta":[],"product_brand":[],"product_cat":[973],"product_tag":[534,533,62],"class_list":{"0":"post-48547","1":"product","2":"type-product","3":"status-publish","4":"has-post-thumbnail","6":"product_cat-todos-proteccion-contra-sobretensiones-automatizacion-e-intrusion","7":"product_tag-ditek","8":"product_tag-proteccion-contra-sobretensiones","9":"product_tag-todos","11":"first","12":"instock","13":"sale","14":"shipping-taxable","15":"purchasable","16":"product-type-simple"},"_links":{"self":[{"href":"https:\/\/soydeaqui.ddns.net\/pachuca\/index.php\/wp-json\/wp\/v2\/product\/48547","targetHints":{"allow":["GET"]}}],"collection":[{"href":"https:\/\/soydeaqui.ddns.net\/pachuca\/index.php\/wp-json\/wp\/v2\/product"}],"about":[{"href":"https:\/\/soydeaqui.ddns.net\/pachuca\/index.php\/wp-json\/wp\/v2\/types\/product"}],"replies":[{"embeddable":true,"href":"https:\/\/soydeaqui.ddns.net\/pachuca\/index.php\/wp-json\/wp\/v2\/comments?post=48547"}],"wp:featuredmedia":[{"embeddable":true,"href":"https:\/\/soydeaqui.ddns.net\/pachuca\/index.php\/wp-json\/wp\/v2\/media\/48546"}],"wp:attachment":[{"href":"https:\/\/soydeaqui.ddns.net\/pachuca\/index.php\/wp-json\/wp\/v2\/media?parent=48547"}],"wp:term":[{"taxonomy":"product_brand","embeddable":true,"href":"https:\/\/soydeaqui.ddns.net\/pachuca\/index.php\/wp-json\/wp\/v2\/product_brand?post=48547"},{"taxonomy":"product_cat","embeddable":true,"href":"https:\/\/soydeaqui.ddns.net\/pachuca\/index.php\/wp-json\/wp\/v2\/product_cat?post=48547"},{"taxonomy":"product_tag","embeddable":true,"href":"https:\/\/soydeaqui.ddns.net\/pachuca\/index.php\/wp-json\/wp\/v2\/product_tag?post=48547"}],"curies":[{"name":"wp","href":"https:\/\/api.w.org\/{rel}","templated":true}]}}