{"id":48541,"date":"2026-03-18T21:43:04","date_gmt":"2026-03-18T21:43:04","guid":{"rendered":"https:\/\/soydeaqui.ddns.net\/pachuca\/index.php\/producto\/conector-mc-4-doble-para-modulos-fotovoltaicos\/"},"modified":"2026-03-18T21:43:12","modified_gmt":"2026-03-18T21:43:12","slug":"conector-mc-4-doble-para-modulos-fotovoltaicos","status":"publish","type":"product","link":"https:\/\/soydeaqui.ddns.net\/pachuca\/index.php\/producto\/conector-mc-4-doble-para-modulos-fotovoltaicos\/","title":{"rendered":"Conector MC-4 Doble para M\u00f3dulos Fotovoltaicos"},"content":{"rendered":"<div style='width: 100%; max-width: 1200px; margin: 0 auto; font-family: sans-serif; line-height: 1.6; color: inherit; background-color: transparent;'>\n<div style='display: flex; flex-wrap: wrap; gap: 30px; margin-bottom: 30px;'>\n<div style='flex: 1 1 300px; min-width: 280px;'>\n<h3 style='font-size: 22px; border-bottom: 2px solid currentColor; padding-bottom: 5px; margin-top: 0; color: inherit; opacity: 0.8;'>Caracter\u00edsticas<\/h3>\n<ul style='padding-left: 20px; font-size: 15px; color: inherit;'>\n<li style='margin-bottom: 5px;'>Con una excelente resistencia UV&comma; que permite ser utilizado en ambientes severos<\/li>\n<li style='margin-bottom: 5px;'>La conexi\u00f3n del cable es f\u00e1cil de instalar y funciona como candado para evitar falsos contactos<\/li>\n<li style='margin-bottom: 5px;'>Este modelo no requiere ponchado de ning\u00fan tipo&comma; el ponchado se hace con el acople a este conector modelo <a href='https:\/\/www.syscom.mx\/producto\/PROSECA-01-EPCOM-POWERLINE-72413.html' style='color: inherit; text-decoration: underline;'>PROSECA01<\/a><\/li>\n<\/ul><\/div>\n<\/p><\/div>\n<div style='display: flex; flex-wrap: wrap; gap: 20px; margin-bottom: 30px;'>\n<div style='flex: 1 1 250px; border: 1px solid rgba(150&comma; 150&comma; 150&comma; 0.4); border-radius: 8px; overflow: hidden; display: flex; flex-direction: column;'>\n<div style='padding: 15px; border-bottom: 1px solid rgba(150&comma; 150&comma; 150&comma; 0.2); font-weight: bold; font-size: 18px; color: inherit;'>Especificaci\u00f3n t\u00e9cnica<\/div>\n<div style='padding: 15px; color: inherit;'>\n<ul style='padding-left: 20px; margin: 0; font-size: 14px; list-style-type: disc;'>\n<li style='margin-bottom: 5px;'><strong>Tensi\u00f3n m\u00e1xima de trabajo:<\/strong> 1000 Vcc<\/li>\n<li style='margin-bottom: 5px;'><strong>Corriente nominal:<\/strong> 30 A<\/li>\n<li style='margin-bottom: 5px;'><strong>Clase de la llama:<\/strong> UL94-V0<\/li>\n<li style='margin-bottom: 5px;'><strong>Grado de contaminaci\u00f3n:<\/strong> 2<\/li>\n<li style='margin-bottom: 5px;'><strong>Resistencia de contacto:<\/strong> \u22645 mm\u03a9<\/li>\n<li style='margin-bottom: 5px;'><strong>Grado de protecci\u00f3n:<\/strong> IP67<\/li>\n<li style='margin-bottom: 5px;'><strong>Especificaci\u00f3n de la l\u00ednea de conexi\u00f3n:<\/strong> 4 mm\u00b2<\/li>\n<li style='margin-bottom: 5px;'><strong>Rango de temperatura ambiente:<\/strong> -40 a 85 \u00baC<\/li>\n<li style='margin-bottom: 5px;'><strong>Nivel de seguridad:<\/strong> clase II<\/li>\n<li style='margin-bottom: 5px;'><strong>Fuerza de inserci\u00f3n:<\/strong> \u226450 N<\/li>\n<li style='margin-bottom: 5px;'><strong>Fuerza de extracci\u00f3n:<\/strong> \u226550 N<\/li>\n<\/ul><\/div>\n<\/p><\/div>\n<\/p><\/div>\n<hr style='border: 0; border-top: 1px solid rgba(150&comma; 150&comma; 150&comma; 0.3); margin: 30px 0;'> <\/div>\n","protected":false},"excerpt":{"rendered":"<p>Conector MC-4 Doble para M\u00f3dulos Fotovoltaicos<\/p>\n","protected":false},"featured_media":48540,"comment_status":"open","ping_status":"closed","template":"","meta":[],"product_brand":[],"product_cat":[1067],"product_tag":[1068,964,454],"class_list":{"0":"post-48541","1":"product","2":"type-product","3":"status-publish","4":"has-post-thumbnail","6":"product_cat-accesorios-cables-jumpers","7":"product_tag-accesorios-cables-jumpers","8":"product_tag-energia-solar","9":"product_tag-epcom-powerline","11":"first","12":"outofstock","13":"sale","14":"shipping-taxable","15":"purchasable","16":"product-type-simple"},"_links":{"self":[{"href":"https:\/\/soydeaqui.ddns.net\/pachuca\/index.php\/wp-json\/wp\/v2\/product\/48541","targetHints":{"allow":["GET"]}}],"collection":[{"href":"https:\/\/soydeaqui.ddns.net\/pachuca\/index.php\/wp-json\/wp\/v2\/product"}],"about":[{"href":"https:\/\/soydeaqui.ddns.net\/pachuca\/index.php\/wp-json\/wp\/v2\/types\/product"}],"replies":[{"embeddable":true,"href":"https:\/\/soydeaqui.ddns.net\/pachuca\/index.php\/wp-json\/wp\/v2\/comments?post=48541"}],"wp:featuredmedia":[{"embeddable":true,"href":"https:\/\/soydeaqui.ddns.net\/pachuca\/index.php\/wp-json\/wp\/v2\/media\/48540"}],"wp:attachment":[{"href":"https:\/\/soydeaqui.ddns.net\/pachuca\/index.php\/wp-json\/wp\/v2\/media?parent=48541"}],"wp:term":[{"taxonomy":"product_brand","embeddable":true,"href":"https:\/\/soydeaqui.ddns.net\/pachuca\/index.php\/wp-json\/wp\/v2\/product_brand?post=48541"},{"taxonomy":"product_cat","embeddable":true,"href":"https:\/\/soydeaqui.ddns.net\/pachuca\/index.php\/wp-json\/wp\/v2\/product_cat?post=48541"},{"taxonomy":"product_tag","embeddable":true,"href":"https:\/\/soydeaqui.ddns.net\/pachuca\/index.php\/wp-json\/wp\/v2\/product_tag?post=48541"}],"curies":[{"name":"wp","href":"https:\/\/api.w.org\/{rel}","templated":true}]}}