{"id":4851,"date":"2026-03-18T06:24:04","date_gmt":"2026-03-18T06:24:04","guid":{"rendered":"https:\/\/soydeaqui.ddns.net\/pachuca\/index.php\/producto\/detector-de-movimiento-180-de-deteccion-panoramico-cableado-100-exterior-compatible-con-cualquier-panel-de-alarma-funcion-antimascara\/"},"modified":"2026-03-18T06:24:04","modified_gmt":"2026-03-18T06:24:04","slug":"detector-de-movimiento-180-de-deteccion-panoramico-cableado-100-exterior-compatible-con-cualquier-panel-de-alarma-funcion-antimascara","status":"publish","type":"product","link":"https:\/\/soydeaqui.ddns.net\/pachuca\/index.php\/producto\/detector-de-movimiento-180-de-deteccion-panoramico-cableado-100-exterior-compatible-con-cualquier-panel-de-alarma-funcion-antimascara\/","title":{"rendered":"Detector de Movimiento \/ 180\u00b0 de Detecci\u00f3n \/ Panor\u00e1mico \/ Cableado \/ 100% Exterior \/ Compatible con cualquier panel de alarma \/ Funci\u00f3n Antimascara"},"content":{"rendered":"<div style='width: 100%; max-width: 1200px; margin: 0 auto; font-family: sans-serif; line-height: 1.6; color: inherit; background-color: transparent;'>\n<div style='width: 100%; margin-bottom: 30px;'>\n<h1 style='font-size: 2.5rem; text-align: center; border-bottom: 2px solid currentColor; padding-bottom: 10px; margin: 0 0 20px; color: inherit; opacity: 0.8;'>\u00a1Deteccion externa de la que puede depender!<\/h1>\n<p> <img style='width: 100%; height: auto; border: 1px solid rgba(150&comma;150&comma;150&comma;0.3); border-radius: 8px; margin: 20px 0;' src='https:\/\/www.optex.co.jp\/e\/products\/intrusion-detection\/passivesensor\/tdphtg00000019ji-img\/tdphtg00000019m5.jpg' alt=''> <\/div>\n<div style='margin-bottom: 30px;'>\n<p style='font-size: 15px; text-align: justify; color: inherit;'> La serie <strong>OPTEX WXI<\/strong> es una familia de sensores externos basados en los a\u00f1os de experiencia comprobada. La serie WXI utiliza tecnologias analogicas y digitales para detectar intrusos que se aproximan antes de que accedan a su area protegida. Con su amplio <strong>campo de vision de 180\u00b0<\/strong> y capacidades para adaptar su configuracion al entorno de su premisa&comma; la serie <strong>WXI<\/strong> proporcionara una solucion efectiva para sistemas de seguridad nuevos y existentes. <\/p>\n<\/p><\/div>\n<div style='position: relative; padding-bottom: 56.25%; height: 0; overflow: hidden; margin: 30px 0;'>   <\/div>\n<div style='margin: 50px 0;'>\n<h3 style='font-size: 22px; border-bottom: 2px solid currentColor; padding-bottom: 5px; margin-top: 0; color: inherit; opacity: 0.8;'>Caracter\u00edsticas<\/h3>\n<\/p><\/div>\n<div style='display: flex; flex-wrap: wrap; gap: 30px; margin-bottom: 30px;'>\n<div style='flex: 1 1 300px; min-width: 280px;'>\n<ul style='padding-left: 20px; font-size: 15px; color: inherit; list-style: disc;'>\n<li style='margin-bottom: 5px;'>180 grados de cobertura de pared a pared.<\/li>\n<li style='margin-bottom: 5px;'>Salidas de alarma individuales.<\/li>\n<li style='margin-bottom: 5px;'>Ajuste de sensado invidual.<\/li>\n<li style='margin-bottom: 5px;'>Detecci\u00f3n individual del tama\u00f1o del \u00e1rea.<\/li>\n<li style='margin-bottom: 5px;'>Funci\u00f3n antienmascarimento digital IR de autoaprendizaje.<\/li>\n<li style='margin-bottom: 5px;'>Cancelaci\u00f3n de luz solar.<\/li>\n<li style='margin-bottom: 5px;'>Cancelaci\u00f3n de agua de lluvia e insectos.<\/li>\n<li style='margin-bottom: 5px;'>Funcion l\u00f3gica AND para reducir falsas alarmas.<\/li>\n<li style='margin-bottom: 5px;'>Persiana de enmascarimento de \u00e1rea.<\/li>\n<li style='margin-bottom: 5px;'>Placa de enmascaramiento de \u00e1rea.<\/li>\n<li style='margin-bottom: 5px;'>L\u00f3gica SMDA (Analisis Super Multidimensional).<\/li>\n<li style='margin-bottom: 5px;'>Exterior\/Interior.<\/li>\n<\/ul><\/div>\n<\/p><\/div>\n<div style='display: grid; grid-template-columns: 1fr 1fr; gap: 30px; margin-bottom: 30px;'>\n<div style='border: 1px solid rgba(150&comma;150&comma;150&comma;0.4); border-radius: 8px; overflow: hidden;'> <img style='width: 100%; height: auto; border: none;' src='https:\/\/www.optex.co.jp\/e\/products\/intrusion-detection\/passivesensor\/tdphtg00000019ji-img\/tdphtg0000003pis.png' alt=''> <\/p>\n<div style='padding: 15px; border-top: 1px solid rgba(150&comma;150&comma;150&comma;0.2); color: inherit;'> <strong style='color: inherit;'>Salidas de alarma individuales<\/strong> <\/p>\n<p style='margin-top: 10px; font-size: 14px; color: inherit;'> La instalaci\u00f3n de un WXI detecta 2 detectores porque activa las se\u00f1ales de alarma tanto en el lado izquierdo como en el derecho individualmente. Por lo tanto&comma; es \u00fatil para la activaci\u00f3n de PTZ&comma; el reconocimiento de direcci\u00f3n y el cambio del patr\u00f3n de detecci\u00f3n de d\u00eda y de noche con un CP. <\/p>\n<\/p><\/div>\n<\/p><\/div>\n<div style='border: 1px solid rgba(150&comma;150&comma;150&comma;0.4); border-radius: 8px; overflow: hidden;'> <img style='width: 100%; height: auto; border: none;' src='https:\/\/www.optex.co.jp\/e\/products\/intrusion-detection\/passivesensor\/tdphtg00000019ji-img\/tdphtg0000003pio.png' alt=''> <\/p>\n<div style='padding: 15px; border-top: 1px solid rgba(150&comma;150&comma;150&comma;0.2); color: inherit;'> <strong style='color: inherit;'>Ajuste de sensibilidad individual<\/strong> <\/p>\n<p style='margin-top: 10px; font-size: 14px; color: inherit;'> La sensibilidad de detecci\u00f3n se puede configurar en Alta&comma; Media y Baja mediante los interruptores izquierdo y derecho individualmente. <\/p>\n<\/p><\/div>\n<\/p><\/div>\n<div style='border: 1px solid rgba(150&comma;150&comma;150&comma;0.4); border-radius: 8px; overflow: hidden;'> <img style='width: 100%; height: auto; border: none;' src='https:\/\/www.optex.co.jp\/e\/products\/intrusion-detection\/passivesensor\/tdphtg00000019ji-img\/tdphtg0000003phg.png' alt=''> <\/p>\n<div style='padding: 15px; border-top: 1px solid rgba(150&comma;150&comma;150&comma;0.2); color: inherit;'> <strong style='color: inherit;'>Funci\u00f3n antienmascaramiento digital IR de autoaprendizaje<\/strong> <\/p>\n<p style='margin-top: 10px; font-size: 14px; color: inherit;'> WXI detecta objetos que cubren la superficie de la lente. La funci\u00f3n antienmascaramiento digital IR optimiza el nivel de activaci\u00f3n de las salidas de problemas generadas por el enmascaramiento depende del estado de la superficie de la lente. Un ajuste bien calibrado tanto para el nivel de emisi\u00f3n como de recepci\u00f3n del LED IR que fluct\u00faa por temperatura contribuye a un antienmascaramiento estable. <\/p>\n<\/p><\/div>\n<\/p><\/div>\n<div style='border: 1px solid rgba(150&comma;150&comma;150&comma;0.4); border-radius: 8px; overflow: hidden;'> <img style='width: 100%; height: auto; border: none;' src='https:\/\/www.optex.co.jp\/e\/products\/intrusion-detection\/passivesensor\/tdphtg00000019ji-img\/tdphtg00000032ib.png' alt=''> <\/p>\n<div style='padding: 15px; border-top: 1px solid rgba(150&comma;150&comma;150&comma;0.2); color: inherit;'> <strong style='color: inherit;'>L\u00f3gica SMDA (Super Multi Dimension Analysis)<\/strong> <\/p>\n<p style='margin-top: 10px; font-size: 14px; color: inherit;'> Al analizar los patrones de detecci\u00f3n y la informaci\u00f3n ambiental&comma; SMDA mejora la inmunidad contra diversos factores de ruido&comma; como los cambios clim\u00e1ticos y la vegetaci\u00f3n&comma; y puede distinguir entre la causa de las falsas alarmas molestas y las intrusiones genuinas. <\/p>\n<\/p><\/div>\n<\/p><\/div>\n<div style='border: 1px solid rgba(150&comma;150&comma;150&comma;0.4); border-radius: 8px; overflow: hidden;'> <img style='width: 100%; height: auto; border: none;' src='https:\/\/www.optex.co.jp\/e\/products\/intrusion-detection\/passivesensor\/tdphtg00000019ji-img\/tdphtg0000003p9a.png' alt=''> <\/p>\n<div style='padding: 15px; border-top: 1px solid rgba(150&comma;150&comma;150&comma;0.2); color: inherit;'> <strong style='color: inherit;'>Persiana de enmascaramiento de \u00e1rea<\/strong> <\/p>\n<p style='margin-top: 10px; font-size: 14px; color: inherit;'> Mediante el obturador giratorio de enmascaramiento del \u00e1rea deslizante&comma; se puede cambiar el tama\u00f1o de las \u00e1reas de detecci\u00f3n. <\/p>\n<\/p><\/div>\n<\/p><\/div>\n<div style='border: 1px solid rgba(150&comma;150&comma;150&comma;0.4); border-radius: 8px; overflow: hidden;'> <img style='width: 100%; height: auto; border: none;' src='https:\/\/www.optex.co.jp\/e\/products\/intrusion-detection\/passivesensor\/tdphtg00000019ji-img\/tdphtg0000003paa.png' alt=''> <\/p>\n<div style='padding: 15px; border-top: 1px solid rgba(150&comma;150&comma;150&comma;0.2); color: inherit;'> <strong style='color: inherit;'>Placa de enmascaramiento de \u00e1rea<\/strong> <\/p>\n<p style='margin-top: 10px; font-size: 14px; color: inherit;'> Las \u00e1reas de detecci\u00f3n no deseadas se pueden enmascarar con la placa de enmascaramiento del \u00e1rea incluida. <\/p>\n<\/p><\/div>\n<\/p><\/div>\n<\/p><\/div>\n<div style='margin: 50px 0;'>\n<h3 style='font-size: 22px; border-bottom: 2px solid currentColor; padding-bottom: 5px; margin-top: 0; color: inherit; opacity: 0.8;'>Aplicaciones<\/h3>\n<\/p><\/div>\n<div style='display: grid; grid-template-columns: repeat(auto-fill&comma; minmax(250px&comma; 1fr)); gap: 30px; margin-bottom: 30px;'>\n<div style='text-align: center;'> <img style='width: 100%; height: auto; border: 1px solid rgba(150&comma;150&comma;150&comma;0.3); border-radius: 8px;' src='https:\/\/www.optex.co.jp\/e\/products\/intrusion-detection\/passivesensor\/tdphtg00000019ji-img\/image_01.jpg' alt='Residencial'> <\/p>\n<p style='margin-top: 15px; font-size: 16px; color: inherit;'>Residencial<\/p>\n<\/p><\/div>\n<div style='text-align: center;'> <img style='width: 100%; height: auto; border: 1px solid rgba(150&comma;150&comma;150&comma;0.3); border-radius: 8px;' src='https:\/\/www.optex.co.jp\/e\/products\/intrusion-detection\/passivesensor\/tdphtg00000019ji-img\/tdphtg00000019qp.png' alt='Techos'> <\/p>\n<p style='margin-top: 15px; font-size: 16px; color: inherit;'>Techos<\/p>\n<\/p><\/div>\n<div style='text-align: center;'> <img style='width: 100%; height: auto; border: 1px solid rgba(150&comma;150&comma;150&comma;0.3); border-radius: 8px;' src='https:\/\/www.optex.co.jp\/e\/products\/intrusion-detection\/passivesensor\/tdphtg00000019ji-img\/tdphtg00000019qt.png' alt='Subestaciones'> <\/p>\n<p style='margin-top: 15px; font-size: 16px; color: inherit;'>Subestaciones<\/p>\n<\/p><\/div>\n<\/p><\/div>\n<hr style='border: 0; border-top: 1px solid rgba(150&comma;150&comma;150&comma;0.3); margin: 30px 0;'> <\/div>\n","protected":false},"excerpt":{"rendered":"<p>Detector de Movimiento \/ 180\u00b0 de Detecci\u00f3n \/ Panor\u00e1mico \/ Cableado \/ 100% Exterior \/ Compatible con cualquier panel de alarma \/ Funci\u00f3n Antimascara<\/p>\n","protected":false},"featured_media":4850,"comment_status":"open","ping_status":"closed","template":"","meta":[],"product_brand":[],"product_cat":[202],"product_tag":[19,203,106],"class_list":{"0":"post-4851","1":"product","2":"type-product","3":"status-publish","4":"has-post-thumbnail","6":"product_cat-movimiento-para-exterior","7":"product_tag-detectores-sensores","8":"product_tag-movimiento-para-exterior","9":"product_tag-optex","11":"first","12":"outofstock","13":"sale","14":"shipping-taxable","15":"purchasable","16":"product-type-simple"},"_links":{"self":[{"href":"https:\/\/soydeaqui.ddns.net\/pachuca\/index.php\/wp-json\/wp\/v2\/product\/4851","targetHints":{"allow":["GET"]}}],"collection":[{"href":"https:\/\/soydeaqui.ddns.net\/pachuca\/index.php\/wp-json\/wp\/v2\/product"}],"about":[{"href":"https:\/\/soydeaqui.ddns.net\/pachuca\/index.php\/wp-json\/wp\/v2\/types\/product"}],"replies":[{"embeddable":true,"href":"https:\/\/soydeaqui.ddns.net\/pachuca\/index.php\/wp-json\/wp\/v2\/comments?post=4851"}],"wp:featuredmedia":[{"embeddable":true,"href":"https:\/\/soydeaqui.ddns.net\/pachuca\/index.php\/wp-json\/wp\/v2\/media\/4850"}],"wp:attachment":[{"href":"https:\/\/soydeaqui.ddns.net\/pachuca\/index.php\/wp-json\/wp\/v2\/media?parent=4851"}],"wp:term":[{"taxonomy":"product_brand","embeddable":true,"href":"https:\/\/soydeaqui.ddns.net\/pachuca\/index.php\/wp-json\/wp\/v2\/product_brand?post=4851"},{"taxonomy":"product_cat","embeddable":true,"href":"https:\/\/soydeaqui.ddns.net\/pachuca\/index.php\/wp-json\/wp\/v2\/product_cat?post=4851"},{"taxonomy":"product_tag","embeddable":true,"href":"https:\/\/soydeaqui.ddns.net\/pachuca\/index.php\/wp-json\/wp\/v2\/product_tag?post=4851"}],"curies":[{"name":"wp","href":"https:\/\/api.w.org\/{rel}","templated":true}]}}