{"id":48507,"date":"2026-03-18T21:42:08","date_gmt":"2026-03-18T21:42:08","guid":{"rendered":"https:\/\/soydeaqui.ddns.net\/pachuca\/index.php\/producto\/ups-de-6000-va-6000-w-online-doble-conversion-200-240-vac-de-entrada-nema-l6-30p-onda-senoidal-pura-torre-o-rack-de-2-ur-alta-densidad-con-2-tomas-nema-l6-20r-y-2-nema-l6-30r-2\/"},"modified":"2026-03-18T21:42:14","modified_gmt":"2026-03-18T21:42:14","slug":"ups-de-6000-va-6000-w-online-doble-conversion-200-240-vac-de-entrada-nema-l6-30p-onda-senoidal-pura-torre-o-rack-de-2-ur-alta-densidad-con-2-tomas-nema-l6-20r-y-2-nema-l6-30r-2","status":"publish","type":"product","link":"https:\/\/soydeaqui.ddns.net\/pachuca\/index.php\/producto\/ups-de-6000-va-6000-w-online-doble-conversion-200-240-vac-de-entrada-nema-l6-30p-onda-senoidal-pura-torre-o-rack-de-2-ur-alta-densidad-con-2-tomas-nema-l6-20r-y-2-nema-l6-30r-2\/","title":{"rendered":"UPS de 6000 VA\/6000 W, Online Doble Conversi\u00f3n, 200 &#8211; 240 Vac de Entrada NEMA L6-30P, Onda Senoidal Pura, Torre o Rack de 2 UR (Alta Densidad), Con 2 Tomas NEMA L6-20R y 2 NEMA L6-30R"},"content":{"rendered":"<div style='width: 100%; max-width: 1200px; margin: 0 auto; font-family: sans-serif; line-height: 1.6; color: inherit; background-color: transparent;'>\n<div style='display: flex; flex-wrap: wrap; gap: 30px; margin-bottom: 30px;'>\n<div style='flex: 1 1 300px; min-width: 280px;'>\n<h3 style='font-size: 22px; border-bottom: 2px solid currentColor; padding-bottom: 5px; margin-top: 0; color: inherit; opacity: 0.8;'>Informaci\u00f3n Importante<\/h3>\n<ul style='padding-left: 20px; font-size: 15px; color: inherit;'>\n<li style='margin-bottom: 5px;'><strong>Nota:<\/strong> Este equipo debe ser arrancado por un experto de CyberPower para hacer efectiva la garant\u00eda. Para m\u00e1s informaci\u00f3n comunicarse con el departamento de Ingenier\u00eda.<\/li>\n<li style='margin-bottom: 5px;'><strong>Nota 2:<\/strong> Este equipo entrega voltaje a la salida de 200-240 Vca y NO deriva a 120 Vca por fase. S\u00ed se requiere voltaje de salida a 120 Vca se requiere forzosamente el transformador modelo OL6KSTF.<\/li>\n<\/ul><\/div>\n<\/p><\/div>\n<div style='display: flex; flex-wrap: wrap; gap: 30px; margin-bottom: 30px;'>\n<div style='flex: 1 1 300px; min-width: 280px;'>\n<h3 style='font-size: 22px; border-bottom: 2px solid currentColor; padding-bottom: 5px; margin-top: 0; color: inherit; opacity: 0.8;'>Requisitos de Instalaci\u00f3n<\/h3>\n<ul style='padding-left: 20px; font-size: 15px; color: inherit;'>\n<li style='margin-bottom: 5px;'>Cable 8 AWG del cableado al UPS<\/li>\n<li style='margin-bottom: 5px;'>Nivel de voltaje de alimentaci\u00f3n adecuado de 200-240 VAC<\/li>\n<li style='margin-bottom: 5px;'>Interruptor de entrada de 80 Ampers (2&#215;40)<\/li>\n<li style='margin-bottom: 5px;'>Sistema de aterrizaje aislado bien referenciado a tierra<\/li>\n<\/ul><\/div>\n<div style='flex: 1 1 300px; min-width: 280px;'>\n<h3 style='font-size: 22px; border-bottom: 2px solid currentColor; padding-bottom: 5px; margin-top: 0; color: inherit; opacity: 0.8;'>Caracter\u00edsticas Principales<\/h3>\n<ul style='padding-left: 20px; font-size: 15px; color: inherit;'>\n<li style='margin-bottom: 5px;'>UPS de 6000 VA\/6000 W&comma; Online Doble Conversi\u00f3n<\/li>\n<li style='margin-bottom: 5px;'>Configurable como torre o rack de 2 UR (alta densidad)<\/li>\n<li style='margin-bottom: 5px;'>Onda senoidal pura<\/li>\n<li style='margin-bottom: 5px;'>Topolog\u00eda de doble conversi\u00f3n para protecci\u00f3n de energ\u00eda perfecta<\/li>\n<li style='margin-bottom: 5px;'>Factor de potencia (PF) de 1<\/li>\n<li style='margin-bottom: 5px;'>Modo ECO GreenPower UPS\u2122 con hasta 96% de eficiencia<\/li>\n<li style='margin-bottom: 5px;'>Ventilador variable de 7 velocidades para gesti\u00f3n t\u00e9rmica autom\u00e1tica<\/li>\n<\/ul><\/div>\n<div style='flex: 1 1 300px; min-width: 280px;'>\n<h3 style='font-size: 22px; border-bottom: 2px solid currentColor; padding-bottom: 5px; margin-top: 0; color: inherit; opacity: 0.8;'>Conectividad y Administraci\u00f3n<\/h3>\n<ul style='padding-left: 20px; font-size: 15px; color: inherit;'>\n<li style='margin-bottom: 5px;'>RMCARD205 preinstalada para administraci\u00f3n remota SNMP\/HTTP<\/li>\n<li style='margin-bottom: 5px;'>Pantalla LCD de matriz de color multifunci\u00f3n<\/li>\n<li style='margin-bottom: 5px;'>Alertas codificadas por colores<\/li>\n<li style='margin-bottom: 5px;'>Orientaci\u00f3n de pantalla que rota autom\u00e1ticamente en configuraci\u00f3n de torre<\/li>\n<\/ul><\/div>\n<\/p><\/div>\n<div style='display: flex; flex-wrap: wrap; gap: 30px; margin-bottom: 30px;'>\n<div style='flex: 1 1 300px; min-width: 280px;'>\n<h3 style='font-size: 22px; border-bottom: 2px solid currentColor; padding-bottom: 5px; margin-top: 0; color: inherit; opacity: 0.8;'>Tiempo de Respaldo<\/h3>\n<ul style='padding-left: 20px; font-size: 15px; color: inherit;'>\n<li style='margin-bottom: 5px;'>Con carga completa (6000 W): 1.4 minutos<\/li>\n<li style='margin-bottom: 5px;'>Con media carga (3000 W): 4.9 minutos<\/li>\n<\/ul><\/div>\n<div style='flex: 1 1 300px; min-width: 280px;'>\n<h3 style='font-size: 22px; border-bottom: 2px solid currentColor; padding-bottom: 5px; margin-top: 0; color: inherit; opacity: 0.8;'>Compatibilidad<\/h3>\n<ul style='padding-left: 20px; font-size: 15px; color: inherit;'>\n<li style='margin-bottom: 5px;'>Transformadores reductores de 220 a 120 Vca disponibles: OL6KSTF<\/li>\n<\/ul><\/div>\n<div style='flex: 1 1 300px; min-width: 280px;'>\n<h3 style='font-size: 22px; border-bottom: 2px solid currentColor; padding-bottom: 5px; margin-top: 0; color: inherit; opacity: 0.8;'>Extensiones de Bater\u00eda<\/h3>\n<ul style='padding-left: 20px; font-size: 15px; color: inherit;'>\n<li style='margin-bottom: 5px;'>M\u00f3dulo de bater\u00edas extendidas opcional: BP144VL2U01<\/li>\n<li style='margin-bottom: 5px;'>Hasta 10 EBM conectables para mayor tiempo de respaldo<\/li>\n<\/ul><\/div>\n<\/p><\/div>\n<div style='display: flex; flex-wrap: wrap; gap: 30px; margin-bottom: 30px;'>\n<div style='flex: 1 1 300px; min-width: 280px;'>\n<h3 style='font-size: 22px; border-bottom: 2px solid currentColor; padding-bottom: 5px; margin-top: 0; color: inherit; opacity: 0.8;'>Especificaciones T\u00e9cnicas<\/h3>\n<ul style='padding-left: 20px; font-size: 15px; color: inherit;'>\n<li style='margin-bottom: 5px;'><strong>Voltaje de entrada:<\/strong> 200-240 Vac<\/li>\n<li style='margin-bottom: 5px;'><strong>Frecuencia de entrada:<\/strong> 50-60 Hz<\/li>\n<li style='margin-bottom: 5px;'><strong>Enchufe de entrada:<\/strong> NEMA L6-30P <img style='width: 40px; height: 40px; border: 1px solid rgba(150&comma;150&comma;150&comma;0.3); border-radius: 8px; margin-left: 8px; vertical-align: middle;' src='https:\/\/www.cyberpower.com\/mx\/es\/File\/GetImageByDocId\/GeneralAttribute-246' alt=''><\/li>\n<li style='margin-bottom: 5px;'><strong>Longitud del cable:<\/strong> 3 m<\/li>\n<li style='margin-bottom: 5px;'><strong>Salida VA:<\/strong> 6&comma;000<\/li>\n<li style='margin-bottom: 5px;'><strong>Salida Watts:<\/strong> 6&comma;000<\/li>\n<li style='margin-bottom: 5px;'><strong>Bater\u00edas:<\/strong> 12 x 12V\/6Ah<\/li>\n<li style='margin-bottom: 5px;'><strong>Factor de Potencia:<\/strong> 0.99<\/li>\n<li style='margin-bottom: 5px;'><strong>Voltaje en Bater\u00eda:<\/strong> 200&comma; 208&comma; 220&comma; 230&comma; 240 Vac (configurable) \u00b12%<\/li>\n<li style='margin-bottom: 5px;'><strong>Protecci\u00f3n de picos:<\/strong> Grado de red<\/li>\n<li style='margin-bottom: 5px;'><strong>Tomas de salida:<\/strong> 4 (NEMA L6-20R x2 y NEMA L6-30R x2) <img style='width: 40px; height: 40px; border: 1px solid rgba(150&comma;150&comma;150&comma;0.3); border-radius: 8px; margin-left: 8px; vertical-align: middle;' src='https:\/\/www.cyberpower.com\/mx\/es\/File\/GetImageByDocId\/GeneralAttribute-245' alt=''> <img style='width: 40px; height: 40px; border: 1px solid rgba(150&comma;150&comma;150&comma;0.3); border-radius: 8px; margin-left: 8px; vertical-align: middle;' src='https:\/\/www.cyberpower.com\/mx\/es\/File\/GetImageByDocId\/GeneralAttribute-247' alt=''><\/li>\n<li style='margin-bottom: 5px;'><strong>Indicadores:<\/strong> Pantalla LCD de lectura<\/li>\n<li style='margin-bottom: 5px;'><strong>Tama\u00f1o en Rack:<\/strong> 2 UR<\/li>\n<li style='margin-bottom: 5px;'><strong>Dimensiones:<\/strong> 433 x 86 x 719 mm (Ancho x Alto x Profundidad)<\/li>\n<li style='margin-bottom: 5px;'><strong>Peso:<\/strong> 41.91 Kg (incluye bater\u00eda)<\/li>\n<\/ul><\/div>\n<div style='flex: 1 1 300px; min-width: 280px;'>\n<h3 style='font-size: 22px; border-bottom: 2px solid currentColor; padding-bottom: 5px; margin-top: 0; color: inherit; opacity: 0.8;'>Garant\u00eda<\/h3>\n<ul style='padding-left: 20px; font-size: 15px; color: inherit;'>\n<li style='margin-bottom: 5px;'>Garant\u00eda de tres a\u00f1os (incluidas las bater\u00edas)<\/li>\n<\/ul><\/div>\n<\/p><\/div>\n<div style='display: flex; flex-wrap: wrap; gap: 30px; margin-bottom: 30px;'>\n<div style='flex: 1 1 300px; min-width: 280px;'>\n<h3 style='font-size: 22px; border-bottom: 2px solid currentColor; padding-bottom: 5px; margin-top: 0; color: inherit; opacity: 0.8;'>Im\u00e1gen del Producto<\/h3>\n<p> <img style='width: 100%; height: auto; border: 1px solid rgba(150&comma;150&comma;150&comma;0.3); border-radius: 8px;' src='http:\/\/ftp3.syscom.mx\/usuarios\/fotos\/CP1500AVRLCD\/80784-cyber-power.jpg' alt=''> <\/div>\n<\/p><\/div>\n<\/p><\/div>\n","protected":false},"excerpt":{"rendered":"<p>UPS de 6000 VA\/6000 W, Online Doble Conversi\u00f3n, 200 &#8211; 240 Vac de Entrada NEMA L6-30P, Onda Senoidal Pura, Torre o Rack de 2 UR (Alta Densidad), Con 2 Tomas NEMA L6-20R y 2 NEMA L6-30R<\/p>\n","protected":false},"featured_media":48506,"comment_status":"open","ping_status":"closed","template":"","meta":[],"product_brand":[],"product_cat":[1100],"product_tag":[677,1101,1102],"class_list":{"0":"post-48507","1":"product","2":"type-product","3":"status-publish","4":"has-post-thumbnail","6":"product_cat-ups-no-break","7":"product_tag-cyberpower","8":"product_tag-respaldo-de-energia","9":"product_tag-ups-no-break","11":"first","12":"outofstock","13":"sale","14":"shipping-taxable","15":"purchasable","16":"product-type-simple"},"_links":{"self":[{"href":"https:\/\/soydeaqui.ddns.net\/pachuca\/index.php\/wp-json\/wp\/v2\/product\/48507","targetHints":{"allow":["GET"]}}],"collection":[{"href":"https:\/\/soydeaqui.ddns.net\/pachuca\/index.php\/wp-json\/wp\/v2\/product"}],"about":[{"href":"https:\/\/soydeaqui.ddns.net\/pachuca\/index.php\/wp-json\/wp\/v2\/types\/product"}],"replies":[{"embeddable":true,"href":"https:\/\/soydeaqui.ddns.net\/pachuca\/index.php\/wp-json\/wp\/v2\/comments?post=48507"}],"wp:featuredmedia":[{"embeddable":true,"href":"https:\/\/soydeaqui.ddns.net\/pachuca\/index.php\/wp-json\/wp\/v2\/media\/48506"}],"wp:attachment":[{"href":"https:\/\/soydeaqui.ddns.net\/pachuca\/index.php\/wp-json\/wp\/v2\/media?parent=48507"}],"wp:term":[{"taxonomy":"product_brand","embeddable":true,"href":"https:\/\/soydeaqui.ddns.net\/pachuca\/index.php\/wp-json\/wp\/v2\/product_brand?post=48507"},{"taxonomy":"product_cat","embeddable":true,"href":"https:\/\/soydeaqui.ddns.net\/pachuca\/index.php\/wp-json\/wp\/v2\/product_cat?post=48507"},{"taxonomy":"product_tag","embeddable":true,"href":"https:\/\/soydeaqui.ddns.net\/pachuca\/index.php\/wp-json\/wp\/v2\/product_tag?post=48507"}],"curies":[{"name":"wp","href":"https:\/\/api.w.org\/{rel}","templated":true}]}}