{"id":48495,"date":"2026-03-18T21:41:46","date_gmt":"2026-03-18T21:41:46","guid":{"rendered":"https:\/\/soydeaqui.ddns.net\/pachuca\/index.php\/producto\/modulo-de-baterias-externas-de-144v-a-55-amp-para-extension-de-tiempo-de-respaldo-para-ups-modelos-ol5krthd-y-ol6krthd\/"},"modified":"2026-03-18T21:41:52","modified_gmt":"2026-03-18T21:41:52","slug":"modulo-de-baterias-externas-de-144v-a-55-amp-para-extension-de-tiempo-de-respaldo-para-ups-modelos-ol5krthd-y-ol6krthd","status":"publish","type":"product","link":"https:\/\/soydeaqui.ddns.net\/pachuca\/index.php\/producto\/modulo-de-baterias-externas-de-144v-a-55-amp-para-extension-de-tiempo-de-respaldo-para-ups-modelos-ol5krthd-y-ol6krthd\/","title":{"rendered":"M\u00f3dulo de Bater\u00edas Externas de 144V a 55 Amp, para Extensi\u00f3n de Tiempo de Respaldo, Para UPS Modelos OL5KRTHD y OL6KRTHD"},"content":{"rendered":"<div style='width: 100%; max-width: 1200px; margin: 0 auto; font-family: sans-serif; line-height: 1.6; color: inherit; background-color: transparent;'>\n<div style='display: flex; flex-wrap: wrap; gap: 30px; margin-bottom: 30px;'>\n<div style='flex: 1 1 300px; min-width: 280px;'> <img style='width: 100%; height: auto; border: 1px solid rgba(150&comma;150&comma;150&comma;0.3); border-radius: 8px;' src='https:\/\/ftp3.syscom.mx\/usuarios\/fotos\/logotipos\/cyberpower.png' alt=''> <\/div>\n<div style='flex: 1 1 300px; min-width: 280px;'>\n<p style='font-size: 15px; color: inherit; margin-top: 0; margin-bottom: 15px;'>El m\u00f3dulo de bater\u00eda extendido (EBM) convertible de rack \/ torre de CyberPower BP144VL2U01 extiende la duraci\u00f3n de la bater\u00eda durante cortes de energ\u00eda y est\u00e1 dise\u00f1ado para los sistemas UPS CyberPower OL5KRTHD y OL6KRTHD.<\/p>\n<p style='font-size: 15px; color: inherit; margin-top: 0; margin-bottom: 15px;'>El BP144VL2U01 ocupa 2U de espacio en rack y se puede instalar en una configuraci\u00f3n de rack o torre para que coincida con el factor de forma del UPS. La tecnolog\u00eda de ecualizaci\u00f3n de la bater\u00eda mejora la vida \u00fatil de la bater\u00eda&comma; y la extracci\u00f3n del panel frontal sin herramientas facilita el reemplazo de la bater\u00eda. Esta unidad viene con una garant\u00eda de tres a\u00f1os.<\/p>\n<\/p><\/div>\n<\/p><\/div>\n<div style='display: flex; flex-wrap: wrap; gap: 20px; margin-bottom: 30px;'>\n<div style='flex: 1 1 250px; border: 1px solid rgba(150&comma; 150&comma; 150&comma; 0.4); border-radius: 8px; overflow: hidden; display: flex; flex-direction: column;'>\n<div style='padding: 15px; border-bottom: 1px solid rgba(150&comma; 150&comma; 150&comma; 0.2); font-weight: bold; font-size: 18px; color: inherit;'>Especificaciones T\u00e9cnicas<\/div>\n<div style='padding: 15px; color: inherit;'>\n<ul style='padding-left: 20px; margin: 0; font-size: 14px; list-style-type: disc; color: inherit;'>\n<li style='margin-bottom: 5px;'><strong>Voltaje de Entrada:<\/strong> 180~280 Vca<\/li>\n<li style='margin-bottom: 5px;'><strong>Voltaje de Salida:<\/strong> 144 Vdc<\/li>\n<li style='margin-bottom: 5px;'><strong>Corriente:<\/strong> 55 Amp<\/li>\n<li style='margin-bottom: 5px;'><strong>Bater\u00edas:<\/strong> (12) 12 Vcc\/9.0 Ah<\/li>\n<li style='margin-bottom: 5px;'><strong>Dimensiones:<\/strong> 432 x 86 x 719 mm (Ancho x Alto x Profundidad)<\/li>\n<li style='margin-bottom: 5px;'><strong>Peso:<\/strong> 43.91 kg<\/li>\n<li style='margin-bottom: 5px;'><strong>Tama\u00f1o en Rack:<\/strong> 2 UR<\/li>\n<li style='margin-bottom: 5px;'><strong>Incluye:<\/strong> Bater\u00eda<\/li>\n<\/ul><\/div>\n<\/p><\/div>\n<div style='flex: 1 1 250px; border: 1px solid rgba(150&comma; 150&comma; 150&comma; 0.4); border-radius: 8px; overflow: hidden; display: flex; flex-direction: column;'>\n<div style='padding: 15px; border-bottom: 1px solid rgba(150&comma; 150&comma; 150&comma; 0.2); font-weight: bold; font-size: 18px; color: inherit;'>Modelos Compatibles<\/div>\n<div style='padding: 15px; color: inherit;'>\n<ul style='padding-left: 20px; margin: 0; font-size: 14px; list-style-type: disc; color: inherit;'>\n<li style='margin-bottom: 5px;'>OL5KRTHD<\/li>\n<li style='margin-bottom: 5px;'>OL6KRTHD<\/li>\n<\/ul><\/div>\n<\/p><\/div>\n<\/p><\/div>\n<hr style='border: 0; border-top: 1px solid rgba(150&comma; 150&comma; 150&comma; 0.3); margin: 30px 0;'> <\/div>\n","protected":false},"excerpt":{"rendered":"<p>M\u00f3dulo de Bater\u00edas Externas de 144V a 55 Amp, para Extensi\u00f3n de Tiempo de Respaldo, Para UPS Modelos OL5KRTHD y OL6KRTHD<\/p>\n","protected":false},"featured_media":48494,"comment_status":"open","ping_status":"closed","template":"","meta":[],"product_brand":[],"product_cat":[1084],"product_tag":[143,1085,677],"class_list":{"0":"post-48495","1":"product","2":"type-product","3":"status-publish","4":"has-post-thumbnail","6":"product_cat-baterias-baterias-y-cargadores","7":"product_tag-baterias","8":"product_tag-baterias-y-cargadores","9":"product_tag-cyberpower","11":"first","12":"outofstock","13":"sale","14":"shipping-taxable","15":"purchasable","16":"product-type-simple"},"_links":{"self":[{"href":"https:\/\/soydeaqui.ddns.net\/pachuca\/index.php\/wp-json\/wp\/v2\/product\/48495","targetHints":{"allow":["GET"]}}],"collection":[{"href":"https:\/\/soydeaqui.ddns.net\/pachuca\/index.php\/wp-json\/wp\/v2\/product"}],"about":[{"href":"https:\/\/soydeaqui.ddns.net\/pachuca\/index.php\/wp-json\/wp\/v2\/types\/product"}],"replies":[{"embeddable":true,"href":"https:\/\/soydeaqui.ddns.net\/pachuca\/index.php\/wp-json\/wp\/v2\/comments?post=48495"}],"wp:featuredmedia":[{"embeddable":true,"href":"https:\/\/soydeaqui.ddns.net\/pachuca\/index.php\/wp-json\/wp\/v2\/media\/48494"}],"wp:attachment":[{"href":"https:\/\/soydeaqui.ddns.net\/pachuca\/index.php\/wp-json\/wp\/v2\/media?parent=48495"}],"wp:term":[{"taxonomy":"product_brand","embeddable":true,"href":"https:\/\/soydeaqui.ddns.net\/pachuca\/index.php\/wp-json\/wp\/v2\/product_brand?post=48495"},{"taxonomy":"product_cat","embeddable":true,"href":"https:\/\/soydeaqui.ddns.net\/pachuca\/index.php\/wp-json\/wp\/v2\/product_cat?post=48495"},{"taxonomy":"product_tag","embeddable":true,"href":"https:\/\/soydeaqui.ddns.net\/pachuca\/index.php\/wp-json\/wp\/v2\/product_tag?post=48495"}],"curies":[{"name":"wp","href":"https:\/\/api.w.org\/{rel}","templated":true}]}}