{"id":48461,"date":"2026-03-18T21:40:42","date_gmt":"2026-03-18T21:40:42","guid":{"rendered":"https:\/\/soydeaqui.ddns.net\/pachuca\/index.php\/producto\/cincho-de-nylon-6-6-de-bloqueo-188-mm-largo-x-4-8mm-ancho-color-negro-exterior-resistente-a-rayos-uv-paquete-de-1000pz\/"},"modified":"2026-03-18T21:40:47","modified_gmt":"2026-03-18T21:40:47","slug":"cincho-de-nylon-6-6-de-bloqueo-188-mm-largo-x-4-8mm-ancho-color-negro-exterior-resistente-a-rayos-uv-paquete-de-1000pz","status":"publish","type":"product","link":"https:\/\/soydeaqui.ddns.net\/pachuca\/index.php\/producto\/cincho-de-nylon-6-6-de-bloqueo-188-mm-largo-x-4-8mm-ancho-color-negro-exterior-resistente-a-rayos-uv-paquete-de-1000pz\/","title":{"rendered":"Cincho de Nylon 6.6 de Bloqueo, 188 mm largo x 4.8mm ancho, Color Negro, Exterior Resistente a Rayos UV, Paquete de 1000pz"},"content":{"rendered":"<div style='width: 100%; max-width: 1200px; margin: 0 auto; font-family: sans-serif; line-height: 1.6; color: inherit; background-color: transparent;'> <!-- Descripci\u00f3n general --> <\/p>\n<div style='margin-bottom: 30px;'>\n<h2 style='font-size: 20px; border-bottom: 2px solid currentColor; padding-bottom: 8px; margin-top: 0; color: inherit; opacity: 0.85;'>Descripci\u00f3n General<\/h2>\n<p style='font-size: 15px; color: inherit; margin-top: 10px; margin-bottom: 20px;'>Los cinchos de bloqueo Panduit PLT2S-M0 est\u00e1n dise\u00f1ados para satisfacer las necesidades de las aplicaciones generales&comma; al tiempo que ofrecen un rendimiento y una fiabilidad constantes. Con una punta curva para permitir una f\u00e1cil extracci\u00f3n de superficies planas y una instalaci\u00f3n inicial m\u00e1s r\u00e1pida. Secci\u00f3n transversal est\u00e1ndar&comma; 7.4in (188 mm) de longitud. Para uso en interiores \/ exteriores&comma; fabricados de nailon 6.6 resistente a la intemperie&comma; son de color negro y vienen en paquetes de 1000pz.<\/p>\n<\/p><\/div>\n<p> <!-- Secci\u00f3n de especificaciones --> <\/p>\n<div style='display: flex; flex-wrap: wrap; gap: 30px; margin-bottom: 30px;'>\n<div style='flex: 1 1 300px; min-width: 280px;'>\n<h3 style='font-size: 18px; border-bottom: 2px solid currentColor; padding-bottom: 5px; margin-top: 0; color: inherit; opacity: 0.8;'>Especificaciones T\u00e9cnicas<\/h3>\n<ul style='padding-left: 20px; font-size: 15px; color: inherit; margin-top: 15px;'>\n<li style='margin-bottom: 5px;'><strong>Material:<\/strong> Nylon 6.6<\/li>\n<li style='margin-bottom: 5px;'><strong>Color:<\/strong> Negro<\/li>\n<li style='margin-bottom: 5px;'><strong>Longitud:<\/strong> 188 mm<\/li>\n<li style='margin-bottom: 5px;'><strong>Ancho:<\/strong> 4.8 mm<\/li>\n<li style='margin-bottom: 5px;'><strong>Tensi\u00f3n M\u00e1xima:<\/strong> 222N<\/li>\n<li style='margin-bottom: 5px;'><strong>Rango de Temperatura:<\/strong> -60\u00b0C a 85\u00b0C<\/li>\n<li style='margin-bottom: 5px;'><strong>Cumplimiento:<\/strong> UL 62275 (Tipo 2&comma; 21)<\/li>\n<li style='margin-bottom: 5px;'><strong>RoHS:<\/strong> S\u00ed<\/li>\n<\/ul><\/div>\n<p> <!-- Dimensiones y tolerancias --> <\/p>\n<div style='flex: 1 1 300px; min-width: 280px;'>\n<h3 style='font-size: 18px; border-bottom: 2px solid currentColor; padding-bottom: 5px; margin-top: 0; color: inherit; opacity: 0.8;'>Dimensiones y Tolerancias<\/h3>\n<ul style='padding-left: 20px; font-size: 15px; color: inherit; margin-top: 15px;'>\n<li style='margin-bottom: 5px;'><strong>Longitud:<\/strong> 7.4 in (188 mm)<\/li>\n<li style='margin-bottom: 5px;'><strong>Ancho:<\/strong> 0.190 in (4.8 mm)<\/li>\n<li style='margin-bottom: 5px;'><strong>Espesor:<\/strong> 0.052 in (1.3 mm)<\/li>\n<li style='margin-bottom: 5px;'><strong>Radio de curvatura:<\/strong> 0.262 in (6.7 mm)<\/li>\n<li style='margin-bottom: 5px;'><strong>Tolerancia:<\/strong> \u00b10.02 in (\u00b10.5 mm)<\/li>\n<\/ul><\/div>\n<\/p><\/div>\n<p> <!-- Secci\u00f3n de caracter\u00edsticas --> <\/p>\n<div style='display: flex; flex-wrap: wrap; gap: 20px; margin-bottom: 30px;'>\n<div style='flex: 1 1 250px; border: 1px solid rgba(150&comma; 150&comma; 150&comma; 0.4); border-radius: 8px; overflow: hidden; display: flex; flex-direction: column;'>\n<div style='padding: 15px; border-bottom: 1px solid rgba(150&comma; 150&comma; 150&comma; 0.2); font-weight: bold; font-size: 17px; color: inherit;'>Caracter\u00edsticas del Dise\u00f1o<\/div>\n<div style='padding: 15px; color: inherit;'>\n<ul style='padding-left: 20px; margin: 0; font-size: 14px; list-style-type: disc; color: inherit;'>\n<li style='margin-bottom: 5px;'>Punta curva para f\u00e1cil extracci\u00f3n<\/li>\n<li style='margin-bottom: 5px;'>Secci\u00f3n transversal est\u00e1ndar<\/li>\n<li style='margin-bottom: 5px;'>Dise\u00f1o optimizado para agarre<\/li>\n<li style='margin-bottom: 5px;'>Instalaci\u00f3n r\u00e1pida y segura<\/li>\n<\/ul><\/div>\n<\/p><\/div>\n<div style='flex: 1 1 250px; border: 1px solid rgba(150&comma; 150&comma; 150&comma; 0.4); border-radius: 8px; overflow: hidden; display: flex; flex-direction: column;'>\n<div style='padding: 15px; border-bottom: 1px solid rgba(150&comma; 150&comma; 150&comma; 0.2); font-weight: bold; font-size: 17px; color: inherit;'>Resistencia y Durabilidad<\/div>\n<div style='padding: 15px; color: inherit;'>\n<ul style='padding-left: 20px; margin: 0; font-size: 14px; list-style-type: disc; color: inherit;'>\n<li style='margin-bottom: 5px;'>Resistente a condiciones clim\u00e1ticas<\/li>\n<li style='margin-bottom: 5px;'>Resistente a rayos UV<\/li>\n<li style='margin-bottom: 5px;'>Alta resistencia mec\u00e1nica<\/li>\n<li style='margin-bottom: 5px;'>Estabilidad t\u00e9rmica (-60\u00b0C a 85\u00b0C)<\/li>\n<\/ul><\/div>\n<\/p><\/div>\n<div style='flex: 1 1 250px; border: 1px solid rgba(150&comma; 150&comma; 150&comma; 0.4); border-radius: 8px; overflow: hidden; display: flex; flex-direction: column;'>\n<div style='padding: 15px; border-bottom: 1px solid rgba(150&comma; 150&comma; 150&comma; 0.2); font-weight: bold; font-size: 17px; color: inherit;'>Aplicaciones<\/div>\n<div style='padding: 15px; color: inherit;'>\n<ul style='padding-left: 20px; margin: 0; font-size: 14px; list-style-type: disc; color: inherit;'>\n<li style='margin-bottom: 5px;'>Gesti\u00f3n de cables en exteriores<\/li>\n<li style='margin-bottom: 5px;'>Instalaciones industriales<\/li>\n<li style='margin-bottom: 5px;'>Sistemas de cableado estructurado<\/li>\n<li style='margin-bottom: 5px;'>Ambientes exigentes<\/li>\n<\/ul><\/div>\n<\/p><\/div>\n<\/p><\/div>\n<p> <!-- Secci\u00f3n de especificaciones adicionales --> <\/p>\n<div style='margin-bottom: 30px;'>\n<h3 style='font-size: 18px; border-bottom: 2px solid currentColor; padding-bottom: 5px; margin-top: 0; color: inherit; opacity: 0.8;'>Especificaciones Adicionales<\/h3>\n<ul style='padding-left: 20px; font-size: 15px; color: inherit; margin-top: 15px;'>\n<li style='margin-bottom: 5px;'><strong>Tipo de punta:<\/strong> Curva<\/li>\n<li style='margin-bottom: 5px;'><strong>Estilo de secci\u00f3n transversal:<\/strong> Est\u00e1ndar<\/li>\n<li style='margin-bottom: 5px;'><strong>Resistencia a la tracci\u00f3n:<\/strong> 222N<\/li>\n<li style='margin-bottom: 5px;'><strong>Peso por 100 piezas:<\/strong> 0.29 lbs (132 g)<\/li>\n<li style='margin-bottom: 5px;'><strong>Di\u00e1metro m\u00e1ximo de haz:<\/strong> 1.88 in (47.8 mm)<\/li>\n<\/ul><\/div>\n<p> <!-- Separador --> <\/p>\n<hr style='border: 0; border-top: 1px solid rgba(150&comma; 150&comma; 150&comma; 0.3); margin: 30px 0;'> <\/div>\n","protected":false},"excerpt":{"rendered":"<p>Cincho de Nylon 6.6 de Bloqueo, 188 mm largo x 4.8mm ancho, Color Negro, Exterior Resistente a Rayos UV, Paquete de 1000pz<\/p>\n","protected":false},"featured_media":48460,"comment_status":"open","ping_status":"closed","template":"","meta":[],"product_brand":[],"product_cat":[574],"product_tag":[572,575,445],"class_list":{"0":"post-48461","1":"product","2":"type-product","3":"status-publish","4":"has-post-thumbnail","6":"product_cat-fijacion","7":"product_tag-canalizacion","8":"product_tag-fijacion","9":"product_tag-panduit","11":"first","12":"instock","13":"sale","14":"shipping-taxable","15":"purchasable","16":"product-type-simple"},"_links":{"self":[{"href":"https:\/\/soydeaqui.ddns.net\/pachuca\/index.php\/wp-json\/wp\/v2\/product\/48461","targetHints":{"allow":["GET"]}}],"collection":[{"href":"https:\/\/soydeaqui.ddns.net\/pachuca\/index.php\/wp-json\/wp\/v2\/product"}],"about":[{"href":"https:\/\/soydeaqui.ddns.net\/pachuca\/index.php\/wp-json\/wp\/v2\/types\/product"}],"replies":[{"embeddable":true,"href":"https:\/\/soydeaqui.ddns.net\/pachuca\/index.php\/wp-json\/wp\/v2\/comments?post=48461"}],"wp:featuredmedia":[{"embeddable":true,"href":"https:\/\/soydeaqui.ddns.net\/pachuca\/index.php\/wp-json\/wp\/v2\/media\/48460"}],"wp:attachment":[{"href":"https:\/\/soydeaqui.ddns.net\/pachuca\/index.php\/wp-json\/wp\/v2\/media?parent=48461"}],"wp:term":[{"taxonomy":"product_brand","embeddable":true,"href":"https:\/\/soydeaqui.ddns.net\/pachuca\/index.php\/wp-json\/wp\/v2\/product_brand?post=48461"},{"taxonomy":"product_cat","embeddable":true,"href":"https:\/\/soydeaqui.ddns.net\/pachuca\/index.php\/wp-json\/wp\/v2\/product_cat?post=48461"},{"taxonomy":"product_tag","embeddable":true,"href":"https:\/\/soydeaqui.ddns.net\/pachuca\/index.php\/wp-json\/wp\/v2\/product_tag?post=48461"}],"curies":[{"name":"wp","href":"https:\/\/api.w.org\/{rel}","templated":true}]}}