{"id":48455,"date":"2026-03-18T21:40:32","date_gmt":"2026-03-18T21:40:32","guid":{"rendered":"https:\/\/soydeaqui.ddns.net\/pachuca\/index.php\/producto\/tubo-conduit-rigido-de-aluminio-de-25-4-x-3050-mm-1-x-10\/"},"modified":"2026-03-18T21:40:33","modified_gmt":"2026-03-18T21:40:33","slug":"tubo-conduit-rigido-de-aluminio-de-25-4-x-3050-mm-1-x-10","status":"publish","type":"product","link":"https:\/\/soydeaqui.ddns.net\/pachuca\/index.php\/producto\/tubo-conduit-rigido-de-aluminio-de-25-4-x-3050-mm-1-x-10\/","title":{"rendered":"Tubo conduit  r\u00edgido de aluminio de 25.4 x 3050 mm (1&#8243; x 10&#8242;)."},"content":{"rendered":"<div style='width: 100%; max-width: 1200px; margin: 0 auto; font-family: sans-serif; line-height: 1.6; color: inherit; background-color: transparent;'>\n<div style='display: flex; flex-wrap: wrap; gap: 30px; margin-bottom: 30px;'>\n<div style='flex: 1 1 300px; min-width: 280px;'>\n<h3 style='font-size: 22px; border-bottom: 2px solid currentColor; padding-bottom: 5px; margin-top: 0; color: inherit; opacity: 0.8;'>Caracter\u00edsticas<\/h3>\n<ul style='padding-left: 20px; font-size: 15px; color: inherit;'>\n<li style='margin-bottom: 5px;'>Fabricado en Aluminio 6063&comma; sin costura<\/li>\n<li style='margin-bottom: 5px;'>Medida nominal: 25.4 mm (1&#8242;)<\/li>\n<li style='margin-bottom: 5px;'>Di\u00e1metro exterior: 33.40 mm (1.315&#8242;)<\/li>\n<li style='margin-bottom: 5px;'>Di\u00e1metro interior: 26.64 mm (1.049&#8242;)<\/li>\n<li style='margin-bottom: 5px;'>Espesor de la pared: 3.378 mm (0.133&#8242;)<\/li>\n<li style='margin-bottom: 5px;'>Peso por pieza: 2.66 kg (5.852 lb)<\/li>\n<li style='margin-bottom: 5px;'>Longitud sin cople: 3.025 m (9&#8217;11)<\/li>\n<li style='margin-bottom: 5px;'>Cada tubo se surte en longitud de 3.05 m (10&#8242;) con cople y un protector de pl\u00e1stico con el c\u00f3digo de colores para la f\u00e1cil identificaci\u00f3n del di\u00e1metro del tubo<\/li>\n<\/ul>\n<p style='margin-top: 20px; font-size: 15px; color: inherit;'>*Cumple especificaciones de: Underwriters Laboratories UL-6A&comma; ANSI C80.5<\/p>\n<\/p><\/div>\n<\/p><\/div>\n<div style='display: flex; flex-wrap: wrap; gap: 30px; margin-bottom: 30px;'>\n<div style='flex: 1 1 300px; min-width: 280px;'>\n<h3 style='font-size: 22px; border-bottom: 2px solid currentColor; padding-bottom: 5px; margin-top: 0; color: inherit; opacity: 0.8;'>Ventajas del Tubo Conduit R\u00edgido de Aluminio<\/h3>\n<div style='margin-top: 15px; font-size: 15px; color: inherit;'>\n<p><strong>Liviano<\/strong>. Su peso ligero&comma; aunado a su alta resistencia&comma; lo hace ideal para cualquier instalaci\u00f3n de tuber\u00eda de aluminio.<\/p>\n<p><strong>Resistente a la corrosi\u00f3n<\/strong>. El tubo de aluminio es resistente a los ambientes corrosivos&comma; industriales y atmosf\u00e9ricos&comma; que atacan normalmente tuber\u00eda met\u00e1lica de otro tipo. Bajo estas condiciones&comma; el aluminio no requiere pintura&comma; ni ser reemplazado&comma; lo que resulta un considerable ahorro en el costo de mantenimiento.<\/p>\n<p><strong>Excelente apariencia<\/strong>. El aluminio no se mancha o decolora.<\/p>\n<p><strong>Antiest\u00e1tico<\/strong>. El aluminio no genera electricidad est\u00e1tica&comma; eliminando el peligro en atm\u00f3sferas explosivas.<\/p>\n<p><strong>No magn\u00e9tico<\/strong>. El aluminio no es magn\u00e9tico&comma; reduce la p\u00e9rdida de potencia por ca\u00edda de voltaje&comma; resultando un ahorro de energ\u00eda a lo largo de la vida \u00fatil de la instalaci\u00f3n.<\/p>\n<p><strong>Interior terso<\/strong>. Su acabado interior es fino&comma; liso y sin costura. No causa da\u00f1o al forro del cable y permite el deslizamiento f\u00e1cil del cableado.<\/p>\n<p><strong>F\u00e1cil instalaci\u00f3n<\/strong>. El tubo de aluminio puede ser f\u00e1cil y r\u00e1pidamente cortado&comma; doblado o roscado&comma; y no requiere herramientas o equipo especial para su instalaci\u00f3n.<\/p>\n<\/p><\/div>\n<\/p><\/div>\n<\/p><\/div>\n<hr style='border: 0; border-top: 1px solid rgba(150&comma; 150&comma; 150&comma; 0.3); margin: 30px 0;'> <\/div>\n","protected":false},"excerpt":{"rendered":"<p>Tubo conduit  r\u00edgido de aluminio de 25.4 x 3050 mm (1&#8243; x 10&#8242;).<\/p>\n","protected":false},"featured_media":48454,"comment_status":"open","ping_status":"closed","template":"","meta":[],"product_brand":[],"product_cat":[655],"product_tag":[572,661,656],"class_list":{"0":"post-48455","1":"product","2":"type-product","3":"status-publish","4":"has-post-thumbnail","6":"product_cat-tuberia-metalica-conduit-accesorios","7":"product_tag-canalizacion","8":"product_tag-rawelt","9":"product_tag-tuberia-metalica-conduit-accesorios","11":"first","12":"instock","13":"sale","14":"shipping-taxable","15":"purchasable","16":"product-type-simple"},"_links":{"self":[{"href":"https:\/\/soydeaqui.ddns.net\/pachuca\/index.php\/wp-json\/wp\/v2\/product\/48455","targetHints":{"allow":["GET"]}}],"collection":[{"href":"https:\/\/soydeaqui.ddns.net\/pachuca\/index.php\/wp-json\/wp\/v2\/product"}],"about":[{"href":"https:\/\/soydeaqui.ddns.net\/pachuca\/index.php\/wp-json\/wp\/v2\/types\/product"}],"replies":[{"embeddable":true,"href":"https:\/\/soydeaqui.ddns.net\/pachuca\/index.php\/wp-json\/wp\/v2\/comments?post=48455"}],"wp:featuredmedia":[{"embeddable":true,"href":"https:\/\/soydeaqui.ddns.net\/pachuca\/index.php\/wp-json\/wp\/v2\/media\/48454"}],"wp:attachment":[{"href":"https:\/\/soydeaqui.ddns.net\/pachuca\/index.php\/wp-json\/wp\/v2\/media?parent=48455"}],"wp:term":[{"taxonomy":"product_brand","embeddable":true,"href":"https:\/\/soydeaqui.ddns.net\/pachuca\/index.php\/wp-json\/wp\/v2\/product_brand?post=48455"},{"taxonomy":"product_cat","embeddable":true,"href":"https:\/\/soydeaqui.ddns.net\/pachuca\/index.php\/wp-json\/wp\/v2\/product_cat?post=48455"},{"taxonomy":"product_tag","embeddable":true,"href":"https:\/\/soydeaqui.ddns.net\/pachuca\/index.php\/wp-json\/wp\/v2\/product_tag?post=48455"}],"curies":[{"name":"wp","href":"https:\/\/api.w.org\/{rel}","templated":true}]}}