{"id":4839,"date":"2026-03-18T06:23:55","date_gmt":"2026-03-18T06:23:55","guid":{"rendered":"https:\/\/soydeaqui.ddns.net\/pachuca\/index.php\/producto\/ax-pro-detector-pir-inalambrico-de-doble-tecnologia-inmunidad-a-mascotas-rango-de-deteccion-de-12-mts-angulo-de-85-9-de-cobertura\/"},"modified":"2026-03-18T06:23:56","modified_gmt":"2026-03-18T06:23:56","slug":"ax-pro-detector-pir-inalambrico-de-doble-tecnologia-inmunidad-a-mascotas-rango-de-deteccion-de-12-mts-angulo-de-85-9-de-cobertura","status":"publish","type":"product","link":"https:\/\/soydeaqui.ddns.net\/pachuca\/index.php\/producto\/ax-pro-detector-pir-inalambrico-de-doble-tecnologia-inmunidad-a-mascotas-rango-de-deteccion-de-12-mts-angulo-de-85-9-de-cobertura\/","title":{"rendered":"(AX PRO) Detector PIR Inal\u00e1mbrico de Doble Tecnolog\u00eda \/ Inmunidad a Mascotas \/ Rango de Detecci\u00f3n de 12 mts \/ Angulo de 85.9\u00b0 de Cobertura"},"content":{"rendered":"<div style='width: 100%; max-width: 1200px; margin: 0 auto; font-family: sans-serif; line-height: 1.6; color: inherit; background-color: transparent;'>\n<p style='text-align: center; margin: 0 0 30px 0;'> <img style='width: 100%; max-width: 450px; height: auto; border: 1px solid rgba(150&comma;150&comma;150&comma;0.3); border-radius: 8px;' src='https:\/\/ftp3.syscom.mx\/usuarios\/jsosa\/HIKVISION\/imagenes\/logo\/hikvision%20see%20far.png' alt='Logo Hikvision'> <\/p>\n<div style='position: relative; padding-bottom: 56.25%; height: 0; overflow: hidden; margin-bottom: 30px;'>   <\/div>\n<div style='margin-bottom: 30px;'>\n<div style='border-left: 5px solid #ff0000; border-radius: 5px; padding: 15px; box-shadow: 2px 2px 10px rgba(216&comma;216&comma;216&comma;0.3);'> <strong style='font-size: 16px; display: block; margin-bottom: 10px; color: inherit;'>Consideraciones:<\/strong> <\/p>\n<ul style='padding-left: 20px; font-size: 14px; color: inherit; list-style-type: disc;'>\n<li style='margin-bottom: 8px;'>Las distancias de comunicaci\u00f3n entre los sensores y el panel pueden variar en cada instalaci\u00f3n por cuestiones como: ruido ambiental&comma; materiales y grosor de los muros&comma; ruido digital&comma; etc.<\/li>\n<\/ul><\/div>\n<\/p><\/div>\n<div style='display: flex; flex-wrap: wrap; gap: 30px; margin-bottom: 30px;'>\n<div style='flex: 1 1 48%; min-width: 280px;'>\n<div style='position: relative; padding-bottom: 56.25%; height: 0; overflow: hidden; margin-bottom: 20px;'>   <\/div>\n<h3 style='font-size: 20px; text-align: center; margin-top: 0; color: inherit;'><strong>Configura la alarma AX PRO de Hikvision<\/strong><\/h3>\n<\/p><\/div>\n<div style='flex: 1 1 48%; min-width: 280px;'>\n<div style='position: relative; padding-bottom: 56.25%; height: 0; overflow: hidden; margin-bottom: 20px;'>   <\/div>\n<h3 style='font-size: 20px; text-align: center; margin-top: 0; color: inherit;'><strong>Bienvenido al futuro con AX PRO Hikvision<\/strong><\/h3>\n<\/p><\/div>\n<\/p><\/div>\n<div style='display: flex; flex-wrap: wrap; gap: 30px; margin-bottom: 30px;'>\n<div style='flex: 1 1 300px; min-width: 280px;'>\n<div style='border: 1px solid rgba(150&comma; 150&comma; 150&comma; 0.4); border-radius: 8px; overflow: hidden; height: 100%; display: flex; flex-direction: column;'>\n<div style='padding: 15px; border-bottom: 1px solid rgba(150&comma; 150&comma; 150&comma; 0.2); font-weight: bold; font-size: 18px; color: inherit;'>Caracter\u00edsticas principales<\/div>\n<div style='padding: 15px; color: inherit; flex-grow: 1;'>\n<ul style='padding-left: 20px; margin: 0; font-size: 14px; list-style-type: disc;'>\n<li style='margin-bottom: 8px;'>Alarma de intrusi\u00f3n.<\/li>\n<li style='margin-bottom: 8px;'>Rango de detecci\u00f3n: 12 m.<\/li>\n<li style='margin-bottom: 8px;'>Angulo de detecci\u00f3n: 85.9\u00b0.<\/li>\n<li style='margin-bottom: 8px;'>No incluye montaje (cotizar el modelo <a style='color: inherit; text-decoration: underline;' href='https:\/\/www.syscom.mx\/producto\/DS-PDB-IN-U-HIKVISION-207035.html' target='_blank' rel='noopener'>DS-PDB-IN-U<\/a>).<\/li>\n<\/ul><\/div>\n<\/p><\/div>\n<\/p><\/div>\n<div style='flex: 1 1 300px; min-width: 280px;'>\n<div style='border: 1px solid rgba(150&comma; 150&comma; 150&comma; 0.4); border-radius: 8px; overflow: hidden; height: 100%; display: flex; flex-direction: column;'>\n<div style='padding: 15px; border-bottom: 1px solid rgba(150&comma; 150&comma; 150&comma; 0.2); font-weight: bold; font-size: 18px; color: inherit;'>Caracter\u00edsticas F\u00edsicas y El\u00e9ctricas<\/div>\n<div style='padding: 15px; color: inherit; flex-grow: 1;'>\n<ul style='padding-left: 20px; margin: 0; font-size: 14px; list-style-type: disc;'>\n<li style='margin-bottom: 8px;'>Voltaje de Operaci\u00f3n: Bater\u00edas de 3V \/ 2 x CR123A (Incluida).<\/li>\n<li style='margin-bottom: 8px;'>Tiempo util de la bater\u00eda: 5 a\u00f1os<\/li>\n<li style='margin-bottom: 8px;'>Tamper antisabotaje.<\/li>\n<li style='margin-bottom: 8px;'>Temperatura de operaci\u00f3n: -10\u00b0 &#8211; 55\u00b0C.<\/li>\n<li style='margin-bottom: 8px;'>Dimensiones: 65.5 x 103 x 48.5 mm.<\/li>\n<\/ul>\n<p style='margin-top: 20px; margin-bottom: 0;'><a style='color: inherit; text-decoration: underline;' href='https:\/\/soporte.syscom.mx\/es\/articles\/5117840-hikvision-alarmas-ax-pro-configuraciones-ax-pro' target='_blank' rel='noopener'><strong>Configuraciones b\u00e1sicas aqu\u00ed<\/strong><\/a><\/p>\n<\/p><\/div>\n<\/p><\/div>\n<\/p><\/div>\n<div style='flex: 1 1 300px; min-width: 280px;'>\n<div style='border: 1px solid rgba(150&comma; 150&comma; 150&comma; 0.4); border-radius: 8px; overflow: hidden; height: 100%; display: flex; flex-direction: column;'>\n<div style='padding: 15px; border-bottom: 1px solid rgba(150&comma; 150&comma; 150&comma; 0.2); font-weight: bold; font-size: 18px; color: inherit;'>Caracter\u00edsticas Destacadas<\/div>\n<div style='padding: 15px; color: inherit; flex-grow: 1;'>\n<p style='margin-top: 0;'>Detector inal\u00e1mbrico bidireccional totalmente supervisado que ofrece protecci\u00f3n contra manipulaci\u00f3n por detecci\u00f3n de movimiento y microondas&comma; bater\u00eda baja y supervisi\u00f3n. Puede funcionar por hasta 5 a\u00f1os desde dos bater\u00edas incorporadas y monitorea el \u00e1rea dentro de un radio de 12 m&comma; ignora a los animales y reconoce a los humanos desde el primer paso.<\/p>\n<p style='margin: 20px 0;'><a style='color: inherit; text-decoration: underline;' href='https:\/\/www.syscom.mx\/principal\/listadoproductosazul\/intrusion-hikvision-paneles-de-alarma-y-accesorios-ax-pro-series-66286.html?ordenar=Precio_de_Menor_a_Mayor&#038;pag=1' target='_blank' rel='noopener'><strong>Conozca todos los dispositivos que pueden integrar en la Serie AX PRO<\/strong><\/a><\/p>\n<\/p><\/div>\n<\/p><\/div>\n<\/p><\/div>\n<\/p><\/div>\n<h2 style='font-size: 24px; text-align: center; margin: 40px 0 20px 0; border-bottom: 2px solid currentColor; padding-bottom: 10px; color: inherit;'>Linea de Productos AX PRO<\/h2>\n<p style='margin: 0 0 30px 0;'> <a style='text-decoration: none;' href='https:\/\/www.syscom.mx\/principal\/listadoproductosazul\/intrusion-hikvision-paneles-de-alarma-y-accesorios-ax-pro-series-66286.html?ordenar=Precio_de_Menor_a_Mayor&#038;pag=1' target='_blank' rel='noopener'> <img style='width: 100%; height: auto; border: 1px solid rgba(150&comma;150&comma;150&comma;0.3); border-radius: 8px;' src='https:\/\/ftp3.syscom.mx\/usuarios\/jsosa\/HIKVISION\/alarmas\/AXPPRO\/banner\/AX%20PRO%20disgramas-hikvision.jpg' alt='Linea de Productos AX PRO'> <\/a> <\/p>\n<div style='position: relative; padding-bottom: 56.25%; height: 0; overflow: hidden; margin-bottom: 30px;'>   <\/div>\n<div style='display: flex; flex-wrap: wrap; gap: 30px; margin-bottom: 30px;'>\n<div style='flex: 1 1 48%; min-width: 280px;'>\n<p style='margin: 0;'> <a style='text-decoration: none;' href='https:\/\/www.syscom.mx\/principal\/listadoproductosazul\/intrusion-hikvision-paneles-de-alarma-y-accesorios-ax-pro-series-66286.html?ordenar=Precio_de_Menor_a_Mayor&#038;pag=1' target='_blank' rel='noopener'> <img style='width: 100%; height: auto; border: 1px solid rgba(150&comma;150&comma;150&comma;0.3); border-radius: 8px;' src='https:\/\/ftp3.syscom.mx\/usuarios\/jsosa\/HIKVISION\/alarmas\/AXPPRO\/Serie%20AXPRO.png' alt='Serie AX PRO'> <\/a> <\/p>\n<\/p><\/div>\n<div style='flex: 1 1 48%; min-width: 280px;'>\n<h2 style='font-size: 22px; margin-top: 0; margin-bottom: 15px; color: inherit;'>Serie AX PRO<\/h2>\n<p style='margin: 10px 0;'>\u00bfNecesita proteger su hogar&comma; oficina o tienda?<\/p>\n<p style='margin: 10px 0;'>\u00bfCansado de tantos cables y mucho tiempo de instalaci\u00f3n?<\/p>\n<p style='margin: 10px 0;'>\u00a1Utilice una soluci\u00f3n de alarma inal\u00e1mbrica profesional!<\/p>\n<p style='margin: 20px 0 0 0;'> <a style='color: inherit; text-decoration: underline;' href='https:\/\/www.syscom.mx\/principal\/listadoproductosazul\/intrusion-hikvision-paneles-de-alarma-y-accesorios-ax-pro-series-66286.html?ordenar=Precio_de_Menor_a_Mayor&#038;pag=1' target='_blank' rel='noopener'> <strong>Conozca todos los dispositivos que pueden integrar en la Serie AX PRO<\/strong> <\/a> <\/p>\n<\/p><\/div>\n<\/p><\/div>\n<h3 style='font-size: 20px; text-align: center; margin: 40px 0 20px 0; border-bottom: 2px solid currentColor; padding-bottom: 10px; color: inherit;'>Rango de Detecci\u00f3n<\/h3>\n<p style='margin: 0 0 30px 0;'> <img style='width: 100%; height: auto; border: 1px solid rgba(150&comma;150&comma;150&comma;0.3); border-radius: 8px;' src='https:\/\/ftp3.syscom.mx\/usuarios\/jsosa\/HIKVISION\/alarmas\/AXPPRO\/DSPDD12PEG2WB\/DS-PDD12P-EG2-WB%20imagen.png' alt='Rango de Detecci\u00f3n'> <\/p>\n<p style='margin: 0;'> <img style='width: 100%; height: auto; border: 1px solid rgba(150&comma;150&comma;150&comma;0.3); border-radius: 8px;' src='https:\/\/ftp3.syscom.mx\/usuarios\/jsosa\/HIKVISION\/alarmas\/AXPPRO\/banner\/HIKVISION-AXPRO-SERIES.jpg' alt='Banner AX PRO'> <\/p>\n<\/p><\/div>\n","protected":false},"excerpt":{"rendered":"<p>(AX PRO) Detector PIR Inal\u00e1mbrico de Doble Tecnolog\u00eda \/ Inmunidad a Mascotas \/ Rango de Detecci\u00f3n de 12 mts \/ Angulo de 85.9\u00b0 de Cobertura<\/p>\n","protected":false},"featured_media":4838,"comment_status":"open","ping_status":"closed","template":"","meta":[],"product_brand":[],"product_cat":[18],"product_tag":[19,54,20],"class_list":{"0":"post-4839","1":"product","2":"type-product","3":"status-publish","4":"has-post-thumbnail","6":"product_cat-movimiento-para-interior","7":"product_tag-detectores-sensores","8":"product_tag-hikvision","9":"product_tag-movimiento-para-interior","11":"first","12":"instock","13":"sale","14":"shipping-taxable","15":"purchasable","16":"product-type-simple"},"_links":{"self":[{"href":"https:\/\/soydeaqui.ddns.net\/pachuca\/index.php\/wp-json\/wp\/v2\/product\/4839","targetHints":{"allow":["GET"]}}],"collection":[{"href":"https:\/\/soydeaqui.ddns.net\/pachuca\/index.php\/wp-json\/wp\/v2\/product"}],"about":[{"href":"https:\/\/soydeaqui.ddns.net\/pachuca\/index.php\/wp-json\/wp\/v2\/types\/product"}],"replies":[{"embeddable":true,"href":"https:\/\/soydeaqui.ddns.net\/pachuca\/index.php\/wp-json\/wp\/v2\/comments?post=4839"}],"wp:featuredmedia":[{"embeddable":true,"href":"https:\/\/soydeaqui.ddns.net\/pachuca\/index.php\/wp-json\/wp\/v2\/media\/4838"}],"wp:attachment":[{"href":"https:\/\/soydeaqui.ddns.net\/pachuca\/index.php\/wp-json\/wp\/v2\/media?parent=4839"}],"wp:term":[{"taxonomy":"product_brand","embeddable":true,"href":"https:\/\/soydeaqui.ddns.net\/pachuca\/index.php\/wp-json\/wp\/v2\/product_brand?post=4839"},{"taxonomy":"product_cat","embeddable":true,"href":"https:\/\/soydeaqui.ddns.net\/pachuca\/index.php\/wp-json\/wp\/v2\/product_cat?post=4839"},{"taxonomy":"product_tag","embeddable":true,"href":"https:\/\/soydeaqui.ddns.net\/pachuca\/index.php\/wp-json\/wp\/v2\/product_tag?post=4839"}],"curies":[{"name":"wp","href":"https:\/\/api.w.org\/{rel}","templated":true}]}}