{"id":483,"date":"2026-03-18T05:40:05","date_gmt":"2026-03-18T05:40:05","guid":{"rendered":"https:\/\/soydeaqui.ddns.net\/pachuca\/index.php\/producto\/preamplificador-ep-2s02-2-entradas-microfono-balanceadas-xlr-4-entradas-linea-desbalanceadas-salidas-balanceadas-xlr-control-de-tono-y-volumen-medidores-de-nivel-doble-voltaje-ac-115v-230v\/"},"modified":"2026-03-18T05:40:05","modified_gmt":"2026-03-18T05:40:05","slug":"preamplificador-ep-2s02-2-entradas-microfono-balanceadas-xlr-4-entradas-linea-desbalanceadas-salidas-balanceadas-xlr-control-de-tono-y-volumen-medidores-de-nivel-doble-voltaje-ac-115v-230v","status":"publish","type":"product","link":"https:\/\/soydeaqui.ddns.net\/pachuca\/index.php\/producto\/preamplificador-ep-2s02-2-entradas-microfono-balanceadas-xlr-4-entradas-linea-desbalanceadas-salidas-balanceadas-xlr-control-de-tono-y-volumen-medidores-de-nivel-doble-voltaje-ac-115v-230v\/","title":{"rendered":"Preamplificador EP-2S02 \/ 2 Entradas Micr\u00f3fono Balanceadas XLR \/ 4 Entradas L\u00ednea Desbalanceadas \/ Salidas Balanceadas XLR \/ Control de Tono y Volumen \/ Medidores de Nivel \/ Doble Voltaje AC 115V-230V"},"content":{"rendered":"<div style='width: 100%; max-width: 1200px; margin: 0 auto; font-family: sans-serif; line-height: 1.6; color: inherit; background-color: transparent;'> <!-- Descripci\u00f3n general --> <\/p>\n<div style='margin-bottom: 30px;'>\n<p style='font-size: 17px; line-height: 1.6; margin: 0 0 20px; color: inherit;'> El preamplificador EP-2S02 es una soluci\u00f3n profesional para manejo de audio con m\u00faltiples entradas y salidas&comma; dise\u00f1ado para ofrecer un control preciso del sonido en aplicaciones de audio de alta calidad. Con entradas balanceadas y desbalanceadas&comma; control de tono y volumen independiente&comma; y medidores de nivel&comma; es ideal para estudios de grabaci\u00f3n&comma; sistemas de sonido en vivo y aplicaciones de refuerzo sonoro. <\/p>\n<\/p><\/div>\n<p> <!-- Caracter\u00edsticas Principales --> <\/p>\n<div style='margin-bottom: 30px;'>\n<h2 style='font-size: 24px; font-weight: 600; margin: 0 0 15px; color: inherit; opacity: 0.9; border-bottom: 2px solid currentColor; padding-bottom: 5px;'> Caracter\u00edsticas Principales <\/h2>\n<div style='display: flex; flex-wrap: wrap; gap: 20px;'>\n<div style='flex: 1 1 300px; min-width: 280px; border: 1px solid rgba(150&comma; 150&comma; 150&comma; 0.4); border-radius: 8px; overflow: hidden; display: flex; flex-direction: column;'>\n<div style='padding: 15px; border-bottom: 1px solid rgba(150&comma; 150&comma; 150&comma; 0.2); font-weight: bold; font-size: 18px; color: inherit;'> Caracter\u00edsticas <\/div>\n<div style='padding: 15px; color: inherit;'>\n<ul style='padding-left: 20px; margin: 0; font-size: 14px; list-style-type: disc;'>\n<li style='margin-bottom: 5px;'>2 entradas de micr\u00f3fono balanceadas tipo XLR con phantom power y control de ganancia independiente<\/li>\n<li style='margin-bottom: 5px;'>4 entradas de l\u00ednea desbalanceadas tipo jack con control de ganancia independiente<\/li>\n<li style='margin-bottom: 5px;'>Salidas de l\u00ednea balanceadas tipo XLR<\/li>\n<li style='margin-bottom: 5px;'>Entrada de alarma y salida desbalanceada REC<\/li>\n<li style='margin-bottom: 5px;'>Prioridad de entrada configurable: Alarma&comma; Mic1\/Mic2&comma; L\u00ednea 1-4<\/li>\n<li style='margin-bottom: 5px;'>Control de tono (bajo\/agudo) y volumen para Mic1&comma; Mic2 y fuente<\/li>\n<li style='margin-bottom: 5px;'>Control de volumen maestro independiente para canales izquierdo y derecho<\/li>\n<li style='margin-bottom: 5px;'>5 medidores de nivel de salida para canales izquierdo y derecho<\/li>\n<li style='margin-bottom: 5px;'>Selector de voltaje AC dual (115V y 230V)<\/li>\n<\/ul><\/div>\n<\/p><\/div>\n<\/p><\/div>\n<\/p><\/div>\n<p> <!-- Detalles T\u00e9cnicos --> <\/p>\n<div style='margin-bottom: 30px;'>\n<h2 style='font-size: 24px; font-weight: 600; margin: 0 0 15px; color: inherit; opacity: 0.9; border-bottom: 2px solid currentColor; padding-bottom: 5px;'> Detalles T\u00e9cnicos <\/h2>\n<div style='display: flex; flex-wrap: wrap; gap: 20px;'>\n<div style='flex: 1 1 300px; min-width: 280px; border: 1px solid rgba(150&comma; 150&comma; 150&comma; 0.4); border-radius: 8px; overflow: hidden; display: flex; flex-direction: column;'>\n<div style='padding: 15px; border-bottom: 1px solid rgba(150&comma; 150&comma; 150&comma; 0.2); font-weight: bold; font-size: 18px; color: inherit;'> Especificaciones <\/div>\n<div style='padding: 15px; color: inherit;'>\n<ul style='padding-left: 20px; margin: 0; font-size: 14px; list-style-type: disc;'>\n<li style='margin-bottom: 5px;'><strong>Entradas MIC 1-2:<\/strong> 4 mV -45 mV \/600\u03a9&comma; balanceadas<\/li>\n<li style='margin-bottom: 5px;'><strong>Entradas MIC 1-2(LINE):<\/strong> 150mV-1.5V\/10K\u03a9&comma; balanceadas<\/li>\n<li style='margin-bottom: 5px;'><strong>Entradas LINE 1&comma; 2&comma; 3&comma; 4:<\/strong> 250 mV -2.5V\/10K\u03a9&comma; desbalanceadas<\/li>\n<li style='margin-bottom: 5px;'><strong>Salida:<\/strong> 1V\/600\u03a9<\/li>\n<li style='margin-bottom: 5px;'><strong>Respuesta de frecuencia:<\/strong> 20Hz~20KHz (\u00b11dB)<\/li>\n<li style='margin-bottom: 5px;'><strong>Relaci\u00f3n S\/N:<\/strong> Mic input: 65dB; Line input: 85dB<\/li>\n<li style='margin-bottom: 5px;'><strong>Control de tono:<\/strong> Bajo: \u00b110dB at 100Hz&comma; Agudo: \u00b110dB at 10KHz<\/li>\n<li style='margin-bottom: 5px;'><strong>Phantom power:<\/strong> +48V<\/li>\n<li style='margin-bottom: 5px;'><strong>Protecci\u00f3n:<\/strong> Fusible AC<\/li>\n<li style='margin-bottom: 5px;'><strong>Alimentaci\u00f3n:<\/strong> ~110V -230V 50\/60Hz<\/li>\n<li style='margin-bottom: 5px;'><strong>Dimensiones:<\/strong> 484 x 210 x 44mm<\/li>\n<li style='margin-bottom: 5px;'><strong>Peso:<\/strong> 3.64Kg<\/li>\n<\/ul><\/div>\n<\/p><\/div>\n<div style='flex: 1 1 300px; min-width: 280px; border: 1px solid rgba(150&comma; 150&comma; 150&comma; 0.4); border-radius: 8px; overflow: hidden; display: flex; flex-direction: column;'>\n<div style='padding: 15px; border-bottom: 1px solid rgba(150&comma; 150&comma; 150&comma; 0.2); font-weight: bold; font-size: 18px; color: inherit;'> Interfaces y Conectividad <\/div>\n<div style='padding: 15px; color: inherit;'>\n<ul style='padding-left: 20px; margin: 0; font-size: 14px; list-style-type: disc;'>\n<li style='margin-bottom: 5px;'>2 entradas XLR balanceadas para micr\u00f3fono<\/li>\n<li style='margin-bottom: 5px;'>4 entradas jack desbalanceadas para l\u00ednea<\/li>\n<li style='margin-bottom: 5px;'>Salidas XLR balanceadas<\/li>\n<li style='margin-bottom: 5px;'>Entrada de alarma y salida REC desbalanceada<\/li>\n<\/ul><\/div>\n<\/p><\/div>\n<\/p><\/div>\n<\/p><\/div>\n<p> <!-- Aplicaciones --> <\/p>\n<div style='margin-bottom: 30px;'>\n<h2 style='font-size: 24px; font-weight: 600; margin: 0 0 15px; color: inherit; opacity: 0.9; border-bottom: 2px solid currentColor; padding-bottom: 5px;'> Aplicaciones y Casos de Uso <\/h2>\n<div style='display: flex; flex-wrap: wrap; gap: 20px;'>\n<div style='flex: 1 1 250px; min-width: 280px; border: 1px solid rgba(150&comma; 150&comma; 150&comma; 0.4); border-radius: 8px; overflow: hidden; display: flex; flex-direction: column;'>\n<div style='padding: 15px; border-bottom: 1px solid rgba(150&comma; 150&comma; 150&comma; 0.2); font-weight: bold; font-size: 18px; color: inherit;'> Estudios de Grabaci\u00f3n <\/div>\n<div style='padding: 15px; color: inherit;'>\n<p style='font-size: 14px; margin: 0; color: inherit;'> Ideal para manejo de m\u00faltiples fuentes de audio con control preciso de ganancia y tono. <\/p>\n<\/p><\/div>\n<\/p><\/div>\n<div style='flex: 1 1 250px; min-width: 280px; border: 1px solid rgba(150&comma; 150&comma; 150&comma; 0.4); border-radius: 8px; overflow: hidden; display: flex; flex-direction: column;'>\n<div style='padding: 15px; border-bottom: 1px solid rgba(150&comma; 150&comma; 150&comma; 0.2); font-weight: bold; font-size: 18px; color: inherit;'> Sistemas de Sonido en Vivo <\/div>\n<div style='padding: 15px; color: inherit;'>\n<p style='font-size: 14px; margin: 0; color: inherit;'> Perfecto para mezcla y distribuci\u00f3n de audio en eventos en vivo con entradas balanceadas y desbalanceadas. <\/p>\n<\/p><\/div>\n<\/p><\/div>\n<div style='flex: 1 1 250px; min-width: 280px; border: 1px solid rgba(150&comma; 150&comma; 150&comma; 0.4); border-radius: 8px; overflow: hidden; display: flex; flex-direction: column;'>\n<div style='padding: 15px; border-bottom: 1px solid rgba(150&comma; 150&comma; 150&comma; 0.2); font-weight: bold; font-size: 18px; color: inherit;'> Refuerzo Sonoro <\/div>\n<div style='padding: 15px; color: inherit;'>\n<p style='font-size: 14px; margin: 0; color: inherit;'> Excelente para aplicaciones de refuerzo sonoro en auditorios&comma; iglesias y salas de conferencias. <\/p>\n<\/p><\/div>\n<\/p><\/div>\n<\/p><\/div>\n<\/p><\/div>\n<p> <!-- Separador final --> <\/p>\n<hr style='border: 0; border-top: 1px solid rgba(150&comma; 150&comma; 150&comma; 0.3); margin: 30px 0;'> <\/div>\n","protected":false},"excerpt":{"rendered":"<p>Preamplificador EP-2S02 \/ 2 Entradas Micr\u00f3fono Balanceadas XLR \/ 4 Entradas L\u00ednea Desbalanceadas \/ Salidas Balanceadas XLR \/ Control de Tono y Volumen \/ Medidores de Nivel \/ Doble Voltaje AC 115V-230V<\/p>\n","protected":false},"featured_media":32,"comment_status":"open","ping_status":"closed","template":"","meta":[],"product_brand":[],"product_cat":[108],"product_tag":[110,109],"class_list":{"0":"post-483","1":"product","2":"type-product","3":"status-publish","4":"has-post-thumbnail","6":"product_cat-epcom-proaudio","7":"product_tag-epcom-proaudio","8":"product_tag-megafonia-y-audioevacuacion","10":"first","11":"instock","12":"sale","13":"shipping-taxable","14":"purchasable","15":"product-type-simple"},"_links":{"self":[{"href":"https:\/\/soydeaqui.ddns.net\/pachuca\/index.php\/wp-json\/wp\/v2\/product\/483","targetHints":{"allow":["GET"]}}],"collection":[{"href":"https:\/\/soydeaqui.ddns.net\/pachuca\/index.php\/wp-json\/wp\/v2\/product"}],"about":[{"href":"https:\/\/soydeaqui.ddns.net\/pachuca\/index.php\/wp-json\/wp\/v2\/types\/product"}],"replies":[{"embeddable":true,"href":"https:\/\/soydeaqui.ddns.net\/pachuca\/index.php\/wp-json\/wp\/v2\/comments?post=483"}],"wp:featuredmedia":[{"embeddable":true,"href":"https:\/\/soydeaqui.ddns.net\/pachuca\/index.php\/wp-json\/wp\/v2\/media\/32"}],"wp:attachment":[{"href":"https:\/\/soydeaqui.ddns.net\/pachuca\/index.php\/wp-json\/wp\/v2\/media?parent=483"}],"wp:term":[{"taxonomy":"product_brand","embeddable":true,"href":"https:\/\/soydeaqui.ddns.net\/pachuca\/index.php\/wp-json\/wp\/v2\/product_brand?post=483"},{"taxonomy":"product_cat","embeddable":true,"href":"https:\/\/soydeaqui.ddns.net\/pachuca\/index.php\/wp-json\/wp\/v2\/product_cat?post=483"},{"taxonomy":"product_tag","embeddable":true,"href":"https:\/\/soydeaqui.ddns.net\/pachuca\/index.php\/wp-json\/wp\/v2\/product_tag?post=483"}],"curies":[{"name":"wp","href":"https:\/\/api.w.org\/{rel}","templated":true}]}}