{"id":48085,"date":"2026-03-18T21:29:14","date_gmt":"2026-03-18T21:29:14","guid":{"rendered":"https:\/\/soydeaqui.ddns.net\/pachuca\/index.php\/producto\/tubo-flexible-tipo-liquidtight-de-3-4-19-mm-acero-pvc-rollo-de-50-metros\/"},"modified":"2026-03-18T21:29:17","modified_gmt":"2026-03-18T21:29:17","slug":"tubo-flexible-tipo-liquidtight-de-3-4-19-mm-acero-pvc-rollo-de-50-metros","status":"publish","type":"product","link":"https:\/\/soydeaqui.ddns.net\/pachuca\/index.php\/producto\/tubo-flexible-tipo-liquidtight-de-3-4-19-mm-acero-pvc-rollo-de-50-metros\/","title":{"rendered":"Tubo Flexible tipo Liquidtight de 3\/4&#8243; (19 mm). Acero + PVC. Rollo de 50 Metros."},"content":{"rendered":"<div style='width: 100%; max-width: 1200px; margin: 0 auto; font-family: sans-serif; line-height: 1.6; color: inherit; background-color: transparent;'>\n<div style='display: flex; flex-wrap: wrap; gap: 30px; margin-bottom: 30px;'>\n<div style='flex: 1 1 300px; min-width: 280px;'>\n<h3 style='font-size: 22px; border-bottom: 2px solid currentColor; padding-bottom: 5px; margin-top: 0; color: inherit; opacity: 0.8;'>Caracter\u00edsticas F\u00edsicas<\/h3>\n<ul style='padding-left: 20px; font-size: 15px; color: inherit;'>\n<li style='margin-bottom: 5px;'><strong>Di\u00e1metro nominal:<\/strong> 3\/4&#8242; (19 mm)<\/li>\n<li style='margin-bottom: 5px;'><strong>Metros por rollo:<\/strong> 50 metros<\/li>\n<li style='margin-bottom: 5px;'><strong>Peso por rollo:<\/strong> 14.25 Kg<\/li>\n<li style='margin-bottom: 5px;'><strong>Clave de fabricante:<\/strong> COT 34<\/li>\n<\/ul><\/div>\n<div style='flex: 1 1 300px; min-width: 280px;'>\n<h3 style='font-size: 22px; border-bottom: 2px solid currentColor; padding-bottom: 5px; margin-top: 0; color: inherit; opacity: 0.8;'>Caracter\u00edsticas Destacadas<\/h3>\n<ul style='padding-left: 20px; font-size: 15px; color: inherit;'>\n<li style='margin-bottom: 5px;'>Alma de acero pregalvanizado rolformado y engargolado para \u00f3ptima resistencia<\/li>\n<li style='margin-bottom: 5px;'>Forro de PVC coextruido y termoformado que sigue las ondulaciones del alma con lo que se obtiene mayor flexibilidad y econom\u00eda<\/li>\n<li style='margin-bottom: 5px;'>El espesor de PVC en la cresta y el di\u00e1metro interior son similares al HELITITE tradicional&comma; lo que permite utilizar racores est\u00e1ndar ANCLO tipo HLR y HLC en ambos<\/li>\n<li style='margin-bottom: 5px;'>Nivel NEMA 4 o IP-65<\/li>\n<\/ul><\/div>\n<\/p><\/div>\n<div style='margin-bottom: 30px;'>\n<h3 style='font-size: 22px; border-bottom: 2px solid currentColor; padding-bottom: 5px; margin-top: 0; color: inherit; opacity: 0.8;'>Aplicaciones<\/h3>\n<p style='font-size: 15px; color: inherit; margin: 0;'>La tuber\u00eda Liquidtight&comma; se utiliza para la conducci\u00f3n de cableado el\u00e9ctrico tanto aparente como oculto sobre plafones o falso piso. Se recomienda para instalaci\u00f3n de maquinaria y otros donde es necesario absorber vibraciones y movimientos como en hospitales&comma; industrias&comma; cuartos de c\u00f3mputo y tableros de aislamiento&comma; entre otros.<\/p>\n<\/p><\/div>\n<hr style='border: 0; border-top: 1px solid rgba(150&comma; 150&comma; 150&comma; 0.3); margin: 30px 0;'> <\/div>\n","protected":false},"excerpt":{"rendered":"<p>Tubo Flexible tipo Liquidtight de 3\/4&#8243; (19 mm). Acero + PVC. Rollo de 50 Metros.<\/p>\n","protected":false},"featured_media":48084,"comment_status":"open","ping_status":"closed","template":"","meta":[],"product_brand":[],"product_cat":[655],"product_tag":[693,572,656],"class_list":{"0":"post-48085","1":"product","2":"type-product","3":"status-publish","4":"has-post-thumbnail","6":"product_cat-tuberia-metalica-conduit-accesorios","7":"product_tag-anclo","8":"product_tag-canalizacion","9":"product_tag-tuberia-metalica-conduit-accesorios","11":"first","12":"instock","13":"sale","14":"shipping-taxable","15":"purchasable","16":"product-type-simple"},"_links":{"self":[{"href":"https:\/\/soydeaqui.ddns.net\/pachuca\/index.php\/wp-json\/wp\/v2\/product\/48085","targetHints":{"allow":["GET"]}}],"collection":[{"href":"https:\/\/soydeaqui.ddns.net\/pachuca\/index.php\/wp-json\/wp\/v2\/product"}],"about":[{"href":"https:\/\/soydeaqui.ddns.net\/pachuca\/index.php\/wp-json\/wp\/v2\/types\/product"}],"replies":[{"embeddable":true,"href":"https:\/\/soydeaqui.ddns.net\/pachuca\/index.php\/wp-json\/wp\/v2\/comments?post=48085"}],"wp:featuredmedia":[{"embeddable":true,"href":"https:\/\/soydeaqui.ddns.net\/pachuca\/index.php\/wp-json\/wp\/v2\/media\/48084"}],"wp:attachment":[{"href":"https:\/\/soydeaqui.ddns.net\/pachuca\/index.php\/wp-json\/wp\/v2\/media?parent=48085"}],"wp:term":[{"taxonomy":"product_brand","embeddable":true,"href":"https:\/\/soydeaqui.ddns.net\/pachuca\/index.php\/wp-json\/wp\/v2\/product_brand?post=48085"},{"taxonomy":"product_cat","embeddable":true,"href":"https:\/\/soydeaqui.ddns.net\/pachuca\/index.php\/wp-json\/wp\/v2\/product_cat?post=48085"},{"taxonomy":"product_tag","embeddable":true,"href":"https:\/\/soydeaqui.ddns.net\/pachuca\/index.php\/wp-json\/wp\/v2\/product_tag?post=48085"}],"curies":[{"name":"wp","href":"https:\/\/api.w.org\/{rel}","templated":true}]}}