{"id":48073,"date":"2026-03-18T21:28:53","date_gmt":"2026-03-18T21:28:53","guid":{"rendered":"https:\/\/soydeaqui.ddns.net\/pachuca\/index.php\/producto\/tubo-flexible-de-2-50-mm-en-acero-galvanizado-rollo-con-30-m\/"},"modified":"2026-03-18T21:28:54","modified_gmt":"2026-03-18T21:28:54","slug":"tubo-flexible-de-2-50-mm-en-acero-galvanizado-rollo-con-30-m","status":"publish","type":"product","link":"https:\/\/soydeaqui.ddns.net\/pachuca\/index.php\/producto\/tubo-flexible-de-2-50-mm-en-acero-galvanizado-rollo-con-30-m\/","title":{"rendered":"Tubo Flexible de 2&#8243; (50 mm) en Acero Galvanizado. Rollo con 30 m."},"content":{"rendered":"<div style='width: 100%; max-width: 1200px; margin: 0 auto; font-family: sans-serif; line-height: 1.6; color: inherit; background-color: transparent;'> <!-- Secci\u00f3n de caracter\u00edsticas --> <\/p>\n<div style='display: flex; flex-wrap: wrap; gap: 30px; margin-bottom: 30px;'>\n<div style='flex: 1 1 300px; min-width: 280px;'>\n<h3 style='font-size: 22px; border-bottom: 2px solid currentColor; padding-bottom: 5px; margin-top: 0; color: inherit; opacity: 0.8;'>Dimensiones<\/h3>\n<ul style='padding-left: 20px; font-size: 15px; color: inherit;'>\n<li style='margin-bottom: 5px;'>Tama\u00f1o nominal: 2&#8242; (50 mm) de di\u00e1metro<\/li>\n<li style='margin-bottom: 5px;'>Metros por rollo: 30 metros<\/li>\n<li style='margin-bottom: 5px;'>Peso por rollo: 31.18 Kg<\/li>\n<li style='margin-bottom: 5px;'>Clave del proveedor: CFX 200<\/li>\n<\/ul><\/div>\n<\/p><\/div>\n<p> <!-- Secci\u00f3n de caracter\u00edsticas destacadas --> <\/p>\n<div style='display: flex; flex-wrap: wrap; gap: 30px; margin-bottom: 30px;'>\n<div style='flex: 1 1 300px; min-width: 280px;'>\n<h3 style='font-size: 22px; border-bottom: 2px solid currentColor; padding-bottom: 5px; margin-top: 0; color: inherit; opacity: 0.8;'>Caracter\u00edsticas destacadas<\/h3>\n<ul style='padding-left: 20px; font-size: 15px; color: inherit;'>\n<li style='margin-bottom: 5px;'>Fabricado en acero pregalvanizado en caliente con alto traslape para \u00f3ptima flexibilidad y resistencia<\/li>\n<li style='margin-bottom: 5px;'>Dimensionado para utilizarse con racores ANCLO tipo FXR&comma; FXS<\/li>\n<li style='margin-bottom: 5px;'>Fabricaci\u00f3n de conformidad con norma NEMA FB-1&comma; USA &#8211; GSA \/ F 406 D UL 514 B<\/li>\n<\/ul><\/div>\n<\/p><\/div>\n<p> <!-- Secci\u00f3n de descripci\u00f3n general --> <\/p>\n<div style='display: flex; flex-wrap: wrap; gap: 30px; margin-bottom: 30px;'>\n<div style='flex: 1 1 300px; min-width: 280px;'>\n<h3 style='font-size: 22px; border-bottom: 2px solid currentColor; padding-bottom: 5px; margin-top: 0; color: inherit; opacity: 0.8;'>Aplicaciones<\/h3>\n<p style='font-size: 15px; color: inherit; margin-bottom: 10px;'>La tuber\u00eda flexible se utiliza para la conducci\u00f3n de cableado el\u00e9ctrico tanto aparente como oculto sobre plafones o falso piso.<\/p>\n<p style='font-size: 15px; color: inherit; margin-bottom: 10px;'>Se recomienda para instalaci\u00f3n de luminarias&comma; puestas a tierra&comma; cuartos de c\u00f3mputo y tableros donde es necesario la flexibilidad como en hospitales&comma; industrias entre otros.<\/p>\n<\/p><\/div>\n<\/p><\/div>\n<p> <!-- Separador --> <\/p>\n<hr style='border: 0; border-top: 1px solid rgba(150&comma; 150&comma; 150&comma; 0.3); margin: 30px 0;'> <\/div>\n","protected":false},"excerpt":{"rendered":"<p>Tubo Flexible de 2&#8243; (50 mm) en Acero Galvanizado. Rollo con 30 m.<\/p>\n","protected":false},"featured_media":48072,"comment_status":"open","ping_status":"closed","template":"","meta":[],"product_brand":[],"product_cat":[655],"product_tag":[693,572,656],"class_list":{"0":"post-48073","1":"product","2":"type-product","3":"status-publish","4":"has-post-thumbnail","6":"product_cat-tuberia-metalica-conduit-accesorios","7":"product_tag-anclo","8":"product_tag-canalizacion","9":"product_tag-tuberia-metalica-conduit-accesorios","11":"first","12":"instock","13":"sale","14":"shipping-taxable","15":"purchasable","16":"product-type-simple"},"_links":{"self":[{"href":"https:\/\/soydeaqui.ddns.net\/pachuca\/index.php\/wp-json\/wp\/v2\/product\/48073","targetHints":{"allow":["GET"]}}],"collection":[{"href":"https:\/\/soydeaqui.ddns.net\/pachuca\/index.php\/wp-json\/wp\/v2\/product"}],"about":[{"href":"https:\/\/soydeaqui.ddns.net\/pachuca\/index.php\/wp-json\/wp\/v2\/types\/product"}],"replies":[{"embeddable":true,"href":"https:\/\/soydeaqui.ddns.net\/pachuca\/index.php\/wp-json\/wp\/v2\/comments?post=48073"}],"wp:featuredmedia":[{"embeddable":true,"href":"https:\/\/soydeaqui.ddns.net\/pachuca\/index.php\/wp-json\/wp\/v2\/media\/48072"}],"wp:attachment":[{"href":"https:\/\/soydeaqui.ddns.net\/pachuca\/index.php\/wp-json\/wp\/v2\/media?parent=48073"}],"wp:term":[{"taxonomy":"product_brand","embeddable":true,"href":"https:\/\/soydeaqui.ddns.net\/pachuca\/index.php\/wp-json\/wp\/v2\/product_brand?post=48073"},{"taxonomy":"product_cat","embeddable":true,"href":"https:\/\/soydeaqui.ddns.net\/pachuca\/index.php\/wp-json\/wp\/v2\/product_cat?post=48073"},{"taxonomy":"product_tag","embeddable":true,"href":"https:\/\/soydeaqui.ddns.net\/pachuca\/index.php\/wp-json\/wp\/v2\/product_tag?post=48073"}],"curies":[{"name":"wp","href":"https:\/\/api.w.org\/{rel}","templated":true}]}}