{"id":4806,"date":"2026-03-18T06:23:29","date_gmt":"2026-03-18T06:23:29","guid":{"rendered":"https:\/\/soydeaqui.ddns.net\/pachuca\/index.php\/producto\/modulo-amplificador-de-potencia-para-energizador\/"},"modified":"2026-03-18T06:23:33","modified_gmt":"2026-03-18T06:23:33","slug":"modulo-amplificador-de-potencia-para-energizador","status":"publish","type":"product","link":"https:\/\/soydeaqui.ddns.net\/pachuca\/index.php\/producto\/modulo-amplificador-de-potencia-para-energizador\/","title":{"rendered":"Modulo Amplificador de Potencia para Energizador"},"content":{"rendered":"<div style='width: 100%; max-width: 1200px; margin: 0 auto; font-family: sans-serif; line-height: 1.6; color: inherit; background-color: transparent;'>\n<div style='display: flex; flex-wrap: wrap; gap: 30px; margin-bottom: 30px;'>\n<div style='flex: 1 1 300px; min-width: 280px;'>\n<h3 style='font-size: 22px; border-bottom: 2px solid currentColor; padding-bottom: 5px; margin-top: 0; color: inherit; opacity: 0.8;'>Descripci\u00f3n<\/h3>\n<ul style='padding-left: 20px; font-size: 15px; color: inherit;'>\n<li style='margin-bottom: 5px;'>Accesorio para energizador de cerco el\u00e9ctrico&comma; \u00fatil cuando se desea mayor potencia de impacto o bien proteger un \u00e1rea adicional a la ya instalada<\/li>\n<li style='margin-bottom: 5px;'>Su dise\u00f1o electr\u00f3nico integra adem\u00e1s un filtro anti inducci\u00f3n que asegura el buen funcionamiento y prolonga la vida del energizador cuando este alimenta una cerca el\u00e9ctrica pr\u00f3xima a torres de alta tensi\u00f3n<\/li>\n<\/ul>\n<\/div>\n<\/div>\n<div style='display: flex; flex-wrap: wrap; gap: 20px; margin-bottom: 30px;'>\n<div style='flex: 1 1 250px; border: 1px solid rgba(150&comma; 150&comma; 150&comma; 0.4); border-radius: 8px; overflow: hidden; display: flex; flex-direction: column;'>\n<div style='padding: 15px; border-bottom: 1px solid rgba(150&comma; 150&comma; 150&comma; 0.2); font-weight: bold; font-size: 18px; color: inherit;'>Caracter\u00edsticas T\u00e9cnicas<\/div>\n<div style='padding: 15px; color: inherit;'>\n<ul style='padding-left: 20px; margin: 0; font-size: 14px; list-style-type: disc;'>\n<li style='margin-bottom: 5px;'><strong>Aumento de la potencia del equipo:<\/strong> 30%<\/li>\n<li style='margin-bottom: 5px;'><strong>Incremento del arco el\u00e9ctrico a tierra:<\/strong> 1 cm<\/li>\n<li style='margin-bottom: 5px;'><strong>Compatible:<\/strong> Con cualquier tipo de Energizador Yonusa<\/li>\n<li style='margin-bottom: 5px;'><strong>Filtra inducci\u00f3n en el Energizador generada por torres de alta tensi\u00f3n:<\/strong> Hasta 230 KV<\/li>\n<li style='margin-bottom: 5px;'><strong>Nivel de aislamiento del circuito:<\/strong> 20&comma;000V<\/li>\n<li style='margin-bottom: 5px;'><strong>Se alimenta:<\/strong> De la misma energ\u00eda del cerco el\u00e9ctrico<\/li>\n<li style='margin-bottom: 5px;'><strong>Voltaje de entrada:<\/strong> 10&comma;000V m\u00ednimo<\/li>\n<li style='margin-bottom: 5px;'><strong>Instalaci\u00f3n:<\/strong> F\u00e1cil&comma; solo se conecta a las terminales de salida de corriente y tierra f\u00edsica. Sin polaridad<\/li>\n<li style='margin-bottom: 5px;'><strong>Material:<\/strong> Resina anti UV<\/li>\n<li style='margin-bottom: 5px;'><strong>Medida de cables:<\/strong> 20 cm<\/li>\n<\/ul>\n<\/div>\n<\/div>\n<\/div>\n<\/div>\n<hr style='border: 0; border-top: 1px solid rgba(150&comma; 150&comma; 150&comma; 0.3); margin: 30px 0;'><\/div>\n","protected":false},"excerpt":{"rendered":"<p>Modulo Amplificador de Potencia para Energizador<\/p>\n","protected":false},"featured_media":4805,"comment_status":"open","ping_status":"closed","template":"","meta":[],"product_brand":[],"product_cat":[92],"product_tag":[93,82,84],"class_list":{"0":"post-4806","1":"product","2":"type-product","3":"status-publish","4":"has-post-thumbnail","6":"product_cat-accesorios","7":"product_tag-accesorios","8":"product_tag-cercas-electricas","9":"product_tag-yonusa","11":"first","12":"instock","13":"sale","14":"shipping-taxable","15":"purchasable","16":"product-type-simple"},"_links":{"self":[{"href":"https:\/\/soydeaqui.ddns.net\/pachuca\/index.php\/wp-json\/wp\/v2\/product\/4806","targetHints":{"allow":["GET"]}}],"collection":[{"href":"https:\/\/soydeaqui.ddns.net\/pachuca\/index.php\/wp-json\/wp\/v2\/product"}],"about":[{"href":"https:\/\/soydeaqui.ddns.net\/pachuca\/index.php\/wp-json\/wp\/v2\/types\/product"}],"replies":[{"embeddable":true,"href":"https:\/\/soydeaqui.ddns.net\/pachuca\/index.php\/wp-json\/wp\/v2\/comments?post=4806"}],"wp:featuredmedia":[{"embeddable":true,"href":"https:\/\/soydeaqui.ddns.net\/pachuca\/index.php\/wp-json\/wp\/v2\/media\/4805"}],"wp:attachment":[{"href":"https:\/\/soydeaqui.ddns.net\/pachuca\/index.php\/wp-json\/wp\/v2\/media?parent=4806"}],"wp:term":[{"taxonomy":"product_brand","embeddable":true,"href":"https:\/\/soydeaqui.ddns.net\/pachuca\/index.php\/wp-json\/wp\/v2\/product_brand?post=4806"},{"taxonomy":"product_cat","embeddable":true,"href":"https:\/\/soydeaqui.ddns.net\/pachuca\/index.php\/wp-json\/wp\/v2\/product_cat?post=4806"},{"taxonomy":"product_tag","embeddable":true,"href":"https:\/\/soydeaqui.ddns.net\/pachuca\/index.php\/wp-json\/wp\/v2\/product_tag?post=4806"}],"curies":[{"name":"wp","href":"https:\/\/api.w.org\/{rel}","templated":true}]}}