{"id":47963,"date":"2026-03-18T21:25:33","date_gmt":"2026-03-18T21:25:33","guid":{"rendered":"https:\/\/soydeaqui.ddns.net\/pachuca\/index.php\/producto\/abrazadera-unicanal-para-conduit-pared-delgada-de-3-4-19-mm\/"},"modified":"2026-03-18T21:25:40","modified_gmt":"2026-03-18T21:25:40","slug":"abrazadera-unicanal-para-conduit-pared-delgada-de-3-4-19-mm","status":"publish","type":"product","link":"https:\/\/soydeaqui.ddns.net\/pachuca\/index.php\/producto\/abrazadera-unicanal-para-conduit-pared-delgada-de-3-4-19-mm\/","title":{"rendered":"Abrazadera Unicanal para Conduit Pared Delgada de 3\/4&#8243; (19 mm)."},"content":{"rendered":"<div style='width: 100%; max-width: 1200px; margin: 0 auto; font-family: sans-serif; line-height: 1.6; color: inherit; background-color: transparent;'>\n<div style='display: flex; flex-wrap: wrap; gap: 30px; margin-bottom: 30px;'>\n<div style='flex: 1 1 300px; min-width: 280px;'>\n<h3 style='font-size: 22px; border-bottom: 2px solid currentColor; padding-bottom: 5px; margin-top: 0; color: inherit; opacity: 0.8;'>Caracter\u00edsticas<\/h3>\n<ul style='padding-left: 20px; font-size: 15px; color: inherit;'>\n<li style='margin-bottom: 5px;'>Tama\u00f1o nominal: 3\/4&#8242; (19 mm)<\/li>\n<li style='margin-bottom: 5px;'>Material: 1.2 mm (C. 18)<\/li>\n<li style='margin-bottom: 5px;'>Peso Aprox (100 Jgos.): 3.5 Kg<\/li>\n<\/ul><\/div>\n<\/p><\/div>\n<div style='margin-bottom: 30px; font-size: 14px; color: inherit;'>\n<p style='margin: 0 0 10px;'>*Ajuste perfecto con el menor di\u00e1metro exterior de los conduit pared delgada C.20. Perforaci\u00f3n de identificaci\u00f3n evita confusiones.<\/p>\n<\/p><\/div>\n<\/p><\/div>\n","protected":false},"excerpt":{"rendered":"<p>Abrazadera Unicanal para Conduit Pared Delgada de 3\/4&#8243; (19 mm).<\/p>\n","protected":false},"featured_media":47962,"comment_status":"open","ping_status":"closed","template":"","meta":[],"product_brand":[],"product_cat":[648],"product_tag":[693,572,649],"class_list":{"0":"post-47963","1":"product","2":"type-product","3":"status-publish","4":"has-post-thumbnail","6":"product_cat-tuberia-pvc-registros-pvc","7":"product_tag-anclo","8":"product_tag-canalizacion","9":"product_tag-tuberia-pvc-registros-pvc","11":"first","12":"outofstock","13":"sale","14":"shipping-taxable","15":"purchasable","16":"product-type-simple"},"_links":{"self":[{"href":"https:\/\/soydeaqui.ddns.net\/pachuca\/index.php\/wp-json\/wp\/v2\/product\/47963","targetHints":{"allow":["GET"]}}],"collection":[{"href":"https:\/\/soydeaqui.ddns.net\/pachuca\/index.php\/wp-json\/wp\/v2\/product"}],"about":[{"href":"https:\/\/soydeaqui.ddns.net\/pachuca\/index.php\/wp-json\/wp\/v2\/types\/product"}],"replies":[{"embeddable":true,"href":"https:\/\/soydeaqui.ddns.net\/pachuca\/index.php\/wp-json\/wp\/v2\/comments?post=47963"}],"wp:featuredmedia":[{"embeddable":true,"href":"https:\/\/soydeaqui.ddns.net\/pachuca\/index.php\/wp-json\/wp\/v2\/media\/47962"}],"wp:attachment":[{"href":"https:\/\/soydeaqui.ddns.net\/pachuca\/index.php\/wp-json\/wp\/v2\/media?parent=47963"}],"wp:term":[{"taxonomy":"product_brand","embeddable":true,"href":"https:\/\/soydeaqui.ddns.net\/pachuca\/index.php\/wp-json\/wp\/v2\/product_brand?post=47963"},{"taxonomy":"product_cat","embeddable":true,"href":"https:\/\/soydeaqui.ddns.net\/pachuca\/index.php\/wp-json\/wp\/v2\/product_cat?post=47963"},{"taxonomy":"product_tag","embeddable":true,"href":"https:\/\/soydeaqui.ddns.net\/pachuca\/index.php\/wp-json\/wp\/v2\/product_tag?post=47963"}],"curies":[{"name":"wp","href":"https:\/\/api.w.org\/{rel}","templated":true}]}}