{"id":47928,"date":"2026-03-18T21:24:16","date_gmt":"2026-03-18T21:24:16","guid":{"rendered":"https:\/\/soydeaqui.ddns.net\/pachuca\/index.php\/producto\/unicanal-perforado-4-x-4-cm-x-3-m-calibre-14-galvanizado-electrolitico\/"},"modified":"2026-03-18T21:24:17","modified_gmt":"2026-03-18T21:24:17","slug":"unicanal-perforado-4-x-4-cm-x-3-m-calibre-14-galvanizado-electrolitico","status":"publish","type":"product","link":"https:\/\/soydeaqui.ddns.net\/pachuca\/index.php\/producto\/unicanal-perforado-4-x-4-cm-x-3-m-calibre-14-galvanizado-electrolitico\/","title":{"rendered":"Unicanal Perforado 4 x 4 cm x 3 m \/ Calibre 14 \/ Galvanizado Electrol\u00edtico."},"content":{"rendered":"<div style='width: 100%; max-width: 1200px; margin: 0 auto; font-family: sans-serif; line-height: 1.6; color: inherit; background-color: transparent;'> <!-- Secci\u00f3n de caracter\u00edsticas --> <\/p>\n<div style='display: flex; flex-wrap: wrap; gap: 30px; margin-bottom: 30px;'>\n<div style='flex: 1 1 300px; min-width: 280px;'>\n<h3 style='font-size: 22px; border-bottom: 2px solid currentColor; padding-bottom: 5px; margin-top: 0; color: inherit; opacity: 0.8;'>Caracter\u00edsticas<\/h3>\n<ul style='padding-left: 20px; font-size: 15px; color: inherit;'>\n<li style='margin-bottom: 5px;'><strong>Material:<\/strong> Acero pregalvanizado<\/li>\n<li style='margin-bottom: 5px;'><strong>Descripci\u00f3n:<\/strong> Perforado 4 x 4<\/li>\n<li style='margin-bottom: 5px;'><strong>Espesor del material:<\/strong> 1.9 mm (C.14)<\/li>\n<li style='margin-bottom: 5px;'><strong>Dimensiones:<\/strong> 41.3&comma; 41.3&comma; 22 mm<\/li>\n<li style='margin-bottom: 5px;'><strong>Peso x metro:<\/strong> 1.7 kg<\/li>\n<\/ul><\/div>\n<\/p><\/div>\n<p> <!-- Secci\u00f3n de descripci\u00f3n detallada --> <\/p>\n<div style='display: flex; flex-wrap: wrap; gap: 30px; margin-bottom: 30px;'>\n<div style='flex: 1 1 300px; min-width: 280px;'>\n<p style='margin-bottom: 1.5em; font-size: 15px; color: inherit;'>Nueva versi\u00f3n del cl\u00e1sico unicanal en material m\u00e1s delgado con Costillas de refuerzo formadas a todo lo largo del riel para desarollar al m\u00e1ximo la capacidad del material.<\/p>\n<p style='margin-bottom: 1.5em; font-size: 15px; color: inherit;'>Para instalaciones el\u00e9ctricas e hidr\u00e1ulicas con tubo c\u00e9dula 40 o cuando el claro o el n\u00famero de tubos lo requiere: para usarse con abrazaderas serie AU.<\/p>\n<p style='margin-bottom: 0; font-size: 15px; color: inherit;'>Ideal para usarse en tramitos cortos com\u00fanmente usados como soportes para l\u00edneas de conduit pared delgada o charolas portacables.<\/p>\n<\/p><\/div>\n<\/p><\/div>\n<p> <!-- Separador --> <\/p>\n<hr style='border: 0; border-top: 1px solid rgba(150&comma; 150&comma; 150&comma; 0.3); margin: 30px 0;'> <\/div>\n","protected":false},"excerpt":{"rendered":"<p>Unicanal Perforado 4 x 4 cm x 3 m \/ Calibre 14 \/ Galvanizado Electrol\u00edtico.<\/p>\n","protected":false},"featured_media":47927,"comment_status":"open","ping_status":"closed","template":"","meta":[],"product_brand":[],"product_cat":[648],"product_tag":[693,572,649],"class_list":{"0":"post-47928","1":"product","2":"type-product","3":"status-publish","4":"has-post-thumbnail","6":"product_cat-tuberia-pvc-registros-pvc","7":"product_tag-anclo","8":"product_tag-canalizacion","9":"product_tag-tuberia-pvc-registros-pvc","11":"first","12":"outofstock","13":"sale","14":"shipping-taxable","15":"purchasable","16":"product-type-simple"},"_links":{"self":[{"href":"https:\/\/soydeaqui.ddns.net\/pachuca\/index.php\/wp-json\/wp\/v2\/product\/47928","targetHints":{"allow":["GET"]}}],"collection":[{"href":"https:\/\/soydeaqui.ddns.net\/pachuca\/index.php\/wp-json\/wp\/v2\/product"}],"about":[{"href":"https:\/\/soydeaqui.ddns.net\/pachuca\/index.php\/wp-json\/wp\/v2\/types\/product"}],"replies":[{"embeddable":true,"href":"https:\/\/soydeaqui.ddns.net\/pachuca\/index.php\/wp-json\/wp\/v2\/comments?post=47928"}],"wp:featuredmedia":[{"embeddable":true,"href":"https:\/\/soydeaqui.ddns.net\/pachuca\/index.php\/wp-json\/wp\/v2\/media\/47927"}],"wp:attachment":[{"href":"https:\/\/soydeaqui.ddns.net\/pachuca\/index.php\/wp-json\/wp\/v2\/media?parent=47928"}],"wp:term":[{"taxonomy":"product_brand","embeddable":true,"href":"https:\/\/soydeaqui.ddns.net\/pachuca\/index.php\/wp-json\/wp\/v2\/product_brand?post=47928"},{"taxonomy":"product_cat","embeddable":true,"href":"https:\/\/soydeaqui.ddns.net\/pachuca\/index.php\/wp-json\/wp\/v2\/product_cat?post=47928"},{"taxonomy":"product_tag","embeddable":true,"href":"https:\/\/soydeaqui.ddns.net\/pachuca\/index.php\/wp-json\/wp\/v2\/product_tag?post=47928"}],"curies":[{"name":"wp","href":"https:\/\/api.w.org\/{rel}","templated":true}]}}