{"id":4780,"date":"2026-03-18T06:23:08","date_gmt":"2026-03-18T06:23:08","guid":{"rendered":"https:\/\/soydeaqui.ddns.net\/pachuca\/index.php\/producto\/motor-inalambrico-rts-de-baterias-convierta-sus-persianas-de-cadena-en-sistemas-inteligentes-para-ventanas-de-2-30m-ancho-3-00m-alto-no-incluye-textil\/"},"modified":"2026-03-18T06:23:14","modified_gmt":"2026-03-18T06:23:14","slug":"motor-inalambrico-rts-de-baterias-convierta-sus-persianas-de-cadena-en-sistemas-inteligentes-para-ventanas-de-2-30m-ancho-3-00m-alto-no-incluye-textil","status":"publish","type":"product","link":"https:\/\/soydeaqui.ddns.net\/pachuca\/index.php\/producto\/motor-inalambrico-rts-de-baterias-convierta-sus-persianas-de-cadena-en-sistemas-inteligentes-para-ventanas-de-2-30m-ancho-3-00m-alto-no-incluye-textil\/","title":{"rendered":"Motor inal\u00e1mbrico (RTS) de bater\u00edas convierta sus persianas de cadena en sistemas inteligentes, para ventanas de 2.30m ancho \/ 3.00m alto, no incluye textil"},"content":{"rendered":"<div style='width: 100%; max-width: 1200px; margin: 0 auto; font-family: sans-serif; line-height: 1.6; color: inherit; background-color: transparent;'> <!-- Secci\u00f3n de introducci\u00f3n --> <\/p>\n<div style='margin-bottom: 30px;'>\n<p style='text-align: justify; color: inherit; font-size: 15px; margin-bottom: 15px;'>ELEGANTE y FUNCIONAL Cuando se trata de bienestar para el hogar&comma; los usuarios siempre quieren m\u00e1s&comma; pero no siempre saben c\u00f3mo encontrarlo&comma; especialmente si implica comprometer la decoraci\u00f3n o un gasto importante en el hogar.<\/p>\n<\/p><\/div>\n<p> <!-- Secci\u00f3n de aplicaciones --> <\/p>\n<div style='margin-bottom: 30px;'>\n<h3 style='font-size: 22px; border-bottom: 2px solid currentColor; padding-bottom: 5px; margin-top: 0; margin-bottom: 15px; color: inherit; opacity: 0.8;'>Aplicaciones<\/h3>\n<ul style='padding-left: 20px; font-size: 15px; color: inherit; margin-bottom: 15px;'>\n<li style='margin-bottom: 5px;'>Cortinas y persianas interiores.<\/li>\n<li style='margin-bottom: 5px;'>Para el uso y control inteligente por medio de la App y asistentes de voz Alexa y GoogleHome.&comma; usar HUB INTEO modelo <a href='https:\/\/www.syscom.mx\/producto\/9027166-SOMFY-200364.html' style='color: inherit; text-decoration: underline; font-weight: 500;'>9027166<\/a>.<\/li>\n<li style='margin-bottom: 5px;'>Control remoto inalambrico manual recomdable <a href='https:\/\/www.syscom.mx\/principal\/listadopormarca\/SOMFY\/full?ordenar=Mas_Vendidos&#038;pag=1' style='color: inherit; text-decoration: underline; font-weight: 500;'>SITUO1RTSSILVER<\/a> o similares.<\/li>\n<\/ul><\/div>\n<p> <!-- Secci\u00f3n de tecnolog\u00eda --> <\/p>\n<div style='margin-bottom: 30px;'>\n<h3 style='font-size: 22px; border-bottom: 2px solid currentColor; padding-bottom: 5px; margin-top: 0; margin-bottom: 15px; color: inherit; opacity: 0.8;'>Tecnolog\u00eda<\/h3>\n<ul style='padding-left: 20px; font-size: 15px; color: inherit; margin-bottom: 15px;'>\n<li style='margin-bottom: 5px;'>Inalambrica RTS Somfy<\/li>\n<\/ul><\/div>\n<p> <!-- Secci\u00f3n de ventajas --> <\/p>\n<div style='margin-bottom: 30px;'>\n<h3 style='font-size: 22px; border-bottom: 2px solid currentColor; padding-bottom: 5px; margin-top: 0; margin-bottom: 15px; color: inherit; opacity: 0.8;'>Las ventajas<\/h3>\n<ol style='padding-left: 20px; font-size: 15px; color: inherit; margin-bottom: 15px;'>\n<li style='margin-bottom: 5px;'>Modo &#8216;sleep&#8217;: solo consume energ\u00eda mientras esta operando.<\/li>\n<li style='margin-bottom: 5px;'>Seguro y confiable<\/li>\n<li style='margin-bottom: 5px;'>Sin cables el\u00e9ctricos&comma; libre de riesgos por estrangulamiento.<\/li>\n<li style='margin-bottom: 5px;'>Calidad y garant\u00eda Somfy.<\/li>\n<li style='margin-bottom: 5px;'>Confort diario<\/li>\n<li style='margin-bottom: 5px;'>Movimiento suave con velocidad ajustable.<\/li>\n<li style='margin-bottom: 5px;'>Est\u00e9tico<\/li>\n<li style='margin-bottom: 5px;'>Dise\u00f1o discreto&comma; libre de cables y baterias internas.<\/li>\n<li style='margin-bottom: 5px;'>Uso y mantenimiento sencillo<\/li>\n<li style='margin-bottom: 5px;'>Recargable.<\/li>\n<li style='margin-bottom: 5px;'>Con 2 horas de carga obtienes hasta 9 meses de uso (un ciclo al d\u00eda).<\/li>\n<li style='margin-bottom: 5px;'>Indicador led de carga en la cabeza del motor.<\/li>\n<\/ol><\/div>\n<p> <!-- Secci\u00f3n de detalles --> <\/p>\n<div style='margin-bottom: 30px;'>\n<h3 style='font-size: 22px; border-bottom: 2px solid currentColor; padding-bottom: 5px; margin-top: 0; margin-bottom: 15px; color: inherit; opacity: 0.8;'>Detalles y especificaciones<\/h3>\n<ul style='padding-left: 20px; font-size: 15px; color: inherit; margin-bottom: 15px;'>\n<li style='margin-bottom: 5px;'>Altus 28 WireFree RTS Li-ion un motor libre de cables que se adapta f\u00e1cilmente a una amplia gama de cortinas y persianas.<\/li>\n<li style='margin-bottom: 5px;'>Motor recargable que facilita la instalaci\u00f3n&comma; libre de mantenimiento y con dise\u00f1o elegante.<\/li>\n<\/ul><\/div>\n<p> <!-- Secci\u00f3n de dimensiones --> <\/p>\n<div style='margin-bottom: 30px;'>\n<h3 style='font-size: 22px; border-bottom: 2px solid currentColor; padding-bottom: 5px; margin-top: 0; margin-bottom: 15px; color: inherit; opacity: 0.8;'>Dimensiones de ventana<\/h3>\n<ul style='padding-left: 20px; font-size: 15px; color: inherit; margin-bottom: 15px;'>\n<li style='margin-bottom: 5px;'>Ancho minimo .68 mts<\/li>\n<li style='margin-bottom: 5px;'>Ancho m\u00e1ximo 2.30 mts<\/li>\n<li style='margin-bottom: 5px;'>Alto m\u00e1ximo 3.00 mts<\/li>\n<li style='margin-bottom: 5px;'><strong style='color: inherit;'>Nota:<\/strong> Para su configuracion inicial&comma; limites y sentido de giro es necesario el control remoto.<\/li>\n<li style='margin-bottom: 5px;'>Cargador por separado modelo <a href='https:\/\/www.syscom.mx\/producto\/9025166-SOMFY-215187.html' style='color: inherit; text-decoration: underline; font-weight: 500;'>9025166<\/a><\/li>\n<\/ul><\/div>\n<p> <!-- Referencia y videos --> <\/p>\n<div style='margin-bottom: 30px;'>\n<p style='text-align: center; margin-bottom: 20px; font-size: 14px; color: inherit; opacity: 0.8;'>Ref SOMFY: 1003313<\/p>\n<p> <!-- Video 1 --> <\/p>\n<div style='position: relative; padding-bottom: 56.25%; height: 0; overflow: hidden; margin-bottom: 30px;'>   <\/div>\n<p> <!-- Video 2 --> <\/p>\n<div style='position: relative; padding-bottom: 56.25%; height: 0; overflow: hidden; margin-bottom: 30px;'>   <\/div>\n<\/p><\/div>\n<p> <!-- Separador final --> <\/p>\n<hr style='border: 0; border-top: 1px solid rgba(150&comma; 150&comma; 150&comma; 0.3); margin: 30px 0;'> <\/div>\n","protected":false},"excerpt":{"rendered":"<p>Motor inal\u00e1mbrico (RTS) de bater\u00edas convierta sus persianas de cadena en sistemas inteligentes, para ventanas de 2.30m ancho \/ 3.00m alto, no incluye textil<\/p>\n","protected":false},"featured_media":4779,"comment_status":"open","ping_status":"closed","template":"","meta":[],"product_brand":[],"product_cat":[29],"product_tag":[30,31,46],"class_list":{"0":"post-4780","1":"product","2":"type-product","3":"status-publish","4":"has-post-thumbnail","6":"product_cat-persianas-y-cortineros","7":"product_tag-automatizacion-casa-inteligente","8":"product_tag-persianas-y-cortineros","9":"product_tag-somfy","11":"first","12":"instock","13":"sale","14":"shipping-taxable","15":"purchasable","16":"product-type-simple"},"_links":{"self":[{"href":"https:\/\/soydeaqui.ddns.net\/pachuca\/index.php\/wp-json\/wp\/v2\/product\/4780","targetHints":{"allow":["GET"]}}],"collection":[{"href":"https:\/\/soydeaqui.ddns.net\/pachuca\/index.php\/wp-json\/wp\/v2\/product"}],"about":[{"href":"https:\/\/soydeaqui.ddns.net\/pachuca\/index.php\/wp-json\/wp\/v2\/types\/product"}],"replies":[{"embeddable":true,"href":"https:\/\/soydeaqui.ddns.net\/pachuca\/index.php\/wp-json\/wp\/v2\/comments?post=4780"}],"wp:featuredmedia":[{"embeddable":true,"href":"https:\/\/soydeaqui.ddns.net\/pachuca\/index.php\/wp-json\/wp\/v2\/media\/4779"}],"wp:attachment":[{"href":"https:\/\/soydeaqui.ddns.net\/pachuca\/index.php\/wp-json\/wp\/v2\/media?parent=4780"}],"wp:term":[{"taxonomy":"product_brand","embeddable":true,"href":"https:\/\/soydeaqui.ddns.net\/pachuca\/index.php\/wp-json\/wp\/v2\/product_brand?post=4780"},{"taxonomy":"product_cat","embeddable":true,"href":"https:\/\/soydeaqui.ddns.net\/pachuca\/index.php\/wp-json\/wp\/v2\/product_cat?post=4780"},{"taxonomy":"product_tag","embeddable":true,"href":"https:\/\/soydeaqui.ddns.net\/pachuca\/index.php\/wp-json\/wp\/v2\/product_tag?post=4780"}],"curies":[{"name":"wp","href":"https:\/\/api.w.org\/{rel}","templated":true}]}}