{"id":47768,"date":"2026-03-18T21:19:14","date_gmt":"2026-03-18T21:19:14","guid":{"rendered":"https:\/\/soydeaqui.ddns.net\/pachuca\/index.php\/producto\/taquete-tx-de-1-4-x-2-1-2-6-5-x-63-mm\/"},"modified":"2026-03-18T21:19:21","modified_gmt":"2026-03-18T21:19:21","slug":"taquete-tx-de-1-4-x-2-1-2-6-5-x-63-mm","status":"publish","type":"product","link":"https:\/\/soydeaqui.ddns.net\/pachuca\/index.php\/producto\/taquete-tx-de-1-4-x-2-1-2-6-5-x-63-mm\/","title":{"rendered":"Taquete TX de 1\/4&#8243; x  2 1\/2&#8243;  (6.5 x 63 mm)."},"content":{"rendered":"<div style='width: 100%; max-width: 1200px; margin: 0 auto; font-family: sans-serif; line-height: 1.6; color: inherit; background-color: transparent;'> <!-- T\u00edtulo del producto --> <\/p>\n<h2 style='font-size: 24px; margin-top: 0; color: inherit; opacity: 0.9;'>Taquete TX<\/h2>\n<p> <!-- Secci\u00f3n de caracter\u00edsticas f\u00edsicas --> <\/p>\n<div style='display: flex; flex-wrap: wrap; gap: 30px; margin-bottom: 30px;'>\n<div style='flex: 1 1 300px; min-width: 280px;'>\n<h3 style='font-size: 22px; border-bottom: 2px solid currentColor; padding-bottom: 5px; margin-top: 0; color: inherit; opacity: 0.8;'>Caracter\u00edsticas F\u00edsicas<\/h3>\n<ul style='padding-left: 20px; font-size: 15px; color: inherit;'>\n<li style='margin-bottom: 5px;'><strong>Cuerda:<\/strong> 1\/4&#8242; (6.4 mm)<\/li>\n<li style='margin-bottom: 5px;'><strong>Usar broca:<\/strong> 3\/8&#8242; (10 mm)<\/li>\n<li style='margin-bottom: 5px;'><strong>Largo total:<\/strong> 2 1\/2&#8242; (63 mm)<\/li>\n<li style='margin-bottom: 5px;'><strong>Carga posible a Tensi\u00f3n:<\/strong> 410 Kg.<\/li>\n<li style='margin-bottom: 5px;'><strong>Carga posible Cortante:<\/strong> 340 Kg.<\/li>\n<\/ul><\/div>\n<\/p><\/div>\n<p> <!-- Nota importante --> <\/p>\n<div style='margin-bottom: 30px; font-size: 14px; color: inherit;'>\n<p style='margin: 0 0 15px 0;'>Las cargas posibles son un 25% de la carga promedio a la que comienzan a fallar fijadores perfectamente instalados&comma; en concreto de resistencia a la compresi\u00f3n de 268 kg\/cm\u00b2 como m\u00ednimo&comma; cuando son sometidos a cargas est\u00e1ticas coaxiales o a 90\u00b0. Las vibraciones e impactos as\u00ed como el efecto multiplicador de brazos de palanca y distancias reducidas entre fijadores o al borde del concreto&comma; reducen notablemente la carga segura y deber\u00e1n tomarse en cuenta en cada caso.<\/p>\n<\/p><\/div>\n<p> <!-- Secci\u00f3n de caracter\u00edsticas destacadas --> <\/p>\n<div style='display: flex; flex-wrap: wrap; gap: 30px;'>\n<div style='flex: 1 1 300px; min-width: 280px;'>\n<h3 style='font-size: 22px; border-bottom: 2px solid currentColor; padding-bottom: 5px; margin-top: 0; color: inherit; opacity: 0.8;'>Caracter\u00edsticas Destacadas<\/h3>\n<ul style='padding-left: 20px; font-size: 15px; color: inherit;'>\n<li style='margin-bottom: 5px;'>Dise\u00f1o tradicional fabricado con camisa corta de grueso calibre y cuerdas expuestas.<\/li>\n<li style='margin-bottom: 5px;'>Cuerda expuesta facilita el montaje horizontal en muros y columnas.<\/li>\n<li style='margin-bottom: 5px;'>Cumple con la norma USA &#8211; GSA FF-S-325 \/ Grupo II \/ Clase 3.<\/li>\n<\/ul><\/div>\n<\/p><\/div>\n<p> <!-- Separador --> <\/p>\n<hr style='border: 0; border-top: 1px solid rgba(150&comma; 150&comma; 150&comma; 0.3); margin: 30px 0;'> <\/div>\n","protected":false},"excerpt":{"rendered":"<p>Taquete TX de 1\/4&#8243; x  2 1\/2&#8243;  (6.5 x 63 mm).<\/p>\n","protected":false},"featured_media":47767,"comment_status":"open","ping_status":"closed","template":"","meta":[],"product_brand":[],"product_cat":[574],"product_tag":[693,572,575],"class_list":{"0":"post-47768","1":"product","2":"type-product","3":"status-publish","4":"has-post-thumbnail","6":"product_cat-fijacion","7":"product_tag-anclo","8":"product_tag-canalizacion","9":"product_tag-fijacion","11":"first","12":"instock","13":"sale","14":"shipping-taxable","15":"purchasable","16":"product-type-simple"},"_links":{"self":[{"href":"https:\/\/soydeaqui.ddns.net\/pachuca\/index.php\/wp-json\/wp\/v2\/product\/47768","targetHints":{"allow":["GET"]}}],"collection":[{"href":"https:\/\/soydeaqui.ddns.net\/pachuca\/index.php\/wp-json\/wp\/v2\/product"}],"about":[{"href":"https:\/\/soydeaqui.ddns.net\/pachuca\/index.php\/wp-json\/wp\/v2\/types\/product"}],"replies":[{"embeddable":true,"href":"https:\/\/soydeaqui.ddns.net\/pachuca\/index.php\/wp-json\/wp\/v2\/comments?post=47768"}],"wp:featuredmedia":[{"embeddable":true,"href":"https:\/\/soydeaqui.ddns.net\/pachuca\/index.php\/wp-json\/wp\/v2\/media\/47767"}],"wp:attachment":[{"href":"https:\/\/soydeaqui.ddns.net\/pachuca\/index.php\/wp-json\/wp\/v2\/media?parent=47768"}],"wp:term":[{"taxonomy":"product_brand","embeddable":true,"href":"https:\/\/soydeaqui.ddns.net\/pachuca\/index.php\/wp-json\/wp\/v2\/product_brand?post=47768"},{"taxonomy":"product_cat","embeddable":true,"href":"https:\/\/soydeaqui.ddns.net\/pachuca\/index.php\/wp-json\/wp\/v2\/product_cat?post=47768"},{"taxonomy":"product_tag","embeddable":true,"href":"https:\/\/soydeaqui.ddns.net\/pachuca\/index.php\/wp-json\/wp\/v2\/product_tag?post=47768"}],"curies":[{"name":"wp","href":"https:\/\/api.w.org\/{rel}","templated":true}]}}